{"id":7233,"date":"2022-04-20T16:03:33","date_gmt":"2022-04-20T16:03:33","guid":{"rendered":"https:\/\/www.lopezvicu.info\/?page_id=7233"},"modified":"2022-11-02T10:45:52","modified_gmt":"2022-11-02T10:45:52","slug":"programa-sefed","status":"publish","type":"page","link":"https:\/\/www.lopezvicu.info\/es\/programa-sefed\/","title":{"rendered":"Programa SEFED"},"content":{"rendered":"<div class=\"gb-container gb-container-f17d5cd3\"><div class=\"gb-inside-container\">\n\n<h1 class=\"gb-headline gb-headline-376f4508 gb-headline-text\">SEFED: Simulaci\u00f3n de Administraci\u00f3n-Gesti\u00f3n<\/h1>\n\n\n<div class=\"wp-block-image\">\n<figure class=\"aligncenter size-full\"><img loading=\"lazy\" decoding=\"async\" width=\"485\" height=\"218\" src=\"https:\/\/www.lopezvicu.info\/wp-content\/uploads\/2022\/04\/sefed.png\" alt=\"Programa SeFed en Barcelona\" class=\"wp-image-6954\" srcset=\"https:\/\/www.lopezvicu.info\/wp-content\/uploads\/2022\/04\/sefed.png 485w, https:\/\/www.lopezvicu.info\/wp-content\/uploads\/2022\/04\/sefed-300x135.png 300w\" sizes=\"auto, (max-width: 485px) 100vw, 485px\" \/><\/figure>\n<\/div>\n\n\n<p>Nuestro centro est\u00e1 inmerso en una metodolog\u00eda activa con un componente claramente profesionalizado. Por eso, desde hace unos a\u00f1os, empezamos a participar en el <a href=\"https:\/\/simulacionempresa.inform.es\/\" target=\"_blank\" rel=\"noreferrer noopener\">proyecto SEFED<\/a> (Simulaci\u00f3n de empresas con fines educativos) en el ciclo de <a href=\"https:\/\/www.lopezvicu.info\/es\/cfgm-gestion-administrativa\/\" target=\"_blank\" rel=\"noreferrer noopener\">Gesti\u00f3n Administrativa<\/a>.<\/p>\n\n\n\n<p>SEFED utiliza la creaci\u00f3n de empresas de la forma m\u00e1s real posible dentro del aula del centro educativo como una herramienta pedag\u00f3gica. En primer lugar, esto <strong>permite formar<\/strong> a los <strong>alumnos <\/strong>de <a href=\"https:\/\/www.lopezvicu.info\/es\/cfgm-gestion-administrativa\/\" target=\"_blank\" rel=\"noreferrer noopener\"><strong>Gesti\u00f3n Administrativa<\/strong> <\/a>de manera pr\u00e1ctica y transversal con trabajos administrativos y de gesti\u00f3n empresarial, <strong>empleando <\/strong>la <strong>simulaci\u00f3n <\/strong>de <strong>empresas como metodolog\u00eda de aprendizaje<\/strong>: \u201caprender haciendo, aprender trabajando\u201d.<\/p>\n\n\n\n<h2 class=\"gb-headline gb-headline-3dd163d0 gb-headline-text\">Objetivos<\/h2>\n\n\n\n<p>El objetivo es <strong>emplear <\/strong>las <strong>competencias <\/strong>de <strong>cada puesto <\/strong>de <strong>trabajo <\/strong>de una <strong>empresa simulada<\/strong>. El alumnado de Gesti\u00f3n Administrativa en su proceso de aprendizaje, desempe\u00f1ar\u00e1 los puestos de trabajo de modo rotativo y desarrollar\u00e1 las diferentes funciones. Las aulas espec\u00edficas de inform\u00e1tica se transforman en empresas con departamentos y recursos habituales de una oficina. <\/p>\n\n\n\n<h2 class=\"gb-headline gb-headline-0b614057 gb-headline-text\">\u00bfQu\u00e9 hacen los alumnos?<\/h2>\n\n\n\n<p>Los alumnos de Gesti\u00f3n Administrativa:<\/p>\n\n\n\n<h3 class=\"gb-headline gb-headline-9f54ad2c\"><span class=\"gb-icon\"><svg aria-hidden=\"true\" role=\"img\" height=\"1em\" width=\"1em\" viewBox=\"0 0 256 512\" xmlns=\"http:\/\/www.w3.org\/2000\/svg\"><path fill=\"currentColor\" d=\"M224.3 273l-136 136c-9.4 9.4-24.6 9.4-33.9 0l-22.6-22.6c-9.4-9.4-9.4-24.6 0-33.9l96.4-96.4-96.4-96.4c-9.4-9.4-9.4-24.6 0-33.9L54.3 103c9.4-9.4 24.6-9.4 33.9 0l136 136c9.5 9.4 9.5 24.6.1 34z\"><\/path><\/svg><\/span><span class=\"gb-headline-text\">Compran y venden productos\/servicios.<\/span><\/h3>\n\n\n\n<h3 class=\"gb-headline gb-headline-8aa91345\"><span class=\"gb-icon\"><svg aria-hidden=\"true\" role=\"img\" height=\"1em\" width=\"1em\" viewBox=\"0 0 256 512\" xmlns=\"http:\/\/www.w3.org\/2000\/svg\"><path fill=\"currentColor\" d=\"M224.3 273l-136 136c-9.4 9.4-24.6 9.4-33.9 0l-22.6-22.6c-9.4-9.4-9.4-24.6 0-33.9l96.4-96.4-96.4-96.4c-9.4-9.4-9.4-24.6 0-33.9L54.3 103c9.4-9.4 24.6-9.4 33.9 0l136 136c9.5 9.4 9.5 24.6.1 34z\"><\/path><\/svg><\/span><span class=\"gb-headline-text\">Se relacionan con otras empresas del sistema.<\/span><\/h3>\n\n\n\n<h3 class=\"gb-headline gb-headline-e580bd4e\"><span class=\"gb-icon\"><svg aria-hidden=\"true\" role=\"img\" height=\"1em\" width=\"1em\" viewBox=\"0 0 256 512\" xmlns=\"http:\/\/www.w3.org\/2000\/svg\"><path fill=\"currentColor\" d=\"M224.3 273l-136 136c-9.4 9.4-24.6 9.4-33.9 0l-22.6-22.6c-9.4-9.4-9.4-24.6 0-33.9l96.4-96.4-96.4-96.4c-9.4-9.4-9.4-24.6 0-33.9L54.3 103c9.4-9.4 24.6-9.4 33.9 0l136 136c9.5 9.4 9.5 24.6.1 34z\"><\/path><\/svg><\/span><span class=\"gb-headline-text\">Contabilizan operaciones.<\/span><\/h3>\n\n\n\n<h3 class=\"gb-headline gb-headline-7751026d\"><span class=\"gb-icon\"><svg aria-hidden=\"true\" role=\"img\" height=\"1em\" width=\"1em\" viewBox=\"0 0 256 512\" xmlns=\"http:\/\/www.w3.org\/2000\/svg\"><path fill=\"currentColor\" d=\"M224.3 273l-136 136c-9.4 9.4-24.6 9.4-33.9 0l-22.6-22.6c-9.4-9.4-9.4-24.6 0-33.9l96.4-96.4-96.4-96.4c-9.4-9.4-9.4-24.6 0-33.9L54.3 103c9.4-9.4 24.6-9.4 33.9 0l136 136c9.5 9.4 9.5 24.6.1 34z\"><\/path><\/svg><\/span><span class=\"gb-headline-text\">Controlan tesorer\u00eda.<\/span><\/h3>\n\n\n\n<h3 class=\"gb-headline gb-headline-82380159\"><span class=\"gb-icon\"><svg aria-hidden=\"true\" role=\"img\" height=\"1em\" width=\"1em\" viewBox=\"0 0 256 512\" xmlns=\"http:\/\/www.w3.org\/2000\/svg\"><path fill=\"currentColor\" d=\"M224.3 273l-136 136c-9.4 9.4-24.6 9.4-33.9 0l-22.6-22.6c-9.4-9.4-9.4-24.6 0-33.9l96.4-96.4-96.4-96.4c-9.4-9.4-9.4-24.6 0-33.9L54.3 103c9.4-9.4 24.6-9.4 33.9 0l136 136c9.5 9.4 9.5 24.6.1 34z\"><\/path><\/svg><\/span><span class=\"gb-headline-text\">Pagan impuestos.<\/span><\/h3>\n\n\n\n<h3 class=\"gb-headline gb-headline-92b00d23\"><span class=\"gb-icon\"><svg aria-hidden=\"true\" role=\"img\" height=\"1em\" width=\"1em\" viewBox=\"0 0 256 512\" xmlns=\"http:\/\/www.w3.org\/2000\/svg\"><path fill=\"currentColor\" d=\"M224.3 273l-136 136c-9.4 9.4-24.6 9.4-33.9 0l-22.6-22.6c-9.4-9.4-9.4-24.6 0-33.9l96.4-96.4-96.4-96.4c-9.4-9.4-9.4-24.6 0-33.9L54.3 103c9.4-9.4 24.6-9.4 33.9 0l136 136c9.5 9.4 9.5 24.6.1 34z\"><\/path><\/svg><\/span><span class=\"gb-headline-text\">Gestionan recursos humanos.<\/span><\/h3>\n\n\n\n<p>En estas aulas <strong>se trabaja <\/strong>habitualmente con <strong>programas <\/strong>como <strong>factusol <\/strong>y <strong>contasol<\/strong>. Programas propios de un administrativo\/administrativa para <strong>apoyar <\/strong>su <strong>trabajo <\/strong>en el <strong>simulacro <\/strong>empresarial.<\/p>\n\n\n\n<h2 class=\"gb-headline gb-headline-307db613 gb-headline-text\">Los servicios externos<\/h2>\n\n\n\n<p>Es especialmente relevante el hecho de que esta metodolog\u00eda ofrece, a trav\u00e9s de un entorno inform\u00e1tico online y, de una atenci\u00f3n permanente por parte del personal t\u00e9cnico especialista, servicios como:<\/p>\n\n\n\n<h3 class=\"gb-headline gb-headline-77a4900c\"><span class=\"gb-icon\"><svg aria-hidden=\"true\" role=\"img\" height=\"1em\" width=\"1em\" viewBox=\"0 0 256 512\" xmlns=\"http:\/\/www.w3.org\/2000\/svg\"><path fill=\"currentColor\" d=\"M224.3 273l-136 136c-9.4 9.4-24.6 9.4-33.9 0l-22.6-22.6c-9.4-9.4-9.4-24.6 0-33.9l96.4-96.4-96.4-96.4c-9.4-9.4-9.4-24.6 0-33.9L54.3 103c9.4-9.4 24.6-9.4 33.9 0l136 136c9.5 9.4 9.5 24.6.1 34z\"><\/path><\/svg><\/span><span class=\"gb-headline-text\">Entidades bancarias: banca electr\u00f3nica.<\/span><\/h3>\n\n\n\n<h3 class=\"gb-headline gb-headline-f9f7b0fd\"><span class=\"gb-icon\"><svg aria-hidden=\"true\" role=\"img\" height=\"1em\" width=\"1em\" viewBox=\"0 0 256 512\" xmlns=\"http:\/\/www.w3.org\/2000\/svg\"><path fill=\"currentColor\" d=\"M224.3 273l-136 136c-9.4 9.4-24.6 9.4-33.9 0l-22.6-22.6c-9.4-9.4-9.4-24.6 0-33.9l96.4-96.4-96.4-96.4c-9.4-9.4-9.4-24.6 0-33.9L54.3 103c9.4-9.4 24.6-9.4 33.9 0l136 136c9.5 9.4 9.5 24.6.1 34z\"><\/path><\/svg><\/span><span class=\"gb-headline-text\">Empresa emisora \u200b\u200bde tarjetas de cr\u00e9dito.<\/span><\/h3>\n\n\n\n<h3 class=\"gb-headline gb-headline-56f7eabb\"><span class=\"gb-icon\"><svg aria-hidden=\"true\" role=\"img\" height=\"1em\" width=\"1em\" viewBox=\"0 0 256 512\" xmlns=\"http:\/\/www.w3.org\/2000\/svg\"><path fill=\"currentColor\" d=\"M224.3 273l-136 136c-9.4 9.4-24.6 9.4-33.9 0l-22.6-22.6c-9.4-9.4-9.4-24.6 0-33.9l96.4-96.4-96.4-96.4c-9.4-9.4-9.4-24.6 0-33.9L54.3 103c9.4-9.4 24.6-9.4 33.9 0l136 136c9.5 9.4 9.5 24.6.1 34z\"><\/path><\/svg><\/span><span class=\"gb-headline-text\">Compa\u00f1\u00eda de transporte de mercanc\u00edas.<\/span><\/h3>\n\n\n\n<h3 class=\"gb-headline gb-headline-6cfe88e3\"><span class=\"gb-icon\"><svg aria-hidden=\"true\" role=\"img\" height=\"1em\" width=\"1em\" viewBox=\"0 0 256 512\" xmlns=\"http:\/\/www.w3.org\/2000\/svg\"><path fill=\"currentColor\" d=\"M224.3 273l-136 136c-9.4 9.4-24.6 9.4-33.9 0l-22.6-22.6c-9.4-9.4-9.4-24.6 0-33.9l96.4-96.4-96.4-96.4c-9.4-9.4-9.4-24.6 0-33.9L54.3 103c9.4-9.4 24.6-9.4 33.9 0l136 136c9.5 9.4 9.5 24.6.1 34z\"><\/path><\/svg><\/span><span class=\"gb-headline-text\">Agencia Tributaria online: oficina virtual.<\/span><\/h3>\n\n\n\n<h3 class=\"gb-headline gb-headline-b833107c\"><span class=\"gb-icon\"><svg aria-hidden=\"true\" role=\"img\" height=\"1em\" width=\"1em\" viewBox=\"0 0 256 512\" xmlns=\"http:\/\/www.w3.org\/2000\/svg\"><path fill=\"currentColor\" d=\"M224.3 273l-136 136c-9.4 9.4-24.6 9.4-33.9 0l-22.6-22.6c-9.4-9.4-9.4-24.6 0-33.9l96.4-96.4-96.4-96.4c-9.4-9.4-9.4-24.6 0-33.9L54.3 103c9.4-9.4 24.6-9.4 33.9 0l136 136c9.5 9.4 9.5 24.6.1 34z\"><\/path><\/svg><\/span><span class=\"gb-headline-text\">Tesorer\u00eda General de la Seguridad Social: Sistema RED online.<\/span><\/h3>\n\n\n\n<h3 class=\"gb-headline gb-headline-d4e60f3a\"><span class=\"gb-icon\"><svg aria-hidden=\"true\" role=\"img\" height=\"1em\" width=\"1em\" viewBox=\"0 0 256 512\" xmlns=\"http:\/\/www.w3.org\/2000\/svg\"><path fill=\"currentColor\" d=\"M224.3 273l-136 136c-9.4 9.4-24.6 9.4-33.9 0l-22.6-22.6c-9.4-9.4-9.4-24.6 0-33.9l96.4-96.4-96.4-96.4c-9.4-9.4-9.4-24.6 0-33.9L54.3 103c9.4-9.4 24.6-9.4 33.9 0l136 136c9.5 9.4 9.5 24.6.1 34z\"><\/path><\/svg><\/span><span class=\"gb-headline-text\">Instituto Nacional de la Seguridad Social: Sistema RED online.<\/span><\/h3>\n\n\n\n<h3 class=\"gb-headline gb-headline-01b5e9d8\"><span class=\"gb-icon\"><svg aria-hidden=\"true\" role=\"img\" height=\"1em\" width=\"1em\" viewBox=\"0 0 256 512\" xmlns=\"http:\/\/www.w3.org\/2000\/svg\"><path fill=\"currentColor\" d=\"M224.3 273l-136 136c-9.4 9.4-24.6 9.4-33.9 0l-22.6-22.6c-9.4-9.4-9.4-24.6 0-33.9l96.4-96.4-96.4-96.4c-9.4-9.4-9.4-24.6 0-33.9L54.3 103c9.4-9.4 24.6-9.4 33.9 0l136 136c9.5 9.4 9.5 24.6.1 34z\"><\/path><\/svg><\/span><span class=\"gb-headline-text\">Servicio P\u00fablico de Empleo: Contrataci\u00f3n online.<\/span><\/h3>\n\n\n\n<h3 class=\"gb-headline gb-headline-52b0ecf1\"><span class=\"gb-icon\"><svg aria-hidden=\"true\" role=\"img\" height=\"1em\" width=\"1em\" viewBox=\"0 0 256 512\" xmlns=\"http:\/\/www.w3.org\/2000\/svg\"><path fill=\"currentColor\" d=\"M224.3 273l-136 136c-9.4 9.4-24.6 9.4-33.9 0l-22.6-22.6c-9.4-9.4-9.4-24.6 0-33.9l96.4-96.4-96.4-96.4c-9.4-9.4-9.4-24.6 0-33.9L54.3 103c9.4-9.4 24.6-9.4 33.9 0l136 136c9.5 9.4 9.5 24.6.1 34z\"><\/path><\/svg><\/span><span class=\"gb-headline-text\">Administraci\u00f3n local.<\/span><\/h3>\n\n\n\n<h3 class=\"gb-headline gb-headline-344f837b\"><span class=\"gb-icon\"><svg aria-hidden=\"true\" role=\"img\" height=\"1em\" width=\"1em\" viewBox=\"0 0 256 512\" xmlns=\"http:\/\/www.w3.org\/2000\/svg\"><path fill=\"currentColor\" d=\"M224.3 273l-136 136c-9.4 9.4-24.6 9.4-33.9 0l-22.6-22.6c-9.4-9.4-9.4-24.6 0-33.9l96.4-96.4-96.4-96.4c-9.4-9.4-9.4-24.6 0-33.9L54.3 103c9.4-9.4 24.6-9.4 33.9 0l136 136c9.5 9.4 9.5 24.6.1 34z\"><\/path><\/svg><\/span><span class=\"gb-headline-text\">Empresas proveedoras de materias primas.<\/span><\/h3>\n\n\n\n<h3 class=\"gb-headline gb-headline-26c33e44\"><span class=\"gb-icon\"><svg aria-hidden=\"true\" role=\"img\" height=\"1em\" width=\"1em\" viewBox=\"0 0 256 512\" xmlns=\"http:\/\/www.w3.org\/2000\/svg\"><path fill=\"currentColor\" d=\"M224.3 273l-136 136c-9.4 9.4-24.6 9.4-33.9 0l-22.6-22.6c-9.4-9.4-9.4-24.6 0-33.9l96.4-96.4-96.4-96.4c-9.4-9.4-9.4-24.6 0-33.9L54.3 103c9.4-9.4 24.6-9.4 33.9 0l136 136c9.5 9.4 9.5 24.6.1 34z\"><\/path><\/svg><\/span><span class=\"gb-headline-text\">Facturaci\u00f3n de empresas de suministros, asesoramiento, suscripciones, mantenimientos y otros servicios.<\/span><\/h3>\n\n\n\n<h3 class=\"gb-headline gb-headline-b758a151\"><span class=\"gb-icon\"><svg aria-hidden=\"true\" role=\"img\" height=\"1em\" width=\"1em\" viewBox=\"0 0 256 512\" xmlns=\"http:\/\/www.w3.org\/2000\/svg\"><path fill=\"currentColor\" d=\"M224.3 273l-136 136c-9.4 9.4-24.6 9.4-33.9 0l-22.6-22.6c-9.4-9.4-9.4-24.6 0-33.9l96.4-96.4-96.4-96.4c-9.4-9.4-9.4-24.6 0-33.9L54.3 103c9.4-9.4 24.6-9.4 33.9 0l136 136c9.5 9.4 9.5 24.6.1 34z\"><\/path><\/svg><\/span><span class=\"gb-headline-text\">Empresas clientes para generar pedidos en las empresas simuladas.<\/span><\/h3>\n\n\n\n<h3 class=\"gb-headline gb-headline-d515c9bf\"><span class=\"gb-icon\"><svg aria-hidden=\"true\" role=\"img\" height=\"1em\" width=\"1em\" viewBox=\"0 0 256 512\" xmlns=\"http:\/\/www.w3.org\/2000\/svg\"><path fill=\"currentColor\" d=\"M224.3 273l-136 136c-9.4 9.4-24.6 9.4-33.9 0l-22.6-22.6c-9.4-9.4-9.4-24.6 0-33.9l96.4-96.4-96.4-96.4c-9.4-9.4-9.4-24.6 0-33.9L54.3 103c9.4-9.4 24.6-9.4 33.9 0l136 136c9.5 9.4 9.5 24.6.1 34z\"><\/path><\/svg><\/span><span class=\"gb-headline-text\">Programa para gestionar tiendas virtuales: comercio electr\u00f3nico.<\/span><\/h3>\n\n\n<div class=\"wp-block-image\">\n<figure class=\"aligncenter size-full\"><img loading=\"lazy\" decoding=\"async\" width=\"579\" height=\"326\" src=\"https:\/\/www.lopezvicu.info\/wp-content\/uploads\/2022\/04\/KI....jpg\" alt=\"Estudiar en centro subvencionado Barcelona\" class=\"wp-image-7234\" srcset=\"https:\/\/www.lopezvicu.info\/wp-content\/uploads\/2022\/04\/KI....jpg 579w, https:\/\/www.lopezvicu.info\/wp-content\/uploads\/2022\/04\/KI...-300x169.jpg 300w\" sizes=\"auto, (max-width: 579px) 100vw, 579px\" \/><\/figure>\n<\/div>\n<\/div><\/div>","protected":false},"excerpt":{"rendered":"<p>SEFED: Simulaci\u00f3n de Administraci\u00f3n-Gesti\u00f3n Nuestro centro est\u00e1 inmerso en una metodolog\u00eda activa con un componente claramente profesionalizado. Por eso, desde hace unos a\u00f1os, empezamos a &#8230; <\/p>\n<p class=\"read-more-container\"><a title=\"Programa SEFED\" class=\"read-more button\" href=\"https:\/\/www.lopezvicu.info\/es\/programa-sefed\/#more-7233\" aria-label=\"Leer m\u00e1s sobre Programa SEFED\">Leer m\u00e1s<\/a><\/p>\n","protected":false},"author":1,"featured_media":0,"parent":0,"menu_order":0,"comment_status":"closed","ping_status":"closed","template":"","meta":{"footnotes":""},"class_list":["post-7233","page","type-page","status-publish"],"yoast_head":"<!-- This site is optimized with the Yoast SEO Premium plugin v26.0 (Yoast SEO v27.6) - https:\/\/yoast.com\/product\/yoast-seo-premium-wordpress\/ -->\n<title>Programa SEFED: simulaci\u00f3n para la gesti\u00f3n administrativa - Centre L\u00f3pez Vicu\u00f1a Barcelona<\/title>\n<meta name=\"description\" content=\"Conoce en qu\u00e9 medida SEFED emplea competencias de puestos de trabajo mediante una empresa simulada para contribuir en tu formaci\u00f3n.\" \/>\n<meta name=\"robots\" content=\"index, follow, max-snippet:-1, max-image-preview:large, max-video-preview:-1\" \/>\n<link rel=\"canonical\" href=\"https:\/\/www.lopezvicu.info\/es\/programa-sefed\/\" \/>\n<meta property=\"og:locale\" content=\"es_ES\" \/>\n<meta property=\"og:type\" content=\"article\" \/>\n<meta property=\"og:title\" content=\"Programa SEFED\" \/>\n<meta property=\"og:description\" content=\"Conoce en qu\u00e9 medida SEFED emplea competencias de puestos de trabajo mediante una empresa simulada para contribuir en tu formaci\u00f3n.\" \/>\n<meta property=\"og:url\" content=\"https:\/\/www.lopezvicu.info\/es\/programa-sefed\/\" \/>\n<meta property=\"og:site_name\" content=\"Centre L\u00f3pez Vicu\u00f1a Barcelona\" \/>\n<meta property=\"article:publisher\" content=\"https:\/\/www.facebook.com\/LopezVicuBCN\/\" \/>\n<meta property=\"article:modified_time\" content=\"2022-11-02T10:45:52+00:00\" \/>\n<meta property=\"og:image\" content=\"https:\/\/www.lopezvicu.info\/wp-content\/uploads\/2022\/04\/sefed.png\" \/>\n<meta name=\"twitter:card\" content=\"summary_large_image\" \/>\n<meta name=\"twitter:site\" content=\"@lopezvicubcn\" \/>\n<meta name=\"twitter:label1\" content=\"Tiempo de lectura\" \/>\n\t<meta name=\"twitter:data1\" content=\"2 minutos\" \/>\n<script type=\"application\/ld+json\" class=\"yoast-schema-graph\">{\"@context\":\"https:\\\/\\\/schema.org\",\"@graph\":[{\"@type\":\"WebPage\",\"@id\":\"https:\\\/\\\/www.lopezvicu.info\\\/es\\\/programa-sefed\\\/\",\"url\":\"https:\\\/\\\/www.lopezvicu.info\\\/es\\\/programa-sefed\\\/\",\"name\":\"Programa SEFED: simulaci\u00f3n para la gesti\u00f3n administrativa - Centre L\u00f3pez Vicu\u00f1a Barcelona\",\"isPartOf\":{\"@id\":\"https:\\\/\\\/www.lopezvicu.info\\\/es\\\/#website\"},\"primaryImageOfPage\":{\"@id\":\"https:\\\/\\\/www.lopezvicu.info\\\/es\\\/programa-sefed\\\/#primaryimage\"},\"image\":{\"@id\":\"https:\\\/\\\/www.lopezvicu.info\\\/es\\\/programa-sefed\\\/#primaryimage\"},\"thumbnailUrl\":\"https:\\\/\\\/www.lopezvicu.info\\\/wp-content\\\/uploads\\\/2022\\\/04\\\/sefed.png\",\"datePublished\":\"2022-04-20T16:03:33+00:00\",\"dateModified\":\"2022-11-02T10:45:52+00:00\",\"description\":\"Conoce en qu\u00e9 medida SEFED emplea competencias de puestos de trabajo mediante una empresa simulada para contribuir en tu formaci\u00f3n.\",\"breadcrumb\":{\"@id\":\"https:\\\/\\\/www.lopezvicu.info\\\/es\\\/programa-sefed\\\/#breadcrumb\"},\"inLanguage\":\"es\",\"potentialAction\":[{\"@type\":\"ReadAction\",\"target\":[\"https:\\\/\\\/www.lopezvicu.info\\\/es\\\/programa-sefed\\\/\"]}]},{\"@type\":\"ImageObject\",\"inLanguage\":\"es\",\"@id\":\"https:\\\/\\\/www.lopezvicu.info\\\/es\\\/programa-sefed\\\/#primaryimage\",\"url\":\"https:\\\/\\\/www.lopezvicu.info\\\/wp-content\\\/uploads\\\/2022\\\/04\\\/sefed.png\",\"contentUrl\":\"https:\\\/\\\/www.lopezvicu.info\\\/wp-content\\\/uploads\\\/2022\\\/04\\\/sefed.png\"},{\"@type\":\"BreadcrumbList\",\"@id\":\"https:\\\/\\\/www.lopezvicu.info\\\/es\\\/programa-sefed\\\/#breadcrumb\",\"itemListElement\":[{\"@type\":\"ListItem\",\"position\":1,\"name\":\"Portada\",\"item\":\"https:\\\/\\\/www.lopezvicu.info\\\/es\\\/\"},{\"@type\":\"ListItem\",\"position\":2,\"name\":\"Programa SEFED\"}]},{\"@type\":\"WebSite\",\"@id\":\"https:\\\/\\\/www.lopezvicu.info\\\/es\\\/#website\",\"url\":\"https:\\\/\\\/www.lopezvicu.info\\\/es\\\/\",\"name\":\"L\u00f3pez Vicu\u00f1a\",\"description\":\"L\u00f3pez Vicu\u00f1a\",\"publisher\":{\"@id\":\"https:\\\/\\\/www.lopezvicu.info\\\/es\\\/#organization\"},\"potentialAction\":[{\"@type\":\"SearchAction\",\"target\":{\"@type\":\"EntryPoint\",\"urlTemplate\":\"https:\\\/\\\/www.lopezvicu.info\\\/es\\\/?s={search_term_string}\"},\"query-input\":{\"@type\":\"PropertyValueSpecification\",\"valueRequired\":true,\"valueName\":\"search_term_string\"}}],\"inLanguage\":\"es\"},{\"@type\":\"Organization\",\"@id\":\"https:\\\/\\\/www.lopezvicu.info\\\/es\\\/#organization\",\"name\":\"Lopez Vicu\u00f1a\",\"url\":\"https:\\\/\\\/www.lopezvicu.info\\\/es\\\/\",\"logo\":{\"@type\":\"ImageObject\",\"inLanguage\":\"es\",\"@id\":\"https:\\\/\\\/www.lopezvicu.info\\\/es\\\/#\\\/schema\\\/logo\\\/image\\\/\",\"url\":\"https:\\\/\\\/www.lopezvicu.info\\\/wp-content\\\/uploads\\\/2022\\\/01\\\/logo.png\",\"contentUrl\":\"https:\\\/\\\/www.lopezvicu.info\\\/wp-content\\\/uploads\\\/2022\\\/01\\\/logo.png\",\"width\":350,\"height\":70,\"caption\":\"Lopez Vicu\u00f1a\"},\"image\":{\"@id\":\"https:\\\/\\\/www.lopezvicu.info\\\/es\\\/#\\\/schema\\\/logo\\\/image\\\/\"},\"sameAs\":[\"https:\\\/\\\/www.facebook.com\\\/LopezVicuBCN\\\/\",\"https:\\\/\\\/x.com\\\/lopezvicubcn\",\"https:\\\/\\\/www.linkedin.com\\\/company\\\/lopezvicubcn\\\/\",\"https:\\\/\\\/www.instagram.com\\\/lopezvicubcn\\\/\",\"https:\\\/\\\/www.youtube.com\\\/@lopezvicubarcelona\"],\"description\":\"L\u00f3pez Vicu\u00f1a \u00e9s un centre concertat autoritzat pel Departament d'Educaci\u00f3 de la Generalitat de Catalunya amb CODI 08035015, per impartir Batxillerat i Cicles Formatius (Grau Mitj\u00e0 i Grau Superior), obert a tothom i comprom\u00e8s amb la realitat social, cultural i econ\u00f2mica que ens envolta i amb un cost econ\u00f2mic que garanteix l\u2019escolaritzaci\u00f3 post-obligat\u00f2ria de tots els estudiants. Situats a l'Eixample, en ple centre de Barcelona, i amb f\u00e0cil acc\u00e9s en transport p\u00fablic. Metodologies actives, emprenedoria, projectes, aprenentatge - servei, qualitat, multiling\u00fce mobilitat, FP Dual, tenen cabuda en tots els estudis que impartim\",\"email\":\"direccio@lopezvicu.info\",\"telephone\":\"934 87 65 94\"}]}<\/script>\n<!-- \/ Yoast SEO Premium plugin. -->","yoast_head_json":{"title":"Programa SEFED: simulaci\u00f3n para la gesti\u00f3n administrativa - Centre L\u00f3pez Vicu\u00f1a Barcelona","description":"Conoce en qu\u00e9 medida SEFED emplea competencias de puestos de trabajo mediante una empresa simulada para contribuir en tu formaci\u00f3n.","robots":{"index":"index","follow":"follow","max-snippet":"max-snippet:-1","max-image-preview":"max-image-preview:large","max-video-preview":"max-video-preview:-1"},"canonical":"https:\/\/www.lopezvicu.info\/es\/programa-sefed\/","og_locale":"es_ES","og_type":"article","og_title":"Programa SEFED","og_description":"Conoce en qu\u00e9 medida SEFED emplea competencias de puestos de trabajo mediante una empresa simulada para contribuir en tu formaci\u00f3n.","og_url":"https:\/\/www.lopezvicu.info\/es\/programa-sefed\/","og_site_name":"Centre L\u00f3pez Vicu\u00f1a Barcelona","article_publisher":"https:\/\/www.facebook.com\/LopezVicuBCN\/","article_modified_time":"2022-11-02T10:45:52+00:00","og_image":[{"url":"https:\/\/www.lopezvicu.info\/wp-content\/uploads\/2022\/04\/sefed.png","type":"","width":"","height":""}],"twitter_card":"summary_large_image","twitter_site":"@lopezvicubcn","twitter_misc":{"Tiempo de lectura":"2 minutos"},"schema":{"@context":"https:\/\/schema.org","@graph":[{"@type":"WebPage","@id":"https:\/\/www.lopezvicu.info\/es\/programa-sefed\/","url":"https:\/\/www.lopezvicu.info\/es\/programa-sefed\/","name":"Programa SEFED: simulaci\u00f3n para la gesti\u00f3n administrativa - Centre L\u00f3pez Vicu\u00f1a Barcelona","isPartOf":{"@id":"https:\/\/www.lopezvicu.info\/es\/#website"},"primaryImageOfPage":{"@id":"https:\/\/www.lopezvicu.info\/es\/programa-sefed\/#primaryimage"},"image":{"@id":"https:\/\/www.lopezvicu.info\/es\/programa-sefed\/#primaryimage"},"thumbnailUrl":"https:\/\/www.lopezvicu.info\/wp-content\/uploads\/2022\/04\/sefed.png","datePublished":"2022-04-20T16:03:33+00:00","dateModified":"2022-11-02T10:45:52+00:00","description":"Conoce en qu\u00e9 medida SEFED emplea competencias de puestos de trabajo mediante una empresa simulada para contribuir en tu formaci\u00f3n.","breadcrumb":{"@id":"https:\/\/www.lopezvicu.info\/es\/programa-sefed\/#breadcrumb"},"inLanguage":"es","potentialAction":[{"@type":"ReadAction","target":["https:\/\/www.lopezvicu.info\/es\/programa-sefed\/"]}]},{"@type":"ImageObject","inLanguage":"es","@id":"https:\/\/www.lopezvicu.info\/es\/programa-sefed\/#primaryimage","url":"https:\/\/www.lopezvicu.info\/wp-content\/uploads\/2022\/04\/sefed.png","contentUrl":"https:\/\/www.lopezvicu.info\/wp-content\/uploads\/2022\/04\/sefed.png"},{"@type":"BreadcrumbList","@id":"https:\/\/www.lopezvicu.info\/es\/programa-sefed\/#breadcrumb","itemListElement":[{"@type":"ListItem","position":1,"name":"Portada","item":"https:\/\/www.lopezvicu.info\/es\/"},{"@type":"ListItem","position":2,"name":"Programa SEFED"}]},{"@type":"WebSite","@id":"https:\/\/www.lopezvicu.info\/es\/#website","url":"https:\/\/www.lopezvicu.info\/es\/","name":"L\u00f3pez Vicu\u00f1a","description":"L\u00f3pez Vicu\u00f1a","publisher":{"@id":"https:\/\/www.lopezvicu.info\/es\/#organization"},"potentialAction":[{"@type":"SearchAction","target":{"@type":"EntryPoint","urlTemplate":"https:\/\/www.lopezvicu.info\/es\/?s={search_term_string}"},"query-input":{"@type":"PropertyValueSpecification","valueRequired":true,"valueName":"search_term_string"}}],"inLanguage":"es"},{"@type":"Organization","@id":"https:\/\/www.lopezvicu.info\/es\/#organization","name":"Lopez Vicu\u00f1a","url":"https:\/\/www.lopezvicu.info\/es\/","logo":{"@type":"ImageObject","inLanguage":"es","@id":"https:\/\/www.lopezvicu.info\/es\/#\/schema\/logo\/image\/","url":"https:\/\/www.lopezvicu.info\/wp-content\/uploads\/2022\/01\/logo.png","contentUrl":"https:\/\/www.lopezvicu.info\/wp-content\/uploads\/2022\/01\/logo.png","width":350,"height":70,"caption":"Lopez Vicu\u00f1a"},"image":{"@id":"https:\/\/www.lopezvicu.info\/es\/#\/schema\/logo\/image\/"},"sameAs":["https:\/\/www.facebook.com\/LopezVicuBCN\/","https:\/\/x.com\/lopezvicubcn","https:\/\/www.linkedin.com\/company\/lopezvicubcn\/","https:\/\/www.instagram.com\/lopezvicubcn\/","https:\/\/www.youtube.com\/@lopezvicubarcelona"],"description":"L\u00f3pez Vicu\u00f1a \u00e9s un centre concertat autoritzat pel Departament d'Educaci\u00f3 de la Generalitat de Catalunya amb CODI 08035015, per impartir Batxillerat i Cicles Formatius (Grau Mitj\u00e0 i Grau Superior), obert a tothom i comprom\u00e8s amb la realitat social, cultural i econ\u00f2mica que ens envolta i amb un cost econ\u00f2mic que garanteix l\u2019escolaritzaci\u00f3 post-obligat\u00f2ria de tots els estudiants. Situats a l'Eixample, en ple centre de Barcelona, i amb f\u00e0cil acc\u00e9s en transport p\u00fablic. Metodologies actives, emprenedoria, projectes, aprenentatge - servei, qualitat, multiling\u00fce mobilitat, FP Dual, tenen cabuda en tots els estudis que impartim","email":"direccio@lopezvicu.info","telephone":"934 87 65 94"}]}},"_links":{"self":[{"href":"https:\/\/www.lopezvicu.info\/es\/wp-json\/wp\/v2\/pages\/7233","targetHints":{"allow":["GET"]}}],"collection":[{"href":"https:\/\/www.lopezvicu.info\/es\/wp-json\/wp\/v2\/pages"}],"about":[{"href":"https:\/\/www.lopezvicu.info\/es\/wp-json\/wp\/v2\/types\/page"}],"author":[{"embeddable":true,"href":"https:\/\/www.lopezvicu.info\/es\/wp-json\/wp\/v2\/users\/1"}],"replies":[{"embeddable":true,"href":"https:\/\/www.lopezvicu.info\/es\/wp-json\/wp\/v2\/comments?post=7233"}],"version-history":[{"count":13,"href":"https:\/\/www.lopezvicu.info\/es\/wp-json\/wp\/v2\/pages\/7233\/revisions"}],"predecessor-version":[{"id":15843,"href":"https:\/\/www.lopezvicu.info\/es\/wp-json\/wp\/v2\/pages\/7233\/revisions\/15843"}],"wp:attachment":[{"href":"https:\/\/www.lopezvicu.info\/es\/wp-json\/wp\/v2\/media?parent=7233"}],"curies":[{"name":"wp","href":"https:\/\/api.w.org\/{rel}","templated":true}]}}