{"id":7226,"date":"2022-04-20T15:16:05","date_gmt":"2022-04-20T15:16:05","guid":{"rendered":"https:\/\/www.lopezvicu.info\/?page_id=7226"},"modified":"2022-11-02T10:48:49","modified_gmt":"2022-11-02T10:48:49","slug":"proyecto-format-al-port","status":"publish","type":"page","link":"https:\/\/www.lopezvicu.info\/es\/proyecto-format-al-port\/","title":{"rendered":"Proyecto \u201cForma\u2019t al Port\u201d"},"content":{"rendered":"<div class=\"gb-container gb-container-8efb0793\"><div class=\"gb-inside-container\">\n\n<h1 class=\"gb-headline gb-headline-6dd5cbd0 gb-headline-text\">Proyecto \u00abForma\u2019t al Port\u00bb: CFGS Comercio internacional<\/h1>\n\n\n\n<p>Un curso m\u00e1s renovamos nuestra participaci\u00f3n en el programa Forma&#8217;t al Port impulsado por parte del Puerto de Barcelona, \u200b\u200bla Fundaci\u00f3n Barcelona Formaci\u00f3n Profesional, Barcelona-Catalunya Centro Log\u00edstico y la Escuela Europea Intermodal Transport.<\/p>\n\n\n\n<p>Este proyecto est\u00e1 <strong>destinado <\/strong>a nuestros <strong>alumnos <\/strong>del <strong>CFGS Comercio Internacional,<\/strong> con el <strong>objetivo <\/strong>de que <strong>conozcan <\/strong>el <strong>Puerto de Barcelona,<\/strong> \u200b\u200bsus infraestructuras, equipamientos log\u00edsticos y las operaciones que en \u00e9l se realizan. Y, por otra parte, conocer a las <strong>empresas <\/strong>del <strong>sector <\/strong>a trav\u00e9s de sus asociaciones, y dar a conocer los perfiles profesionales que se necesitan.<\/p>\n\n\n\n<h2 class=\"gb-headline gb-headline-911abadb gb-headline-text\">Fases del programa<\/h2>\n\n\n\n<p>El programa consta de 2 fases: <\/p>\n\n\n\n<h3 class=\"gb-headline gb-headline-93d8313a gb-headline-text\">Fase inicial o de introducci\u00f3n<\/h3>\n\n\n\n<p>Fase de introducci\u00f3n, en la que durante <strong>2 jornadas,<\/strong> los <strong>alumnos <\/strong>del Comercio Internacional <strong>visitan <\/strong>todas las <strong>instalaciones <\/strong>del puerto y conocen de primera mano todo el entorno y las tareas que all\u00ed se desarrollan, <strong>asistiendo<\/strong> tambi\u00e9n a <strong>sesiones formativas <\/strong>impartidas por los agentes de la comunidad portuaria.<\/p>\n\n\n\n<h3 class=\"gb-headline gb-headline-f5d88510 gb-headline-text\">Segunda fase o curso Management<\/h3>\n\n\n\n<p>La segunda fase, curso Management, los <strong>alumnos se forman<\/strong> en log\u00edstica intermodal, servicios de short sea shipping y autopistas del mar, <strong>mediante <\/strong>la <strong>metodolog\u00eda <\/strong>de <strong>case study,<\/strong> <strong>desarrollada <\/strong>directamente <strong>en onboard y con profesionales del sector.<\/strong><\/p>\n\n\n\n<p>Nuestro centro de ciclos formativos es uno de los centros adscritos desde la primera edici\u00f3n del programa. Este tipo de actividad <strong>facilita <\/strong>y, <strong>contribuye<\/strong>, a la <strong>formaci\u00f3n<\/strong> de nuestros alumnos de comercio internacional en un <strong>entorno real<\/strong> y <strong>aprendiz<\/strong>, de la mano de profesionales del sector.<\/p>\n\n<\/div><\/div>","protected":false},"excerpt":{"rendered":"<p>Proyecto \u00abForma\u2019t al Port\u00bb: CFGS Comercio internacional Un curso m\u00e1s renovamos nuestra participaci\u00f3n en el programa Forma&#8217;t al Port impulsado por parte del Puerto de &#8230; <\/p>\n<p class=\"read-more-container\"><a title=\"Proyecto \u201cForma\u2019t al Port\u201d\" class=\"read-more button\" href=\"https:\/\/www.lopezvicu.info\/es\/proyecto-format-al-port\/#more-7226\" aria-label=\"Leer m\u00e1s sobre Proyecto \u201cForma\u2019t al Port\u201d\">Leer m\u00e1s<\/a><\/p>\n","protected":false},"author":1,"featured_media":0,"parent":0,"menu_order":0,"comment_status":"closed","ping_status":"closed","template":"","meta":{"footnotes":""},"class_list":["post-7226","page","type-page","status-publish"],"yoast_head":"<!-- This site is optimized with the Yoast SEO Premium plugin v26.0 (Yoast SEO v27.6) - https:\/\/yoast.com\/product\/yoast-seo-premium-wordpress\/ -->\n<title>Proyecto Forma\u2019t al Port: para CFGS de Comercio internacional - Centre L\u00f3pez Vicu\u00f1a Barcelona<\/title>\n<meta name=\"description\" content=\"El proyecto Forma\u2019t al Port es un proyecto destinado para que los alumnos se formen en un entorno real, \u00a1conoce los detalles!.\" \/>\n<meta name=\"robots\" content=\"index, follow, max-snippet:-1, max-image-preview:large, max-video-preview:-1\" \/>\n<link rel=\"canonical\" href=\"https:\/\/www.lopezvicu.info\/es\/proyecto-format-al-port\/\" \/>\n<meta property=\"og:locale\" content=\"es_ES\" \/>\n<meta property=\"og:type\" content=\"article\" \/>\n<meta property=\"og:title\" content=\"Proyecto \u201cForma\u2019t al Port\u201d\" \/>\n<meta property=\"og:description\" content=\"El proyecto Forma\u2019t al Port es un proyecto destinado para que los alumnos se formen en un entorno real, \u00a1conoce los detalles!.\" \/>\n<meta property=\"og:url\" content=\"https:\/\/www.lopezvicu.info\/es\/proyecto-format-al-port\/\" \/>\n<meta property=\"og:site_name\" content=\"Centre L\u00f3pez Vicu\u00f1a Barcelona\" \/>\n<meta property=\"article:publisher\" content=\"https:\/\/www.facebook.com\/LopezVicuBCN\/\" \/>\n<meta property=\"article:modified_time\" content=\"2022-11-02T10:48:49+00:00\" \/>\n<meta name=\"twitter:card\" content=\"summary_large_image\" \/>\n<meta name=\"twitter:site\" content=\"@lopezvicubcn\" \/>\n<meta name=\"twitter:label1\" content=\"Tiempo de lectura\" \/>\n\t<meta name=\"twitter:data1\" content=\"2 minutos\" \/>\n<script type=\"application\/ld+json\" class=\"yoast-schema-graph\">{\"@context\":\"https:\\\/\\\/schema.org\",\"@graph\":[{\"@type\":\"WebPage\",\"@id\":\"https:\\\/\\\/www.lopezvicu.info\\\/es\\\/proyecto-format-al-port\\\/\",\"url\":\"https:\\\/\\\/www.lopezvicu.info\\\/es\\\/proyecto-format-al-port\\\/\",\"name\":\"Proyecto Forma\u2019t al Port: para CFGS de Comercio internacional - Centre L\u00f3pez Vicu\u00f1a Barcelona\",\"isPartOf\":{\"@id\":\"https:\\\/\\\/www.lopezvicu.info\\\/es\\\/#website\"},\"datePublished\":\"2022-04-20T15:16:05+00:00\",\"dateModified\":\"2022-11-02T10:48:49+00:00\",\"description\":\"El proyecto Forma\u2019t al Port es un proyecto destinado para que los alumnos se formen en un entorno real, \u00a1conoce los detalles!.\",\"breadcrumb\":{\"@id\":\"https:\\\/\\\/www.lopezvicu.info\\\/es\\\/proyecto-format-al-port\\\/#breadcrumb\"},\"inLanguage\":\"es\",\"potentialAction\":[{\"@type\":\"ReadAction\",\"target\":[\"https:\\\/\\\/www.lopezvicu.info\\\/es\\\/proyecto-format-al-port\\\/\"]}]},{\"@type\":\"BreadcrumbList\",\"@id\":\"https:\\\/\\\/www.lopezvicu.info\\\/es\\\/proyecto-format-al-port\\\/#breadcrumb\",\"itemListElement\":[{\"@type\":\"ListItem\",\"position\":1,\"name\":\"Portada\",\"item\":\"https:\\\/\\\/www.lopezvicu.info\\\/es\\\/\"},{\"@type\":\"ListItem\",\"position\":2,\"name\":\"Proyecto \u201cForma\u2019t al Port\u201d\"}]},{\"@type\":\"WebSite\",\"@id\":\"https:\\\/\\\/www.lopezvicu.info\\\/es\\\/#website\",\"url\":\"https:\\\/\\\/www.lopezvicu.info\\\/es\\\/\",\"name\":\"L\u00f3pez Vicu\u00f1a\",\"description\":\"L\u00f3pez Vicu\u00f1a\",\"publisher\":{\"@id\":\"https:\\\/\\\/www.lopezvicu.info\\\/es\\\/#organization\"},\"potentialAction\":[{\"@type\":\"SearchAction\",\"target\":{\"@type\":\"EntryPoint\",\"urlTemplate\":\"https:\\\/\\\/www.lopezvicu.info\\\/es\\\/?s={search_term_string}\"},\"query-input\":{\"@type\":\"PropertyValueSpecification\",\"valueRequired\":true,\"valueName\":\"search_term_string\"}}],\"inLanguage\":\"es\"},{\"@type\":\"Organization\",\"@id\":\"https:\\\/\\\/www.lopezvicu.info\\\/es\\\/#organization\",\"name\":\"Lopez Vicu\u00f1a\",\"url\":\"https:\\\/\\\/www.lopezvicu.info\\\/es\\\/\",\"logo\":{\"@type\":\"ImageObject\",\"inLanguage\":\"es\",\"@id\":\"https:\\\/\\\/www.lopezvicu.info\\\/es\\\/#\\\/schema\\\/logo\\\/image\\\/\",\"url\":\"https:\\\/\\\/www.lopezvicu.info\\\/wp-content\\\/uploads\\\/2022\\\/01\\\/logo.png\",\"contentUrl\":\"https:\\\/\\\/www.lopezvicu.info\\\/wp-content\\\/uploads\\\/2022\\\/01\\\/logo.png\",\"width\":350,\"height\":70,\"caption\":\"Lopez Vicu\u00f1a\"},\"image\":{\"@id\":\"https:\\\/\\\/www.lopezvicu.info\\\/es\\\/#\\\/schema\\\/logo\\\/image\\\/\"},\"sameAs\":[\"https:\\\/\\\/www.facebook.com\\\/LopezVicuBCN\\\/\",\"https:\\\/\\\/x.com\\\/lopezvicubcn\",\"https:\\\/\\\/www.linkedin.com\\\/company\\\/lopezvicubcn\\\/\",\"https:\\\/\\\/www.instagram.com\\\/lopezvicubcn\\\/\",\"https:\\\/\\\/www.youtube.com\\\/@lopezvicubarcelona\"],\"description\":\"L\u00f3pez Vicu\u00f1a \u00e9s un centre concertat autoritzat pel Departament d'Educaci\u00f3 de la Generalitat de Catalunya amb CODI 08035015, per impartir Batxillerat i Cicles Formatius (Grau Mitj\u00e0 i Grau Superior), obert a tothom i comprom\u00e8s amb la realitat social, cultural i econ\u00f2mica que ens envolta i amb un cost econ\u00f2mic que garanteix l\u2019escolaritzaci\u00f3 post-obligat\u00f2ria de tots els estudiants. Situats a l'Eixample, en ple centre de Barcelona, i amb f\u00e0cil acc\u00e9s en transport p\u00fablic. Metodologies actives, emprenedoria, projectes, aprenentatge - servei, qualitat, multiling\u00fce mobilitat, FP Dual, tenen cabuda en tots els estudis que impartim\",\"email\":\"direccio@lopezvicu.info\",\"telephone\":\"934 87 65 94\"}]}<\/script>\n<!-- \/ Yoast SEO Premium plugin. -->","yoast_head_json":{"title":"Proyecto Forma\u2019t al Port: para CFGS de Comercio internacional - Centre L\u00f3pez Vicu\u00f1a Barcelona","description":"El proyecto Forma\u2019t al Port es un proyecto destinado para que los alumnos se formen en un entorno real, \u00a1conoce los detalles!.","robots":{"index":"index","follow":"follow","max-snippet":"max-snippet:-1","max-image-preview":"max-image-preview:large","max-video-preview":"max-video-preview:-1"},"canonical":"https:\/\/www.lopezvicu.info\/es\/proyecto-format-al-port\/","og_locale":"es_ES","og_type":"article","og_title":"Proyecto \u201cForma\u2019t al Port\u201d","og_description":"El proyecto Forma\u2019t al Port es un proyecto destinado para que los alumnos se formen en un entorno real, \u00a1conoce los detalles!.","og_url":"https:\/\/www.lopezvicu.info\/es\/proyecto-format-al-port\/","og_site_name":"Centre L\u00f3pez Vicu\u00f1a Barcelona","article_publisher":"https:\/\/www.facebook.com\/LopezVicuBCN\/","article_modified_time":"2022-11-02T10:48:49+00:00","twitter_card":"summary_large_image","twitter_site":"@lopezvicubcn","twitter_misc":{"Tiempo de lectura":"2 minutos"},"schema":{"@context":"https:\/\/schema.org","@graph":[{"@type":"WebPage","@id":"https:\/\/www.lopezvicu.info\/es\/proyecto-format-al-port\/","url":"https:\/\/www.lopezvicu.info\/es\/proyecto-format-al-port\/","name":"Proyecto Forma\u2019t al Port: para CFGS de Comercio internacional - Centre L\u00f3pez Vicu\u00f1a Barcelona","isPartOf":{"@id":"https:\/\/www.lopezvicu.info\/es\/#website"},"datePublished":"2022-04-20T15:16:05+00:00","dateModified":"2022-11-02T10:48:49+00:00","description":"El proyecto Forma\u2019t al Port es un proyecto destinado para que los alumnos se formen en un entorno real, \u00a1conoce los detalles!.","breadcrumb":{"@id":"https:\/\/www.lopezvicu.info\/es\/proyecto-format-al-port\/#breadcrumb"},"inLanguage":"es","potentialAction":[{"@type":"ReadAction","target":["https:\/\/www.lopezvicu.info\/es\/proyecto-format-al-port\/"]}]},{"@type":"BreadcrumbList","@id":"https:\/\/www.lopezvicu.info\/es\/proyecto-format-al-port\/#breadcrumb","itemListElement":[{"@type":"ListItem","position":1,"name":"Portada","item":"https:\/\/www.lopezvicu.info\/es\/"},{"@type":"ListItem","position":2,"name":"Proyecto \u201cForma\u2019t al Port\u201d"}]},{"@type":"WebSite","@id":"https:\/\/www.lopezvicu.info\/es\/#website","url":"https:\/\/www.lopezvicu.info\/es\/","name":"L\u00f3pez Vicu\u00f1a","description":"L\u00f3pez Vicu\u00f1a","publisher":{"@id":"https:\/\/www.lopezvicu.info\/es\/#organization"},"potentialAction":[{"@type":"SearchAction","target":{"@type":"EntryPoint","urlTemplate":"https:\/\/www.lopezvicu.info\/es\/?s={search_term_string}"},"query-input":{"@type":"PropertyValueSpecification","valueRequired":true,"valueName":"search_term_string"}}],"inLanguage":"es"},{"@type":"Organization","@id":"https:\/\/www.lopezvicu.info\/es\/#organization","name":"Lopez Vicu\u00f1a","url":"https:\/\/www.lopezvicu.info\/es\/","logo":{"@type":"ImageObject","inLanguage":"es","@id":"https:\/\/www.lopezvicu.info\/es\/#\/schema\/logo\/image\/","url":"https:\/\/www.lopezvicu.info\/wp-content\/uploads\/2022\/01\/logo.png","contentUrl":"https:\/\/www.lopezvicu.info\/wp-content\/uploads\/2022\/01\/logo.png","width":350,"height":70,"caption":"Lopez Vicu\u00f1a"},"image":{"@id":"https:\/\/www.lopezvicu.info\/es\/#\/schema\/logo\/image\/"},"sameAs":["https:\/\/www.facebook.com\/LopezVicuBCN\/","https:\/\/x.com\/lopezvicubcn","https:\/\/www.linkedin.com\/company\/lopezvicubcn\/","https:\/\/www.instagram.com\/lopezvicubcn\/","https:\/\/www.youtube.com\/@lopezvicubarcelona"],"description":"L\u00f3pez Vicu\u00f1a \u00e9s un centre concertat autoritzat pel Departament d'Educaci\u00f3 de la Generalitat de Catalunya amb CODI 08035015, per impartir Batxillerat i Cicles Formatius (Grau Mitj\u00e0 i Grau Superior), obert a tothom i comprom\u00e8s amb la realitat social, cultural i econ\u00f2mica que ens envolta i amb un cost econ\u00f2mic que garanteix l\u2019escolaritzaci\u00f3 post-obligat\u00f2ria de tots els estudiants. Situats a l'Eixample, en ple centre de Barcelona, i amb f\u00e0cil acc\u00e9s en transport p\u00fablic. Metodologies actives, emprenedoria, projectes, aprenentatge - servei, qualitat, multiling\u00fce mobilitat, FP Dual, tenen cabuda en tots els estudis que impartim","email":"direccio@lopezvicu.info","telephone":"934 87 65 94"}]}},"_links":{"self":[{"href":"https:\/\/www.lopezvicu.info\/es\/wp-json\/wp\/v2\/pages\/7226","targetHints":{"allow":["GET"]}}],"collection":[{"href":"https:\/\/www.lopezvicu.info\/es\/wp-json\/wp\/v2\/pages"}],"about":[{"href":"https:\/\/www.lopezvicu.info\/es\/wp-json\/wp\/v2\/types\/page"}],"author":[{"embeddable":true,"href":"https:\/\/www.lopezvicu.info\/es\/wp-json\/wp\/v2\/users\/1"}],"replies":[{"embeddable":true,"href":"https:\/\/www.lopezvicu.info\/es\/wp-json\/wp\/v2\/comments?post=7226"}],"version-history":[{"count":8,"href":"https:\/\/www.lopezvicu.info\/es\/wp-json\/wp\/v2\/pages\/7226\/revisions"}],"predecessor-version":[{"id":15723,"href":"https:\/\/www.lopezvicu.info\/es\/wp-json\/wp\/v2\/pages\/7226\/revisions\/15723"}],"wp:attachment":[{"href":"https:\/\/www.lopezvicu.info\/es\/wp-json\/wp\/v2\/media?parent=7226"}],"curies":[{"name":"wp","href":"https:\/\/api.w.org\/{rel}","templated":true}]}}