{"id":7224,"date":"2022-04-20T14:52:23","date_gmt":"2022-04-20T14:52:23","guid":{"rendered":"https:\/\/www.lopezvicu.info\/?page_id=7224"},"modified":"2023-02-03T10:51:23","modified_gmt":"2023-02-03T10:51:23","slug":"proyecto-lovibat","status":"publish","type":"page","link":"https:\/\/www.lopezvicu.info\/es\/proyecto-lovibat\/","title":{"rendered":"Proyecto LoviBAT"},"content":{"rendered":"<div class=\"gb-container gb-container-9d91cf89\"><div class=\"gb-inside-container\">\n\n<h1 class=\"gb-headline gb-headline-1bf7c762 gb-headline-text\">Proyecto de bachillerato: LoviBAT<\/h1>\n\n\n\n<p>El proyecto de bachillerato de nuestro centro, parte de un <strong>planteamiento integrador y humanista<\/strong>, <strong>centrado <\/strong>en la <strong>personalizaci\u00f3n <\/strong>de cada alumno y sus capacidades, siempre desde una mirada positiva de la persona.<\/p>\n\n\n\n<h2 class=\"gb-headline gb-headline-4329cd55 gb-headline-text\">Aspectos clave<\/h2>\n\n\n\n<p>Nuestro <strong>planteamiento <\/strong>del bachillerato <strong>parte <\/strong>de la <strong>combinaci\u00f3n <\/strong>efectiva de estos <strong>aspectos<\/strong> clave:<\/p>\n\n\n\n<h3 class=\"gb-headline gb-headline-518b228b\"><span class=\"gb-icon\"><svg aria-hidden=\"true\" role=\"img\" height=\"1em\" width=\"1em\" viewBox=\"0 0 256 512\" xmlns=\"http:\/\/www.w3.org\/2000\/svg\"><path fill=\"currentColor\" d=\"M224.3 273l-136 136c-9.4 9.4-24.6 9.4-33.9 0l-22.6-22.6c-9.4-9.4-9.4-24.6 0-33.9l96.4-96.4-96.4-96.4c-9.4-9.4-9.4-24.6 0-33.9L54.3 103c9.4-9.4 24.6-9.4 33.9 0l136 136c9.5 9.4 9.5 24.6.1 34z\"><\/path><\/svg><\/span><span class=\"gb-headline-text\">Exigencia acad\u00e9mica<\/span><\/h3>\n\n\n\n<p>Ofrecemos una <strong>formaci\u00f3n de calidad<\/strong> que ayuda al alumnado a alcanzar buenos resultados, \u00e9xito en las PAU y garantiza el acceso a los estudios superiores deseados.<\/p>\n\n\n\n<p>La <strong>formaci\u00f3n <\/strong>que ofrecemos parte de una <strong>metodolog\u00eda activa, din\u00e1mica, integradora,<\/strong> basada en proyectos interdisciplinares que favorecen la contextualizaci\u00f3n de los aprendizajes, la investigaci\u00f3n, aplicaci\u00f3n y utilizaci\u00f3n de recursos tecnol\u00f3gicos y el aprendizaje cooperativo, como criterio de centro. Estas metodolog\u00edas <strong>favorecen <\/strong>el <strong>aprendizaje comprensivo <\/strong>de los <strong>contenidos, <\/strong>y se <strong>convierten <\/strong>en una <strong>motivaci\u00f3n <\/strong>del alumnado hacia el estudio.<\/p>\n\n\n\n<h3 class=\"gb-headline gb-headline-55b2f044\"><span class=\"gb-icon\"><svg aria-hidden=\"true\" role=\"img\" height=\"1em\" width=\"1em\" viewBox=\"0 0 256 512\" xmlns=\"http:\/\/www.w3.org\/2000\/svg\"><path fill=\"currentColor\" d=\"M224.3 273l-136 136c-9.4 9.4-24.6 9.4-33.9 0l-22.6-22.6c-9.4-9.4-9.4-24.6 0-33.9l96.4-96.4-96.4-96.4c-9.4-9.4-9.4-24.6 0-33.9L54.3 103c9.4-9.4 24.6-9.4 33.9 0l136 136c9.5 9.4 9.5 24.6.1 34z\"><\/path><\/svg><\/span><span class=\"gb-headline-text\">Acompa\u00f1amiento<\/span><\/h3>\n\n\n\n<p>El alumno siente que no est\u00e1 solo. La exigencia en estos niveles a menudo puede acarrear estr\u00e9s, ansiedad o desmotivaci\u00f3n. La visi\u00f3n humanista de nuestro Proyecto Educativo de Centro y las expectativas positivas de los tutores y profesores hacia los alumnos, facilitan que <strong>cada uno<\/strong> de ellos <strong>se sienta<\/strong> <strong>apoyado <\/strong>en <strong>todo <\/strong>su <strong>proceso <\/strong>de aprendizaje.<\/p>\n\n\n\n<h2 class=\"gb-headline gb-headline-7c7ce51e gb-headline-text\">Personalizaci\u00f3n<\/h2>\n\n\n\n<p>La personalizaci\u00f3n que llevamos a cabo se pone de manifiesto en:<\/p>\n\n\n\n<ul class=\"wp-block-list\">\n<li><strong>Dos personas hacen la tutor\u00eda de <\/strong>primer curso, y esto facilita la <strong>proximidad <\/strong>con el alumnado y el <strong>conocimiento<\/strong> de su <strong>realidad individual<\/strong>, tienen una visi\u00f3n global de cada persona, le acompa\u00f1an con mayor facilidad en la toma de decisiones y en su crecimiento personal y favorecen las relaciones interpersonales dentro del grupo clase.<\/li>\n\n\n\n<li>Desdoblamiento del grupo clase en casi todas las materias: la proximidad en la relaci\u00f3n profesor-alumno <strong>facilita <\/strong>el <strong>conocimiento<\/strong> de <strong>habilidades y<\/strong> <strong>capacidades <\/strong>del  <strong>alumnado <\/strong>y la <strong>detecci\u00f3n <\/strong>de <strong>dificultades <\/strong>para poder tratarlas a tiempo.<\/li>\n\n\n\n<li>Estrecha relaci\u00f3n con las familias: la comunicaci\u00f3n fluida en ambos sentidos <strong>facilita <\/strong>un <strong>mayor conocimiento <\/strong>de la <strong>realidad individual <\/strong>del  alumnado.<\/li>\n\n\n\n<li>Atenci\u00f3n personalizada inmediata cuando se detectan casos de dificultades o desmotivaci\u00f3n hacia los estudios: una <strong>detecci\u00f3n precoz <\/strong>de las <strong>dificultades<\/strong> por parte de cualquiera de los agentes educativos, <strong>facilita <\/strong>una <strong>resoluci\u00f3n<\/strong> satisfactoria y positiva.<\/li>\n<\/ul>\n\n\n\n<p>Adem\u00e1s de estos dos aspectos clave en la formaci\u00f3n, en el bachillerato del Centro L\u00f3pez Vicu\u00f1a, <strong>favorecemos <\/strong>las <strong>competencias sociales y personales <\/strong>de los alumnos con una <strong>intencionalidad <\/strong>marcadamente <strong>solidaria y de compromiso.<\/strong><\/p>\n\n\n\n<p>Partiendo de un proyecto de voluntariado espec\u00edfico, de la participaci\u00f3n en el proyecto de la Audiencia P\u00fablica del Ayuntamiento de Barcelona y en otros proyectos de participaci\u00f3n social y ciudadana que puedan surgir, <strong>queremos<\/strong> <strong>despertar <\/strong>en los alumnos unas <strong>inquietudes <\/strong>que vayan m\u00e1s all\u00e1 del inter\u00e9s por lo que ocurre a su alrededor m\u00e1s inmediato, y que <strong>abarquen <\/strong>un <strong>\u00e1mbito <\/strong>de <strong>acci\u00f3n <\/strong>y de <strong>compromiso m\u00e1s amplio.<\/strong><\/p>\n\n\n\n<p>En definitiva, nuestro proyecto de bachillerato es garant\u00eda de que el <strong>alumno <\/strong>es <strong>tenido <\/strong>en <strong>cuenta <\/strong>en <strong>todos los \u00e1mbitos<\/strong> de su <strong>personalidad<\/strong>: le orientamos, le acompa\u00f1amos, le invitamos a comprometerse, depositamos en \u00e9l expectativas positivas y sacamos de \u00e9l lo mejor de sus capacidades y habilidades.<\/p>\n\n\n\n<p>Todo esto le har\u00e1 sentirse mejor, facilitar\u00e1 su motivaci\u00f3n hacia los estudios que ha elegido, y <strong>garantizar\u00e1 <\/strong>su <strong>\u00e9xito<\/strong>, no s\u00f3lo <strong>acad\u00e9mico<\/strong>, sino tambi\u00e9n <strong>personal<\/strong>.<\/p>\n\n<\/div><\/div>","protected":false},"excerpt":{"rendered":"<p>Proyecto de bachillerato: LoviBAT El proyecto de bachillerato de nuestro centro, parte de un planteamiento integrador y humanista, centrado en la personalizaci\u00f3n de cada alumno &#8230; <\/p>\n<p class=\"read-more-container\"><a title=\"Proyecto LoviBAT\" class=\"read-more button\" href=\"https:\/\/www.lopezvicu.info\/es\/proyecto-lovibat\/#more-7224\" aria-label=\"Leer m\u00e1s sobre Proyecto LoviBAT\">Leer m\u00e1s<\/a><\/p>\n","protected":false},"author":1,"featured_media":0,"parent":0,"menu_order":0,"comment_status":"closed","ping_status":"closed","template":"","meta":{"footnotes":""},"class_list":["post-7224","page","type-page","status-publish"],"yoast_head":"<!-- This site is optimized with the Yoast SEO Premium plugin v26.0 (Yoast SEO v27.6) - https:\/\/yoast.com\/product\/yoast-seo-premium-wordpress\/ -->\n<title>Todo sobre el Proyecto de bachillerato: LoviBAT - Centre L\u00f3pez Vicu\u00f1a Barcelona<\/title>\n<meta name=\"description\" content=\"Conoce todo sobre el proyecto de bachillerato de nuestro centro, centrado en la personalizaci\u00f3n desde una mirada positiva de la persona.\" \/>\n<meta name=\"robots\" content=\"index, follow, max-snippet:-1, max-image-preview:large, max-video-preview:-1\" \/>\n<link rel=\"canonical\" href=\"https:\/\/www.lopezvicu.info\/es\/proyecto-lovibat\/\" \/>\n<meta property=\"og:locale\" content=\"es_ES\" \/>\n<meta property=\"og:type\" content=\"article\" \/>\n<meta property=\"og:title\" content=\"Proyecto LoviBAT\" \/>\n<meta property=\"og:description\" content=\"Conoce todo sobre el proyecto de bachillerato de nuestro centro, centrado en la personalizaci\u00f3n desde una mirada positiva de la persona.\" \/>\n<meta property=\"og:url\" content=\"https:\/\/www.lopezvicu.info\/es\/proyecto-lovibat\/\" \/>\n<meta property=\"og:site_name\" content=\"Centre L\u00f3pez Vicu\u00f1a Barcelona\" \/>\n<meta property=\"article:publisher\" content=\"https:\/\/www.facebook.com\/LopezVicuBCN\/\" \/>\n<meta property=\"article:modified_time\" content=\"2023-02-03T10:51:23+00:00\" \/>\n<meta name=\"twitter:card\" content=\"summary_large_image\" \/>\n<meta name=\"twitter:site\" content=\"@lopezvicubcn\" \/>\n<meta name=\"twitter:label1\" content=\"Tiempo de lectura\" \/>\n\t<meta name=\"twitter:data1\" content=\"3 minutos\" \/>\n<script type=\"application\/ld+json\" class=\"yoast-schema-graph\">{\"@context\":\"https:\\\/\\\/schema.org\",\"@graph\":[{\"@type\":\"WebPage\",\"@id\":\"https:\\\/\\\/www.lopezvicu.info\\\/es\\\/proyecto-lovibat\\\/\",\"url\":\"https:\\\/\\\/www.lopezvicu.info\\\/es\\\/proyecto-lovibat\\\/\",\"name\":\"Todo sobre el Proyecto de bachillerato: LoviBAT - Centre L\u00f3pez Vicu\u00f1a Barcelona\",\"isPartOf\":{\"@id\":\"https:\\\/\\\/www.lopezvicu.info\\\/es\\\/#website\"},\"datePublished\":\"2022-04-20T14:52:23+00:00\",\"dateModified\":\"2023-02-03T10:51:23+00:00\",\"description\":\"Conoce todo sobre el proyecto de bachillerato de nuestro centro, centrado en la personalizaci\u00f3n desde una mirada positiva de la persona.\",\"breadcrumb\":{\"@id\":\"https:\\\/\\\/www.lopezvicu.info\\\/es\\\/proyecto-lovibat\\\/#breadcrumb\"},\"inLanguage\":\"es\",\"potentialAction\":[{\"@type\":\"ReadAction\",\"target\":[\"https:\\\/\\\/www.lopezvicu.info\\\/es\\\/proyecto-lovibat\\\/\"]}]},{\"@type\":\"BreadcrumbList\",\"@id\":\"https:\\\/\\\/www.lopezvicu.info\\\/es\\\/proyecto-lovibat\\\/#breadcrumb\",\"itemListElement\":[{\"@type\":\"ListItem\",\"position\":1,\"name\":\"Portada\",\"item\":\"https:\\\/\\\/www.lopezvicu.info\\\/es\\\/\"},{\"@type\":\"ListItem\",\"position\":2,\"name\":\"Proyecto LoviBAT\"}]},{\"@type\":\"WebSite\",\"@id\":\"https:\\\/\\\/www.lopezvicu.info\\\/es\\\/#website\",\"url\":\"https:\\\/\\\/www.lopezvicu.info\\\/es\\\/\",\"name\":\"L\u00f3pez Vicu\u00f1a\",\"description\":\"L\u00f3pez Vicu\u00f1a\",\"publisher\":{\"@id\":\"https:\\\/\\\/www.lopezvicu.info\\\/es\\\/#organization\"},\"potentialAction\":[{\"@type\":\"SearchAction\",\"target\":{\"@type\":\"EntryPoint\",\"urlTemplate\":\"https:\\\/\\\/www.lopezvicu.info\\\/es\\\/?s={search_term_string}\"},\"query-input\":{\"@type\":\"PropertyValueSpecification\",\"valueRequired\":true,\"valueName\":\"search_term_string\"}}],\"inLanguage\":\"es\"},{\"@type\":\"Organization\",\"@id\":\"https:\\\/\\\/www.lopezvicu.info\\\/es\\\/#organization\",\"name\":\"Lopez Vicu\u00f1a\",\"url\":\"https:\\\/\\\/www.lopezvicu.info\\\/es\\\/\",\"logo\":{\"@type\":\"ImageObject\",\"inLanguage\":\"es\",\"@id\":\"https:\\\/\\\/www.lopezvicu.info\\\/es\\\/#\\\/schema\\\/logo\\\/image\\\/\",\"url\":\"https:\\\/\\\/www.lopezvicu.info\\\/wp-content\\\/uploads\\\/2022\\\/01\\\/logo.png\",\"contentUrl\":\"https:\\\/\\\/www.lopezvicu.info\\\/wp-content\\\/uploads\\\/2022\\\/01\\\/logo.png\",\"width\":350,\"height\":70,\"caption\":\"Lopez Vicu\u00f1a\"},\"image\":{\"@id\":\"https:\\\/\\\/www.lopezvicu.info\\\/es\\\/#\\\/schema\\\/logo\\\/image\\\/\"},\"sameAs\":[\"https:\\\/\\\/www.facebook.com\\\/LopezVicuBCN\\\/\",\"https:\\\/\\\/x.com\\\/lopezvicubcn\",\"https:\\\/\\\/www.linkedin.com\\\/company\\\/lopezvicubcn\\\/\",\"https:\\\/\\\/www.instagram.com\\\/lopezvicubcn\\\/\",\"https:\\\/\\\/www.youtube.com\\\/@lopezvicubarcelona\"],\"description\":\"L\u00f3pez Vicu\u00f1a \u00e9s un centre concertat autoritzat pel Departament d'Educaci\u00f3 de la Generalitat de Catalunya amb CODI 08035015, per impartir Batxillerat i Cicles Formatius (Grau Mitj\u00e0 i Grau Superior), obert a tothom i comprom\u00e8s amb la realitat social, cultural i econ\u00f2mica que ens envolta i amb un cost econ\u00f2mic que garanteix l\u2019escolaritzaci\u00f3 post-obligat\u00f2ria de tots els estudiants. Situats a l'Eixample, en ple centre de Barcelona, i amb f\u00e0cil acc\u00e9s en transport p\u00fablic. Metodologies actives, emprenedoria, projectes, aprenentatge - servei, qualitat, multiling\u00fce mobilitat, FP Dual, tenen cabuda en tots els estudis que impartim\",\"email\":\"direccio@lopezvicu.info\",\"telephone\":\"934 87 65 94\"}]}<\/script>\n<!-- \/ Yoast SEO Premium plugin. -->","yoast_head_json":{"title":"Todo sobre el Proyecto de bachillerato: LoviBAT - Centre L\u00f3pez Vicu\u00f1a Barcelona","description":"Conoce todo sobre el proyecto de bachillerato de nuestro centro, centrado en la personalizaci\u00f3n desde una mirada positiva de la persona.","robots":{"index":"index","follow":"follow","max-snippet":"max-snippet:-1","max-image-preview":"max-image-preview:large","max-video-preview":"max-video-preview:-1"},"canonical":"https:\/\/www.lopezvicu.info\/es\/proyecto-lovibat\/","og_locale":"es_ES","og_type":"article","og_title":"Proyecto LoviBAT","og_description":"Conoce todo sobre el proyecto de bachillerato de nuestro centro, centrado en la personalizaci\u00f3n desde una mirada positiva de la persona.","og_url":"https:\/\/www.lopezvicu.info\/es\/proyecto-lovibat\/","og_site_name":"Centre L\u00f3pez Vicu\u00f1a Barcelona","article_publisher":"https:\/\/www.facebook.com\/LopezVicuBCN\/","article_modified_time":"2023-02-03T10:51:23+00:00","twitter_card":"summary_large_image","twitter_site":"@lopezvicubcn","twitter_misc":{"Tiempo de lectura":"3 minutos"},"schema":{"@context":"https:\/\/schema.org","@graph":[{"@type":"WebPage","@id":"https:\/\/www.lopezvicu.info\/es\/proyecto-lovibat\/","url":"https:\/\/www.lopezvicu.info\/es\/proyecto-lovibat\/","name":"Todo sobre el Proyecto de bachillerato: LoviBAT - Centre L\u00f3pez Vicu\u00f1a Barcelona","isPartOf":{"@id":"https:\/\/www.lopezvicu.info\/es\/#website"},"datePublished":"2022-04-20T14:52:23+00:00","dateModified":"2023-02-03T10:51:23+00:00","description":"Conoce todo sobre el proyecto de bachillerato de nuestro centro, centrado en la personalizaci\u00f3n desde una mirada positiva de la persona.","breadcrumb":{"@id":"https:\/\/www.lopezvicu.info\/es\/proyecto-lovibat\/#breadcrumb"},"inLanguage":"es","potentialAction":[{"@type":"ReadAction","target":["https:\/\/www.lopezvicu.info\/es\/proyecto-lovibat\/"]}]},{"@type":"BreadcrumbList","@id":"https:\/\/www.lopezvicu.info\/es\/proyecto-lovibat\/#breadcrumb","itemListElement":[{"@type":"ListItem","position":1,"name":"Portada","item":"https:\/\/www.lopezvicu.info\/es\/"},{"@type":"ListItem","position":2,"name":"Proyecto LoviBAT"}]},{"@type":"WebSite","@id":"https:\/\/www.lopezvicu.info\/es\/#website","url":"https:\/\/www.lopezvicu.info\/es\/","name":"L\u00f3pez Vicu\u00f1a","description":"L\u00f3pez Vicu\u00f1a","publisher":{"@id":"https:\/\/www.lopezvicu.info\/es\/#organization"},"potentialAction":[{"@type":"SearchAction","target":{"@type":"EntryPoint","urlTemplate":"https:\/\/www.lopezvicu.info\/es\/?s={search_term_string}"},"query-input":{"@type":"PropertyValueSpecification","valueRequired":true,"valueName":"search_term_string"}}],"inLanguage":"es"},{"@type":"Organization","@id":"https:\/\/www.lopezvicu.info\/es\/#organization","name":"Lopez Vicu\u00f1a","url":"https:\/\/www.lopezvicu.info\/es\/","logo":{"@type":"ImageObject","inLanguage":"es","@id":"https:\/\/www.lopezvicu.info\/es\/#\/schema\/logo\/image\/","url":"https:\/\/www.lopezvicu.info\/wp-content\/uploads\/2022\/01\/logo.png","contentUrl":"https:\/\/www.lopezvicu.info\/wp-content\/uploads\/2022\/01\/logo.png","width":350,"height":70,"caption":"Lopez Vicu\u00f1a"},"image":{"@id":"https:\/\/www.lopezvicu.info\/es\/#\/schema\/logo\/image\/"},"sameAs":["https:\/\/www.facebook.com\/LopezVicuBCN\/","https:\/\/x.com\/lopezvicubcn","https:\/\/www.linkedin.com\/company\/lopezvicubcn\/","https:\/\/www.instagram.com\/lopezvicubcn\/","https:\/\/www.youtube.com\/@lopezvicubarcelona"],"description":"L\u00f3pez Vicu\u00f1a \u00e9s un centre concertat autoritzat pel Departament d'Educaci\u00f3 de la Generalitat de Catalunya amb CODI 08035015, per impartir Batxillerat i Cicles Formatius (Grau Mitj\u00e0 i Grau Superior), obert a tothom i comprom\u00e8s amb la realitat social, cultural i econ\u00f2mica que ens envolta i amb un cost econ\u00f2mic que garanteix l\u2019escolaritzaci\u00f3 post-obligat\u00f2ria de tots els estudiants. Situats a l'Eixample, en ple centre de Barcelona, i amb f\u00e0cil acc\u00e9s en transport p\u00fablic. Metodologies actives, emprenedoria, projectes, aprenentatge - servei, qualitat, multiling\u00fce mobilitat, FP Dual, tenen cabuda en tots els estudis que impartim","email":"direccio@lopezvicu.info","telephone":"934 87 65 94"}]}},"_links":{"self":[{"href":"https:\/\/www.lopezvicu.info\/es\/wp-json\/wp\/v2\/pages\/7224","targetHints":{"allow":["GET"]}}],"collection":[{"href":"https:\/\/www.lopezvicu.info\/es\/wp-json\/wp\/v2\/pages"}],"about":[{"href":"https:\/\/www.lopezvicu.info\/es\/wp-json\/wp\/v2\/types\/page"}],"author":[{"embeddable":true,"href":"https:\/\/www.lopezvicu.info\/es\/wp-json\/wp\/v2\/users\/1"}],"replies":[{"embeddable":true,"href":"https:\/\/www.lopezvicu.info\/es\/wp-json\/wp\/v2\/comments?post=7224"}],"version-history":[{"count":7,"href":"https:\/\/www.lopezvicu.info\/es\/wp-json\/wp\/v2\/pages\/7224\/revisions"}],"predecessor-version":[{"id":17350,"href":"https:\/\/www.lopezvicu.info\/es\/wp-json\/wp\/v2\/pages\/7224\/revisions\/17350"}],"wp:attachment":[{"href":"https:\/\/www.lopezvicu.info\/es\/wp-json\/wp\/v2\/media?parent=7224"}],"curies":[{"name":"wp","href":"https:\/\/api.w.org\/{rel}","templated":true}]}}