{"id":7012,"date":"2022-04-20T09:20:44","date_gmt":"2022-04-20T09:20:44","guid":{"rendered":"https:\/\/www.lopezvicu.info\/?page_id=7012"},"modified":"2025-11-12T12:50:08","modified_gmt":"2025-11-12T12:50:08","slug":"semipresencialidad","status":"publish","type":"page","link":"https:\/\/www.lopezvicu.info\/es\/semipresencialidad\/","title":{"rendered":"Semipresencialidad"},"content":{"rendered":"<div class=\"gb-container gb-container-4410480a\"><div class=\"gb-inside-container\">\n\n<h1 class=\"gb-headline gb-headline-ab3966cf gb-headline-text\">Formaci\u00f3n semipresencial<\/h1>\n\n\n\n<p><\/p>\n\n<\/div><\/div>\n\n\n<p>Esta modalidad de formaci\u00f3n <strong>permite compaginar <\/strong>la <strong>formaci\u00f3n con <\/strong>la <strong>actividad profesional <\/strong>y\/o las actividades <strong>familiares<\/strong>.<\/p>\n\n\n\n<p>Nuestro centro est\u00e1 autorizado para poder llevar a cabo la modalidad semipresencial dentro de las medidas\u00a0flexibilizadoras\u00a0que ofrece el Departament de d&#8217;Ensenyament.<\/p>\n\n\n\n<h2 class=\"wp-block-heading\" id=\"h-organizacion-de-la-modalidad-semipresencial\">ORGANIZACI\u00d3N DE LA MODALIDAD SEMIPRESENCIAL<\/h2>\n\n\n\n<p>La matr\u00edcula semipresencial tiene como finalidad facilitar el acceso a las ense\u00f1anzas de formaci\u00f3n profesional de las personas que no pueden asistir presencialmente en todas las horas lectivas<\/p>\n\n\n\n<p>Para solicitar la modalidad semipresencial hay que cumplir alguno de estos criterios: por trabajo, para tener cuidado de otras personas o por cualquier otra circunstancia excepcional. La incompatibilidad con el horario lectivo se tiene que acreditar documentalmente.<\/p>\n\n\n\n<p>Esta medida&nbsp;flexibilitzadora&nbsp;combina las actividades presenciales con aquellas que no implican la presencia de los alumnos en el centro.<\/p>\n\n\n\n<h2 class=\"wp-block-heading\" id=\"h-caracteristicas-de-la-modalidad-semipresencial\">Caracter\u00edsticas de la modalidad semipresencial:<\/h2>\n\n\n\n<ul class=\"wp-block-list\">\n<li>Puede aplicarse a todos los m\u00f3dulos o cr\u00e9ditos que se cursen o solo a una parte.<\/li>\n\n\n\n<li>Hay que asistir presencialmente al menos en mitad de las horas previstas para el cr\u00e9dito o m\u00f3dulo profesional.<\/li>\n\n\n\n<li>Hay que hacer todas las actividades de aprendizaje programadas para el cr\u00e9dito o m\u00f3dulo profesional.<\/li>\n\n\n\n<li>Las actividades que los alumnos cursen de modalidad semipresencial tienen que comportar la misma carga horaria que las presenciales.<\/li>\n\n\n\n<li>Los profesores tutorizan las actividades de los alumnos de manera telem\u00e1tica o con los medios que se acuerden conjuntamente con el alumno.<\/li>\n\n\n\n<li>Los contenidos cursados de manera semipresencial se eval\u00faan de manera presencial.<\/li>\n<\/ul>\n\n\n\n<p>El centro utiliza la plataforma&nbsp;Classroom&nbsp;para poder compartir el material acad\u00e9mico y poder hacer un buen seguimiento del alumno. A cada alumno que solicite la modalidad semipresencial, una vez presente la documentaci\u00f3n requerida se le har\u00e1 un horario personalizado que ser\u00e1 comunicado al resto de profesores. Todas estas acciones se realizar\u00e1n a trav\u00e9s del\/de la tutor\/a de clase.<\/p>\n\n\n\n<p>Las pruebas escritas, pr\u00e1cticas en el aula taller o laboratorio, entre otras actividades, s\u00ed que se  evaluar\u00e1n de manera presencial.<\/p>\n\n\n\n<p><strong>Organizaci\u00f3n de la modalidad semipresencial: <a href=\"https:\/\/www.lopezvicu.info\/wp-content\/uploads\/2025\/11\/MODALITAT-SEMIPRESENCIAL_nov-2025.pdf\" target=\"_blank\" rel=\"noreferrer noopener\">descargar<\/a><\/strong><\/p>\n","protected":false},"excerpt":{"rendered":"<p>Formaci\u00f3n semipresencial Esta modalidad de formaci\u00f3n permite compaginar la formaci\u00f3n con la actividad profesional y\/o las actividades familiares. Nuestro centro est\u00e1 autorizado para poder llevar &#8230; <\/p>\n<p class=\"read-more-container\"><a title=\"Semipresencialidad\" class=\"read-more button\" href=\"https:\/\/www.lopezvicu.info\/es\/semipresencialidad\/#more-7012\" aria-label=\"Leer m\u00e1s sobre Semipresencialidad\">Leer m\u00e1s<\/a><\/p>\n","protected":false},"author":1,"featured_media":0,"parent":0,"menu_order":0,"comment_status":"closed","ping_status":"closed","template":"","meta":{"footnotes":""},"class_list":["post-7012","page","type-page","status-publish"],"yoast_head":"<!-- This site is optimized with the Yoast SEO Premium plugin v26.0 (Yoast SEO v27.3) - https:\/\/yoast.com\/product\/yoast-seo-premium-wordpress\/ -->\n<title>Formaci\u00f3n semipresencial - Centre L\u00f3pez Vicu\u00f1a Barcelona<\/title>\n<meta name=\"description\" content=\"La formaci\u00f3n semipresencial es la mejor opci\u00f3n si est\u00e1s buscando compaginar la vida profesional y familiar. \u00a1Con L\u00f3pez Vicu\u00f1a podr\u00e1s hacerlo!\" \/>\n<meta name=\"robots\" content=\"index, follow, max-snippet:-1, max-image-preview:large, max-video-preview:-1\" \/>\n<link rel=\"canonical\" href=\"https:\/\/www.lopezvicu.info\/es\/semipresencialidad\/\" \/>\n<meta property=\"og:locale\" content=\"es_ES\" \/>\n<meta property=\"og:type\" content=\"article\" \/>\n<meta property=\"og:title\" content=\"Semipresencialidad\" \/>\n<meta property=\"og:description\" content=\"La formaci\u00f3n semipresencial es la mejor opci\u00f3n si est\u00e1s buscando compaginar la vida profesional y familiar. \u00a1Con L\u00f3pez Vicu\u00f1a podr\u00e1s hacerlo!\" \/>\n<meta property=\"og:url\" content=\"https:\/\/www.lopezvicu.info\/es\/semipresencialidad\/\" \/>\n<meta property=\"og:site_name\" content=\"Centre L\u00f3pez Vicu\u00f1a Barcelona\" \/>\n<meta property=\"article:publisher\" content=\"https:\/\/www.facebook.com\/LopezVicuBCN\/\" \/>\n<meta property=\"article:modified_time\" content=\"2025-11-12T12:50:08+00:00\" \/>\n<meta property=\"og:image\" content=\"https:\/\/www.lopezvicu.info\/wp-content\/uploads\/2022\/05\/cropped-lovi-transp-logo.jpeg\" \/>\n\t<meta property=\"og:image:width\" content=\"1589\" \/>\n\t<meta property=\"og:image:height\" content=\"1600\" \/>\n\t<meta property=\"og:image:type\" content=\"image\/jpeg\" \/>\n<meta name=\"twitter:card\" content=\"summary_large_image\" \/>\n<meta name=\"twitter:site\" content=\"@lopezvicubcn\" \/>\n<meta name=\"twitter:label1\" content=\"Tiempo de lectura\" \/>\n\t<meta name=\"twitter:data1\" content=\"1 minuto\" \/>\n<script type=\"application\/ld+json\" class=\"yoast-schema-graph\">{\"@context\":\"https:\\\/\\\/schema.org\",\"@graph\":[{\"@type\":\"WebPage\",\"@id\":\"https:\\\/\\\/www.lopezvicu.info\\\/es\\\/semipresencialidad\\\/\",\"url\":\"https:\\\/\\\/www.lopezvicu.info\\\/es\\\/semipresencialidad\\\/\",\"name\":\"Formaci\u00f3n semipresencial - Centre L\u00f3pez Vicu\u00f1a Barcelona\",\"isPartOf\":{\"@id\":\"https:\\\/\\\/www.lopezvicu.info\\\/es\\\/#website\"},\"datePublished\":\"2022-04-20T09:20:44+00:00\",\"dateModified\":\"2025-11-12T12:50:08+00:00\",\"description\":\"La formaci\u00f3n semipresencial es la mejor opci\u00f3n si est\u00e1s buscando compaginar la vida profesional y familiar. \u00a1Con L\u00f3pez Vicu\u00f1a podr\u00e1s hacerlo!\",\"breadcrumb\":{\"@id\":\"https:\\\/\\\/www.lopezvicu.info\\\/es\\\/semipresencialidad\\\/#breadcrumb\"},\"inLanguage\":\"es\",\"potentialAction\":[{\"@type\":\"ReadAction\",\"target\":[\"https:\\\/\\\/www.lopezvicu.info\\\/es\\\/semipresencialidad\\\/\"]}]},{\"@type\":\"BreadcrumbList\",\"@id\":\"https:\\\/\\\/www.lopezvicu.info\\\/es\\\/semipresencialidad\\\/#breadcrumb\",\"itemListElement\":[{\"@type\":\"ListItem\",\"position\":1,\"name\":\"Portada\",\"item\":\"https:\\\/\\\/www.lopezvicu.info\\\/es\\\/\"},{\"@type\":\"ListItem\",\"position\":2,\"name\":\"Semipresencialidad\"}]},{\"@type\":\"WebSite\",\"@id\":\"https:\\\/\\\/www.lopezvicu.info\\\/es\\\/#website\",\"url\":\"https:\\\/\\\/www.lopezvicu.info\\\/es\\\/\",\"name\":\"L\u00f3pez Vicu\u00f1a\",\"description\":\"L\u00f3pez Vicu\u00f1a\",\"publisher\":{\"@id\":\"https:\\\/\\\/www.lopezvicu.info\\\/es\\\/#organization\"},\"potentialAction\":[{\"@type\":\"SearchAction\",\"target\":{\"@type\":\"EntryPoint\",\"urlTemplate\":\"https:\\\/\\\/www.lopezvicu.info\\\/es\\\/?s={search_term_string}\"},\"query-input\":{\"@type\":\"PropertyValueSpecification\",\"valueRequired\":true,\"valueName\":\"search_term_string\"}}],\"inLanguage\":\"es\"},{\"@type\":\"Organization\",\"@id\":\"https:\\\/\\\/www.lopezvicu.info\\\/es\\\/#organization\",\"name\":\"Lopez Vicu\u00f1a\",\"url\":\"https:\\\/\\\/www.lopezvicu.info\\\/es\\\/\",\"logo\":{\"@type\":\"ImageObject\",\"inLanguage\":\"es\",\"@id\":\"https:\\\/\\\/www.lopezvicu.info\\\/es\\\/#\\\/schema\\\/logo\\\/image\\\/\",\"url\":\"https:\\\/\\\/www.lopezvicu.info\\\/wp-content\\\/uploads\\\/2022\\\/01\\\/logo.png\",\"contentUrl\":\"https:\\\/\\\/www.lopezvicu.info\\\/wp-content\\\/uploads\\\/2022\\\/01\\\/logo.png\",\"width\":350,\"height\":70,\"caption\":\"Lopez Vicu\u00f1a\"},\"image\":{\"@id\":\"https:\\\/\\\/www.lopezvicu.info\\\/es\\\/#\\\/schema\\\/logo\\\/image\\\/\"},\"sameAs\":[\"https:\\\/\\\/www.facebook.com\\\/LopezVicuBCN\\\/\",\"https:\\\/\\\/x.com\\\/lopezvicubcn\",\"https:\\\/\\\/www.linkedin.com\\\/company\\\/lopezvicubcn\\\/\",\"https:\\\/\\\/www.instagram.com\\\/lopezvicubcn\\\/\",\"https:\\\/\\\/www.youtube.com\\\/@lopezvicubarcelona\"],\"description\":\"L\u00f3pez Vicu\u00f1a \u00e9s un centre concertat autoritzat pel Departament d'Educaci\u00f3 de la Generalitat de Catalunya amb CODI 08035015, per impartir Batxillerat i Cicles Formatius (Grau Mitj\u00e0 i Grau Superior), obert a tothom i comprom\u00e8s amb la realitat social, cultural i econ\u00f2mica que ens envolta i amb un cost econ\u00f2mic que garanteix l\u2019escolaritzaci\u00f3 post-obligat\u00f2ria de tots els estudiants. Situats a l'Eixample, en ple centre de Barcelona, i amb f\u00e0cil acc\u00e9s en transport p\u00fablic. Metodologies actives, emprenedoria, projectes, aprenentatge - servei, qualitat, multiling\u00fce mobilitat, FP Dual, tenen cabuda en tots els estudis que impartim\",\"email\":\"direccio@lopezvicu.info\",\"telephone\":\"934 87 65 94\"}]}<\/script>\n<!-- \/ Yoast SEO Premium plugin. -->","yoast_head_json":{"title":"Formaci\u00f3n semipresencial - Centre L\u00f3pez Vicu\u00f1a Barcelona","description":"La formaci\u00f3n semipresencial es la mejor opci\u00f3n si est\u00e1s buscando compaginar la vida profesional y familiar. \u00a1Con L\u00f3pez Vicu\u00f1a podr\u00e1s hacerlo!","robots":{"index":"index","follow":"follow","max-snippet":"max-snippet:-1","max-image-preview":"max-image-preview:large","max-video-preview":"max-video-preview:-1"},"canonical":"https:\/\/www.lopezvicu.info\/es\/semipresencialidad\/","og_locale":"es_ES","og_type":"article","og_title":"Semipresencialidad","og_description":"La formaci\u00f3n semipresencial es la mejor opci\u00f3n si est\u00e1s buscando compaginar la vida profesional y familiar. \u00a1Con L\u00f3pez Vicu\u00f1a podr\u00e1s hacerlo!","og_url":"https:\/\/www.lopezvicu.info\/es\/semipresencialidad\/","og_site_name":"Centre L\u00f3pez Vicu\u00f1a Barcelona","article_publisher":"https:\/\/www.facebook.com\/LopezVicuBCN\/","article_modified_time":"2025-11-12T12:50:08+00:00","og_image":[{"width":1589,"height":1600,"url":"https:\/\/www.lopezvicu.info\/wp-content\/uploads\/2022\/05\/cropped-lovi-transp-logo.jpeg","type":"image\/jpeg"}],"twitter_card":"summary_large_image","twitter_site":"@lopezvicubcn","twitter_misc":{"Tiempo de lectura":"1 minuto"},"schema":{"@context":"https:\/\/schema.org","@graph":[{"@type":"WebPage","@id":"https:\/\/www.lopezvicu.info\/es\/semipresencialidad\/","url":"https:\/\/www.lopezvicu.info\/es\/semipresencialidad\/","name":"Formaci\u00f3n semipresencial - Centre L\u00f3pez Vicu\u00f1a Barcelona","isPartOf":{"@id":"https:\/\/www.lopezvicu.info\/es\/#website"},"datePublished":"2022-04-20T09:20:44+00:00","dateModified":"2025-11-12T12:50:08+00:00","description":"La formaci\u00f3n semipresencial es la mejor opci\u00f3n si est\u00e1s buscando compaginar la vida profesional y familiar. \u00a1Con L\u00f3pez Vicu\u00f1a podr\u00e1s hacerlo!","breadcrumb":{"@id":"https:\/\/www.lopezvicu.info\/es\/semipresencialidad\/#breadcrumb"},"inLanguage":"es","potentialAction":[{"@type":"ReadAction","target":["https:\/\/www.lopezvicu.info\/es\/semipresencialidad\/"]}]},{"@type":"BreadcrumbList","@id":"https:\/\/www.lopezvicu.info\/es\/semipresencialidad\/#breadcrumb","itemListElement":[{"@type":"ListItem","position":1,"name":"Portada","item":"https:\/\/www.lopezvicu.info\/es\/"},{"@type":"ListItem","position":2,"name":"Semipresencialidad"}]},{"@type":"WebSite","@id":"https:\/\/www.lopezvicu.info\/es\/#website","url":"https:\/\/www.lopezvicu.info\/es\/","name":"L\u00f3pez Vicu\u00f1a","description":"L\u00f3pez Vicu\u00f1a","publisher":{"@id":"https:\/\/www.lopezvicu.info\/es\/#organization"},"potentialAction":[{"@type":"SearchAction","target":{"@type":"EntryPoint","urlTemplate":"https:\/\/www.lopezvicu.info\/es\/?s={search_term_string}"},"query-input":{"@type":"PropertyValueSpecification","valueRequired":true,"valueName":"search_term_string"}}],"inLanguage":"es"},{"@type":"Organization","@id":"https:\/\/www.lopezvicu.info\/es\/#organization","name":"Lopez Vicu\u00f1a","url":"https:\/\/www.lopezvicu.info\/es\/","logo":{"@type":"ImageObject","inLanguage":"es","@id":"https:\/\/www.lopezvicu.info\/es\/#\/schema\/logo\/image\/","url":"https:\/\/www.lopezvicu.info\/wp-content\/uploads\/2022\/01\/logo.png","contentUrl":"https:\/\/www.lopezvicu.info\/wp-content\/uploads\/2022\/01\/logo.png","width":350,"height":70,"caption":"Lopez Vicu\u00f1a"},"image":{"@id":"https:\/\/www.lopezvicu.info\/es\/#\/schema\/logo\/image\/"},"sameAs":["https:\/\/www.facebook.com\/LopezVicuBCN\/","https:\/\/x.com\/lopezvicubcn","https:\/\/www.linkedin.com\/company\/lopezvicubcn\/","https:\/\/www.instagram.com\/lopezvicubcn\/","https:\/\/www.youtube.com\/@lopezvicubarcelona"],"description":"L\u00f3pez Vicu\u00f1a \u00e9s un centre concertat autoritzat pel Departament d'Educaci\u00f3 de la Generalitat de Catalunya amb CODI 08035015, per impartir Batxillerat i Cicles Formatius (Grau Mitj\u00e0 i Grau Superior), obert a tothom i comprom\u00e8s amb la realitat social, cultural i econ\u00f2mica que ens envolta i amb un cost econ\u00f2mic que garanteix l\u2019escolaritzaci\u00f3 post-obligat\u00f2ria de tots els estudiants. Situats a l'Eixample, en ple centre de Barcelona, i amb f\u00e0cil acc\u00e9s en transport p\u00fablic. Metodologies actives, emprenedoria, projectes, aprenentatge - servei, qualitat, multiling\u00fce mobilitat, FP Dual, tenen cabuda en tots els estudis que impartim","email":"direccio@lopezvicu.info","telephone":"934 87 65 94"}]}},"_links":{"self":[{"href":"https:\/\/www.lopezvicu.info\/es\/wp-json\/wp\/v2\/pages\/7012","targetHints":{"allow":["GET"]}}],"collection":[{"href":"https:\/\/www.lopezvicu.info\/es\/wp-json\/wp\/v2\/pages"}],"about":[{"href":"https:\/\/www.lopezvicu.info\/es\/wp-json\/wp\/v2\/types\/page"}],"author":[{"embeddable":true,"href":"https:\/\/www.lopezvicu.info\/es\/wp-json\/wp\/v2\/users\/1"}],"replies":[{"embeddable":true,"href":"https:\/\/www.lopezvicu.info\/es\/wp-json\/wp\/v2\/comments?post=7012"}],"version-history":[{"count":11,"href":"https:\/\/www.lopezvicu.info\/es\/wp-json\/wp\/v2\/pages\/7012\/revisions"}],"predecessor-version":[{"id":28150,"href":"https:\/\/www.lopezvicu.info\/es\/wp-json\/wp\/v2\/pages\/7012\/revisions\/28150"}],"wp:attachment":[{"href":"https:\/\/www.lopezvicu.info\/es\/wp-json\/wp\/v2\/media?parent=7012"}],"curies":[{"name":"wp","href":"https:\/\/api.w.org\/{rel}","templated":true}]}}