{"id":6655,"date":"2025-02-13T12:06:35","date_gmt":"2025-02-13T12:06:35","guid":{"rendered":"https:\/\/www.lopezvicu.info\/?page_id=6655"},"modified":"2026-03-31T11:24:49","modified_gmt":"2026-03-31T11:24:49","slug":"preinscripcion-y-matricula","status":"publish","type":"page","link":"https:\/\/www.lopezvicu.info\/es\/preinscripcion-y-matricula\/","title":{"rendered":"Preinscripci\u00f3n y matr\u00edcula"},"content":{"rendered":"<div class=\"gb-container gb-container-c3bbd41c\"><div class=\"gb-inside-container\">\n\n<h1 class=\"gb-headline gb-headline-cafd66fa gb-headline-text\">Preinscripci\u00f3n y matr\u00edcula curso 2026-2027<\/h1>\n\n\n\n<p><br>Seg\u00fan el Departament d&#8217;Ensenyament de la Generalitat de Catalu\u00f1a  estas son las fechas de preinscripci\u00f3n y matr\u00edcula para el curso 2026-2027:<\/p>\n\n\n\n<figure class=\"wp-block-table\"><table class=\"has-fixed-layout\"><thead><tr><th class=\"has-text-align-left\" data-align=\"left\"><strong>Nivel<\/strong><\/th><th><strong>Fechas de preinscripci\u00f3<\/strong>n<\/th><th>Fechas de matr\u00edcula<\/th><\/tr><\/thead><tbody><tr><td class=\"has-text-align-left\" data-align=\"left\"><strong>Bachillerato<\/strong><\/td><td>del 9 al 16 de abril del 2026<\/td><td>del 18 al 26 de junio del 2026<\/td><\/tr><tr><td class=\"has-text-align-left\" data-align=\"left\"><strong>Ciclos formativos de Grado Medio<\/strong><\/td><td>del 26 de mayo al 1 de junio  de 2026<\/td><td>consultar periodos de confirmaci\u00f3n de plaza y de realizaci\u00f3n de matr\u00edcula<\/td><\/tr><tr><td class=\"has-text-align-left\" data-align=\"left\"><strong>Ciclos Formativos de Grado Superior<\/strong><\/td><td>del 26 de mayo al 1 de junio  de 2026<\/td><td>consultar periodos de confirmaci\u00f3n de plaza  y de realizaci\u00f3n de matr\u00edcula<\/td><\/tr><\/tbody><\/table><\/figure>\n\n\n\n<h3 class=\"wp-block-heading\" id=\"h-aqui-puedes-consultar-toda-la-informacion-de-la-preinscripcion-y-matricula-curso-2026-2027\">Aqu\u00ed puedes consultar toda la informaci\u00f3n de la preinscripci\u00f3n y matr\u00edcula curso 2026-2027:<\/h3>\n\n\n<div class=\"gb-grid-wrapper gb-grid-wrapper-2a39071f\">\n<div class=\"gb-grid-column gb-grid-column-edfae380\"><div class=\"gb-container gb-container-edfae380\"><div class=\"gb-inside-container\">\n\n<div class=\"wp-block-buttons is-layout-flex wp-block-buttons-is-layout-flex\">\n<div class=\"wp-block-button has-custom-width wp-block-button__width-75\"><a class=\"wp-block-button__link wp-element-button\" href=\"https:\/\/www.lopezvicu.info\/batxillerat-preinscripcio-i-matricula-2026-2027\/\" target=\"_blank\" rel=\"noreferrer noopener\">Bachillerato<\/a><\/div>\n<\/div>\n\n<\/div><\/div><\/div>\n\n<div class=\"gb-grid-column gb-grid-column-15f7743d\"><div class=\"gb-container gb-container-15f7743d\"><div class=\"gb-inside-container\">\n\n<div class=\"wp-block-buttons is-layout-flex wp-block-buttons-is-layout-flex\">\n<div class=\"wp-block-button has-custom-width wp-block-button__width-75\"><a class=\"wp-block-button__link wp-element-button\" href=\"https:\/\/www.lopezvicu.info\/es\/grado-medio-preinscripcion-y-matricula\/\" target=\"_blank\" rel=\"noreferrer noopener\">CF Grado Medio<\/a><\/div>\n<\/div>\n\n<\/div><\/div><\/div>\n\n<div class=\"gb-grid-column gb-grid-column-dd10b7af\"><div class=\"gb-container gb-container-dd10b7af\"><div class=\"gb-inside-container\">\n\n<div class=\"wp-block-buttons is-layout-flex wp-block-buttons-is-layout-flex\">\n<div class=\"wp-block-button has-custom-width wp-block-button__width-75\"><a class=\"wp-block-button__link wp-element-button\" href=\"https:\/\/www.lopezvicu.info\/es\/grado-superior-preinscripcion-y-matricula\/\" target=\"_blank\" rel=\"noreferrer noopener\">CF Grado Superior<\/a><\/div>\n<\/div>\n\n<\/div><\/div><\/div>\n<\/div>\n\n\n<hr class=\"wp-block-separator has-alpha-channel-opacity\"\/>\n\n\n\n<p class=\"has-accent-2-background-color has-background\"><strong>CODIGO DE CENTRO: 08035015<\/strong><\/p>\n\n\n\n<p><strong>Enlace preinscripci\u00f3n CF Grado Medio:  <\/strong><em><a href=\"https:\/\/preinscripcio.gencat.cat\/ca\/estudis\/fp-grau-mitja\/inici\/\" target=\"_blank\" rel=\"noreferrer noopener\">https:\/\/preinscripcio.gencat.cat\/ca\/estudis\/fp-grau-mitja\/inici\/<\/a><\/em><\/p>\n\n\n\n<p><strong>Enlace preinscripci\u00f3n CF Grado Superior: <em>&nbsp;<\/em><\/strong><em><a href=\"https:\/\/preinscripcio.gencat.cat\/ca\/estudis\/fp-grau-superior\/inici\/\" target=\"_blank\" rel=\"noreferrer noopener\">https:\/\/preinscripcio.gencat.cat\/ca\/estudis\/fp-grau-superior\/inici\/<\/a><\/em><\/p>\n\n\n\n<hr class=\"wp-block-separator has-alpha-channel-opacity\"\/>\n\n\n\n\n\n\n\n\n\n\n\n<h2 class=\"wp-block-heading\" id=\"h-jornadas-de-puertas-abiertas-2026-2027\">Jornadas de PUERTAS ABIERTAS 2026-2027<\/h2>\n\n\n\n<p>Adem\u00e1s, si quieres <strong>conocer <\/strong> nuestro <strong><a href=\"https:\/\/www.lopezvicu.info\/es\/metodologia-y-proyectos\/\" target=\"_blank\" rel=\"noreferrer noopener\">proyecto educativo<\/a>,<\/strong>\u00a0te proponemos <strong>participar<\/strong>\u00a0en las jornadas de\u00a0<strong>Puertas Abiertas\u00a0<\/strong>o\u00a0solicitar una\u00a0<strong>entrevista personal<\/strong>\u00a0(934 876 594), donde <strong>te explicaremos\u00a0<a href=\"https:\/\/www.lopezvicu.info\/caracter-propi\/\" target=\"_blank\" rel=\"noreferrer noopener\">qui\u00e9nes somos<\/a><\/strong>\u00a0y\u00a0<strong><a href=\"https:\/\/www.lopezvicu.info\/es\/metodologia-y-proyectos\/\" target=\"_blank\" rel=\"noreferrer noopener\">qu\u00e9 hacemos. <\/a> <\/strong>Ah! y no dejes de hacer una\u00a0<strong><a href=\"https:\/\/my.matterport.com\/show\/?m=UsVejW9Djsz&amp;qs=1&amp;play=1&amp;ts=2\" target=\"_blank\" rel=\"noreferrer noopener\">visita virtual 3D<\/a><\/strong>\u00a0de nuestras instalaciones!<\/p>\n\n\n\n<figure class=\"wp-block-image size-large\"><img loading=\"lazy\" decoding=\"async\" width=\"1024\" height=\"1024\" src=\"https:\/\/www.lopezvicu.info\/wp-content\/uploads\/2026\/01\/2026-2027-JPO-cartell-quadrat-1024x1024.jpg\" alt=\"\" class=\"wp-image-28508\" srcset=\"https:\/\/www.lopezvicu.info\/wp-content\/uploads\/2026\/01\/2026-2027-JPO-cartell-quadrat-1024x1024.jpg 1024w, https:\/\/www.lopezvicu.info\/wp-content\/uploads\/2026\/01\/2026-2027-JPO-cartell-quadrat-300x300.jpg 300w, https:\/\/www.lopezvicu.info\/wp-content\/uploads\/2026\/01\/2026-2027-JPO-cartell-quadrat-150x150.jpg 150w, https:\/\/www.lopezvicu.info\/wp-content\/uploads\/2026\/01\/2026-2027-JPO-cartell-quadrat-768x768.jpg 768w, https:\/\/www.lopezvicu.info\/wp-content\/uploads\/2026\/01\/2026-2027-JPO-cartell-quadrat.jpg 1080w\" sizes=\"auto, (max-width: 1024px) 100vw, 1024px\" \/><\/figure>\n\n\n\n<p>Mientras tanto puede conocer nuestra oferta formativa en el siguiente video: <\/p>\n\n\n\n<figure class=\"wp-block-embed is-type-video is-provider-youtube wp-block-embed-youtube wp-embed-aspect-16-9 wp-has-aspect-ratio\"><div class=\"wp-block-embed__wrapper\">\n<iframe loading=\"lazy\" title=\"Vols estudiar Batxillerat? I si... comen\u00e7a aqu\u00ed la teva hist\u00f2ria\" width=\"1200\" height=\"675\" src=\"https:\/\/www.youtube.com\/embed\/j96868XMJoQ?feature=oembed\" frameborder=\"0\" allow=\"accelerometer; autoplay; clipboard-write; encrypted-media; gyroscope; picture-in-picture; web-share\" referrerpolicy=\"strict-origin-when-cross-origin\" allowfullscreen><\/iframe>\n<\/div><\/figure>\n\n\n\n<div style=\"height:20px\" aria-hidden=\"true\" class=\"wp-block-spacer\"><\/div>\n\n\n\n<figure class=\"wp-block-embed is-type-video is-provider-youtube wp-block-embed-youtube wp-embed-aspect-16-9 wp-has-aspect-ratio\"><div class=\"wp-block-embed__wrapper\">\n<iframe loading=\"lazy\" title=\"Vols estudiar un cicle formatiu? I si... comen\u00e7a aqu\u00ed la teva hist\u00f2ria\" width=\"1200\" height=\"675\" src=\"https:\/\/www.youtube.com\/embed\/6Q8-JLb1k4o?feature=oembed\" frameborder=\"0\" allow=\"accelerometer; autoplay; clipboard-write; encrypted-media; gyroscope; picture-in-picture; web-share\" referrerpolicy=\"strict-origin-when-cross-origin\" allowfullscreen><\/iframe>\n<\/div><\/figure>\n\n\n\n<div style=\"height:20px\" aria-hidden=\"true\" class=\"wp-block-spacer\"><\/div>\n\n<\/div><\/div>","protected":false},"excerpt":{"rendered":"<p>Preinscripci\u00f3n y matr\u00edcula curso 2026-2027 Seg\u00fan el Departament d&#8217;Ensenyament de la Generalitat de Catalu\u00f1a estas son las fechas de preinscripci\u00f3n y matr\u00edcula para el curso &#8230; <\/p>\n<p class=\"read-more-container\"><a title=\"Preinscripci\u00f3n y matr\u00edcula\" class=\"read-more button\" href=\"https:\/\/www.lopezvicu.info\/es\/preinscripcion-y-matricula\/#more-6655\" aria-label=\"Leer m\u00e1s sobre Preinscripci\u00f3n y matr\u00edcula\">Leer m\u00e1s<\/a><\/p>\n","protected":false},"author":1,"featured_media":0,"parent":0,"menu_order":0,"comment_status":"closed","ping_status":"closed","template":"","meta":{"footnotes":""},"class_list":["post-6655","page","type-page","status-publish"],"yoast_head":"<!-- This site is optimized with the Yoast SEO Premium plugin v26.0 (Yoast SEO v27.4) - https:\/\/yoast.com\/product\/yoast-seo-premium-wordpress\/ -->\n<title>Preinscripci\u00f3n y matr\u00edcula - Centre L\u00f3pez Vicu\u00f1a Barcelona<\/title>\n<meta name=\"description\" content=\"Ent\u00e9rate de los per\u00edodos de preinscripci\u00f3n y matr\u00edcula para cada uno de los estudios de nuestro centro concertado, L\u00f3pez Vicu\u00f1a.\" \/>\n<meta name=\"robots\" content=\"index, follow, max-snippet:-1, max-image-preview:large, max-video-preview:-1\" \/>\n<link rel=\"canonical\" href=\"https:\/\/www.lopezvicu.info\/es\/preinscripcion-y-matricula\/\" \/>\n<meta property=\"og:locale\" content=\"es_ES\" \/>\n<meta property=\"og:type\" content=\"article\" \/>\n<meta property=\"og:title\" content=\"Preinscripci\u00f3n y matr\u00edcula\" \/>\n<meta property=\"og:description\" content=\"Ent\u00e9rate de los per\u00edodos de preinscripci\u00f3n y matr\u00edcula para cada uno de los estudios de nuestro centro concertado, L\u00f3pez Vicu\u00f1a.\" \/>\n<meta property=\"og:url\" content=\"https:\/\/www.lopezvicu.info\/es\/preinscripcion-y-matricula\/\" \/>\n<meta property=\"og:site_name\" content=\"Centre L\u00f3pez Vicu\u00f1a Barcelona\" \/>\n<meta property=\"article:publisher\" content=\"https:\/\/www.facebook.com\/LopezVicuBCN\/\" \/>\n<meta property=\"article:modified_time\" content=\"2026-03-31T11:24:49+00:00\" \/>\n<meta property=\"og:image\" content=\"https:\/\/www.lopezvicu.info\/wp-content\/uploads\/2025\/05\/Whatssap.png\" \/>\n<meta name=\"twitter:card\" content=\"summary_large_image\" \/>\n<meta name=\"twitter:site\" content=\"@lopezvicubcn\" \/>\n<meta name=\"twitter:label1\" content=\"Tiempo de lectura\" \/>\n\t<meta name=\"twitter:data1\" content=\"4 minutos\" \/>\n<script type=\"application\/ld+json\" class=\"yoast-schema-graph\">{\"@context\":\"https:\\\/\\\/schema.org\",\"@graph\":[{\"@type\":\"WebPage\",\"@id\":\"https:\\\/\\\/www.lopezvicu.info\\\/es\\\/preinscripcion-y-matricula\\\/\",\"url\":\"https:\\\/\\\/www.lopezvicu.info\\\/es\\\/preinscripcion-y-matricula\\\/\",\"name\":\"Preinscripci\u00f3n y matr\u00edcula - Centre L\u00f3pez Vicu\u00f1a Barcelona\",\"isPartOf\":{\"@id\":\"https:\\\/\\\/www.lopezvicu.info\\\/es\\\/#website\"},\"primaryImageOfPage\":{\"@id\":\"https:\\\/\\\/www.lopezvicu.info\\\/es\\\/preinscripcion-y-matricula\\\/#primaryimage\"},\"image\":{\"@id\":\"https:\\\/\\\/www.lopezvicu.info\\\/es\\\/preinscripcion-y-matricula\\\/#primaryimage\"},\"thumbnailUrl\":\"https:\\\/\\\/www.lopezvicu.info\\\/wp-content\\\/uploads\\\/2025\\\/05\\\/Whatssap.png\",\"datePublished\":\"2025-02-13T12:06:35+00:00\",\"dateModified\":\"2026-03-31T11:24:49+00:00\",\"description\":\"Ent\u00e9rate de los per\u00edodos de preinscripci\u00f3n y matr\u00edcula para cada uno de los estudios de nuestro centro concertado, L\u00f3pez Vicu\u00f1a.\",\"breadcrumb\":{\"@id\":\"https:\\\/\\\/www.lopezvicu.info\\\/es\\\/preinscripcion-y-matricula\\\/#breadcrumb\"},\"inLanguage\":\"es\",\"potentialAction\":[{\"@type\":\"ReadAction\",\"target\":[\"https:\\\/\\\/www.lopezvicu.info\\\/es\\\/preinscripcion-y-matricula\\\/\"]}]},{\"@type\":\"ImageObject\",\"inLanguage\":\"es\",\"@id\":\"https:\\\/\\\/www.lopezvicu.info\\\/es\\\/preinscripcion-y-matricula\\\/#primaryimage\",\"url\":\"https:\\\/\\\/www.lopezvicu.info\\\/wp-content\\\/uploads\\\/2025\\\/05\\\/Whatssap.png\",\"contentUrl\":\"https:\\\/\\\/www.lopezvicu.info\\\/wp-content\\\/uploads\\\/2025\\\/05\\\/Whatssap.png\"},{\"@type\":\"BreadcrumbList\",\"@id\":\"https:\\\/\\\/www.lopezvicu.info\\\/es\\\/preinscripcion-y-matricula\\\/#breadcrumb\",\"itemListElement\":[{\"@type\":\"ListItem\",\"position\":1,\"name\":\"Portada\",\"item\":\"https:\\\/\\\/www.lopezvicu.info\\\/es\\\/\"},{\"@type\":\"ListItem\",\"position\":2,\"name\":\"Preinscripci\u00f3n y matr\u00edcula\"}]},{\"@type\":\"WebSite\",\"@id\":\"https:\\\/\\\/www.lopezvicu.info\\\/es\\\/#website\",\"url\":\"https:\\\/\\\/www.lopezvicu.info\\\/es\\\/\",\"name\":\"L\u00f3pez Vicu\u00f1a\",\"description\":\"L\u00f3pez Vicu\u00f1a\",\"publisher\":{\"@id\":\"https:\\\/\\\/www.lopezvicu.info\\\/es\\\/#organization\"},\"potentialAction\":[{\"@type\":\"SearchAction\",\"target\":{\"@type\":\"EntryPoint\",\"urlTemplate\":\"https:\\\/\\\/www.lopezvicu.info\\\/es\\\/?s={search_term_string}\"},\"query-input\":{\"@type\":\"PropertyValueSpecification\",\"valueRequired\":true,\"valueName\":\"search_term_string\"}}],\"inLanguage\":\"es\"},{\"@type\":\"Organization\",\"@id\":\"https:\\\/\\\/www.lopezvicu.info\\\/es\\\/#organization\",\"name\":\"Lopez Vicu\u00f1a\",\"url\":\"https:\\\/\\\/www.lopezvicu.info\\\/es\\\/\",\"logo\":{\"@type\":\"ImageObject\",\"inLanguage\":\"es\",\"@id\":\"https:\\\/\\\/www.lopezvicu.info\\\/es\\\/#\\\/schema\\\/logo\\\/image\\\/\",\"url\":\"https:\\\/\\\/www.lopezvicu.info\\\/wp-content\\\/uploads\\\/2022\\\/01\\\/logo.png\",\"contentUrl\":\"https:\\\/\\\/www.lopezvicu.info\\\/wp-content\\\/uploads\\\/2022\\\/01\\\/logo.png\",\"width\":350,\"height\":70,\"caption\":\"Lopez Vicu\u00f1a\"},\"image\":{\"@id\":\"https:\\\/\\\/www.lopezvicu.info\\\/es\\\/#\\\/schema\\\/logo\\\/image\\\/\"},\"sameAs\":[\"https:\\\/\\\/www.facebook.com\\\/LopezVicuBCN\\\/\",\"https:\\\/\\\/x.com\\\/lopezvicubcn\",\"https:\\\/\\\/www.linkedin.com\\\/company\\\/lopezvicubcn\\\/\",\"https:\\\/\\\/www.instagram.com\\\/lopezvicubcn\\\/\",\"https:\\\/\\\/www.youtube.com\\\/@lopezvicubarcelona\"],\"description\":\"L\u00f3pez Vicu\u00f1a \u00e9s un centre concertat autoritzat pel Departament d'Educaci\u00f3 de la Generalitat de Catalunya amb CODI 08035015, per impartir Batxillerat i Cicles Formatius (Grau Mitj\u00e0 i Grau Superior), obert a tothom i comprom\u00e8s amb la realitat social, cultural i econ\u00f2mica que ens envolta i amb un cost econ\u00f2mic que garanteix l\u2019escolaritzaci\u00f3 post-obligat\u00f2ria de tots els estudiants. Situats a l'Eixample, en ple centre de Barcelona, i amb f\u00e0cil acc\u00e9s en transport p\u00fablic. Metodologies actives, emprenedoria, projectes, aprenentatge - servei, qualitat, multiling\u00fce mobilitat, FP Dual, tenen cabuda en tots els estudis que impartim\",\"email\":\"direccio@lopezvicu.info\",\"telephone\":\"934 87 65 94\"}]}<\/script>\n<!-- \/ Yoast SEO Premium plugin. -->","yoast_head_json":{"title":"Preinscripci\u00f3n y matr\u00edcula - Centre L\u00f3pez Vicu\u00f1a Barcelona","description":"Ent\u00e9rate de los per\u00edodos de preinscripci\u00f3n y matr\u00edcula para cada uno de los estudios de nuestro centro concertado, L\u00f3pez Vicu\u00f1a.","robots":{"index":"index","follow":"follow","max-snippet":"max-snippet:-1","max-image-preview":"max-image-preview:large","max-video-preview":"max-video-preview:-1"},"canonical":"https:\/\/www.lopezvicu.info\/es\/preinscripcion-y-matricula\/","og_locale":"es_ES","og_type":"article","og_title":"Preinscripci\u00f3n y matr\u00edcula","og_description":"Ent\u00e9rate de los per\u00edodos de preinscripci\u00f3n y matr\u00edcula para cada uno de los estudios de nuestro centro concertado, L\u00f3pez Vicu\u00f1a.","og_url":"https:\/\/www.lopezvicu.info\/es\/preinscripcion-y-matricula\/","og_site_name":"Centre L\u00f3pez Vicu\u00f1a Barcelona","article_publisher":"https:\/\/www.facebook.com\/LopezVicuBCN\/","article_modified_time":"2026-03-31T11:24:49+00:00","og_image":[{"url":"https:\/\/www.lopezvicu.info\/wp-content\/uploads\/2025\/05\/Whatssap.png","type":"","width":"","height":""}],"twitter_card":"summary_large_image","twitter_site":"@lopezvicubcn","twitter_misc":{"Tiempo de lectura":"4 minutos"},"schema":{"@context":"https:\/\/schema.org","@graph":[{"@type":"WebPage","@id":"https:\/\/www.lopezvicu.info\/es\/preinscripcion-y-matricula\/","url":"https:\/\/www.lopezvicu.info\/es\/preinscripcion-y-matricula\/","name":"Preinscripci\u00f3n y matr\u00edcula - Centre L\u00f3pez Vicu\u00f1a Barcelona","isPartOf":{"@id":"https:\/\/www.lopezvicu.info\/es\/#website"},"primaryImageOfPage":{"@id":"https:\/\/www.lopezvicu.info\/es\/preinscripcion-y-matricula\/#primaryimage"},"image":{"@id":"https:\/\/www.lopezvicu.info\/es\/preinscripcion-y-matricula\/#primaryimage"},"thumbnailUrl":"https:\/\/www.lopezvicu.info\/wp-content\/uploads\/2025\/05\/Whatssap.png","datePublished":"2025-02-13T12:06:35+00:00","dateModified":"2026-03-31T11:24:49+00:00","description":"Ent\u00e9rate de los per\u00edodos de preinscripci\u00f3n y matr\u00edcula para cada uno de los estudios de nuestro centro concertado, L\u00f3pez Vicu\u00f1a.","breadcrumb":{"@id":"https:\/\/www.lopezvicu.info\/es\/preinscripcion-y-matricula\/#breadcrumb"},"inLanguage":"es","potentialAction":[{"@type":"ReadAction","target":["https:\/\/www.lopezvicu.info\/es\/preinscripcion-y-matricula\/"]}]},{"@type":"ImageObject","inLanguage":"es","@id":"https:\/\/www.lopezvicu.info\/es\/preinscripcion-y-matricula\/#primaryimage","url":"https:\/\/www.lopezvicu.info\/wp-content\/uploads\/2025\/05\/Whatssap.png","contentUrl":"https:\/\/www.lopezvicu.info\/wp-content\/uploads\/2025\/05\/Whatssap.png"},{"@type":"BreadcrumbList","@id":"https:\/\/www.lopezvicu.info\/es\/preinscripcion-y-matricula\/#breadcrumb","itemListElement":[{"@type":"ListItem","position":1,"name":"Portada","item":"https:\/\/www.lopezvicu.info\/es\/"},{"@type":"ListItem","position":2,"name":"Preinscripci\u00f3n y matr\u00edcula"}]},{"@type":"WebSite","@id":"https:\/\/www.lopezvicu.info\/es\/#website","url":"https:\/\/www.lopezvicu.info\/es\/","name":"L\u00f3pez Vicu\u00f1a","description":"L\u00f3pez Vicu\u00f1a","publisher":{"@id":"https:\/\/www.lopezvicu.info\/es\/#organization"},"potentialAction":[{"@type":"SearchAction","target":{"@type":"EntryPoint","urlTemplate":"https:\/\/www.lopezvicu.info\/es\/?s={search_term_string}"},"query-input":{"@type":"PropertyValueSpecification","valueRequired":true,"valueName":"search_term_string"}}],"inLanguage":"es"},{"@type":"Organization","@id":"https:\/\/www.lopezvicu.info\/es\/#organization","name":"Lopez Vicu\u00f1a","url":"https:\/\/www.lopezvicu.info\/es\/","logo":{"@type":"ImageObject","inLanguage":"es","@id":"https:\/\/www.lopezvicu.info\/es\/#\/schema\/logo\/image\/","url":"https:\/\/www.lopezvicu.info\/wp-content\/uploads\/2022\/01\/logo.png","contentUrl":"https:\/\/www.lopezvicu.info\/wp-content\/uploads\/2022\/01\/logo.png","width":350,"height":70,"caption":"Lopez Vicu\u00f1a"},"image":{"@id":"https:\/\/www.lopezvicu.info\/es\/#\/schema\/logo\/image\/"},"sameAs":["https:\/\/www.facebook.com\/LopezVicuBCN\/","https:\/\/x.com\/lopezvicubcn","https:\/\/www.linkedin.com\/company\/lopezvicubcn\/","https:\/\/www.instagram.com\/lopezvicubcn\/","https:\/\/www.youtube.com\/@lopezvicubarcelona"],"description":"L\u00f3pez Vicu\u00f1a \u00e9s un centre concertat autoritzat pel Departament d'Educaci\u00f3 de la Generalitat de Catalunya amb CODI 08035015, per impartir Batxillerat i Cicles Formatius (Grau Mitj\u00e0 i Grau Superior), obert a tothom i comprom\u00e8s amb la realitat social, cultural i econ\u00f2mica que ens envolta i amb un cost econ\u00f2mic que garanteix l\u2019escolaritzaci\u00f3 post-obligat\u00f2ria de tots els estudiants. Situats a l'Eixample, en ple centre de Barcelona, i amb f\u00e0cil acc\u00e9s en transport p\u00fablic. Metodologies actives, emprenedoria, projectes, aprenentatge - servei, qualitat, multiling\u00fce mobilitat, FP Dual, tenen cabuda en tots els estudis que impartim","email":"direccio@lopezvicu.info","telephone":"934 87 65 94"}]}},"_links":{"self":[{"href":"https:\/\/www.lopezvicu.info\/es\/wp-json\/wp\/v2\/pages\/6655","targetHints":{"allow":["GET"]}}],"collection":[{"href":"https:\/\/www.lopezvicu.info\/es\/wp-json\/wp\/v2\/pages"}],"about":[{"href":"https:\/\/www.lopezvicu.info\/es\/wp-json\/wp\/v2\/types\/page"}],"author":[{"embeddable":true,"href":"https:\/\/www.lopezvicu.info\/es\/wp-json\/wp\/v2\/users\/1"}],"replies":[{"embeddable":true,"href":"https:\/\/www.lopezvicu.info\/es\/wp-json\/wp\/v2\/comments?post=6655"}],"version-history":[{"count":82,"href":"https:\/\/www.lopezvicu.info\/es\/wp-json\/wp\/v2\/pages\/6655\/revisions"}],"predecessor-version":[{"id":29196,"href":"https:\/\/www.lopezvicu.info\/es\/wp-json\/wp\/v2\/pages\/6655\/revisions\/29196"}],"wp:attachment":[{"href":"https:\/\/www.lopezvicu.info\/es\/wp-json\/wp\/v2\/media?parent=6655"}],"curies":[{"name":"wp","href":"https:\/\/api.w.org\/{rel}","templated":true}]}}