{"id":6635,"date":"2022-04-12T09:23:29","date_gmt":"2022-04-12T09:23:29","guid":{"rendered":"https:\/\/www.lopezvicu.info\/?page_id=6635"},"modified":"2022-11-02T10:58:06","modified_gmt":"2022-11-02T10:58:06","slug":"rmi","status":"publish","type":"page","link":"https:\/\/www.lopezvicu.info\/es\/rmi\/","title":{"rendered":"RMI"},"content":{"rendered":"<div class=\"gb-container gb-container-b9b03438\"><div class=\"gb-inside-container\">\n\n<h1 class=\"gb-headline gb-headline-d21b54f2 gb-headline-text\">Religiosas de Mar\u00eda Inmaculada<\/h1>\n\n<\/div><\/div>\n\n<div class=\"gb-container gb-container-9925f006\"><div class=\"gb-inside-container\">\n<div class=\"gb-grid-wrapper gb-grid-wrapper-85077165\">\n<div class=\"gb-grid-column gb-grid-column-8b391961\"><div class=\"gb-container gb-container-8b391961\"><div class=\"gb-inside-container\">\n\n<p>El <strong>centro L\u00f3pez Vicu\u00f1a<\/strong> de Barcelona <strong>pertenece <\/strong>a&nbsp;las <strong>Religiosas&nbsp;de Mar\u00eda Inmaculada (RMI).<\/strong><\/p>\n\n\n\n<p>RMI&nbsp;es una <strong>Congregaci\u00f3n religiosa <\/strong>de la<strong> Iglesia cat\u00f3lica, <\/strong>de derecho pontificio, fundada por Santa Vicenta Mar\u00eda L\u00f3pez Vicu\u00f1a, en Madrid, el 11 de junio de 1876, domingo de la Sant\u00edsima Trinidad. A probada el 13 de&nbsp;enero&nbsp;de 1899, por el Papa Le\u00f3n XIII.<\/p>\n\n\n\n<p>La <strong>misi\u00f3n <\/strong>de las&nbsp;RMI&nbsp;es <strong>evangelizar<\/strong>, <strong>ser testigo <\/strong>de Jesucristo y, <strong>prolongar <\/strong>en el tiempo de forma nueva y propia, la <strong>intuici\u00f3n apost\u00f3lica <\/strong>de <strong>Vicenta Mar\u00eda.<\/strong><\/p>\n\n\n\n<p>Las&nbsp;RMI&nbsp;nacen para responder a las necesidades de las j\u00f3venes que inmigraban del campo a la ciudad en busca de trabajo, y se encontraban sin hogar, sin trabajo, sin medios para subsistir.<\/p>\n\n\n\n<p>Hoy las&nbsp;<strong>RMI&nbsp;<\/strong>siguen <strong>acogiendo <\/strong>a <strong>adolescentes y j\u00f3venes,<\/strong> inmigrantes o no, <strong>en<\/strong> nuestras <strong>Residencias<\/strong>, <strong>Centros Educativos de Formaci\u00f3n Profesional, Centros Sociales, y otras plataformas apost\u00f3licas,<\/strong> <strong>acompa\u00f1\u00e1ndoles <\/strong>en su <strong>proceso <\/strong>personal de <strong>crecimiento <\/strong>en <strong>todos <\/strong>los <strong>\u00e1mbitos <\/strong>para que encuentren su propio camino y su puesto en la sociedad.<\/p>\n\n<\/div><\/div><\/div>\n\n<div class=\"gb-grid-column gb-grid-column-5995d5dc\"><div class=\"gb-container gb-container-5995d5dc\"><div class=\"gb-inside-container\">\n<div class=\"wp-block-image\">\n<figure class=\"aligncenter size-large is-resized\"><img loading=\"lazy\" decoding=\"async\" src=\"https:\/\/www.lopezvicu.info\/wp-content\/uploads\/2022\/04\/fundadora-649x1024.jpg\" alt=\"\" class=\"wp-image-6639\" width=\"262\" height=\"413\" srcset=\"https:\/\/www.lopezvicu.info\/wp-content\/uploads\/2022\/04\/fundadora-649x1024.jpg 649w, https:\/\/www.lopezvicu.info\/wp-content\/uploads\/2022\/04\/fundadora-190x300.jpg 190w, https:\/\/www.lopezvicu.info\/wp-content\/uploads\/2022\/04\/fundadora-768x1212.jpg 768w, https:\/\/www.lopezvicu.info\/wp-content\/uploads\/2022\/04\/fundadora-974x1536.jpg 974w, https:\/\/www.lopezvicu.info\/wp-content\/uploads\/2022\/04\/fundadora-1298x2048.jpg 1298w, https:\/\/www.lopezvicu.info\/wp-content\/uploads\/2022\/04\/fundadora-scaled.jpg 1623w\" sizes=\"auto, (max-width: 262px) 100vw, 262px\" \/><\/figure>\n<\/div>\n<\/div><\/div><\/div>\n<\/div>\n<\/div><\/div>\n\n<div class=\"gb-container gb-container-2574b59b\"><div class=\"gb-inside-container\">\n\n<h2 class=\"gb-headline gb-headline-e68defcf gb-headline-text\">RMI en el mundo<\/h2>\n\n\n<div class=\"wp-block-image\">\n<figure class=\"aligncenter size-full is-resized\"><img loading=\"lazy\" decoding=\"async\" src=\"https:\/\/www.lopezvicu.info\/wp-content\/uploads\/2022\/04\/sello-garantia-calidad-textobl.png\" alt=\"\" class=\"wp-image-6641\" width=\"329\" height=\"328\" srcset=\"https:\/\/www.lopezvicu.info\/wp-content\/uploads\/2022\/04\/sello-garantia-calidad-textobl.png 416w, https:\/\/www.lopezvicu.info\/wp-content\/uploads\/2022\/04\/sello-garantia-calidad-textobl-300x300.png 300w, https:\/\/www.lopezvicu.info\/wp-content\/uploads\/2022\/04\/sello-garantia-calidad-textobl-150x150.png 150w\" sizes=\"auto, (max-width: 329px) 100vw, 329px\" \/><\/figure>\n<\/div>\n\n\n<p>Las RMI llevan el Evangelio a cuatro <strong>continentes: \u00c1frica, Am\u00e9rica, Asia y Europa.<\/strong> Estamos presentes en 21 pa\u00edses con 123 comunidades que abren las puertas a j\u00f3venes del mundo entero para ofrecerles la Buena Noticia del Dios de la Vida en gestos, palabra, acogida, orientaci\u00f3n y servicio.<\/p>\n\n\n<div class=\"wp-block-image\">\n<figure class=\"aligncenter size-medium\"><img loading=\"lazy\" decoding=\"async\" width=\"300\" height=\"203\" src=\"https:\/\/www.lopezvicu.info\/wp-content\/uploads\/2022\/04\/europa-300x203.jpg\" alt=\"\" class=\"wp-image-6643\" srcset=\"https:\/\/www.lopezvicu.info\/wp-content\/uploads\/2022\/04\/europa-300x203.jpg 300w, https:\/\/www.lopezvicu.info\/wp-content\/uploads\/2022\/04\/europa-1024x695.jpg 1024w, https:\/\/www.lopezvicu.info\/wp-content\/uploads\/2022\/04\/europa-768x521.jpg 768w, https:\/\/www.lopezvicu.info\/wp-content\/uploads\/2022\/04\/europa-1536x1042.jpg 1536w, https:\/\/www.lopezvicu.info\/wp-content\/uploads\/2022\/04\/europa.jpg 1915w\" sizes=\"auto, (max-width: 300px) 100vw, 300px\" \/><\/figure>\n<\/div>\n\n<div class=\"wp-block-image\">\n<figure class=\"aligncenter size-medium\"><img loading=\"lazy\" decoding=\"async\" width=\"300\" height=\"281\" src=\"https:\/\/www.lopezvicu.info\/wp-content\/uploads\/2022\/04\/espana-300x281.jpg\" alt=\"\" class=\"wp-image-6645\" srcset=\"https:\/\/www.lopezvicu.info\/wp-content\/uploads\/2022\/04\/espana-300x281.jpg 300w, https:\/\/www.lopezvicu.info\/wp-content\/uploads\/2022\/04\/espana-1024x960.jpg 1024w, https:\/\/www.lopezvicu.info\/wp-content\/uploads\/2022\/04\/espana-768x720.jpg 768w, https:\/\/www.lopezvicu.info\/wp-content\/uploads\/2022\/04\/espana.jpg 1253w\" sizes=\"auto, (max-width: 300px) 100vw, 300px\" \/><\/figure>\n<\/div>\n\n\n<h2 class=\"gb-headline gb-headline-2568ae76 gb-headline-text\">La vida de Santa Vicenta Mar\u00eda L\u00f3pez Vicu\u00f1a<\/h2>\n\n\n\n<p>Vicenta Maria L\u00f3pez y Vicu\u00f1a, nace en&nbsp;Cascante&nbsp;el 22 de marzo de 1947, en el seno de una familia acomodada, pero ya desde peque\u00f1a sent\u00eda una gran sensibilidad por los problemas que afectaban a todos los que le rodeaban.<\/p>\n\n\n\n<p>Cuando cumpli\u00f3 10&nbsp;a\u00f1os,&nbsp;sus padres la enviaron a Madrid, a casa de su t\u00eda, para que recibiera una educaci\u00f3n m\u00e1s completa.<\/p>\n\n\n\n<p>Lleg\u00f3 all\u00ed en una \u00e9poca en la que las diferencias sociales eran muy marcadas y hab\u00eda mucha emigraci\u00f3n de j\u00f3venes desde los pueblos, a las grandes ciudades para buscar trabajo.<\/p>\n\n\n<div class=\"wp-block-image\">\n<figure class=\"aligncenter size-large\"><img loading=\"lazy\" decoding=\"async\" width=\"1024\" height=\"295\" src=\"https:\/\/www.lopezvicu.info\/wp-content\/uploads\/2022\/04\/image-1024x295.png\" alt=\"\" class=\"wp-image-6636\" srcset=\"https:\/\/www.lopezvicu.info\/wp-content\/uploads\/2022\/04\/image-1024x295.png 1024w, https:\/\/www.lopezvicu.info\/wp-content\/uploads\/2022\/04\/image-300x86.png 300w, https:\/\/www.lopezvicu.info\/wp-content\/uploads\/2022\/04\/image-768x221.png 768w, https:\/\/www.lopezvicu.info\/wp-content\/uploads\/2022\/04\/image.png 1256w\" sizes=\"auto, (max-width: 1024px) 100vw, 1024px\" \/><\/figure>\n<\/div>\n\n\n<p>A los pocos a\u00f1os de estar en Madrid, Vicenta Mar\u00eda, que era una chica optimista, con mucha personalidad, din\u00e1mica y alegre, empez\u00f3 a interesarse por la labor social que desarrollaban sus t\u00edos a favor de las j\u00f3venes que llegaban en Madrid sin ning\u00fan tipo de apoyo.<\/p>\n\n\n\n<p>Poco a poco va conociendo la dura realidad de muchas j\u00f3venes explotadas, mal pagadas y sin posibilidades de acceder a la educaci\u00f3n m\u00e1s b\u00e1sica y empieza a sentirse inclinada a dar respuesta a estas situaciones de marginaci\u00f3n.<\/p>\n\n\n\n<p>A los 21 a\u00f1os decide dedicarse completamente al servicio de las j\u00f3venes desamparadas y el 11 de junio de 1876 funda la congregaci\u00f3n de las Religiosas de Mar\u00eda Inmaculada con la misi\u00f3n de servir, formar y proteger a las j\u00f3venes necesitadas y ofrecerles un hogar.<\/p>\n\n\n\n<p>Su principal preocupaci\u00f3n siempre fue la formaci\u00f3n integral de las j\u00f3venes, que incluye la formaci\u00f3n humana, cristiana y&nbsp;profesional,&nbsp;que debe permitirles integrarse plenamente en la realidad a la que deben enfrentarse.<\/p>\n\n\n\n<p>A sus 43 a\u00f1os, el 26 de diciembre de 1890, muere Vicenta Mar\u00eda, Entonces ya hab\u00eda fundado las casas de Madrid, Zaragoza, Sevilla, Barcelona y Burgos.<\/p>\n\n\n<div class=\"wp-block-image\">\n<figure class=\"aligncenter size-large\"><img loading=\"lazy\" decoding=\"async\" width=\"746\" height=\"1024\" src=\"https:\/\/www.lopezvicu.info\/wp-content\/uploads\/2022\/04\/breve-historia-746x1024.jpg\" alt=\"\" class=\"wp-image-6648\" srcset=\"https:\/\/www.lopezvicu.info\/wp-content\/uploads\/2022\/04\/breve-historia-746x1024.jpg 746w, https:\/\/www.lopezvicu.info\/wp-content\/uploads\/2022\/04\/breve-historia-219x300.jpg 219w, https:\/\/www.lopezvicu.info\/wp-content\/uploads\/2022\/04\/breve-historia-768x1054.jpg 768w, https:\/\/www.lopezvicu.info\/wp-content\/uploads\/2022\/04\/breve-historia.jpg 1101w\" sizes=\"auto, (max-width: 746px) 100vw, 746px\" \/><\/figure>\n<\/div>\n<\/div><\/div>","protected":false},"excerpt":{"rendered":"<p>Religiosas de Mar\u00eda Inmaculada RMI en el mundo Las RMI llevan el Evangelio a cuatro continentes: \u00c1frica, Am\u00e9rica, Asia y Europa. Estamos presentes en 21 &#8230; <\/p>\n<p class=\"read-more-container\"><a title=\"RMI\" class=\"read-more button\" href=\"https:\/\/www.lopezvicu.info\/es\/rmi\/#more-6635\" aria-label=\"Leer m\u00e1s sobre RMI\">Leer m\u00e1s<\/a><\/p>\n","protected":false},"author":1,"featured_media":0,"parent":0,"menu_order":0,"comment_status":"closed","ping_status":"closed","template":"","meta":{"footnotes":""},"class_list":["post-6635","page","type-page","status-publish"],"yoast_head":"<!-- This site is optimized with the Yoast SEO Premium plugin v26.0 (Yoast SEO v27.6) - https:\/\/yoast.com\/product\/yoast-seo-premium-wordpress\/ -->\n<title>RMI: Religiosas Mar\u00eda Inmaculada - Centre L\u00f3pez Vicu\u00f1a Barcelona<\/title>\n<meta name=\"description\" content=\"El centro L\u00f3pez Vicu\u00f1a de Barcelona, pertenece a\u00a0las Religiosas\u00a0de Mar\u00eda Inmaculada (RMI), \u00a1conoce todo sobre nuestra educaci\u00f3n!\" \/>\n<meta name=\"robots\" content=\"index, follow, max-snippet:-1, max-image-preview:large, max-video-preview:-1\" \/>\n<link rel=\"canonical\" href=\"https:\/\/www.lopezvicu.info\/es\/rmi\/\" \/>\n<meta property=\"og:locale\" content=\"es_ES\" \/>\n<meta property=\"og:type\" content=\"article\" \/>\n<meta property=\"og:title\" content=\"RMI\" \/>\n<meta property=\"og:description\" content=\"El centro L\u00f3pez Vicu\u00f1a de Barcelona, pertenece a\u00a0las Religiosas\u00a0de Mar\u00eda Inmaculada (RMI), \u00a1conoce todo sobre nuestra educaci\u00f3n!\" \/>\n<meta property=\"og:url\" content=\"https:\/\/www.lopezvicu.info\/es\/rmi\/\" \/>\n<meta property=\"og:site_name\" content=\"Centre L\u00f3pez Vicu\u00f1a Barcelona\" \/>\n<meta property=\"article:publisher\" content=\"https:\/\/www.facebook.com\/LopezVicuBCN\/\" \/>\n<meta property=\"article:modified_time\" content=\"2022-11-02T10:58:06+00:00\" \/>\n<meta property=\"og:image\" content=\"https:\/\/www.lopezvicu.info\/wp-content\/uploads\/2022\/04\/fundadora-649x1024.jpg\" \/>\n<meta name=\"twitter:card\" content=\"summary_large_image\" \/>\n<meta name=\"twitter:site\" content=\"@lopezvicubcn\" \/>\n<meta name=\"twitter:label1\" content=\"Tiempo de lectura\" \/>\n\t<meta name=\"twitter:data1\" content=\"4 minutos\" \/>\n<script type=\"application\/ld+json\" class=\"yoast-schema-graph\">{\"@context\":\"https:\\\/\\\/schema.org\",\"@graph\":[{\"@type\":\"WebPage\",\"@id\":\"https:\\\/\\\/www.lopezvicu.info\\\/es\\\/rmi\\\/\",\"url\":\"https:\\\/\\\/www.lopezvicu.info\\\/es\\\/rmi\\\/\",\"name\":\"RMI: Religiosas Mar\u00eda Inmaculada - Centre L\u00f3pez Vicu\u00f1a Barcelona\",\"isPartOf\":{\"@id\":\"https:\\\/\\\/www.lopezvicu.info\\\/es\\\/#website\"},\"primaryImageOfPage\":{\"@id\":\"https:\\\/\\\/www.lopezvicu.info\\\/es\\\/rmi\\\/#primaryimage\"},\"image\":{\"@id\":\"https:\\\/\\\/www.lopezvicu.info\\\/es\\\/rmi\\\/#primaryimage\"},\"thumbnailUrl\":\"https:\\\/\\\/www.lopezvicu.info\\\/wp-content\\\/uploads\\\/2022\\\/04\\\/fundadora-649x1024.jpg\",\"datePublished\":\"2022-04-12T09:23:29+00:00\",\"dateModified\":\"2022-11-02T10:58:06+00:00\",\"description\":\"El centro L\u00f3pez Vicu\u00f1a de Barcelona, pertenece a\u00a0las Religiosas\u00a0de Mar\u00eda Inmaculada (RMI), \u00a1conoce todo sobre nuestra educaci\u00f3n!\",\"breadcrumb\":{\"@id\":\"https:\\\/\\\/www.lopezvicu.info\\\/es\\\/rmi\\\/#breadcrumb\"},\"inLanguage\":\"es\",\"potentialAction\":[{\"@type\":\"ReadAction\",\"target\":[\"https:\\\/\\\/www.lopezvicu.info\\\/es\\\/rmi\\\/\"]}]},{\"@type\":\"ImageObject\",\"inLanguage\":\"es\",\"@id\":\"https:\\\/\\\/www.lopezvicu.info\\\/es\\\/rmi\\\/#primaryimage\",\"url\":\"https:\\\/\\\/www.lopezvicu.info\\\/wp-content\\\/uploads\\\/2022\\\/04\\\/fundadora-649x1024.jpg\",\"contentUrl\":\"https:\\\/\\\/www.lopezvicu.info\\\/wp-content\\\/uploads\\\/2022\\\/04\\\/fundadora-649x1024.jpg\"},{\"@type\":\"BreadcrumbList\",\"@id\":\"https:\\\/\\\/www.lopezvicu.info\\\/es\\\/rmi\\\/#breadcrumb\",\"itemListElement\":[{\"@type\":\"ListItem\",\"position\":1,\"name\":\"Portada\",\"item\":\"https:\\\/\\\/www.lopezvicu.info\\\/es\\\/\"},{\"@type\":\"ListItem\",\"position\":2,\"name\":\"RMI\"}]},{\"@type\":\"WebSite\",\"@id\":\"https:\\\/\\\/www.lopezvicu.info\\\/es\\\/#website\",\"url\":\"https:\\\/\\\/www.lopezvicu.info\\\/es\\\/\",\"name\":\"L\u00f3pez Vicu\u00f1a\",\"description\":\"L\u00f3pez Vicu\u00f1a\",\"publisher\":{\"@id\":\"https:\\\/\\\/www.lopezvicu.info\\\/es\\\/#organization\"},\"potentialAction\":[{\"@type\":\"SearchAction\",\"target\":{\"@type\":\"EntryPoint\",\"urlTemplate\":\"https:\\\/\\\/www.lopezvicu.info\\\/es\\\/?s={search_term_string}\"},\"query-input\":{\"@type\":\"PropertyValueSpecification\",\"valueRequired\":true,\"valueName\":\"search_term_string\"}}],\"inLanguage\":\"es\"},{\"@type\":\"Organization\",\"@id\":\"https:\\\/\\\/www.lopezvicu.info\\\/es\\\/#organization\",\"name\":\"Lopez Vicu\u00f1a\",\"url\":\"https:\\\/\\\/www.lopezvicu.info\\\/es\\\/\",\"logo\":{\"@type\":\"ImageObject\",\"inLanguage\":\"es\",\"@id\":\"https:\\\/\\\/www.lopezvicu.info\\\/es\\\/#\\\/schema\\\/logo\\\/image\\\/\",\"url\":\"https:\\\/\\\/www.lopezvicu.info\\\/wp-content\\\/uploads\\\/2022\\\/01\\\/logo.png\",\"contentUrl\":\"https:\\\/\\\/www.lopezvicu.info\\\/wp-content\\\/uploads\\\/2022\\\/01\\\/logo.png\",\"width\":350,\"height\":70,\"caption\":\"Lopez Vicu\u00f1a\"},\"image\":{\"@id\":\"https:\\\/\\\/www.lopezvicu.info\\\/es\\\/#\\\/schema\\\/logo\\\/image\\\/\"},\"sameAs\":[\"https:\\\/\\\/www.facebook.com\\\/LopezVicuBCN\\\/\",\"https:\\\/\\\/x.com\\\/lopezvicubcn\",\"https:\\\/\\\/www.linkedin.com\\\/company\\\/lopezvicubcn\\\/\",\"https:\\\/\\\/www.instagram.com\\\/lopezvicubcn\\\/\",\"https:\\\/\\\/www.youtube.com\\\/@lopezvicubarcelona\"],\"description\":\"L\u00f3pez Vicu\u00f1a \u00e9s un centre concertat autoritzat pel Departament d'Educaci\u00f3 de la Generalitat de Catalunya amb CODI 08035015, per impartir Batxillerat i Cicles Formatius (Grau Mitj\u00e0 i Grau Superior), obert a tothom i comprom\u00e8s amb la realitat social, cultural i econ\u00f2mica que ens envolta i amb un cost econ\u00f2mic que garanteix l\u2019escolaritzaci\u00f3 post-obligat\u00f2ria de tots els estudiants. Situats a l'Eixample, en ple centre de Barcelona, i amb f\u00e0cil acc\u00e9s en transport p\u00fablic. Metodologies actives, emprenedoria, projectes, aprenentatge - servei, qualitat, multiling\u00fce mobilitat, FP Dual, tenen cabuda en tots els estudis que impartim\",\"email\":\"direccio@lopezvicu.info\",\"telephone\":\"934 87 65 94\"}]}<\/script>\n<!-- \/ Yoast SEO Premium plugin. -->","yoast_head_json":{"title":"RMI: Religiosas Mar\u00eda Inmaculada - Centre L\u00f3pez Vicu\u00f1a Barcelona","description":"El centro L\u00f3pez Vicu\u00f1a de Barcelona, pertenece a\u00a0las Religiosas\u00a0de Mar\u00eda Inmaculada (RMI), \u00a1conoce todo sobre nuestra educaci\u00f3n!","robots":{"index":"index","follow":"follow","max-snippet":"max-snippet:-1","max-image-preview":"max-image-preview:large","max-video-preview":"max-video-preview:-1"},"canonical":"https:\/\/www.lopezvicu.info\/es\/rmi\/","og_locale":"es_ES","og_type":"article","og_title":"RMI","og_description":"El centro L\u00f3pez Vicu\u00f1a de Barcelona, pertenece a\u00a0las Religiosas\u00a0de Mar\u00eda Inmaculada (RMI), \u00a1conoce todo sobre nuestra educaci\u00f3n!","og_url":"https:\/\/www.lopezvicu.info\/es\/rmi\/","og_site_name":"Centre L\u00f3pez Vicu\u00f1a Barcelona","article_publisher":"https:\/\/www.facebook.com\/LopezVicuBCN\/","article_modified_time":"2022-11-02T10:58:06+00:00","og_image":[{"url":"https:\/\/www.lopezvicu.info\/wp-content\/uploads\/2022\/04\/fundadora-649x1024.jpg","type":"","width":"","height":""}],"twitter_card":"summary_large_image","twitter_site":"@lopezvicubcn","twitter_misc":{"Tiempo de lectura":"4 minutos"},"schema":{"@context":"https:\/\/schema.org","@graph":[{"@type":"WebPage","@id":"https:\/\/www.lopezvicu.info\/es\/rmi\/","url":"https:\/\/www.lopezvicu.info\/es\/rmi\/","name":"RMI: Religiosas Mar\u00eda Inmaculada - Centre L\u00f3pez Vicu\u00f1a Barcelona","isPartOf":{"@id":"https:\/\/www.lopezvicu.info\/es\/#website"},"primaryImageOfPage":{"@id":"https:\/\/www.lopezvicu.info\/es\/rmi\/#primaryimage"},"image":{"@id":"https:\/\/www.lopezvicu.info\/es\/rmi\/#primaryimage"},"thumbnailUrl":"https:\/\/www.lopezvicu.info\/wp-content\/uploads\/2022\/04\/fundadora-649x1024.jpg","datePublished":"2022-04-12T09:23:29+00:00","dateModified":"2022-11-02T10:58:06+00:00","description":"El centro L\u00f3pez Vicu\u00f1a de Barcelona, pertenece a\u00a0las Religiosas\u00a0de Mar\u00eda Inmaculada (RMI), \u00a1conoce todo sobre nuestra educaci\u00f3n!","breadcrumb":{"@id":"https:\/\/www.lopezvicu.info\/es\/rmi\/#breadcrumb"},"inLanguage":"es","potentialAction":[{"@type":"ReadAction","target":["https:\/\/www.lopezvicu.info\/es\/rmi\/"]}]},{"@type":"ImageObject","inLanguage":"es","@id":"https:\/\/www.lopezvicu.info\/es\/rmi\/#primaryimage","url":"https:\/\/www.lopezvicu.info\/wp-content\/uploads\/2022\/04\/fundadora-649x1024.jpg","contentUrl":"https:\/\/www.lopezvicu.info\/wp-content\/uploads\/2022\/04\/fundadora-649x1024.jpg"},{"@type":"BreadcrumbList","@id":"https:\/\/www.lopezvicu.info\/es\/rmi\/#breadcrumb","itemListElement":[{"@type":"ListItem","position":1,"name":"Portada","item":"https:\/\/www.lopezvicu.info\/es\/"},{"@type":"ListItem","position":2,"name":"RMI"}]},{"@type":"WebSite","@id":"https:\/\/www.lopezvicu.info\/es\/#website","url":"https:\/\/www.lopezvicu.info\/es\/","name":"L\u00f3pez Vicu\u00f1a","description":"L\u00f3pez Vicu\u00f1a","publisher":{"@id":"https:\/\/www.lopezvicu.info\/es\/#organization"},"potentialAction":[{"@type":"SearchAction","target":{"@type":"EntryPoint","urlTemplate":"https:\/\/www.lopezvicu.info\/es\/?s={search_term_string}"},"query-input":{"@type":"PropertyValueSpecification","valueRequired":true,"valueName":"search_term_string"}}],"inLanguage":"es"},{"@type":"Organization","@id":"https:\/\/www.lopezvicu.info\/es\/#organization","name":"Lopez Vicu\u00f1a","url":"https:\/\/www.lopezvicu.info\/es\/","logo":{"@type":"ImageObject","inLanguage":"es","@id":"https:\/\/www.lopezvicu.info\/es\/#\/schema\/logo\/image\/","url":"https:\/\/www.lopezvicu.info\/wp-content\/uploads\/2022\/01\/logo.png","contentUrl":"https:\/\/www.lopezvicu.info\/wp-content\/uploads\/2022\/01\/logo.png","width":350,"height":70,"caption":"Lopez Vicu\u00f1a"},"image":{"@id":"https:\/\/www.lopezvicu.info\/es\/#\/schema\/logo\/image\/"},"sameAs":["https:\/\/www.facebook.com\/LopezVicuBCN\/","https:\/\/x.com\/lopezvicubcn","https:\/\/www.linkedin.com\/company\/lopezvicubcn\/","https:\/\/www.instagram.com\/lopezvicubcn\/","https:\/\/www.youtube.com\/@lopezvicubarcelona"],"description":"L\u00f3pez Vicu\u00f1a \u00e9s un centre concertat autoritzat pel Departament d'Educaci\u00f3 de la Generalitat de Catalunya amb CODI 08035015, per impartir Batxillerat i Cicles Formatius (Grau Mitj\u00e0 i Grau Superior), obert a tothom i comprom\u00e8s amb la realitat social, cultural i econ\u00f2mica que ens envolta i amb un cost econ\u00f2mic que garanteix l\u2019escolaritzaci\u00f3 post-obligat\u00f2ria de tots els estudiants. Situats a l'Eixample, en ple centre de Barcelona, i amb f\u00e0cil acc\u00e9s en transport p\u00fablic. Metodologies actives, emprenedoria, projectes, aprenentatge - servei, qualitat, multiling\u00fce mobilitat, FP Dual, tenen cabuda en tots els estudis que impartim","email":"direccio@lopezvicu.info","telephone":"934 87 65 94"}]}},"_links":{"self":[{"href":"https:\/\/www.lopezvicu.info\/es\/wp-json\/wp\/v2\/pages\/6635","targetHints":{"allow":["GET"]}}],"collection":[{"href":"https:\/\/www.lopezvicu.info\/es\/wp-json\/wp\/v2\/pages"}],"about":[{"href":"https:\/\/www.lopezvicu.info\/es\/wp-json\/wp\/v2\/types\/page"}],"author":[{"embeddable":true,"href":"https:\/\/www.lopezvicu.info\/es\/wp-json\/wp\/v2\/users\/1"}],"replies":[{"embeddable":true,"href":"https:\/\/www.lopezvicu.info\/es\/wp-json\/wp\/v2\/comments?post=6635"}],"version-history":[{"count":8,"href":"https:\/\/www.lopezvicu.info\/es\/wp-json\/wp\/v2\/pages\/6635\/revisions"}],"predecessor-version":[{"id":15853,"href":"https:\/\/www.lopezvicu.info\/es\/wp-json\/wp\/v2\/pages\/6635\/revisions\/15853"}],"wp:attachment":[{"href":"https:\/\/www.lopezvicu.info\/es\/wp-json\/wp\/v2\/media?parent=6635"}],"curies":[{"name":"wp","href":"https:\/\/api.w.org\/{rel}","templated":true}]}}