{"id":6633,"date":"2022-04-12T09:25:27","date_gmt":"2022-04-12T09:25:27","guid":{"rendered":"https:\/\/www.lopezvicu.info\/?page_id=6633"},"modified":"2025-03-18T15:28:46","modified_gmt":"2025-03-18T15:28:46","slug":"informacion-pau-pap","status":"publish","type":"page","link":"https:\/\/www.lopezvicu.info\/es\/informacion-pau-pap\/","title":{"rendered":"PAU y PAP 2025"},"content":{"rendered":"<div class=\"gb-container gb-container-7ae07e80\"><div class=\"gb-inside-container\">\n\n<h1 class=\"gb-headline gb-headline-e16af2ad gb-headline-text\">Informaci\u00f3n PAU y PAP 2025<\/h1>\n\n\n\n<h2 class=\"gb-headline gb-headline-49537df3 gb-headline-text\">Informaci\u00f3n PAU 2025<\/h2>\n\n\n\n<p><strong>Cada a\u00f1o<\/strong> hay <strong>dos convocatoria<\/strong>s de la PAU: una <strong>ordinaria <\/strong>(en junio) y una <strong>extraordinaria <\/strong>(en septiembre). <\/p>\n\n\n\n<p>A continuaci\u00f3n encontrar\u00e9is el calendario de los tr\u00e1mites y las fechas de las pruebas de las PAU 2025.<\/p>\n\n\n\n<h3 class=\"wp-block-heading\" id=\"h-aspectos-a-tener-en-cuenta-son\">Aspectos a tener en cuenta son:<\/h3>\n\n\n\n<ul class=\"wp-block-list\">\n<li> Alumnos de <strong>bachillerato<\/strong>:\n<ul class=\"wp-block-list\">\n<li>Hacer prematr\u00edcula (del 14 al 26 de febrero) y matr\u00edcula (15 al 27 de mayo)<\/li>\n<\/ul>\n<\/li>\n\n\n\n<li>Alumnos de&nbsp;<strong>CFG&nbsp;Superior<\/strong>:\n<ul class=\"wp-block-list\">\n<li>Hacer matr\u00edcula (15 al 27 de mayo)<\/li>\n<\/ul>\n<\/li>\n\n\n\n<li>Todos los tr\u00e1mites se hacen a trav\u00e9s del portal&nbsp;accesnet&nbsp;en los plazos establecidos:<\/li>\n\n\n\n<li>Hay estudios de grado que requieren superar una prueba de aptitud personal (PAP). Para hacerla, hay que formalizar la preinscripci\u00f3n universitaria y, despu\u00e9s, la matr\u00edcula de la prueba&nbsp;PAP&nbsp;a&nbsp;accesnet. Los estudios de grado con&nbsp;PAP&nbsp;son:\n<ul class=\"wp-block-list\">\n<li>Educaci\u00f3n infantil y primaria de las universidades p\u00fablicas y privadas de Catalu\u00f1a.<\/li>\n\n\n\n<li>Ciencias de la actividad f\u00edsica y del deporte (CAFE).<\/li>\n\n\n\n<li>Cine y medios audiovisuales de la UB.<\/li>\n\n\n\n<li>Traducci\u00f3n e interpretaci\u00f3n de ingl\u00e9s<\/li>\n<\/ul>\n<\/li>\n<\/ul>\n\n\n\n<h3 class=\"gb-headline gb-headline-e6de2437 gb-headline-text\">Convocatoria ordinaria: PAU &#8211; junio 2025<\/h3>\n\n\n\n<figure class=\"wp-block-table\"><table class=\"has-fixed-layout\"><tbody><tr><td><strong>TR\u00c1MITE<\/strong><\/td><td><strong>PLAZO<\/strong><\/td><\/tr><tr><td><strong>Prematr\u00edcula en las pruebas<\/strong> <strong><em>(s\u00f3lo alumnos que cursan 2\u00ba. de bachillerato)<\/em><\/strong><\/td><td>del 14 al 23 de febrero<\/td><\/tr><tr><td><strong>Matr\u00edcula libre<\/strong> <strong><em>(resto de alumnos)<\/em><\/strong><\/td><td>del 5  al 13 de mayo<\/td><\/tr><tr><td><strong>Matr\u00edcula para alumnos de 2\u00ba de bachillerato y CFGS<\/strong><\/td><td>del 15 al 27 de mayo<\/td><\/tr><tr><td><strong>Consulta tribunal y lugar de examen <\/strong><\/td><td>Finales de mayo<\/td><\/tr><tr><td><strong>PRUEBAS<\/strong><\/td><td>11, 12 y 13 de junio<\/td><\/tr><tr><td><strong>Resultados de las pruebas<\/strong><\/td><td>Finales de junio<\/td><\/tr><\/tbody><\/table><\/figure>\n\n\n\n<p><\/p>\n\n\n\n<h3 class=\"gb-headline gb-headline-2726bd65 gb-headline-text\">Convocatoria extraordinaria: PAU &#8211; septiembre 2025<\/h3>\n\n\n\n<figure class=\"wp-block-table\"><table class=\"has-fixed-layout\"><tbody><tr><td><strong>TR\u00c1MITE<\/strong><\/td><td>&nbsp;<strong>PLAZO<\/strong><\/td><\/tr><tr><td><strong>Matr\u00edcula a las pruebas&nbsp;<\/strong><em>(para todos los alumnos)<\/em><\/td><td>del 22 al 24 de julio<\/td><\/tr><tr><td><strong>Consulta tribunal y lugar de examen<\/strong><\/td><td>finales de agosto<\/td><\/tr><tr><td><strong>PRUEBAS<\/strong><\/td><td>3, 4 y 5 de septiembre<\/td><\/tr><tr><td><strong>Resultados de las pruebas<\/strong><\/td><td>mediados de septiembre<\/td><\/tr><\/tbody><\/table><\/figure>\n\n\n\n<h2 class=\"gb-headline gb-headline-45e62a50 gb-headline-text\">Informaci\u00f3n PAP 2025<\/h2>\n\n\n\n<p>Existen <strong>estudios de grado<\/strong> que <strong>requieren superar <\/strong>una <strong>prueba de aptitud personal (PAP). <\/strong>Para ello, es necesario formalizar la preinscripci\u00f3n universitaria y, despu\u00e9s, la matr\u00edcula de la prueba PAP en Accesnet.<\/p>\n\n\n\n<h3 class=\"gb-headline gb-headline-cb7bdd09 gb-headline-text\">Los estudios de grado son:<\/h3>\n\n\n\n<ul class=\"wp-block-list\">\n<li><strong>Educaci\u00f3n infantil y primaria<\/strong> de las universidades p\u00fablicas y privadas de Catalu\u00f1a.<\/li>\n\n\n\n<li><strong>Ciencias de la actividad f\u00edsica y del deporte<\/strong> \u2013 UB, UPF, UdL y UVic \u2013 UCC.<\/li>\n\n\n\n<li><strong>Cinematograf\u00eda<\/strong> UB.<\/li>\n\n\n\n<li><strong>Estudios de Espa\u00f1ol y Chino<\/strong> \u2013 UAB.<\/li>\n\n\n\n<li><strong>Traducci\u00f3n e interpretaci\u00f3n de ingl\u00e9s<\/strong> \u2013 UAB y UPF.<\/li>\n\n\n\n<li><strong>Traducci\u00f3n e interpretaci\u00f3n y Lenguas Aplicadas<\/strong> (simultaneidad) \u2013 UPF.<\/li>\n\n\n\n<li><strong>Piloto de Aviaci\u00f3n Comercial y Operaciones A\u00e9reas <\/strong>&#8211; URV.<\/li>\n\n\n\n<li><strong>Producci\u00f3n de M\u00fasica y Sonido para la Industria del Entretenimiento<\/strong> &#8211; UB.<\/li>\n<\/ul>\n\n\n\n<h3 class=\"gb-headline gb-headline-f522e887 gb-headline-text\">Convocatoria ordinaria: PAP 2025<\/h3>\n\n\n\n<figure class=\"wp-block-table\"><table class=\"has-fixed-layout\"><tbody><tr><td><strong>Tr\u00e1mite<\/strong><\/td><td><strong>Plazo<\/strong><\/td><\/tr><tr><td><strong>Matr\u00edcula en las pruebas<\/strong><\/td><td>Del 14 al 26 de febrero<\/td><\/tr><tr><td><strong>PRUEBA convocatoria ordinaria<\/strong><\/td><td>5 de abril<\/td><\/tr><tr><td><strong>Resultados de las pruebas<\/strong><\/td><td>principios de mayo<\/td><\/tr><\/tbody><\/table><\/figure>\n\n\n\n<h3 class=\"gb-headline gb-headline-9ae9561f gb-headline-text\">Convocatoria extraordinaria: PAP 2025<\/h3>\n\n\n\n<figure class=\"wp-block-table\"><table class=\"has-fixed-layout\"><tbody><tr><td><strong>Tr\u00e1mite<\/strong><\/td><td><strong>Plazo<\/strong><\/td><\/tr><tr><td><strong>Matr\u00edcula en las pruebas<\/strong><\/td><td>Del 12 al 20 de junio<\/td><\/tr><tr><td><strong>PRUEBA convocatoria extraordinaria<\/strong><\/td><td>16 de julio<\/td><\/tr><tr><td><strong>Resultados de las pruebas<\/strong><\/td><td>finales de julio<\/td><\/tr><\/tbody><\/table><\/figure>\n\n\n<div class=\"gb-button-wrapper gb-button-wrapper-e07ef028\">\n\n<a class=\"gb-button gb-button-b39357c2 gb-button-text\" href=\"https:\/\/www.lopezvicu.info\/wp-content\/uploads\/2025\/03\/2025-PAU_informacio-alumnes.pdf\" target=\"_blank\" rel=\"noopener noreferrer\">Descargar informaci\u00f3n PAU y PAP<\/a>\n\n<\/div>\n\n\n<p>Si necesitas m\u00e1s informaci\u00f3n, puedes acceder a la web de canal universitario <a href=\"https:\/\/universitats.gencat.cat\/es\/proves-acces-PAU-PAP\/index.html\">GENCAT<\/a>.<\/p>\n\n<\/div><\/div>\n\n\n<p><\/p>\n","protected":false},"excerpt":{"rendered":"<p>Informaci\u00f3n PAU y PAP 2025 Informaci\u00f3n PAU 2025 Cada a\u00f1o hay dos convocatorias de la PAU: una ordinaria (en junio) y una extraordinaria (en septiembre). &#8230; <\/p>\n<p class=\"read-more-container\"><a title=\"PAU y PAP 2025\" class=\"read-more button\" href=\"https:\/\/www.lopezvicu.info\/es\/informacion-pau-pap\/#more-6633\" aria-label=\"Leer m\u00e1s sobre PAU y PAP 2025\">Leer m\u00e1s<\/a><\/p>\n","protected":false},"author":1,"featured_media":0,"parent":0,"menu_order":0,"comment_status":"closed","ping_status":"closed","template":"","meta":{"footnotes":""},"class_list":["post-6633","page","type-page","status-publish"],"yoast_head":"<!-- This site is optimized with the Yoast SEO Premium plugin v26.0 (Yoast SEO v27.4) - https:\/\/yoast.com\/product\/yoast-seo-premium-wordpress\/ -->\n<title>Informaci\u00f3n de PAU y PAP - Centre L\u00f3pez Vicu\u00f1a Barcelona<\/title>\n<meta name=\"description\" content=\"\u00bfCu\u00e1ndo son las PAU y PAP? Ent\u00e9rate de qu\u00e9 son, su calendario de tr\u00e1mites y toda la informaci\u00f3n que necesitas.\" \/>\n<meta name=\"robots\" content=\"index, follow, max-snippet:-1, max-image-preview:large, max-video-preview:-1\" \/>\n<link rel=\"canonical\" href=\"https:\/\/www.lopezvicu.info\/es\/informacion-pau-pap\/\" \/>\n<meta property=\"og:locale\" content=\"es_ES\" \/>\n<meta property=\"og:type\" content=\"article\" \/>\n<meta property=\"og:title\" content=\"PAU y PAP 2025\" \/>\n<meta property=\"og:description\" content=\"\u00bfCu\u00e1ndo son las PAU y PAP? Ent\u00e9rate de qu\u00e9 son, su calendario de tr\u00e1mites y toda la informaci\u00f3n que necesitas.\" \/>\n<meta property=\"og:url\" content=\"https:\/\/www.lopezvicu.info\/es\/informacion-pau-pap\/\" \/>\n<meta property=\"og:site_name\" content=\"Centre L\u00f3pez Vicu\u00f1a Barcelona\" \/>\n<meta property=\"article:publisher\" content=\"https:\/\/www.facebook.com\/LopezVicuBCN\/\" \/>\n<meta property=\"article:modified_time\" content=\"2025-03-18T15:28:46+00:00\" \/>\n<meta property=\"og:image\" content=\"https:\/\/www.lopezvicu.info\/wp-content\/uploads\/2022\/05\/cropped-lovi-transp-logo.jpeg\" \/>\n\t<meta property=\"og:image:width\" content=\"1589\" \/>\n\t<meta property=\"og:image:height\" content=\"1600\" \/>\n\t<meta property=\"og:image:type\" content=\"image\/jpeg\" \/>\n<meta name=\"twitter:card\" content=\"summary_large_image\" \/>\n<meta name=\"twitter:site\" content=\"@lopezvicubcn\" \/>\n<meta name=\"twitter:label1\" content=\"Tiempo de lectura\" \/>\n\t<meta name=\"twitter:data1\" content=\"3 minutos\" \/>\n<script type=\"application\/ld+json\" class=\"yoast-schema-graph\">{\"@context\":\"https:\\\/\\\/schema.org\",\"@graph\":[{\"@type\":\"WebPage\",\"@id\":\"https:\\\/\\\/www.lopezvicu.info\\\/es\\\/informacion-pau-pap\\\/\",\"url\":\"https:\\\/\\\/www.lopezvicu.info\\\/es\\\/informacion-pau-pap\\\/\",\"name\":\"Informaci\u00f3n de PAU y PAP - Centre L\u00f3pez Vicu\u00f1a Barcelona\",\"isPartOf\":{\"@id\":\"https:\\\/\\\/www.lopezvicu.info\\\/es\\\/#website\"},\"datePublished\":\"2022-04-12T09:25:27+00:00\",\"dateModified\":\"2025-03-18T15:28:46+00:00\",\"description\":\"\u00bfCu\u00e1ndo son las PAU y PAP? Ent\u00e9rate de qu\u00e9 son, su calendario de tr\u00e1mites y toda la informaci\u00f3n que necesitas.\",\"breadcrumb\":{\"@id\":\"https:\\\/\\\/www.lopezvicu.info\\\/es\\\/informacion-pau-pap\\\/#breadcrumb\"},\"inLanguage\":\"es\",\"potentialAction\":[{\"@type\":\"ReadAction\",\"target\":[\"https:\\\/\\\/www.lopezvicu.info\\\/es\\\/informacion-pau-pap\\\/\"]}]},{\"@type\":\"BreadcrumbList\",\"@id\":\"https:\\\/\\\/www.lopezvicu.info\\\/es\\\/informacion-pau-pap\\\/#breadcrumb\",\"itemListElement\":[{\"@type\":\"ListItem\",\"position\":1,\"name\":\"Portada\",\"item\":\"https:\\\/\\\/www.lopezvicu.info\\\/es\\\/\"},{\"@type\":\"ListItem\",\"position\":2,\"name\":\"PAU y PAP 2025\"}]},{\"@type\":\"WebSite\",\"@id\":\"https:\\\/\\\/www.lopezvicu.info\\\/es\\\/#website\",\"url\":\"https:\\\/\\\/www.lopezvicu.info\\\/es\\\/\",\"name\":\"L\u00f3pez Vicu\u00f1a\",\"description\":\"L\u00f3pez Vicu\u00f1a\",\"publisher\":{\"@id\":\"https:\\\/\\\/www.lopezvicu.info\\\/es\\\/#organization\"},\"potentialAction\":[{\"@type\":\"SearchAction\",\"target\":{\"@type\":\"EntryPoint\",\"urlTemplate\":\"https:\\\/\\\/www.lopezvicu.info\\\/es\\\/?s={search_term_string}\"},\"query-input\":{\"@type\":\"PropertyValueSpecification\",\"valueRequired\":true,\"valueName\":\"search_term_string\"}}],\"inLanguage\":\"es\"},{\"@type\":\"Organization\",\"@id\":\"https:\\\/\\\/www.lopezvicu.info\\\/es\\\/#organization\",\"name\":\"Lopez Vicu\u00f1a\",\"url\":\"https:\\\/\\\/www.lopezvicu.info\\\/es\\\/\",\"logo\":{\"@type\":\"ImageObject\",\"inLanguage\":\"es\",\"@id\":\"https:\\\/\\\/www.lopezvicu.info\\\/es\\\/#\\\/schema\\\/logo\\\/image\\\/\",\"url\":\"https:\\\/\\\/www.lopezvicu.info\\\/wp-content\\\/uploads\\\/2022\\\/01\\\/logo.png\",\"contentUrl\":\"https:\\\/\\\/www.lopezvicu.info\\\/wp-content\\\/uploads\\\/2022\\\/01\\\/logo.png\",\"width\":350,\"height\":70,\"caption\":\"Lopez Vicu\u00f1a\"},\"image\":{\"@id\":\"https:\\\/\\\/www.lopezvicu.info\\\/es\\\/#\\\/schema\\\/logo\\\/image\\\/\"},\"sameAs\":[\"https:\\\/\\\/www.facebook.com\\\/LopezVicuBCN\\\/\",\"https:\\\/\\\/x.com\\\/lopezvicubcn\",\"https:\\\/\\\/www.linkedin.com\\\/company\\\/lopezvicubcn\\\/\",\"https:\\\/\\\/www.instagram.com\\\/lopezvicubcn\\\/\",\"https:\\\/\\\/www.youtube.com\\\/@lopezvicubarcelona\"],\"description\":\"L\u00f3pez Vicu\u00f1a \u00e9s un centre concertat autoritzat pel Departament d'Educaci\u00f3 de la Generalitat de Catalunya amb CODI 08035015, per impartir Batxillerat i Cicles Formatius (Grau Mitj\u00e0 i Grau Superior), obert a tothom i comprom\u00e8s amb la realitat social, cultural i econ\u00f2mica que ens envolta i amb un cost econ\u00f2mic que garanteix l\u2019escolaritzaci\u00f3 post-obligat\u00f2ria de tots els estudiants. Situats a l'Eixample, en ple centre de Barcelona, i amb f\u00e0cil acc\u00e9s en transport p\u00fablic. Metodologies actives, emprenedoria, projectes, aprenentatge - servei, qualitat, multiling\u00fce mobilitat, FP Dual, tenen cabuda en tots els estudis que impartim\",\"email\":\"direccio@lopezvicu.info\",\"telephone\":\"934 87 65 94\"}]}<\/script>\n<!-- \/ Yoast SEO Premium plugin. -->","yoast_head_json":{"title":"Informaci\u00f3n de PAU y PAP - Centre L\u00f3pez Vicu\u00f1a Barcelona","description":"\u00bfCu\u00e1ndo son las PAU y PAP? Ent\u00e9rate de qu\u00e9 son, su calendario de tr\u00e1mites y toda la informaci\u00f3n que necesitas.","robots":{"index":"index","follow":"follow","max-snippet":"max-snippet:-1","max-image-preview":"max-image-preview:large","max-video-preview":"max-video-preview:-1"},"canonical":"https:\/\/www.lopezvicu.info\/es\/informacion-pau-pap\/","og_locale":"es_ES","og_type":"article","og_title":"PAU y PAP 2025","og_description":"\u00bfCu\u00e1ndo son las PAU y PAP? Ent\u00e9rate de qu\u00e9 son, su calendario de tr\u00e1mites y toda la informaci\u00f3n que necesitas.","og_url":"https:\/\/www.lopezvicu.info\/es\/informacion-pau-pap\/","og_site_name":"Centre L\u00f3pez Vicu\u00f1a Barcelona","article_publisher":"https:\/\/www.facebook.com\/LopezVicuBCN\/","article_modified_time":"2025-03-18T15:28:46+00:00","og_image":[{"width":1589,"height":1600,"url":"https:\/\/www.lopezvicu.info\/wp-content\/uploads\/2022\/05\/cropped-lovi-transp-logo.jpeg","type":"image\/jpeg"}],"twitter_card":"summary_large_image","twitter_site":"@lopezvicubcn","twitter_misc":{"Tiempo de lectura":"3 minutos"},"schema":{"@context":"https:\/\/schema.org","@graph":[{"@type":"WebPage","@id":"https:\/\/www.lopezvicu.info\/es\/informacion-pau-pap\/","url":"https:\/\/www.lopezvicu.info\/es\/informacion-pau-pap\/","name":"Informaci\u00f3n de PAU y PAP - Centre L\u00f3pez Vicu\u00f1a Barcelona","isPartOf":{"@id":"https:\/\/www.lopezvicu.info\/es\/#website"},"datePublished":"2022-04-12T09:25:27+00:00","dateModified":"2025-03-18T15:28:46+00:00","description":"\u00bfCu\u00e1ndo son las PAU y PAP? Ent\u00e9rate de qu\u00e9 son, su calendario de tr\u00e1mites y toda la informaci\u00f3n que necesitas.","breadcrumb":{"@id":"https:\/\/www.lopezvicu.info\/es\/informacion-pau-pap\/#breadcrumb"},"inLanguage":"es","potentialAction":[{"@type":"ReadAction","target":["https:\/\/www.lopezvicu.info\/es\/informacion-pau-pap\/"]}]},{"@type":"BreadcrumbList","@id":"https:\/\/www.lopezvicu.info\/es\/informacion-pau-pap\/#breadcrumb","itemListElement":[{"@type":"ListItem","position":1,"name":"Portada","item":"https:\/\/www.lopezvicu.info\/es\/"},{"@type":"ListItem","position":2,"name":"PAU y PAP 2025"}]},{"@type":"WebSite","@id":"https:\/\/www.lopezvicu.info\/es\/#website","url":"https:\/\/www.lopezvicu.info\/es\/","name":"L\u00f3pez Vicu\u00f1a","description":"L\u00f3pez Vicu\u00f1a","publisher":{"@id":"https:\/\/www.lopezvicu.info\/es\/#organization"},"potentialAction":[{"@type":"SearchAction","target":{"@type":"EntryPoint","urlTemplate":"https:\/\/www.lopezvicu.info\/es\/?s={search_term_string}"},"query-input":{"@type":"PropertyValueSpecification","valueRequired":true,"valueName":"search_term_string"}}],"inLanguage":"es"},{"@type":"Organization","@id":"https:\/\/www.lopezvicu.info\/es\/#organization","name":"Lopez Vicu\u00f1a","url":"https:\/\/www.lopezvicu.info\/es\/","logo":{"@type":"ImageObject","inLanguage":"es","@id":"https:\/\/www.lopezvicu.info\/es\/#\/schema\/logo\/image\/","url":"https:\/\/www.lopezvicu.info\/wp-content\/uploads\/2022\/01\/logo.png","contentUrl":"https:\/\/www.lopezvicu.info\/wp-content\/uploads\/2022\/01\/logo.png","width":350,"height":70,"caption":"Lopez Vicu\u00f1a"},"image":{"@id":"https:\/\/www.lopezvicu.info\/es\/#\/schema\/logo\/image\/"},"sameAs":["https:\/\/www.facebook.com\/LopezVicuBCN\/","https:\/\/x.com\/lopezvicubcn","https:\/\/www.linkedin.com\/company\/lopezvicubcn\/","https:\/\/www.instagram.com\/lopezvicubcn\/","https:\/\/www.youtube.com\/@lopezvicubarcelona"],"description":"L\u00f3pez Vicu\u00f1a \u00e9s un centre concertat autoritzat pel Departament d'Educaci\u00f3 de la Generalitat de Catalunya amb CODI 08035015, per impartir Batxillerat i Cicles Formatius (Grau Mitj\u00e0 i Grau Superior), obert a tothom i comprom\u00e8s amb la realitat social, cultural i econ\u00f2mica que ens envolta i amb un cost econ\u00f2mic que garanteix l\u2019escolaritzaci\u00f3 post-obligat\u00f2ria de tots els estudiants. Situats a l'Eixample, en ple centre de Barcelona, i amb f\u00e0cil acc\u00e9s en transport p\u00fablic. Metodologies actives, emprenedoria, projectes, aprenentatge - servei, qualitat, multiling\u00fce mobilitat, FP Dual, tenen cabuda en tots els estudis que impartim","email":"direccio@lopezvicu.info","telephone":"934 87 65 94"}]}},"_links":{"self":[{"href":"https:\/\/www.lopezvicu.info\/es\/wp-json\/wp\/v2\/pages\/6633","targetHints":{"allow":["GET"]}}],"collection":[{"href":"https:\/\/www.lopezvicu.info\/es\/wp-json\/wp\/v2\/pages"}],"about":[{"href":"https:\/\/www.lopezvicu.info\/es\/wp-json\/wp\/v2\/types\/page"}],"author":[{"embeddable":true,"href":"https:\/\/www.lopezvicu.info\/es\/wp-json\/wp\/v2\/users\/1"}],"replies":[{"embeddable":true,"href":"https:\/\/www.lopezvicu.info\/es\/wp-json\/wp\/v2\/comments?post=6633"}],"version-history":[{"count":23,"href":"https:\/\/www.lopezvicu.info\/es\/wp-json\/wp\/v2\/pages\/6633\/revisions"}],"predecessor-version":[{"id":26893,"href":"https:\/\/www.lopezvicu.info\/es\/wp-json\/wp\/v2\/pages\/6633\/revisions\/26893"}],"wp:attachment":[{"href":"https:\/\/www.lopezvicu.info\/es\/wp-json\/wp\/v2\/media?parent=6633"}],"curies":[{"name":"wp","href":"https:\/\/api.w.org\/{rel}","templated":true}]}}