{"id":6593,"date":"2022-04-12T08:17:35","date_gmt":"2022-04-12T08:17:35","guid":{"rendered":"https:\/\/www.lopezvicu.info\/?page_id=6593"},"modified":"2025-10-18T09:25:52","modified_gmt":"2025-10-18T09:25:52","slug":"salidas-educacion-infantil","status":"publish","type":"page","link":"https:\/\/www.lopezvicu.info\/es\/salidas-educacion-infantil\/","title":{"rendered":"Salidas de educaci\u00f3n Infantil"},"content":{"rendered":"<div class=\"gb-container gb-container-d9f4b972\"><div class=\"gb-inside-container\">\n\n<h1 class=\"gb-headline gb-headline-1cff6d87 gb-headline-text\">Actividades del ciclo formativo de Educaci\u00f3n infantil<\/h1>\n\n\n\n<h2 class=\"gb-headline gb-headline-8e5c9888 gb-headline-text\">Primer curso<\/h2>\n\n\n\n<p>Estas son las actividades profesionales y acad\u00e9micas, previstas y aprobadas por el Consejo Escolar para el ciclo formativo de grado superior de <strong><a href=\"https:\/\/www.lopezvicu.info\/es\/cfgs-educacion-infantil\/\" target=\"_blank\" rel=\"noreferrer noopener\">Educaci\u00f3n infantil <\/a><\/strong>primer curso<strong>.<\/strong> Para esto, ser\u00e1 prescindible que los menores de edad presenten la autorizaci\u00f3n de menores.<\/p>\n\n\n\n<h3 class=\"gb-headline gb-headline-05216f29 gb-headline-text\">Actividades primer trimestre<\/h3>\n\n\n\n<ul class=\"wp-block-list\">\n<li>Visita Rosa Sensat.<\/li>\n\n\n\n<li>Visita observaci\u00f3n escola Peggy .<\/li>\n\n\n\n<li>Visita observaci\u00f3n escola Nausica.<\/li>\n\n\n\n<li>Visita observaci\u00f3n escola El Jard\u00ed de la Figuera.<\/li>\n\n\n\n<li>Charla sobre seguros: \u00ab\u00bfEst\u00e1s seguro?\u201d<\/li>\n\n\n\n<li>Implementaci\u00f3n cuentos sensoriales escoles de infantil y I3.<\/li>\n<\/ul>\n\n\n\n<h3 class=\"gb-headline gb-headline-7b5c32b1 gb-headline-text\">Actividades segundo trimestre<\/h3>\n\n\n\n<ul class=\"wp-block-list\">\n<li>Charla \u201c\u00bfQu\u00e9 esconde  la Matrioska?\u201d (Marta Perez).<\/li>\n\n\n\n<li>Observaci\u00f3n en diferentes escuelas infantiles.<\/li>\n\n\n\n<li>Xerrada Imma Marin sobre juguetes.<\/li>\n\n\n\n<li>APS Centro Social<\/li>\n\n\n\n<li>Charla exalumno\/a o profesional sobre h\u00e1bitos.<\/li>\n\n\n\n<li>Visita a tiendas de juguetes.<\/li>\n\n\n\n<li>Intervenci\u00f3n ambient-kit.<\/li>\n\n\n\n<li>Visita a la ONCE.<\/li>\n<\/ul>\n\n\n\n<h3 class=\"gb-headline gb-headline-18efca57 gb-headline-text\">Actividades tercer trimestre<\/h3>\n\n\n\n<ul class=\"wp-block-list\">\n<li>Visita a diferentes entidades socioeducativas: Ludoteca y espacio familiar.<\/li>\n\n\n\n<li>Salida por grupos a un parque (entorno natural) P6.<\/li>\n\n\n\n<li>Escape room.<\/li>\n<\/ul>\n\n\n\n<p>Las <strong>fechas <\/strong>de las salidas est\u00e1n <strong>sujetas <\/strong>a <strong>posibles cambios seg\u00fan <\/strong>la <strong>disponibilidad <\/strong>de los ponentes y de las empresas colaboradoras.<\/p>\n\n\n\n<h2 class=\"gb-headline gb-headline-07ba00fc gb-headline-text\">Segundo curso<\/h2>\n\n\n\n<p>Mencionaremos las actividades acad\u00e9micas y profesionales que han sido aprobadas por el Consejo Escolar para el ciclo formativo de grado superior de <strong><a href=\"https:\/\/www.lopezvicu.info\/es\/cfgs-educacion-infantil\/\" target=\"_blank\" rel=\"noreferrer noopener\">Educaci\u00f3n infantil<\/a><\/strong> del segundo curso<strong>.<\/strong> Para estas actividades <strong>no ser\u00e1 necesario <\/strong>que los alumnos <strong>menores de edad <\/strong>presenten la <strong>autorizaci\u00f3n de menores.<\/strong><\/p>\n\n\n\n<p>Es importante tener en cuenta que las <strong>fechas <\/strong>de las salidas que mencionaremos a continuaci\u00f3n, se encuentran <strong>susceptibles <\/strong>a <strong>cambios seg\u00fan<\/strong> la <strong>disponibilidad <\/strong>de los ponentes y de las empresas colaboradoras.<\/p>\n\n\n\n<h3 class=\"gb-headline gb-headline-cfe641bf gb-headline-text\">Actividades primer trimestre<\/h3>\n\n\n\n<ul class=\"wp-block-list\">\n<li>Salida al Parc Can Zam.<\/li>\n\n\n\n<li>Implementaci\u00f3n propuesta cuento y canciones de la casta\u00f1era en las escuelas Ferran Sunyer y en  Escola Peggy.<\/li>\n\n\n\n<li>Implementaci\u00f3n propuesta proyecto coeducadores.\u00a0<\/li>\n<\/ul>\n\n\n\n<h3 class=\"gb-headline gb-headline-1ba6a3f5 gb-headline-text\">Actividades segundo trimestre<\/h3>\n\n\n\n<ul class=\"wp-block-list\">\n<li>Visita y charla escola bressol La Fassina.<\/li>\n\n\n\n<li>Implementaci\u00f3n \u00abEl Trencanous\u00bb en diversas escuelas.<\/li>\n\n\n\n<li>Taller en la empresa\u00a0Animarius\u00a0Events. Mireia Gallardo.<\/li>\n\n\n\n<li>Dise\u00f1o, implementaci\u00f3n y evaluaci\u00f3n de una propuesta educativa, donde se realizan la formaci\u00f3n pr\u00e1ctica.<\/li>\n\n\n\n<li>Visita a la biblioteca Jaume Fuster.<br>\u00a0<\/li>\n<\/ul>\n\n\n\n<h3 class=\"gb-headline gb-headline-4123cf68 gb-headline-text\">Actividades tercer trimestre<\/h3>\n\n\n\n<ul class=\"wp-block-list\">\n<li>Detecci\u00f3n y consulta donde se realizan la FCT para dar respuesta a un reto educativo.<\/li>\n\n\n\n<li>Charla Personal Branding.<\/li>\n\n\n\n<li>Salida para practicar HHSS<br>\u00a0<\/li>\n<\/ul>\n\n\n\n<p>Las&nbsp;<strong>fechas&nbsp;<\/strong>de las salidas son&nbsp;<strong>susceptibles&nbsp;<\/strong>de<strong>&nbsp;cambios<\/strong>&nbsp;seg\u00fan la&nbsp;<strong>disponibilidad<\/strong>&nbsp;de los ponentes y de las empresas colaboradoras.<\/p>\n\n<\/div><\/div>","protected":false},"excerpt":{"rendered":"<p>Actividades del ciclo formativo de Educaci\u00f3n infantil Primer curso Estas son las actividades profesionales y acad\u00e9micas, previstas y aprobadas por el Consejo Escolar para el &#8230; <\/p>\n<p class=\"read-more-container\"><a title=\"Salidas de educaci\u00f3n Infantil\" class=\"read-more button\" href=\"https:\/\/www.lopezvicu.info\/es\/salidas-educacion-infantil\/#more-6593\" aria-label=\"Leer m\u00e1s sobre Salidas de educaci\u00f3n Infantil\">Leer m\u00e1s<\/a><\/p>\n","protected":false},"author":1,"featured_media":0,"parent":0,"menu_order":0,"comment_status":"closed","ping_status":"closed","template":"","meta":{"footnotes":""},"class_list":["post-6593","page","type-page","status-publish"],"yoast_head":"<!-- This site is optimized with the Yoast SEO Premium plugin v26.0 (Yoast SEO v27.6) - https:\/\/yoast.com\/product\/yoast-seo-premium-wordpress\/ -->\n<title>Educaci\u00f3n infantil y sus salidas acad\u00e9micas y profesionales - Centre L\u00f3pez Vicu\u00f1a Barcelona<\/title>\n<meta name=\"description\" content=\"Descubre las salidas profesionales y acad\u00e9micas del ciclo de educaci\u00f3n infantil y empieza con nuestro centro L\u00f3pez Vicu\u00f1a.\" \/>\n<meta name=\"robots\" content=\"index, follow, max-snippet:-1, max-image-preview:large, max-video-preview:-1\" \/>\n<link rel=\"canonical\" href=\"https:\/\/www.lopezvicu.info\/es\/salidas-educacion-infantil\/\" \/>\n<meta property=\"og:locale\" content=\"es_ES\" \/>\n<meta property=\"og:type\" content=\"article\" \/>\n<meta property=\"og:title\" content=\"Salidas de educaci\u00f3n Infantil\" \/>\n<meta property=\"og:description\" content=\"Descubre las salidas profesionales y acad\u00e9micas del ciclo de educaci\u00f3n infantil y empieza con nuestro centro L\u00f3pez Vicu\u00f1a.\" \/>\n<meta property=\"og:url\" content=\"https:\/\/www.lopezvicu.info\/es\/salidas-educacion-infantil\/\" \/>\n<meta property=\"og:site_name\" content=\"Centre L\u00f3pez Vicu\u00f1a Barcelona\" \/>\n<meta property=\"article:publisher\" content=\"https:\/\/www.facebook.com\/LopezVicuBCN\/\" \/>\n<meta property=\"article:modified_time\" content=\"2025-10-18T09:25:52+00:00\" \/>\n<meta name=\"twitter:card\" content=\"summary_large_image\" \/>\n<meta name=\"twitter:site\" content=\"@lopezvicubcn\" \/>\n<meta name=\"twitter:label1\" content=\"Tiempo de lectura\" \/>\n\t<meta name=\"twitter:data1\" content=\"2 minutos\" \/>\n<script type=\"application\/ld+json\" class=\"yoast-schema-graph\">{\"@context\":\"https:\\\/\\\/schema.org\",\"@graph\":[{\"@type\":\"WebPage\",\"@id\":\"https:\\\/\\\/www.lopezvicu.info\\\/es\\\/salidas-educacion-infantil\\\/\",\"url\":\"https:\\\/\\\/www.lopezvicu.info\\\/es\\\/salidas-educacion-infantil\\\/\",\"name\":\"Educaci\u00f3n infantil y sus salidas acad\u00e9micas y profesionales - Centre L\u00f3pez Vicu\u00f1a Barcelona\",\"isPartOf\":{\"@id\":\"https:\\\/\\\/www.lopezvicu.info\\\/es\\\/#website\"},\"datePublished\":\"2022-04-12T08:17:35+00:00\",\"dateModified\":\"2025-10-18T09:25:52+00:00\",\"description\":\"Descubre las salidas profesionales y acad\u00e9micas del ciclo de educaci\u00f3n infantil y empieza con nuestro centro L\u00f3pez Vicu\u00f1a.\",\"breadcrumb\":{\"@id\":\"https:\\\/\\\/www.lopezvicu.info\\\/es\\\/salidas-educacion-infantil\\\/#breadcrumb\"},\"inLanguage\":\"es\",\"potentialAction\":[{\"@type\":\"ReadAction\",\"target\":[\"https:\\\/\\\/www.lopezvicu.info\\\/es\\\/salidas-educacion-infantil\\\/\"]}]},{\"@type\":\"BreadcrumbList\",\"@id\":\"https:\\\/\\\/www.lopezvicu.info\\\/es\\\/salidas-educacion-infantil\\\/#breadcrumb\",\"itemListElement\":[{\"@type\":\"ListItem\",\"position\":1,\"name\":\"Portada\",\"item\":\"https:\\\/\\\/www.lopezvicu.info\\\/es\\\/\"},{\"@type\":\"ListItem\",\"position\":2,\"name\":\"Salidas de educaci\u00f3n Infantil\"}]},{\"@type\":\"WebSite\",\"@id\":\"https:\\\/\\\/www.lopezvicu.info\\\/es\\\/#website\",\"url\":\"https:\\\/\\\/www.lopezvicu.info\\\/es\\\/\",\"name\":\"L\u00f3pez Vicu\u00f1a\",\"description\":\"L\u00f3pez Vicu\u00f1a\",\"publisher\":{\"@id\":\"https:\\\/\\\/www.lopezvicu.info\\\/es\\\/#organization\"},\"potentialAction\":[{\"@type\":\"SearchAction\",\"target\":{\"@type\":\"EntryPoint\",\"urlTemplate\":\"https:\\\/\\\/www.lopezvicu.info\\\/es\\\/?s={search_term_string}\"},\"query-input\":{\"@type\":\"PropertyValueSpecification\",\"valueRequired\":true,\"valueName\":\"search_term_string\"}}],\"inLanguage\":\"es\"},{\"@type\":\"Organization\",\"@id\":\"https:\\\/\\\/www.lopezvicu.info\\\/es\\\/#organization\",\"name\":\"Lopez Vicu\u00f1a\",\"url\":\"https:\\\/\\\/www.lopezvicu.info\\\/es\\\/\",\"logo\":{\"@type\":\"ImageObject\",\"inLanguage\":\"es\",\"@id\":\"https:\\\/\\\/www.lopezvicu.info\\\/es\\\/#\\\/schema\\\/logo\\\/image\\\/\",\"url\":\"https:\\\/\\\/www.lopezvicu.info\\\/wp-content\\\/uploads\\\/2022\\\/01\\\/logo.png\",\"contentUrl\":\"https:\\\/\\\/www.lopezvicu.info\\\/wp-content\\\/uploads\\\/2022\\\/01\\\/logo.png\",\"width\":350,\"height\":70,\"caption\":\"Lopez Vicu\u00f1a\"},\"image\":{\"@id\":\"https:\\\/\\\/www.lopezvicu.info\\\/es\\\/#\\\/schema\\\/logo\\\/image\\\/\"},\"sameAs\":[\"https:\\\/\\\/www.facebook.com\\\/LopezVicuBCN\\\/\",\"https:\\\/\\\/x.com\\\/lopezvicubcn\",\"https:\\\/\\\/www.linkedin.com\\\/company\\\/lopezvicubcn\\\/\",\"https:\\\/\\\/www.instagram.com\\\/lopezvicubcn\\\/\",\"https:\\\/\\\/www.youtube.com\\\/@lopezvicubarcelona\"],\"description\":\"L\u00f3pez Vicu\u00f1a \u00e9s un centre concertat autoritzat pel Departament d'Educaci\u00f3 de la Generalitat de Catalunya amb CODI 08035015, per impartir Batxillerat i Cicles Formatius (Grau Mitj\u00e0 i Grau Superior), obert a tothom i comprom\u00e8s amb la realitat social, cultural i econ\u00f2mica que ens envolta i amb un cost econ\u00f2mic que garanteix l\u2019escolaritzaci\u00f3 post-obligat\u00f2ria de tots els estudiants. Situats a l'Eixample, en ple centre de Barcelona, i amb f\u00e0cil acc\u00e9s en transport p\u00fablic. Metodologies actives, emprenedoria, projectes, aprenentatge - servei, qualitat, multiling\u00fce mobilitat, FP Dual, tenen cabuda en tots els estudis que impartim\",\"email\":\"direccio@lopezvicu.info\",\"telephone\":\"934 87 65 94\"}]}<\/script>\n<!-- \/ Yoast SEO Premium plugin. -->","yoast_head_json":{"title":"Educaci\u00f3n infantil y sus salidas acad\u00e9micas y profesionales - Centre L\u00f3pez Vicu\u00f1a Barcelona","description":"Descubre las salidas profesionales y acad\u00e9micas del ciclo de educaci\u00f3n infantil y empieza con nuestro centro L\u00f3pez Vicu\u00f1a.","robots":{"index":"index","follow":"follow","max-snippet":"max-snippet:-1","max-image-preview":"max-image-preview:large","max-video-preview":"max-video-preview:-1"},"canonical":"https:\/\/www.lopezvicu.info\/es\/salidas-educacion-infantil\/","og_locale":"es_ES","og_type":"article","og_title":"Salidas de educaci\u00f3n Infantil","og_description":"Descubre las salidas profesionales y acad\u00e9micas del ciclo de educaci\u00f3n infantil y empieza con nuestro centro L\u00f3pez Vicu\u00f1a.","og_url":"https:\/\/www.lopezvicu.info\/es\/salidas-educacion-infantil\/","og_site_name":"Centre L\u00f3pez Vicu\u00f1a Barcelona","article_publisher":"https:\/\/www.facebook.com\/LopezVicuBCN\/","article_modified_time":"2025-10-18T09:25:52+00:00","twitter_card":"summary_large_image","twitter_site":"@lopezvicubcn","twitter_misc":{"Tiempo de lectura":"2 minutos"},"schema":{"@context":"https:\/\/schema.org","@graph":[{"@type":"WebPage","@id":"https:\/\/www.lopezvicu.info\/es\/salidas-educacion-infantil\/","url":"https:\/\/www.lopezvicu.info\/es\/salidas-educacion-infantil\/","name":"Educaci\u00f3n infantil y sus salidas acad\u00e9micas y profesionales - Centre L\u00f3pez Vicu\u00f1a Barcelona","isPartOf":{"@id":"https:\/\/www.lopezvicu.info\/es\/#website"},"datePublished":"2022-04-12T08:17:35+00:00","dateModified":"2025-10-18T09:25:52+00:00","description":"Descubre las salidas profesionales y acad\u00e9micas del ciclo de educaci\u00f3n infantil y empieza con nuestro centro L\u00f3pez Vicu\u00f1a.","breadcrumb":{"@id":"https:\/\/www.lopezvicu.info\/es\/salidas-educacion-infantil\/#breadcrumb"},"inLanguage":"es","potentialAction":[{"@type":"ReadAction","target":["https:\/\/www.lopezvicu.info\/es\/salidas-educacion-infantil\/"]}]},{"@type":"BreadcrumbList","@id":"https:\/\/www.lopezvicu.info\/es\/salidas-educacion-infantil\/#breadcrumb","itemListElement":[{"@type":"ListItem","position":1,"name":"Portada","item":"https:\/\/www.lopezvicu.info\/es\/"},{"@type":"ListItem","position":2,"name":"Salidas de educaci\u00f3n Infantil"}]},{"@type":"WebSite","@id":"https:\/\/www.lopezvicu.info\/es\/#website","url":"https:\/\/www.lopezvicu.info\/es\/","name":"L\u00f3pez Vicu\u00f1a","description":"L\u00f3pez Vicu\u00f1a","publisher":{"@id":"https:\/\/www.lopezvicu.info\/es\/#organization"},"potentialAction":[{"@type":"SearchAction","target":{"@type":"EntryPoint","urlTemplate":"https:\/\/www.lopezvicu.info\/es\/?s={search_term_string}"},"query-input":{"@type":"PropertyValueSpecification","valueRequired":true,"valueName":"search_term_string"}}],"inLanguage":"es"},{"@type":"Organization","@id":"https:\/\/www.lopezvicu.info\/es\/#organization","name":"Lopez Vicu\u00f1a","url":"https:\/\/www.lopezvicu.info\/es\/","logo":{"@type":"ImageObject","inLanguage":"es","@id":"https:\/\/www.lopezvicu.info\/es\/#\/schema\/logo\/image\/","url":"https:\/\/www.lopezvicu.info\/wp-content\/uploads\/2022\/01\/logo.png","contentUrl":"https:\/\/www.lopezvicu.info\/wp-content\/uploads\/2022\/01\/logo.png","width":350,"height":70,"caption":"Lopez Vicu\u00f1a"},"image":{"@id":"https:\/\/www.lopezvicu.info\/es\/#\/schema\/logo\/image\/"},"sameAs":["https:\/\/www.facebook.com\/LopezVicuBCN\/","https:\/\/x.com\/lopezvicubcn","https:\/\/www.linkedin.com\/company\/lopezvicubcn\/","https:\/\/www.instagram.com\/lopezvicubcn\/","https:\/\/www.youtube.com\/@lopezvicubarcelona"],"description":"L\u00f3pez Vicu\u00f1a \u00e9s un centre concertat autoritzat pel Departament d'Educaci\u00f3 de la Generalitat de Catalunya amb CODI 08035015, per impartir Batxillerat i Cicles Formatius (Grau Mitj\u00e0 i Grau Superior), obert a tothom i comprom\u00e8s amb la realitat social, cultural i econ\u00f2mica que ens envolta i amb un cost econ\u00f2mic que garanteix l\u2019escolaritzaci\u00f3 post-obligat\u00f2ria de tots els estudiants. Situats a l'Eixample, en ple centre de Barcelona, i amb f\u00e0cil acc\u00e9s en transport p\u00fablic. Metodologies actives, emprenedoria, projectes, aprenentatge - servei, qualitat, multiling\u00fce mobilitat, FP Dual, tenen cabuda en tots els estudis que impartim","email":"direccio@lopezvicu.info","telephone":"934 87 65 94"}]}},"_links":{"self":[{"href":"https:\/\/www.lopezvicu.info\/es\/wp-json\/wp\/v2\/pages\/6593","targetHints":{"allow":["GET"]}}],"collection":[{"href":"https:\/\/www.lopezvicu.info\/es\/wp-json\/wp\/v2\/pages"}],"about":[{"href":"https:\/\/www.lopezvicu.info\/es\/wp-json\/wp\/v2\/types\/page"}],"author":[{"embeddable":true,"href":"https:\/\/www.lopezvicu.info\/es\/wp-json\/wp\/v2\/users\/1"}],"replies":[{"embeddable":true,"href":"https:\/\/www.lopezvicu.info\/es\/wp-json\/wp\/v2\/comments?post=6593"}],"version-history":[{"count":16,"href":"https:\/\/www.lopezvicu.info\/es\/wp-json\/wp\/v2\/pages\/6593\/revisions"}],"predecessor-version":[{"id":27903,"href":"https:\/\/www.lopezvicu.info\/es\/wp-json\/wp\/v2\/pages\/6593\/revisions\/27903"}],"wp:attachment":[{"href":"https:\/\/www.lopezvicu.info\/es\/wp-json\/wp\/v2\/media?parent=6593"}],"curies":[{"name":"wp","href":"https:\/\/api.w.org\/{rel}","templated":true}]}}