{"id":6589,"date":"2022-04-12T07:54:59","date_gmt":"2022-04-12T07:54:59","guid":{"rendered":"https:\/\/www.lopezvicu.info\/?page_id=6589"},"modified":"2025-10-18T09:40:03","modified_gmt":"2025-10-18T09:40:03","slug":"salidas-higiene-bucodental","status":"publish","type":"page","link":"https:\/\/www.lopezvicu.info\/es\/salidas-higiene-bucodental\/","title":{"rendered":"Salidas de higiene bucodental"},"content":{"rendered":"<div class=\"gb-container gb-container-2e936a84\"><div class=\"gb-inside-container\">\n\n<h1 class=\"gb-headline gb-headline-f99b62a0 gb-headline-text\">Actividades del ciclo formativo de Higiene bucodental<\/h1>\n\n\n\n<h2 class=\"gb-headline gb-headline-cd05d09e gb-headline-text\">Primer curso<\/h2>\n\n\n\n<p>Estas son las actividades profesionales y acad\u00e9micas que han sido aprobadas por el Consejo Escolar para el ciclo formativo de grado superior de <a href=\"https:\/\/www.lopezvicu.info\/es\/cfgs-higiene-bucodental\/\" target=\"_blank\" rel=\"noreferrer noopener\"><strong>Higiene bucodental <\/strong><\/a>del primer curso de ma\u00f1anas y de tardes<strong>.<\/strong> No ser\u00e1 necesario que los menores de edad presenten la autorizaci\u00f3n de menores.<\/p>\n\n\n\n<h3 class=\"gb-headline gb-headline-8c5ae31c gb-headline-text\">Actividades primer trimestre<\/h3>\n\n\n\n<ul class=\"wp-block-list\">\n<li>Charla Oral B, ACTEON. Higiene oral. Laura Tachelly.<\/li>\n\n\n\n<li>Taller \u201c\u00bfEst\u00e1s seguro?\u201d EFEC (Educaci\u00f3 Financera i Emprendedora a Catalunya)<\/li>\n\n\n\n<li>Sesi\u00f3n divulgativa La Marat\u00f3 TV3: C\u00e1ncer.<\/li>\n<\/ul>\n\n\n\n<h3 class=\"gb-headline gb-headline-017fe311 gb-headline-text\">Actividades segundo trimestre<\/h3>\n\n\n\n<ul class=\"wp-block-list\">\n<li>Taller scape room.<\/li>\n\n\n\n<li>Charla Lab. Unilever (patolog\u00eda dental).<\/li>\n\n\n\n<li>Charla higienista dental: competencias del higienista dental (Carla Vald\u00e9s, Raisa Novo, Susana Ben\u00edtez).<\/li>\n\n\n\n<li>Charla orientaci\u00f3n PAU: exalumnos universitarios.<\/li>\n\n\n\n<li>Visita a COHIDEC.<\/li>\n\n\n\n<li>Visita al SEM.<\/li>\n<\/ul>\n\n\n\n<h3 class=\"gb-headline gb-headline-89ffa470 gb-headline-text\">Actividades tercer trimestre<\/h3>\n\n\n\n<ul class=\"wp-block-list\">\n<li>Charla d\u2019ESIC:\u00a0\u00a0\u00abPersonal branding\u00bb.<\/li>\n<\/ul>\n\n\n\n<p>Las <strong>fechas <\/strong>de las actividades son <strong>susceptibles <\/strong>de <strong>cambios <\/strong>seg\u00fan la disponibilidad de los ponentes y de las empresas colaboradoras.<\/p>\n\n\n\n<h2 class=\"gb-headline gb-headline-36d10094 gb-headline-text\">Segundo curso<\/h2>\n\n\n\n<p>Estas son las actividades profesionales o acad\u00e9micas que est\u00e1n aprobadas y previstas por el Consejo Escolar para el ciclo formativo de grado superior de <a href=\"https:\/\/www.lopezvicu.info\/es\/cfgs-higiene-bucodental\/\" target=\"_blank\" rel=\"noreferrer noopener\">Higiene bucodental <\/a>de segundo curso de ma\u00f1anas y tardes. Para estas actividades no es necesario que los menores de edad presenten la autorizaci\u00f3n de menores.<\/p>\n\n\n\n<h3 class=\"gb-headline gb-headline-b6478a55 gb-headline-text\">Actividades primer trimestre<\/h3>\n\n\n\n<ul class=\"wp-block-list\">\n<li>Visita a Cacaolat.<\/li>\n\n\n\n<li>Charla de un empresario (Barcelona Activa).<\/li>\n\n\n\n<li>Taller de blanqueamiento dental.\u00a0\u00a0\u00a0<\/li>\n\n\n\n<li>Museu del disseny. Visita guiada y taller.<\/li>\n\n\n\n<li>Charla Haleon.<\/li>\n\n\n\n<li>Charla Ultradent (blanqueamiento).<\/li>\n\n\n\n<li>Taller biblioteca Eixample.<\/li>\n\n\n\n<li>Charla La Marat\u00f3 TV3: C\u00e0ncer.<\/li>\n<\/ul>\n\n\n\n<h3 class=\"gb-headline gb-headline-c05beced gb-headline-text\">Actividades segundo trimestre<\/h3>\n\n\n\n<ul class=\"wp-block-list\">\n<li>Charla Colgate<\/li>\n\n\n\n<li>Charla ACTEON<\/li>\n\n\n\n<li>Visita a las empresas: Bon \u00c0rea y Torrons Vicens.<\/li>\n\n\n\n<li>Charla de m\u00e1rqueting (universitat)<\/li>\n\n\n\n<li>Materclass procedimientos en el box dental por parte de 4 tutores de pr\u00e1ctica en activo.<\/li>\n\n\n\n<li>Visita Barcelona dental show.<\/li>\n\n\n\n<li>Formaci\u00f3n en impresiones digitales (DentSply).<\/li>\n<\/ul>\n\n\n\n<h3 class=\"gb-headline gb-headline-ccbb577e gb-headline-text\">Actividades tercer trimestre<\/h3>\n\n\n\n<ul class=\"wp-block-list\">\n<li>Charla implanets (Bego implants)<\/li>\n<\/ul>\n\n\n\n<p>Las <strong>fechas <\/strong>de <strong>salida <\/strong>son <strong>susceptibles<\/strong> de <strong>cambios seg\u00fan <\/strong>la <strong>disponibilidad<\/strong>.<\/p>\n\n<\/div><\/div>","protected":false},"excerpt":{"rendered":"<p>Actividades del ciclo formativo de Higiene bucodental Primer curso Estas son las actividades profesionales y acad\u00e9micas que han sido aprobadas por el Consejo Escolar para &#8230; <\/p>\n<p class=\"read-more-container\"><a title=\"Salidas de higiene bucodental\" class=\"read-more button\" href=\"https:\/\/www.lopezvicu.info\/es\/salidas-higiene-bucodental\/#more-6589\" aria-label=\"Leer m\u00e1s sobre Salidas de higiene bucodental\">Leer m\u00e1s<\/a><\/p>\n","protected":false},"author":1,"featured_media":0,"parent":0,"menu_order":0,"comment_status":"closed","ping_status":"closed","template":"","meta":{"footnotes":""},"class_list":["post-6589","page","type-page","status-publish"],"yoast_head":"<!-- This site is optimized with the Yoast SEO Premium plugin v26.0 (Yoast SEO v27.6) - https:\/\/yoast.com\/product\/yoast-seo-premium-wordpress\/ -->\n<title>Higiene bucodental: salidas profesionales y acad\u00e9micas - Centre L\u00f3pez Vicu\u00f1a Barcelona<\/title>\n<meta name=\"description\" content=\"Descubre las salidas profesionales y acad\u00e9micas del ciclo de higiene bucodental y empieza con nuestro centro L\u00f3pez Vicu\u00f1a.\" \/>\n<meta name=\"robots\" content=\"index, follow, max-snippet:-1, max-image-preview:large, max-video-preview:-1\" \/>\n<link rel=\"canonical\" href=\"https:\/\/www.lopezvicu.info\/es\/salidas-higiene-bucodental\/\" \/>\n<meta property=\"og:locale\" content=\"es_ES\" \/>\n<meta property=\"og:type\" content=\"article\" \/>\n<meta property=\"og:title\" content=\"Salidas de higiene bucodental\" \/>\n<meta property=\"og:description\" content=\"Descubre las salidas profesionales y acad\u00e9micas del ciclo de higiene bucodental y empieza con nuestro centro L\u00f3pez Vicu\u00f1a.\" \/>\n<meta property=\"og:url\" content=\"https:\/\/www.lopezvicu.info\/es\/salidas-higiene-bucodental\/\" \/>\n<meta property=\"og:site_name\" content=\"Centre L\u00f3pez Vicu\u00f1a Barcelona\" \/>\n<meta property=\"article:publisher\" content=\"https:\/\/www.facebook.com\/LopezVicuBCN\/\" \/>\n<meta property=\"article:modified_time\" content=\"2025-10-18T09:40:03+00:00\" \/>\n<meta name=\"twitter:card\" content=\"summary_large_image\" \/>\n<meta name=\"twitter:site\" content=\"@lopezvicubcn\" \/>\n<meta name=\"twitter:label1\" content=\"Tiempo de lectura\" \/>\n\t<meta name=\"twitter:data1\" content=\"2 minutos\" \/>\n<script type=\"application\/ld+json\" class=\"yoast-schema-graph\">{\"@context\":\"https:\\\/\\\/schema.org\",\"@graph\":[{\"@type\":\"WebPage\",\"@id\":\"https:\\\/\\\/www.lopezvicu.info\\\/es\\\/salidas-higiene-bucodental\\\/\",\"url\":\"https:\\\/\\\/www.lopezvicu.info\\\/es\\\/salidas-higiene-bucodental\\\/\",\"name\":\"Higiene bucodental: salidas profesionales y acad\u00e9micas - Centre L\u00f3pez Vicu\u00f1a Barcelona\",\"isPartOf\":{\"@id\":\"https:\\\/\\\/www.lopezvicu.info\\\/es\\\/#website\"},\"datePublished\":\"2022-04-12T07:54:59+00:00\",\"dateModified\":\"2025-10-18T09:40:03+00:00\",\"description\":\"Descubre las salidas profesionales y acad\u00e9micas del ciclo de higiene bucodental y empieza con nuestro centro L\u00f3pez Vicu\u00f1a.\",\"breadcrumb\":{\"@id\":\"https:\\\/\\\/www.lopezvicu.info\\\/es\\\/salidas-higiene-bucodental\\\/#breadcrumb\"},\"inLanguage\":\"es\",\"potentialAction\":[{\"@type\":\"ReadAction\",\"target\":[\"https:\\\/\\\/www.lopezvicu.info\\\/es\\\/salidas-higiene-bucodental\\\/\"]}]},{\"@type\":\"BreadcrumbList\",\"@id\":\"https:\\\/\\\/www.lopezvicu.info\\\/es\\\/salidas-higiene-bucodental\\\/#breadcrumb\",\"itemListElement\":[{\"@type\":\"ListItem\",\"position\":1,\"name\":\"Portada\",\"item\":\"https:\\\/\\\/www.lopezvicu.info\\\/es\\\/\"},{\"@type\":\"ListItem\",\"position\":2,\"name\":\"Salidas de higiene bucodental\"}]},{\"@type\":\"WebSite\",\"@id\":\"https:\\\/\\\/www.lopezvicu.info\\\/es\\\/#website\",\"url\":\"https:\\\/\\\/www.lopezvicu.info\\\/es\\\/\",\"name\":\"L\u00f3pez Vicu\u00f1a\",\"description\":\"L\u00f3pez Vicu\u00f1a\",\"publisher\":{\"@id\":\"https:\\\/\\\/www.lopezvicu.info\\\/es\\\/#organization\"},\"potentialAction\":[{\"@type\":\"SearchAction\",\"target\":{\"@type\":\"EntryPoint\",\"urlTemplate\":\"https:\\\/\\\/www.lopezvicu.info\\\/es\\\/?s={search_term_string}\"},\"query-input\":{\"@type\":\"PropertyValueSpecification\",\"valueRequired\":true,\"valueName\":\"search_term_string\"}}],\"inLanguage\":\"es\"},{\"@type\":\"Organization\",\"@id\":\"https:\\\/\\\/www.lopezvicu.info\\\/es\\\/#organization\",\"name\":\"Lopez Vicu\u00f1a\",\"url\":\"https:\\\/\\\/www.lopezvicu.info\\\/es\\\/\",\"logo\":{\"@type\":\"ImageObject\",\"inLanguage\":\"es\",\"@id\":\"https:\\\/\\\/www.lopezvicu.info\\\/es\\\/#\\\/schema\\\/logo\\\/image\\\/\",\"url\":\"https:\\\/\\\/www.lopezvicu.info\\\/wp-content\\\/uploads\\\/2022\\\/01\\\/logo.png\",\"contentUrl\":\"https:\\\/\\\/www.lopezvicu.info\\\/wp-content\\\/uploads\\\/2022\\\/01\\\/logo.png\",\"width\":350,\"height\":70,\"caption\":\"Lopez Vicu\u00f1a\"},\"image\":{\"@id\":\"https:\\\/\\\/www.lopezvicu.info\\\/es\\\/#\\\/schema\\\/logo\\\/image\\\/\"},\"sameAs\":[\"https:\\\/\\\/www.facebook.com\\\/LopezVicuBCN\\\/\",\"https:\\\/\\\/x.com\\\/lopezvicubcn\",\"https:\\\/\\\/www.linkedin.com\\\/company\\\/lopezvicubcn\\\/\",\"https:\\\/\\\/www.instagram.com\\\/lopezvicubcn\\\/\",\"https:\\\/\\\/www.youtube.com\\\/@lopezvicubarcelona\"],\"description\":\"L\u00f3pez Vicu\u00f1a \u00e9s un centre concertat autoritzat pel Departament d'Educaci\u00f3 de la Generalitat de Catalunya amb CODI 08035015, per impartir Batxillerat i Cicles Formatius (Grau Mitj\u00e0 i Grau Superior), obert a tothom i comprom\u00e8s amb la realitat social, cultural i econ\u00f2mica que ens envolta i amb un cost econ\u00f2mic que garanteix l\u2019escolaritzaci\u00f3 post-obligat\u00f2ria de tots els estudiants. Situats a l'Eixample, en ple centre de Barcelona, i amb f\u00e0cil acc\u00e9s en transport p\u00fablic. Metodologies actives, emprenedoria, projectes, aprenentatge - servei, qualitat, multiling\u00fce mobilitat, FP Dual, tenen cabuda en tots els estudis que impartim\",\"email\":\"direccio@lopezvicu.info\",\"telephone\":\"934 87 65 94\"}]}<\/script>\n<!-- \/ Yoast SEO Premium plugin. -->","yoast_head_json":{"title":"Higiene bucodental: salidas profesionales y acad\u00e9micas - Centre L\u00f3pez Vicu\u00f1a Barcelona","description":"Descubre las salidas profesionales y acad\u00e9micas del ciclo de higiene bucodental y empieza con nuestro centro L\u00f3pez Vicu\u00f1a.","robots":{"index":"index","follow":"follow","max-snippet":"max-snippet:-1","max-image-preview":"max-image-preview:large","max-video-preview":"max-video-preview:-1"},"canonical":"https:\/\/www.lopezvicu.info\/es\/salidas-higiene-bucodental\/","og_locale":"es_ES","og_type":"article","og_title":"Salidas de higiene bucodental","og_description":"Descubre las salidas profesionales y acad\u00e9micas del ciclo de higiene bucodental y empieza con nuestro centro L\u00f3pez Vicu\u00f1a.","og_url":"https:\/\/www.lopezvicu.info\/es\/salidas-higiene-bucodental\/","og_site_name":"Centre L\u00f3pez Vicu\u00f1a Barcelona","article_publisher":"https:\/\/www.facebook.com\/LopezVicuBCN\/","article_modified_time":"2025-10-18T09:40:03+00:00","twitter_card":"summary_large_image","twitter_site":"@lopezvicubcn","twitter_misc":{"Tiempo de lectura":"2 minutos"},"schema":{"@context":"https:\/\/schema.org","@graph":[{"@type":"WebPage","@id":"https:\/\/www.lopezvicu.info\/es\/salidas-higiene-bucodental\/","url":"https:\/\/www.lopezvicu.info\/es\/salidas-higiene-bucodental\/","name":"Higiene bucodental: salidas profesionales y acad\u00e9micas - Centre L\u00f3pez Vicu\u00f1a Barcelona","isPartOf":{"@id":"https:\/\/www.lopezvicu.info\/es\/#website"},"datePublished":"2022-04-12T07:54:59+00:00","dateModified":"2025-10-18T09:40:03+00:00","description":"Descubre las salidas profesionales y acad\u00e9micas del ciclo de higiene bucodental y empieza con nuestro centro L\u00f3pez Vicu\u00f1a.","breadcrumb":{"@id":"https:\/\/www.lopezvicu.info\/es\/salidas-higiene-bucodental\/#breadcrumb"},"inLanguage":"es","potentialAction":[{"@type":"ReadAction","target":["https:\/\/www.lopezvicu.info\/es\/salidas-higiene-bucodental\/"]}]},{"@type":"BreadcrumbList","@id":"https:\/\/www.lopezvicu.info\/es\/salidas-higiene-bucodental\/#breadcrumb","itemListElement":[{"@type":"ListItem","position":1,"name":"Portada","item":"https:\/\/www.lopezvicu.info\/es\/"},{"@type":"ListItem","position":2,"name":"Salidas de higiene bucodental"}]},{"@type":"WebSite","@id":"https:\/\/www.lopezvicu.info\/es\/#website","url":"https:\/\/www.lopezvicu.info\/es\/","name":"L\u00f3pez Vicu\u00f1a","description":"L\u00f3pez Vicu\u00f1a","publisher":{"@id":"https:\/\/www.lopezvicu.info\/es\/#organization"},"potentialAction":[{"@type":"SearchAction","target":{"@type":"EntryPoint","urlTemplate":"https:\/\/www.lopezvicu.info\/es\/?s={search_term_string}"},"query-input":{"@type":"PropertyValueSpecification","valueRequired":true,"valueName":"search_term_string"}}],"inLanguage":"es"},{"@type":"Organization","@id":"https:\/\/www.lopezvicu.info\/es\/#organization","name":"Lopez Vicu\u00f1a","url":"https:\/\/www.lopezvicu.info\/es\/","logo":{"@type":"ImageObject","inLanguage":"es","@id":"https:\/\/www.lopezvicu.info\/es\/#\/schema\/logo\/image\/","url":"https:\/\/www.lopezvicu.info\/wp-content\/uploads\/2022\/01\/logo.png","contentUrl":"https:\/\/www.lopezvicu.info\/wp-content\/uploads\/2022\/01\/logo.png","width":350,"height":70,"caption":"Lopez Vicu\u00f1a"},"image":{"@id":"https:\/\/www.lopezvicu.info\/es\/#\/schema\/logo\/image\/"},"sameAs":["https:\/\/www.facebook.com\/LopezVicuBCN\/","https:\/\/x.com\/lopezvicubcn","https:\/\/www.linkedin.com\/company\/lopezvicubcn\/","https:\/\/www.instagram.com\/lopezvicubcn\/","https:\/\/www.youtube.com\/@lopezvicubarcelona"],"description":"L\u00f3pez Vicu\u00f1a \u00e9s un centre concertat autoritzat pel Departament d'Educaci\u00f3 de la Generalitat de Catalunya amb CODI 08035015, per impartir Batxillerat i Cicles Formatius (Grau Mitj\u00e0 i Grau Superior), obert a tothom i comprom\u00e8s amb la realitat social, cultural i econ\u00f2mica que ens envolta i amb un cost econ\u00f2mic que garanteix l\u2019escolaritzaci\u00f3 post-obligat\u00f2ria de tots els estudiants. Situats a l'Eixample, en ple centre de Barcelona, i amb f\u00e0cil acc\u00e9s en transport p\u00fablic. Metodologies actives, emprenedoria, projectes, aprenentatge - servei, qualitat, multiling\u00fce mobilitat, FP Dual, tenen cabuda en tots els estudis que impartim","email":"direccio@lopezvicu.info","telephone":"934 87 65 94"}]}},"_links":{"self":[{"href":"https:\/\/www.lopezvicu.info\/es\/wp-json\/wp\/v2\/pages\/6589","targetHints":{"allow":["GET"]}}],"collection":[{"href":"https:\/\/www.lopezvicu.info\/es\/wp-json\/wp\/v2\/pages"}],"about":[{"href":"https:\/\/www.lopezvicu.info\/es\/wp-json\/wp\/v2\/types\/page"}],"author":[{"embeddable":true,"href":"https:\/\/www.lopezvicu.info\/es\/wp-json\/wp\/v2\/users\/1"}],"replies":[{"embeddable":true,"href":"https:\/\/www.lopezvicu.info\/es\/wp-json\/wp\/v2\/comments?post=6589"}],"version-history":[{"count":14,"href":"https:\/\/www.lopezvicu.info\/es\/wp-json\/wp\/v2\/pages\/6589\/revisions"}],"predecessor-version":[{"id":27909,"href":"https:\/\/www.lopezvicu.info\/es\/wp-json\/wp\/v2\/pages\/6589\/revisions\/27909"}],"wp:attachment":[{"href":"https:\/\/www.lopezvicu.info\/es\/wp-json\/wp\/v2\/media?parent=6589"}],"curies":[{"name":"wp","href":"https:\/\/api.w.org\/{rel}","templated":true}]}}