{"id":6585,"date":"2022-04-12T07:58:04","date_gmt":"2022-04-12T07:58:04","guid":{"rendered":"https:\/\/www.lopezvicu.info\/?page_id=6585"},"modified":"2025-10-18T10:07:28","modified_gmt":"2025-10-18T10:07:28","slug":"salidas-marketing-y-publicidad","status":"publish","type":"page","link":"https:\/\/www.lopezvicu.info\/es\/salidas-marketing-y-publicidad\/","title":{"rendered":"Salidas de marketing y publicidad"},"content":{"rendered":"<div class=\"gb-container gb-container-9e6f73a3\"><div class=\"gb-inside-container\">\n<div class=\"gb-container gb-container-5e593052\"><div class=\"gb-inside-container\">\n\n<h1 class=\"gb-headline gb-headline-0a9fafc4 gb-headline-text\">Activitades del ciclo formativo de M\u00e1rqueting y Publicidad<\/h1>\n\n\n\n<h2 class=\"gb-headline gb-headline-a97c4df6 gb-headline-text\">Primer curso<\/h2>\n\n\n\n<p>Las\u00a0<strong>actividades\u00a0<\/strong>acad\u00e9micas y profesionales\u00a0<strong>aprobadas\u00a0<\/strong>por el\u00a0<strong>Consejo Escolar<\/strong>\u00a0para el ciclo formativo de\u00a0<strong>grado superior<\/strong>\u00a0de <a href=\"https:\/\/www.lopezvicu.info\/cfgs-marqueting-i-publicitat-barcelona\/\" target=\"_blank\" rel=\"noreferrer noopener\"><strong>M\u00e1rqueting y Publicodad<\/strong><\/a> \u00a0<strong>de primero\u00a0<\/strong>ser\u00e1n mencionadas a continuaci\u00f3n (para estas salidas\u00a0<strong>no\u00a0<\/strong>ser\u00e1\u00a0<strong>necesario\u00a0<\/strong>que los menores de edad presenten la\u00a0<strong>autorizaci\u00f3n de menores<\/strong>).<\/p>\n\n\n\n<h3 class=\"gb-headline gb-headline-088554ee gb-headline-text\">Activitades primer trimestre<\/h3>\n\n\n\n<ul class=\"wp-block-list\">\n<li>Visita\/taller Museu del disseny \u201cPensar objecte\u201d.<\/li>\n\n\n\n<li>Taller primeros auxilios (docentes sanitarios).<\/li>\n\n\n\n<li>Visita Barcelona HighTech.<\/li>\n\n\n\n<li>Charla \u00ab\u00bfEst\u00e1s seguro?.<\/li>\n\n\n\n<li>Charla emprendedor.<\/li>\n<\/ul>\n\n\n\n<h3 class=\"gb-headline gb-headline-e96f5f8d gb-headline-text\">Activitades segundo trimestre<\/h3>\n\n\n\n<ul class=\"wp-block-list\">\n<li>Charla sobre NeuroMarketing i M\u00e0rqueting Experimental &#8211; N\u00faria Borrut \u2013 Grup Transversal.<\/li>\n\n\n\n<li>Scape Room- B\u00fasqueda de empleo &#8211; Barcelona Activa<\/li>\n\n\n\n<li>Charlas de alumnos que realizan la dual intensiva y empresas (Fundaci\u00f3 Bertelsmann, TAE Europa &#8230; )<\/li>\n\n\n\n<li>Seminarios y talleres universidades colaboradoras:\u00a0\u00a0ESIC\u00a0\/\u00a0Euncet\u00a0\/ UNIR \/ Blanquerna.<\/li>\n\n\n\n<li>Taller sobre Cibernarium.<\/li>\n\n\n\n<li>Visita Cacaolat.<\/li>\n\n\n\n<li>Taller Ag\u00e8ncia Catalana de Consum.<\/li>\n<\/ul>\n\n\n\n<h3 class=\"gb-headline gb-headline-061a0e56 gb-headline-text\">Activitades tercer trimestre<\/h3>\n\n\n\n<ul class=\"wp-block-list\">\n<li>Charla de ESIC:\u00a0\u00a0 \u00abPersonal branding\u00bb .<\/li>\n\n\n\n<li>Feria e-show sobre e-commerce\u00a0y\u00a0Mktg\u00a0digital.<\/li>\n\n\n\n<li>Charla profesionales empresas colaboradoras en la formaci\u00f3n pr\u00e1ctica. <\/li>\n\n\n\n<li>Charla de exalumnos en activo y en la universidad.<br>\u00a0<\/li>\n<\/ul>\n\n\n\n<p>Las&nbsp;<strong>fechas pueden&nbsp;<\/strong>verse&nbsp;<strong>afectadas&nbsp;<\/strong>seg\u00fan la&nbsp;<strong>disponibilidad&nbsp;<\/strong>de los ponentes y de las empresas colaboradoras.<\/p>\n\n\n\n<h2 class=\"gb-headline gb-headline-b7a4368b gb-headline-text\">Segundo curso<\/h2>\n\n\n\n<p>Estas son las&nbsp;<strong>actividades&nbsp;<\/strong>profesionales y\/o acad\u00e9micas que est\u00e1n&nbsp;<strong>previstas y aprobadas<\/strong>&nbsp;por el Consejo Escolar para el&nbsp;<strong>ciclo formativo&nbsp;<\/strong>de grado medio de  <strong><a href=\"https:\/\/www.lopezvicu.info\/cfgs-marqueting-i-publicitat-barcelona\/\" target=\"_blank\" rel=\"noreferrer noopener\">Marketing y publicidad<\/a><\/strong> <strong>de&nbsp;<\/strong>segundo curso. Para estas salidas&nbsp;<strong>no ser\u00e1 necesario&nbsp;<\/strong>que los menores de edad presenten la&nbsp;<strong>autorizaci\u00f3n de menores.<\/strong><\/p>\n\n\n\n<h3 class=\"gb-headline gb-headline-c74dd157 gb-headline-text\">Activitades primer trimestre<\/h3>\n\n\n\n<ul class=\"wp-block-list\">\n<li>Visita <strong>Ogilvy<\/strong>.<\/li>\n\n\n\n<li>Charla Silvia Tasc\u00f3n. Agencia Lobos y Tacones.<\/li>\n\n\n\n<li>Charla profesional Agencia de Medios &#8211; Havas Media o Dentsu.<\/li>\n\n\n\n<li>Charla sobre el\u00a0Mktg\u00a0de\u00a0Influencer.<\/li>\n\n\n\n<li>Visita Cacaolat.<\/li>\n\n\n\n<li>Taller sobre Estrategia y\u00a0Anal\u00edtica\u00a0en Social Media &#8211; Anna Montserrat.<\/li>\n<\/ul>\n\n\n\n<h3 class=\"gb-headline gb-headline-c1cf0970 gb-headline-text\">Activitades segundo trimestre<\/h3>\n\n\n\n<ul class=\"wp-block-list\">\n<li>Visita-taller: Pensar amb els ulls i mirar amb el cervell. Las herramientas del dise\u00f1ador gr\u00e1fico.  Museu del Disseny Hub.<\/li>\n\n\n\n<li>Charla eventos deportivos. Julia Roca<\/li>\n\n\n\n<li>Tallers Creativitat \u2013 Metropolis FP Lab.<\/li>\n\n\n\n<li>Visita empresa de Publicidad Exterior. Marc Mart\u00ed.<\/li>\n\n\n\n<li>Charlas del Col\u00b7legi de M\u00e0rqueting i Comunicaci\u00f3 (Palau Robert) \u2013 Mirador Indiscret.<\/li>\n\n\n\n<li>Seminarios y talleres universidades colaboradoras: ESIC, Euncet\/UNIR.<\/li>\n\n\n\n<li>Charla de exalumnos en activo y en la universidad.<\/li>\n\n\n\n<li>Charla-Taller discurso de odio, desde los medios de comunicaci\u00f3n &#8211; Cruz Roja o Lenguaje Inclusivo.<\/li>\n<\/ul>\n\n\n\n<h3 class=\"gb-headline gb-headline-93932a89 gb-headline-text\">Activitades tercer trimestre<\/h3>\n\n\n\n<ul class=\"wp-block-list\">\n<li>Taller Protocolo Ceremonial Escola Internacional Protocol, EIP.<\/li>\n\n\n\n<li>Charla sobre pre-test y post test publicitarios, Eva L\u00f3pez Ipsos Spain.<\/li>\n\n\n\n<li>Visita Col\u00b7legi de Marketing i Comunicaci\u00f3 de Catalunya o  Gremi de M\u00e0rqueting.<\/li>\n\n\n\n<li>Feria e-show sobre e-commerce\u00a0y\u00a0mktg\u00a0digital.<\/li>\n\n\n\n<li>Visita TV3 o Catalunya Radio.<\/li>\n<\/ul>\n\n\n\n<p>Las&nbsp;<strong>fechas pueden&nbsp;<\/strong>verse&nbsp;<strong>afectadas&nbsp;<\/strong>seg\u00fan la&nbsp;<strong>disponibilidad&nbsp;<\/strong>de los ponentes y de las empresas colaboradoras.<\/p>\n\n<\/div><\/div>\n<\/div><\/div>","protected":false},"excerpt":{"rendered":"<p>Activitades del ciclo formativo de M\u00e1rqueting y Publicidad Primer curso Las\u00a0actividades\u00a0acad\u00e9micas y profesionales\u00a0aprobadas\u00a0por el\u00a0Consejo Escolar\u00a0para el ciclo formativo de\u00a0grado superior\u00a0de M\u00e1rqueting y Publicodad \u00a0de primero\u00a0ser\u00e1n &#8230; <\/p>\n<p class=\"read-more-container\"><a title=\"Salidas de marketing y publicidad\" class=\"read-more button\" href=\"https:\/\/www.lopezvicu.info\/es\/salidas-marketing-y-publicidad\/#more-6585\" aria-label=\"Leer m\u00e1s sobre Salidas de marketing y publicidad\">Leer m\u00e1s<\/a><\/p>\n","protected":false},"author":1,"featured_media":0,"parent":0,"menu_order":0,"comment_status":"closed","ping_status":"closed","template":"","meta":{"footnotes":""},"class_list":["post-6585","page","type-page","status-publish"],"yoast_head":"<!-- This site is optimized with the Yoast SEO Premium plugin v26.0 (Yoast SEO v27.6) - https:\/\/yoast.com\/product\/yoast-seo-premium-wordpress\/ -->\n<title>Marketing y publicidad: salidas profesionales y acad\u00e9micas - Centre L\u00f3pez Vicu\u00f1a Barcelona<\/title>\n<meta name=\"description\" content=\"Descubre las salidas profesionales y acad\u00e9micas del ciclo de marketing y publicidad, y empieza con nuestro centro L\u00f3pez Vicu\u00f1a.\" \/>\n<meta name=\"robots\" content=\"index, follow, max-snippet:-1, max-image-preview:large, max-video-preview:-1\" \/>\n<link rel=\"canonical\" href=\"https:\/\/www.lopezvicu.info\/es\/salidas-marketing-y-publicidad\/\" \/>\n<meta property=\"og:locale\" content=\"es_ES\" \/>\n<meta property=\"og:type\" content=\"article\" \/>\n<meta property=\"og:title\" content=\"Salidas de marketing y publicidad\" \/>\n<meta property=\"og:description\" content=\"Descubre las salidas profesionales y acad\u00e9micas del ciclo de marketing y publicidad, y empieza con nuestro centro L\u00f3pez Vicu\u00f1a.\" \/>\n<meta property=\"og:url\" content=\"https:\/\/www.lopezvicu.info\/es\/salidas-marketing-y-publicidad\/\" \/>\n<meta property=\"og:site_name\" content=\"Centre L\u00f3pez Vicu\u00f1a Barcelona\" \/>\n<meta property=\"article:publisher\" content=\"https:\/\/www.facebook.com\/LopezVicuBCN\/\" \/>\n<meta property=\"article:modified_time\" content=\"2025-10-18T10:07:28+00:00\" \/>\n<meta name=\"twitter:card\" content=\"summary_large_image\" \/>\n<meta name=\"twitter:site\" content=\"@lopezvicubcn\" \/>\n<meta name=\"twitter:label1\" content=\"Tiempo de lectura\" \/>\n\t<meta name=\"twitter:data1\" content=\"2 minutos\" \/>\n<script type=\"application\/ld+json\" class=\"yoast-schema-graph\">{\"@context\":\"https:\\\/\\\/schema.org\",\"@graph\":[{\"@type\":\"WebPage\",\"@id\":\"https:\\\/\\\/www.lopezvicu.info\\\/es\\\/salidas-marketing-y-publicidad\\\/\",\"url\":\"https:\\\/\\\/www.lopezvicu.info\\\/es\\\/salidas-marketing-y-publicidad\\\/\",\"name\":\"Marketing y publicidad: salidas profesionales y acad\u00e9micas - Centre L\u00f3pez Vicu\u00f1a Barcelona\",\"isPartOf\":{\"@id\":\"https:\\\/\\\/www.lopezvicu.info\\\/es\\\/#website\"},\"datePublished\":\"2022-04-12T07:58:04+00:00\",\"dateModified\":\"2025-10-18T10:07:28+00:00\",\"description\":\"Descubre las salidas profesionales y acad\u00e9micas del ciclo de marketing y publicidad, y empieza con nuestro centro L\u00f3pez Vicu\u00f1a.\",\"breadcrumb\":{\"@id\":\"https:\\\/\\\/www.lopezvicu.info\\\/es\\\/salidas-marketing-y-publicidad\\\/#breadcrumb\"},\"inLanguage\":\"es\",\"potentialAction\":[{\"@type\":\"ReadAction\",\"target\":[\"https:\\\/\\\/www.lopezvicu.info\\\/es\\\/salidas-marketing-y-publicidad\\\/\"]}]},{\"@type\":\"BreadcrumbList\",\"@id\":\"https:\\\/\\\/www.lopezvicu.info\\\/es\\\/salidas-marketing-y-publicidad\\\/#breadcrumb\",\"itemListElement\":[{\"@type\":\"ListItem\",\"position\":1,\"name\":\"Portada\",\"item\":\"https:\\\/\\\/www.lopezvicu.info\\\/es\\\/\"},{\"@type\":\"ListItem\",\"position\":2,\"name\":\"Salidas de marketing y publicidad\"}]},{\"@type\":\"WebSite\",\"@id\":\"https:\\\/\\\/www.lopezvicu.info\\\/es\\\/#website\",\"url\":\"https:\\\/\\\/www.lopezvicu.info\\\/es\\\/\",\"name\":\"L\u00f3pez Vicu\u00f1a\",\"description\":\"L\u00f3pez Vicu\u00f1a\",\"publisher\":{\"@id\":\"https:\\\/\\\/www.lopezvicu.info\\\/es\\\/#organization\"},\"potentialAction\":[{\"@type\":\"SearchAction\",\"target\":{\"@type\":\"EntryPoint\",\"urlTemplate\":\"https:\\\/\\\/www.lopezvicu.info\\\/es\\\/?s={search_term_string}\"},\"query-input\":{\"@type\":\"PropertyValueSpecification\",\"valueRequired\":true,\"valueName\":\"search_term_string\"}}],\"inLanguage\":\"es\"},{\"@type\":\"Organization\",\"@id\":\"https:\\\/\\\/www.lopezvicu.info\\\/es\\\/#organization\",\"name\":\"Lopez Vicu\u00f1a\",\"url\":\"https:\\\/\\\/www.lopezvicu.info\\\/es\\\/\",\"logo\":{\"@type\":\"ImageObject\",\"inLanguage\":\"es\",\"@id\":\"https:\\\/\\\/www.lopezvicu.info\\\/es\\\/#\\\/schema\\\/logo\\\/image\\\/\",\"url\":\"https:\\\/\\\/www.lopezvicu.info\\\/wp-content\\\/uploads\\\/2022\\\/01\\\/logo.png\",\"contentUrl\":\"https:\\\/\\\/www.lopezvicu.info\\\/wp-content\\\/uploads\\\/2022\\\/01\\\/logo.png\",\"width\":350,\"height\":70,\"caption\":\"Lopez Vicu\u00f1a\"},\"image\":{\"@id\":\"https:\\\/\\\/www.lopezvicu.info\\\/es\\\/#\\\/schema\\\/logo\\\/image\\\/\"},\"sameAs\":[\"https:\\\/\\\/www.facebook.com\\\/LopezVicuBCN\\\/\",\"https:\\\/\\\/x.com\\\/lopezvicubcn\",\"https:\\\/\\\/www.linkedin.com\\\/company\\\/lopezvicubcn\\\/\",\"https:\\\/\\\/www.instagram.com\\\/lopezvicubcn\\\/\",\"https:\\\/\\\/www.youtube.com\\\/@lopezvicubarcelona\"],\"description\":\"L\u00f3pez Vicu\u00f1a \u00e9s un centre concertat autoritzat pel Departament d'Educaci\u00f3 de la Generalitat de Catalunya amb CODI 08035015, per impartir Batxillerat i Cicles Formatius (Grau Mitj\u00e0 i Grau Superior), obert a tothom i comprom\u00e8s amb la realitat social, cultural i econ\u00f2mica que ens envolta i amb un cost econ\u00f2mic que garanteix l\u2019escolaritzaci\u00f3 post-obligat\u00f2ria de tots els estudiants. Situats a l'Eixample, en ple centre de Barcelona, i amb f\u00e0cil acc\u00e9s en transport p\u00fablic. Metodologies actives, emprenedoria, projectes, aprenentatge - servei, qualitat, multiling\u00fce mobilitat, FP Dual, tenen cabuda en tots els estudis que impartim\",\"email\":\"direccio@lopezvicu.info\",\"telephone\":\"934 87 65 94\"}]}<\/script>\n<!-- \/ Yoast SEO Premium plugin. -->","yoast_head_json":{"title":"Marketing y publicidad: salidas profesionales y acad\u00e9micas - Centre L\u00f3pez Vicu\u00f1a Barcelona","description":"Descubre las salidas profesionales y acad\u00e9micas del ciclo de marketing y publicidad, y empieza con nuestro centro L\u00f3pez Vicu\u00f1a.","robots":{"index":"index","follow":"follow","max-snippet":"max-snippet:-1","max-image-preview":"max-image-preview:large","max-video-preview":"max-video-preview:-1"},"canonical":"https:\/\/www.lopezvicu.info\/es\/salidas-marketing-y-publicidad\/","og_locale":"es_ES","og_type":"article","og_title":"Salidas de marketing y publicidad","og_description":"Descubre las salidas profesionales y acad\u00e9micas del ciclo de marketing y publicidad, y empieza con nuestro centro L\u00f3pez Vicu\u00f1a.","og_url":"https:\/\/www.lopezvicu.info\/es\/salidas-marketing-y-publicidad\/","og_site_name":"Centre L\u00f3pez Vicu\u00f1a Barcelona","article_publisher":"https:\/\/www.facebook.com\/LopezVicuBCN\/","article_modified_time":"2025-10-18T10:07:28+00:00","twitter_card":"summary_large_image","twitter_site":"@lopezvicubcn","twitter_misc":{"Tiempo de lectura":"2 minutos"},"schema":{"@context":"https:\/\/schema.org","@graph":[{"@type":"WebPage","@id":"https:\/\/www.lopezvicu.info\/es\/salidas-marketing-y-publicidad\/","url":"https:\/\/www.lopezvicu.info\/es\/salidas-marketing-y-publicidad\/","name":"Marketing y publicidad: salidas profesionales y acad\u00e9micas - Centre L\u00f3pez Vicu\u00f1a Barcelona","isPartOf":{"@id":"https:\/\/www.lopezvicu.info\/es\/#website"},"datePublished":"2022-04-12T07:58:04+00:00","dateModified":"2025-10-18T10:07:28+00:00","description":"Descubre las salidas profesionales y acad\u00e9micas del ciclo de marketing y publicidad, y empieza con nuestro centro L\u00f3pez Vicu\u00f1a.","breadcrumb":{"@id":"https:\/\/www.lopezvicu.info\/es\/salidas-marketing-y-publicidad\/#breadcrumb"},"inLanguage":"es","potentialAction":[{"@type":"ReadAction","target":["https:\/\/www.lopezvicu.info\/es\/salidas-marketing-y-publicidad\/"]}]},{"@type":"BreadcrumbList","@id":"https:\/\/www.lopezvicu.info\/es\/salidas-marketing-y-publicidad\/#breadcrumb","itemListElement":[{"@type":"ListItem","position":1,"name":"Portada","item":"https:\/\/www.lopezvicu.info\/es\/"},{"@type":"ListItem","position":2,"name":"Salidas de marketing y publicidad"}]},{"@type":"WebSite","@id":"https:\/\/www.lopezvicu.info\/es\/#website","url":"https:\/\/www.lopezvicu.info\/es\/","name":"L\u00f3pez Vicu\u00f1a","description":"L\u00f3pez Vicu\u00f1a","publisher":{"@id":"https:\/\/www.lopezvicu.info\/es\/#organization"},"potentialAction":[{"@type":"SearchAction","target":{"@type":"EntryPoint","urlTemplate":"https:\/\/www.lopezvicu.info\/es\/?s={search_term_string}"},"query-input":{"@type":"PropertyValueSpecification","valueRequired":true,"valueName":"search_term_string"}}],"inLanguage":"es"},{"@type":"Organization","@id":"https:\/\/www.lopezvicu.info\/es\/#organization","name":"Lopez Vicu\u00f1a","url":"https:\/\/www.lopezvicu.info\/es\/","logo":{"@type":"ImageObject","inLanguage":"es","@id":"https:\/\/www.lopezvicu.info\/es\/#\/schema\/logo\/image\/","url":"https:\/\/www.lopezvicu.info\/wp-content\/uploads\/2022\/01\/logo.png","contentUrl":"https:\/\/www.lopezvicu.info\/wp-content\/uploads\/2022\/01\/logo.png","width":350,"height":70,"caption":"Lopez Vicu\u00f1a"},"image":{"@id":"https:\/\/www.lopezvicu.info\/es\/#\/schema\/logo\/image\/"},"sameAs":["https:\/\/www.facebook.com\/LopezVicuBCN\/","https:\/\/x.com\/lopezvicubcn","https:\/\/www.linkedin.com\/company\/lopezvicubcn\/","https:\/\/www.instagram.com\/lopezvicubcn\/","https:\/\/www.youtube.com\/@lopezvicubarcelona"],"description":"L\u00f3pez Vicu\u00f1a \u00e9s un centre concertat autoritzat pel Departament d'Educaci\u00f3 de la Generalitat de Catalunya amb CODI 08035015, per impartir Batxillerat i Cicles Formatius (Grau Mitj\u00e0 i Grau Superior), obert a tothom i comprom\u00e8s amb la realitat social, cultural i econ\u00f2mica que ens envolta i amb un cost econ\u00f2mic que garanteix l\u2019escolaritzaci\u00f3 post-obligat\u00f2ria de tots els estudiants. Situats a l'Eixample, en ple centre de Barcelona, i amb f\u00e0cil acc\u00e9s en transport p\u00fablic. Metodologies actives, emprenedoria, projectes, aprenentatge - servei, qualitat, multiling\u00fce mobilitat, FP Dual, tenen cabuda en tots els estudis que impartim","email":"direccio@lopezvicu.info","telephone":"934 87 65 94"}]}},"_links":{"self":[{"href":"https:\/\/www.lopezvicu.info\/es\/wp-json\/wp\/v2\/pages\/6585","targetHints":{"allow":["GET"]}}],"collection":[{"href":"https:\/\/www.lopezvicu.info\/es\/wp-json\/wp\/v2\/pages"}],"about":[{"href":"https:\/\/www.lopezvicu.info\/es\/wp-json\/wp\/v2\/types\/page"}],"author":[{"embeddable":true,"href":"https:\/\/www.lopezvicu.info\/es\/wp-json\/wp\/v2\/users\/1"}],"replies":[{"embeddable":true,"href":"https:\/\/www.lopezvicu.info\/es\/wp-json\/wp\/v2\/comments?post=6585"}],"version-history":[{"count":12,"href":"https:\/\/www.lopezvicu.info\/es\/wp-json\/wp\/v2\/pages\/6585\/revisions"}],"predecessor-version":[{"id":27915,"href":"https:\/\/www.lopezvicu.info\/es\/wp-json\/wp\/v2\/pages\/6585\/revisions\/27915"}],"wp:attachment":[{"href":"https:\/\/www.lopezvicu.info\/es\/wp-json\/wp\/v2\/media?parent=6585"}],"curies":[{"name":"wp","href":"https:\/\/api.w.org\/{rel}","templated":true}]}}