{"id":6583,"date":"2022-04-12T08:14:42","date_gmt":"2022-04-12T08:14:42","guid":{"rendered":"https:\/\/www.lopezvicu.info\/?page_id=6583"},"modified":"2025-10-20T08:44:57","modified_gmt":"2025-10-20T08:44:57","slug":"salidas-comercio-internacional","status":"publish","type":"page","link":"https:\/\/www.lopezvicu.info\/es\/salidas-comercio-internacional\/","title":{"rendered":"Salidas de comercio Internacional"},"content":{"rendered":"<div class=\"gb-container gb-container-36408330\"><div class=\"gb-inside-container\">\n\n<h1 class=\"gb-headline gb-headline-498b4c31 gb-headline-text\">Actividades del ciclo formativo de Comercio internacional<\/h1>\n\n\n\n<h2 class=\"gb-headline gb-headline-d0ac45b0 gb-headline-text\">Primer curso<\/h2>\n\n\n\n<p>Las <strong>actividades <\/strong>acad\u00e9micas y profesionales <strong>aprobadas <\/strong>por el <strong>Consejo Escolar<\/strong> para el ciclo formativo de <strong>grado superior<\/strong> de <strong><a href=\"https:\/\/www.lopezvicu.info\/es\/cfgs-comercio-internacional\/\" target=\"_blank\" rel=\"noreferrer noopener\">Comercio internacional<\/a> de primero <\/strong>ser\u00e1n mencionadas a continuaci\u00f3n (para estas salidas <strong>no <\/strong>ser\u00e1 <strong>necesario <\/strong>que los menores de edad presenten la <strong>autorizaci\u00f3n de menores<\/strong>).<\/p>\n\n\n\n<h3 class=\"gb-headline gb-headline-fcc150aa gb-headline-text\">Actividades primer trimestre<\/h3>\n\n\n\n<ul class=\"wp-block-list\">\n<li>Taller Primeros Auxilios &#8211; Impartido por enfermero-docente&nbsp;del centro.<\/li>\n\n\n\n<li>Visita a la exposici\u00f3n \u00abWorldPressPhoto\u00bb CCCB Barcelona.<\/li>\n\n\n\n<li>Visita empresa Frit Ravich.<\/li>\n\n\n\n<li>Charla de un emprendedor.<\/li>\n<\/ul>\n\n\n\n<h3 class=\"gb-headline gb-headline-2ebf88d4 gb-headline-text\">Actividades segundo trimestre<\/h3>\n\n\n\n<ul class=\"wp-block-list\">\n<li>Visita al Centro Log\u00edstico Amazon \u2013 ZAL.<\/li>\n\n\n\n<li>Jornadas \u201cForma\u2019t al Port\u201d curs Introducci\u00f3n: visita terminal portuaria y ZAL.<\/li>\n\n\n\n<li>Charla negociaci\u00f3n cargo de Ra\u00fal Fern\u00e1ndez.<\/li>\n\n\n\n<li>Charlas exalumnos  del ciclo actualmente en activo en el sector.\u00a0<\/li>\n\n\n\n<li>Scape Room- B\u00fasqueda de empleo- Barcelona Activa.<\/li>\n\n\n\n<li>Visita al Centro Log\u00edstico Decathlon \u2013 ZAL<\/li>\n\n\n\n<li>Visita empresa Bon \u00c0rea i Torrons Vicens<\/li>\n\n\n\n<li>Charla empresa Dual Intensiva.<\/li>\n<\/ul>\n\n\n\n<h3 class=\"gb-headline gb-headline-3015db15 gb-headline-text\">Actividades tercer trimestre<\/h3>\n\n\n\n<ul class=\"wp-block-list\">\n<li>Taller cibernarium.<\/li>\n\n\n\n<li>Visita Terminal Carga WFS.<\/li>\n\n\n\n<li>Visita Terminal APM.<\/li>\n\n\n\n<li>Charla \u201cPersonal Branding\u201d &#8211; Chal Jim\u00e9nez \u2013 (jornadas t\u00e9cnicas)<\/li>\n\n\n\n<li>Visita Centre Log\u00edstic Decathlon \u2013 ZAL.<\/li>\n\n\n\n<li>Seminarios y talleres universidades colaboradoras:\u00a0 ESIC \/ Euncet \/ UNIR.<\/li>\n\n\n\n<li>Charla protocolo en Jap\u00f3n: Aspectos culturales de una negociaci\u00f3n (EIP).<\/li>\n<\/ul>\n\n\n\n<h2 class=\"gb-headline gb-headline-ab46358f gb-headline-text\">Segundo curso<\/h2>\n\n\n\n<p>Estas son las&nbsp;<strong>actividades&nbsp;<\/strong>profesionales y\/o acad\u00e9micas que est\u00e1n&nbsp;<strong>previstas y aprobadas<\/strong>&nbsp;por el Consejo Escolar para el&nbsp;<strong>ciclo formativo&nbsp;<\/strong>de grado medio de&nbsp; <strong><a href=\"https:\/\/www.lopezvicu.info\/es\/cfgs-comercio-internacional\/\" target=\"_blank\" rel=\"noreferrer noopener\">Comercio internacional<\/a> de <\/strong>segundo. Para estas salidas&nbsp;<strong>no ser\u00e1 necesario&nbsp;<\/strong>que los menores de edad presenten la&nbsp;<strong>autorizaci\u00f3n de menores.<\/strong><\/p>\n\n\n\n<h3 class=\"gb-headline gb-headline-58f07147 gb-headline-text\">Actividades primer trimestre<\/h3>\n\n\n\n<ul class=\"wp-block-list\">\n<li>Visita Cacaolat.<\/li>\n\n\n\n<li>Charla de un profesional del sector.<\/li>\n<\/ul>\n\n\n\n<h3 class=\"gb-headline gb-headline-78a78517 gb-headline-text\">Actividades segundo trimestre<\/h3>\n\n\n\n<ul class=\"wp-block-list\">\n<li>Seminarios y talleres universidades colaboradoras:\u00a0 ESIC \/ Euncet \/ UNIR.<\/li>\n\n\n\n<li>Taller en Metr\u00f2polisFPLab.<\/li>\n\n\n\n<li>Visita al Centro Log\u00edstico Amazon \u2013 ZAL.\u00a0<\/li>\n<\/ul>\n\n\n\n<h3 class=\"gb-headline gb-headline-37c434bd gb-headline-text\">Actividades tercer trimestre<\/h3>\n\n\n\n<ul class=\"wp-block-list\">\n<li>Visita Acci\u00f3.<\/li>\n\n\n\n<li>Charlas exalumnos  del ciclo actualmente en activo en el sector.\u00a0<\/li>\n<\/ul>\n\n\n\n<p>Las <strong>fechas pueden <\/strong>verse <strong>afectadas <\/strong>seg\u00fan la <strong>disponibilidad <\/strong>de los ponentes y de las empresas colaboradoras.<\/p>\n\n<\/div><\/div>\n\n\n<p><\/p>\n","protected":false},"excerpt":{"rendered":"<p>Actividades del ciclo formativo de Comercio internacional Primer curso Las actividades acad\u00e9micas y profesionales aprobadas por el Consejo Escolar para el ciclo formativo de grado &#8230; <\/p>\n<p class=\"read-more-container\"><a title=\"Salidas de comercio Internacional\" class=\"read-more button\" href=\"https:\/\/www.lopezvicu.info\/es\/salidas-comercio-internacional\/#more-6583\" aria-label=\"Leer m\u00e1s sobre Salidas de comercio Internacional\">Leer m\u00e1s<\/a><\/p>\n","protected":false},"author":1,"featured_media":0,"parent":0,"menu_order":0,"comment_status":"closed","ping_status":"closed","template":"","meta":{"footnotes":""},"class_list":["post-6583","page","type-page","status-publish"],"yoast_head":"<!-- This site is optimized with the Yoast SEO Premium plugin v26.0 (Yoast SEO v27.6) - https:\/\/yoast.com\/product\/yoast-seo-premium-wordpress\/ -->\n<title>Comercio internacional: salidas acad\u00e9micas y profesionales - Centre L\u00f3pez Vicu\u00f1a Barcelona<\/title>\n<meta name=\"description\" content=\"Descubre las salidas profesionales y acad\u00e9micas del ciclo formativo de comercio internacional y empieza en nuestro centro L\u00f3pez Vicu\u00f1a.\" \/>\n<meta name=\"robots\" content=\"index, follow, max-snippet:-1, max-image-preview:large, max-video-preview:-1\" \/>\n<link rel=\"canonical\" href=\"https:\/\/www.lopezvicu.info\/es\/salidas-comercio-internacional\/\" \/>\n<meta property=\"og:locale\" content=\"es_ES\" \/>\n<meta property=\"og:type\" content=\"article\" \/>\n<meta property=\"og:title\" content=\"Salidas de comercio Internacional\" \/>\n<meta property=\"og:description\" content=\"Descubre las salidas profesionales y acad\u00e9micas del ciclo formativo de comercio internacional y empieza en nuestro centro L\u00f3pez Vicu\u00f1a.\" \/>\n<meta property=\"og:url\" content=\"https:\/\/www.lopezvicu.info\/es\/salidas-comercio-internacional\/\" \/>\n<meta property=\"og:site_name\" content=\"Centre L\u00f3pez Vicu\u00f1a Barcelona\" \/>\n<meta property=\"article:publisher\" content=\"https:\/\/www.facebook.com\/LopezVicuBCN\/\" \/>\n<meta property=\"article:modified_time\" content=\"2025-10-20T08:44:57+00:00\" \/>\n<meta name=\"twitter:card\" content=\"summary_large_image\" \/>\n<meta name=\"twitter:site\" content=\"@lopezvicubcn\" \/>\n<meta name=\"twitter:label1\" content=\"Tiempo de lectura\" \/>\n\t<meta name=\"twitter:data1\" content=\"2 minutos\" \/>\n<script type=\"application\/ld+json\" class=\"yoast-schema-graph\">{\"@context\":\"https:\\\/\\\/schema.org\",\"@graph\":[{\"@type\":\"WebPage\",\"@id\":\"https:\\\/\\\/www.lopezvicu.info\\\/es\\\/salidas-comercio-internacional\\\/\",\"url\":\"https:\\\/\\\/www.lopezvicu.info\\\/es\\\/salidas-comercio-internacional\\\/\",\"name\":\"Comercio internacional: salidas acad\u00e9micas y profesionales - Centre L\u00f3pez Vicu\u00f1a Barcelona\",\"isPartOf\":{\"@id\":\"https:\\\/\\\/www.lopezvicu.info\\\/es\\\/#website\"},\"datePublished\":\"2022-04-12T08:14:42+00:00\",\"dateModified\":\"2025-10-20T08:44:57+00:00\",\"description\":\"Descubre las salidas profesionales y acad\u00e9micas del ciclo formativo de comercio internacional y empieza en nuestro centro L\u00f3pez Vicu\u00f1a.\",\"breadcrumb\":{\"@id\":\"https:\\\/\\\/www.lopezvicu.info\\\/es\\\/salidas-comercio-internacional\\\/#breadcrumb\"},\"inLanguage\":\"es\",\"potentialAction\":[{\"@type\":\"ReadAction\",\"target\":[\"https:\\\/\\\/www.lopezvicu.info\\\/es\\\/salidas-comercio-internacional\\\/\"]}]},{\"@type\":\"BreadcrumbList\",\"@id\":\"https:\\\/\\\/www.lopezvicu.info\\\/es\\\/salidas-comercio-internacional\\\/#breadcrumb\",\"itemListElement\":[{\"@type\":\"ListItem\",\"position\":1,\"name\":\"Portada\",\"item\":\"https:\\\/\\\/www.lopezvicu.info\\\/es\\\/\"},{\"@type\":\"ListItem\",\"position\":2,\"name\":\"Salidas de comercio Internacional\"}]},{\"@type\":\"WebSite\",\"@id\":\"https:\\\/\\\/www.lopezvicu.info\\\/es\\\/#website\",\"url\":\"https:\\\/\\\/www.lopezvicu.info\\\/es\\\/\",\"name\":\"L\u00f3pez Vicu\u00f1a\",\"description\":\"L\u00f3pez Vicu\u00f1a\",\"publisher\":{\"@id\":\"https:\\\/\\\/www.lopezvicu.info\\\/es\\\/#organization\"},\"potentialAction\":[{\"@type\":\"SearchAction\",\"target\":{\"@type\":\"EntryPoint\",\"urlTemplate\":\"https:\\\/\\\/www.lopezvicu.info\\\/es\\\/?s={search_term_string}\"},\"query-input\":{\"@type\":\"PropertyValueSpecification\",\"valueRequired\":true,\"valueName\":\"search_term_string\"}}],\"inLanguage\":\"es\"},{\"@type\":\"Organization\",\"@id\":\"https:\\\/\\\/www.lopezvicu.info\\\/es\\\/#organization\",\"name\":\"Lopez Vicu\u00f1a\",\"url\":\"https:\\\/\\\/www.lopezvicu.info\\\/es\\\/\",\"logo\":{\"@type\":\"ImageObject\",\"inLanguage\":\"es\",\"@id\":\"https:\\\/\\\/www.lopezvicu.info\\\/es\\\/#\\\/schema\\\/logo\\\/image\\\/\",\"url\":\"https:\\\/\\\/www.lopezvicu.info\\\/wp-content\\\/uploads\\\/2022\\\/01\\\/logo.png\",\"contentUrl\":\"https:\\\/\\\/www.lopezvicu.info\\\/wp-content\\\/uploads\\\/2022\\\/01\\\/logo.png\",\"width\":350,\"height\":70,\"caption\":\"Lopez Vicu\u00f1a\"},\"image\":{\"@id\":\"https:\\\/\\\/www.lopezvicu.info\\\/es\\\/#\\\/schema\\\/logo\\\/image\\\/\"},\"sameAs\":[\"https:\\\/\\\/www.facebook.com\\\/LopezVicuBCN\\\/\",\"https:\\\/\\\/x.com\\\/lopezvicubcn\",\"https:\\\/\\\/www.linkedin.com\\\/company\\\/lopezvicubcn\\\/\",\"https:\\\/\\\/www.instagram.com\\\/lopezvicubcn\\\/\",\"https:\\\/\\\/www.youtube.com\\\/@lopezvicubarcelona\"],\"description\":\"L\u00f3pez Vicu\u00f1a \u00e9s un centre concertat autoritzat pel Departament d'Educaci\u00f3 de la Generalitat de Catalunya amb CODI 08035015, per impartir Batxillerat i Cicles Formatius (Grau Mitj\u00e0 i Grau Superior), obert a tothom i comprom\u00e8s amb la realitat social, cultural i econ\u00f2mica que ens envolta i amb un cost econ\u00f2mic que garanteix l\u2019escolaritzaci\u00f3 post-obligat\u00f2ria de tots els estudiants. Situats a l'Eixample, en ple centre de Barcelona, i amb f\u00e0cil acc\u00e9s en transport p\u00fablic. Metodologies actives, emprenedoria, projectes, aprenentatge - servei, qualitat, multiling\u00fce mobilitat, FP Dual, tenen cabuda en tots els estudis que impartim\",\"email\":\"direccio@lopezvicu.info\",\"telephone\":\"934 87 65 94\"}]}<\/script>\n<!-- \/ Yoast SEO Premium plugin. -->","yoast_head_json":{"title":"Comercio internacional: salidas acad\u00e9micas y profesionales - Centre L\u00f3pez Vicu\u00f1a Barcelona","description":"Descubre las salidas profesionales y acad\u00e9micas del ciclo formativo de comercio internacional y empieza en nuestro centro L\u00f3pez Vicu\u00f1a.","robots":{"index":"index","follow":"follow","max-snippet":"max-snippet:-1","max-image-preview":"max-image-preview:large","max-video-preview":"max-video-preview:-1"},"canonical":"https:\/\/www.lopezvicu.info\/es\/salidas-comercio-internacional\/","og_locale":"es_ES","og_type":"article","og_title":"Salidas de comercio Internacional","og_description":"Descubre las salidas profesionales y acad\u00e9micas del ciclo formativo de comercio internacional y empieza en nuestro centro L\u00f3pez Vicu\u00f1a.","og_url":"https:\/\/www.lopezvicu.info\/es\/salidas-comercio-internacional\/","og_site_name":"Centre L\u00f3pez Vicu\u00f1a Barcelona","article_publisher":"https:\/\/www.facebook.com\/LopezVicuBCN\/","article_modified_time":"2025-10-20T08:44:57+00:00","twitter_card":"summary_large_image","twitter_site":"@lopezvicubcn","twitter_misc":{"Tiempo de lectura":"2 minutos"},"schema":{"@context":"https:\/\/schema.org","@graph":[{"@type":"WebPage","@id":"https:\/\/www.lopezvicu.info\/es\/salidas-comercio-internacional\/","url":"https:\/\/www.lopezvicu.info\/es\/salidas-comercio-internacional\/","name":"Comercio internacional: salidas acad\u00e9micas y profesionales - Centre L\u00f3pez Vicu\u00f1a Barcelona","isPartOf":{"@id":"https:\/\/www.lopezvicu.info\/es\/#website"},"datePublished":"2022-04-12T08:14:42+00:00","dateModified":"2025-10-20T08:44:57+00:00","description":"Descubre las salidas profesionales y acad\u00e9micas del ciclo formativo de comercio internacional y empieza en nuestro centro L\u00f3pez Vicu\u00f1a.","breadcrumb":{"@id":"https:\/\/www.lopezvicu.info\/es\/salidas-comercio-internacional\/#breadcrumb"},"inLanguage":"es","potentialAction":[{"@type":"ReadAction","target":["https:\/\/www.lopezvicu.info\/es\/salidas-comercio-internacional\/"]}]},{"@type":"BreadcrumbList","@id":"https:\/\/www.lopezvicu.info\/es\/salidas-comercio-internacional\/#breadcrumb","itemListElement":[{"@type":"ListItem","position":1,"name":"Portada","item":"https:\/\/www.lopezvicu.info\/es\/"},{"@type":"ListItem","position":2,"name":"Salidas de comercio Internacional"}]},{"@type":"WebSite","@id":"https:\/\/www.lopezvicu.info\/es\/#website","url":"https:\/\/www.lopezvicu.info\/es\/","name":"L\u00f3pez Vicu\u00f1a","description":"L\u00f3pez Vicu\u00f1a","publisher":{"@id":"https:\/\/www.lopezvicu.info\/es\/#organization"},"potentialAction":[{"@type":"SearchAction","target":{"@type":"EntryPoint","urlTemplate":"https:\/\/www.lopezvicu.info\/es\/?s={search_term_string}"},"query-input":{"@type":"PropertyValueSpecification","valueRequired":true,"valueName":"search_term_string"}}],"inLanguage":"es"},{"@type":"Organization","@id":"https:\/\/www.lopezvicu.info\/es\/#organization","name":"Lopez Vicu\u00f1a","url":"https:\/\/www.lopezvicu.info\/es\/","logo":{"@type":"ImageObject","inLanguage":"es","@id":"https:\/\/www.lopezvicu.info\/es\/#\/schema\/logo\/image\/","url":"https:\/\/www.lopezvicu.info\/wp-content\/uploads\/2022\/01\/logo.png","contentUrl":"https:\/\/www.lopezvicu.info\/wp-content\/uploads\/2022\/01\/logo.png","width":350,"height":70,"caption":"Lopez Vicu\u00f1a"},"image":{"@id":"https:\/\/www.lopezvicu.info\/es\/#\/schema\/logo\/image\/"},"sameAs":["https:\/\/www.facebook.com\/LopezVicuBCN\/","https:\/\/x.com\/lopezvicubcn","https:\/\/www.linkedin.com\/company\/lopezvicubcn\/","https:\/\/www.instagram.com\/lopezvicubcn\/","https:\/\/www.youtube.com\/@lopezvicubarcelona"],"description":"L\u00f3pez Vicu\u00f1a \u00e9s un centre concertat autoritzat pel Departament d'Educaci\u00f3 de la Generalitat de Catalunya amb CODI 08035015, per impartir Batxillerat i Cicles Formatius (Grau Mitj\u00e0 i Grau Superior), obert a tothom i comprom\u00e8s amb la realitat social, cultural i econ\u00f2mica que ens envolta i amb un cost econ\u00f2mic que garanteix l\u2019escolaritzaci\u00f3 post-obligat\u00f2ria de tots els estudiants. Situats a l'Eixample, en ple centre de Barcelona, i amb f\u00e0cil acc\u00e9s en transport p\u00fablic. Metodologies actives, emprenedoria, projectes, aprenentatge - servei, qualitat, multiling\u00fce mobilitat, FP Dual, tenen cabuda en tots els estudis que impartim","email":"direccio@lopezvicu.info","telephone":"934 87 65 94"}]}},"_links":{"self":[{"href":"https:\/\/www.lopezvicu.info\/es\/wp-json\/wp\/v2\/pages\/6583","targetHints":{"allow":["GET"]}}],"collection":[{"href":"https:\/\/www.lopezvicu.info\/es\/wp-json\/wp\/v2\/pages"}],"about":[{"href":"https:\/\/www.lopezvicu.info\/es\/wp-json\/wp\/v2\/types\/page"}],"author":[{"embeddable":true,"href":"https:\/\/www.lopezvicu.info\/es\/wp-json\/wp\/v2\/users\/1"}],"replies":[{"embeddable":true,"href":"https:\/\/www.lopezvicu.info\/es\/wp-json\/wp\/v2\/comments?post=6583"}],"version-history":[{"count":16,"href":"https:\/\/www.lopezvicu.info\/es\/wp-json\/wp\/v2\/pages\/6583\/revisions"}],"predecessor-version":[{"id":27919,"href":"https:\/\/www.lopezvicu.info\/es\/wp-json\/wp\/v2\/pages\/6583\/revisions\/27919"}],"wp:attachment":[{"href":"https:\/\/www.lopezvicu.info\/es\/wp-json\/wp\/v2\/media?parent=6583"}],"curies":[{"name":"wp","href":"https:\/\/api.w.org\/{rel}","templated":true}]}}