{"id":6564,"date":"2022-04-12T08:20:15","date_gmt":"2022-04-12T08:20:15","guid":{"rendered":"https:\/\/www.lopezvicu.info\/?page_id=6564"},"modified":"2025-10-17T16:24:25","modified_gmt":"2025-10-17T16:24:25","slug":"salidas-gestion-administrativa","status":"publish","type":"page","link":"https:\/\/www.lopezvicu.info\/es\/salidas-gestion-administrativa\/","title":{"rendered":"Salidas de gesti\u00f3n administrativa"},"content":{"rendered":"<div class=\"gb-container gb-container-26a43500\"><div class=\"gb-inside-container\">\n\n<h1 class=\"gb-headline gb-headline-9dab4947 gb-headline-text\">Actividades del ciclo formativo de Gesti\u00f3n administrativa<\/h1>\n\n\n\n<h2 class=\"gb-headline gb-headline-e0624074 gb-headline-text\">Primer curso<\/h2>\n\n\n\n<p>Estas son las <strong>actividades <\/strong> previstas y aprobadas por el Consejo Escolar para el <strong>ciclo formativo<\/strong> de grado medio de<strong> <a href=\"https:\/\/www.lopezvicu.info\/es\/cfgm-gestion-administrativa\/\" target=\"_blank\" rel=\"noreferrer noopener\">Gesti\u00f3n administrativa <\/a><\/strong>de primer curso. Para estas salidas no ser\u00e1 necesario que los menores de edad presenten la autorizaci\u00f3n de menores.<\/p>\n\n\n<div class=\"gb-button-wrapper gb-button-wrapper-7fe7a597\">\n\n<a class=\"gb-button gb-button-cec7dce8 gb-button-text\" href=\"https:\/\/www.lopezvicu.info\/wp-content\/uploads\/2024\/10\/Calendari-2024-2025_Gestio-Administrativa-1r.pdf\" target=\"_blank\" rel=\"nofollow noopener noreferrer\">Descargar calendario alumnos GAD1 2025-2026<\/a>\n\n<\/div>\n\n\n<h3 class=\"gb-headline gb-headline-b2e614ca gb-headline-text\"><br>Actividades primer trimestre<\/h3>\n\n\n\n<ul class=\"wp-block-list\">\n<li>Visita als serveis territorials de arbitraje y mediaci\u00f3n.<\/li>\n\n\n\n<li>Charla empresarial FECAT<\/li>\n\n\n\n<li>Visita a la Ciutat de la Just\u00edcia de Barcelona.<\/li>\n\n\n\n<li>Visita Cacaolat.<\/li>\n\n\n\n<li>Taller primeros auxilios.<\/li>\n\n\n\n<li>Charla\/taller\u00a0 EFECT:  \u00bfEst\u00e1s seguro?<\/li>\n<\/ul>\n\n\n\n<h3 class=\"gb-headline gb-headline-722a65bb gb-headline-text\">Actividades segundo trimestre<\/h3>\n\n\n\n<ul class=\"wp-block-list\">\n<li>Charla Juez.<\/li>\n\n\n\n<li>Charla fiscal de la audiencia provincial Sra. Silvia Armero.<\/li>\n\n\n\n<li>Charla procuradora Adriana Flores.<\/li>\n\n\n\n<li>Charla abogado \u00c1rea Legal Management.<\/li>\n\n\n\n<li>Escola de Consum de Catalunya (visita )<\/li>\n\n\n\n<li>Scape room selecci\u00f3n de personal Barcelona Activa Porta 22<\/li>\n\n\n\n<li>Economia circular (visita-charla)<\/li>\n\n\n\n<li>Visita Bon \u00c0rea i Torrons Vicens<\/li>\n\n\n\n<li>Activitat Cibernarium<\/li>\n<\/ul>\n\n\n\n<h3 class=\"gb-headline gb-headline-8ccf44a5 gb-headline-text\">Actividades tercer trimestre<\/h3>\n\n\n\n<ul class=\"wp-block-list\">\n<li>Visita audiencia provincial.<\/li>\n\n\n\n<li>Charla \u00abPersonal branding\u00bb a cargo de Chal Jim\u00e9nez.<\/li>\n<\/ul>\n\n\n\n<p>Las <strong>fechas<\/strong> <strong>susceptibles <\/strong>de <strong>cambios<\/strong> seg\u00fan la disponibilidad de los ponentes y de las empresas colaboradoras.<\/p>\n\n\n\n<h2 class=\"gb-headline gb-headline-40ea3dd5 gb-headline-text\">Segundo curso<\/h2>\n\n\n\n<p>Estas son las <strong>actividades<\/strong> acad\u00e9micas y\/o profesionales aprobadas y previstas por el Consejo Escolar para el <strong>ciclo formativo<\/strong> de grado medio de <strong><a href=\"https:\/\/www.lopezvicu.info\/es\/cfgm-gestion-administrativa\/\" target=\"_blank\" rel=\"noreferrer noopener\">Gesti\u00f3n administrativa<\/a><\/strong> del segundo curso para 2021-2022. Para estas salidas no ser\u00e1 necesario que los menores de edad presenten la autorizaci\u00f3n de menores.<\/p>\n\n\n<div class=\"gb-button-wrapper gb-button-wrapper-7af8a4c2\">\n\n<a class=\"gb-button gb-button-b0b45b94 gb-button-text\" href=\"https:\/\/www.lopezvicu.info\/wp-content\/uploads\/2025\/10\/CALENDARI-FAMILIES-GAD2-25-26.pdf\" target=\"_blank\" rel=\"nofollow noopener noreferrer\">Descargar calendario alumnos GAD2 2025-2026<\/a>\n\n<\/div>\n\n\n<h3 class=\"gb-headline gb-headline-4b277113 gb-headline-text\">Actividades primer trimestre<\/h3>\n\n\n\n<ul class=\"wp-block-list\">\n<li>Charla exalumno.<\/li>\n\n\n\n<li>Visita TV3.<\/li>\n\n\n\n<li>Visita Museu del Disseny.<\/li>\n\n\n\n<li>Visita La Fageda.<\/li>\n\n\n\n<li>Charla experiencia empresarial.<\/li>\n<\/ul>\n\n\n\n<h3 class=\"gb-headline gb-headline-1eae3e97 gb-headline-text\">Actividades segundo trimestre<\/h3>\n\n\n\n<ul class=\"wp-block-list\">\n<li>Visita Bon \u00c0rea i Torrons Vicens<\/li>\n\n\n\n<li>Charla extranjer\u00eda Carlos Carrasco<\/li>\n\n\n\n<li>Cine en ingl\u00e9s.<\/li>\n<\/ul>\n\n\n\n<h3 class=\"gb-headline gb-headline-c9fc3695 gb-headline-text\">Actividades tercer trimestre<\/h3>\n\n\n\n<ul class=\"wp-block-list\">\n<li>Charla Agencia Tributaria.<\/li>\n\n\n\n<li>EFECT: Los impuestos y t\u00fa: \u00bfPara que sirven los impuestos y las consecuencias del fraude?<\/li>\n\n\n\n<li>Visita al Parlament de Catalunya<\/li>\n\n\n\n<li>Visita a Catalunya R\u00e0dio<\/li>\n<\/ul>\n\n\n\n<p>Las fechas de las <strong>salidas<\/strong> son <strong>susceptibles <\/strong>de <strong>cambios <\/strong>seg\u00fan la disponibilidad de los ponentes y de las empresas colaboradoras.<\/p>\n\n<\/div><\/div>","protected":false},"excerpt":{"rendered":"<p>Actividades del ciclo formativo de Gesti\u00f3n administrativa Primer curso Estas son las actividades previstas y aprobadas por el Consejo Escolar para el ciclo formativo de &#8230; <\/p>\n<p class=\"read-more-container\"><a title=\"Salidas de gesti\u00f3n administrativa\" class=\"read-more button\" href=\"https:\/\/www.lopezvicu.info\/es\/salidas-gestion-administrativa\/#more-6564\" aria-label=\"Leer m\u00e1s sobre Salidas de gesti\u00f3n administrativa\">Leer m\u00e1s<\/a><\/p>\n","protected":false},"author":1,"featured_media":0,"parent":0,"menu_order":0,"comment_status":"closed","ping_status":"closed","template":"","meta":{"footnotes":""},"class_list":["post-6564","page","type-page","status-publish"],"yoast_head":"<!-- This site is optimized with the Yoast SEO Premium plugin v26.0 (Yoast SEO v27.6) - https:\/\/yoast.com\/product\/yoast-seo-premium-wordpress\/ -->\n<title>Gesti\u00f3n administrativa: salidas profesionales y acad\u00e9micas - Centre L\u00f3pez Vicu\u00f1a Barcelona<\/title>\n<meta name=\"description\" content=\"Descubre las salidas profesionales y acad\u00e9micas del ciclo de gesti\u00f3n administrativa y empieza con nuestro centro L\u00f3pez Vicu\u00f1a.\" \/>\n<meta name=\"robots\" content=\"index, follow, max-snippet:-1, max-image-preview:large, max-video-preview:-1\" \/>\n<link rel=\"canonical\" href=\"https:\/\/www.lopezvicu.info\/es\/salidas-gestion-administrativa\/\" \/>\n<meta property=\"og:locale\" content=\"es_ES\" \/>\n<meta property=\"og:type\" content=\"article\" \/>\n<meta property=\"og:title\" content=\"Salidas de gesti\u00f3n administrativa\" \/>\n<meta property=\"og:description\" content=\"Descubre las salidas profesionales y acad\u00e9micas del ciclo de gesti\u00f3n administrativa y empieza con nuestro centro L\u00f3pez Vicu\u00f1a.\" \/>\n<meta property=\"og:url\" content=\"https:\/\/www.lopezvicu.info\/es\/salidas-gestion-administrativa\/\" \/>\n<meta property=\"og:site_name\" content=\"Centre L\u00f3pez Vicu\u00f1a Barcelona\" \/>\n<meta property=\"article:publisher\" content=\"https:\/\/www.facebook.com\/LopezVicuBCN\/\" \/>\n<meta property=\"article:modified_time\" content=\"2025-10-17T16:24:25+00:00\" \/>\n<meta name=\"twitter:card\" content=\"summary_large_image\" \/>\n<meta name=\"twitter:site\" content=\"@lopezvicubcn\" \/>\n<meta name=\"twitter:label1\" content=\"Tiempo de lectura\" \/>\n\t<meta name=\"twitter:data1\" content=\"2 minutos\" \/>\n<script type=\"application\/ld+json\" class=\"yoast-schema-graph\">{\"@context\":\"https:\\\/\\\/schema.org\",\"@graph\":[{\"@type\":\"WebPage\",\"@id\":\"https:\\\/\\\/www.lopezvicu.info\\\/es\\\/salidas-gestion-administrativa\\\/\",\"url\":\"https:\\\/\\\/www.lopezvicu.info\\\/es\\\/salidas-gestion-administrativa\\\/\",\"name\":\"Gesti\u00f3n administrativa: salidas profesionales y acad\u00e9micas - Centre L\u00f3pez Vicu\u00f1a Barcelona\",\"isPartOf\":{\"@id\":\"https:\\\/\\\/www.lopezvicu.info\\\/es\\\/#website\"},\"datePublished\":\"2022-04-12T08:20:15+00:00\",\"dateModified\":\"2025-10-17T16:24:25+00:00\",\"description\":\"Descubre las salidas profesionales y acad\u00e9micas del ciclo de gesti\u00f3n administrativa y empieza con nuestro centro L\u00f3pez Vicu\u00f1a.\",\"breadcrumb\":{\"@id\":\"https:\\\/\\\/www.lopezvicu.info\\\/es\\\/salidas-gestion-administrativa\\\/#breadcrumb\"},\"inLanguage\":\"es\",\"potentialAction\":[{\"@type\":\"ReadAction\",\"target\":[\"https:\\\/\\\/www.lopezvicu.info\\\/es\\\/salidas-gestion-administrativa\\\/\"]}]},{\"@type\":\"BreadcrumbList\",\"@id\":\"https:\\\/\\\/www.lopezvicu.info\\\/es\\\/salidas-gestion-administrativa\\\/#breadcrumb\",\"itemListElement\":[{\"@type\":\"ListItem\",\"position\":1,\"name\":\"Portada\",\"item\":\"https:\\\/\\\/www.lopezvicu.info\\\/es\\\/\"},{\"@type\":\"ListItem\",\"position\":2,\"name\":\"Salidas de gesti\u00f3n administrativa\"}]},{\"@type\":\"WebSite\",\"@id\":\"https:\\\/\\\/www.lopezvicu.info\\\/es\\\/#website\",\"url\":\"https:\\\/\\\/www.lopezvicu.info\\\/es\\\/\",\"name\":\"L\u00f3pez Vicu\u00f1a\",\"description\":\"L\u00f3pez Vicu\u00f1a\",\"publisher\":{\"@id\":\"https:\\\/\\\/www.lopezvicu.info\\\/es\\\/#organization\"},\"potentialAction\":[{\"@type\":\"SearchAction\",\"target\":{\"@type\":\"EntryPoint\",\"urlTemplate\":\"https:\\\/\\\/www.lopezvicu.info\\\/es\\\/?s={search_term_string}\"},\"query-input\":{\"@type\":\"PropertyValueSpecification\",\"valueRequired\":true,\"valueName\":\"search_term_string\"}}],\"inLanguage\":\"es\"},{\"@type\":\"Organization\",\"@id\":\"https:\\\/\\\/www.lopezvicu.info\\\/es\\\/#organization\",\"name\":\"Lopez Vicu\u00f1a\",\"url\":\"https:\\\/\\\/www.lopezvicu.info\\\/es\\\/\",\"logo\":{\"@type\":\"ImageObject\",\"inLanguage\":\"es\",\"@id\":\"https:\\\/\\\/www.lopezvicu.info\\\/es\\\/#\\\/schema\\\/logo\\\/image\\\/\",\"url\":\"https:\\\/\\\/www.lopezvicu.info\\\/wp-content\\\/uploads\\\/2022\\\/01\\\/logo.png\",\"contentUrl\":\"https:\\\/\\\/www.lopezvicu.info\\\/wp-content\\\/uploads\\\/2022\\\/01\\\/logo.png\",\"width\":350,\"height\":70,\"caption\":\"Lopez Vicu\u00f1a\"},\"image\":{\"@id\":\"https:\\\/\\\/www.lopezvicu.info\\\/es\\\/#\\\/schema\\\/logo\\\/image\\\/\"},\"sameAs\":[\"https:\\\/\\\/www.facebook.com\\\/LopezVicuBCN\\\/\",\"https:\\\/\\\/x.com\\\/lopezvicubcn\",\"https:\\\/\\\/www.linkedin.com\\\/company\\\/lopezvicubcn\\\/\",\"https:\\\/\\\/www.instagram.com\\\/lopezvicubcn\\\/\",\"https:\\\/\\\/www.youtube.com\\\/@lopezvicubarcelona\"],\"description\":\"L\u00f3pez Vicu\u00f1a \u00e9s un centre concertat autoritzat pel Departament d'Educaci\u00f3 de la Generalitat de Catalunya amb CODI 08035015, per impartir Batxillerat i Cicles Formatius (Grau Mitj\u00e0 i Grau Superior), obert a tothom i comprom\u00e8s amb la realitat social, cultural i econ\u00f2mica que ens envolta i amb un cost econ\u00f2mic que garanteix l\u2019escolaritzaci\u00f3 post-obligat\u00f2ria de tots els estudiants. Situats a l'Eixample, en ple centre de Barcelona, i amb f\u00e0cil acc\u00e9s en transport p\u00fablic. Metodologies actives, emprenedoria, projectes, aprenentatge - servei, qualitat, multiling\u00fce mobilitat, FP Dual, tenen cabuda en tots els estudis que impartim\",\"email\":\"direccio@lopezvicu.info\",\"telephone\":\"934 87 65 94\"}]}<\/script>\n<!-- \/ Yoast SEO Premium plugin. -->","yoast_head_json":{"title":"Gesti\u00f3n administrativa: salidas profesionales y acad\u00e9micas - Centre L\u00f3pez Vicu\u00f1a Barcelona","description":"Descubre las salidas profesionales y acad\u00e9micas del ciclo de gesti\u00f3n administrativa y empieza con nuestro centro L\u00f3pez Vicu\u00f1a.","robots":{"index":"index","follow":"follow","max-snippet":"max-snippet:-1","max-image-preview":"max-image-preview:large","max-video-preview":"max-video-preview:-1"},"canonical":"https:\/\/www.lopezvicu.info\/es\/salidas-gestion-administrativa\/","og_locale":"es_ES","og_type":"article","og_title":"Salidas de gesti\u00f3n administrativa","og_description":"Descubre las salidas profesionales y acad\u00e9micas del ciclo de gesti\u00f3n administrativa y empieza con nuestro centro L\u00f3pez Vicu\u00f1a.","og_url":"https:\/\/www.lopezvicu.info\/es\/salidas-gestion-administrativa\/","og_site_name":"Centre L\u00f3pez Vicu\u00f1a Barcelona","article_publisher":"https:\/\/www.facebook.com\/LopezVicuBCN\/","article_modified_time":"2025-10-17T16:24:25+00:00","twitter_card":"summary_large_image","twitter_site":"@lopezvicubcn","twitter_misc":{"Tiempo de lectura":"2 minutos"},"schema":{"@context":"https:\/\/schema.org","@graph":[{"@type":"WebPage","@id":"https:\/\/www.lopezvicu.info\/es\/salidas-gestion-administrativa\/","url":"https:\/\/www.lopezvicu.info\/es\/salidas-gestion-administrativa\/","name":"Gesti\u00f3n administrativa: salidas profesionales y acad\u00e9micas - Centre L\u00f3pez Vicu\u00f1a Barcelona","isPartOf":{"@id":"https:\/\/www.lopezvicu.info\/es\/#website"},"datePublished":"2022-04-12T08:20:15+00:00","dateModified":"2025-10-17T16:24:25+00:00","description":"Descubre las salidas profesionales y acad\u00e9micas del ciclo de gesti\u00f3n administrativa y empieza con nuestro centro L\u00f3pez Vicu\u00f1a.","breadcrumb":{"@id":"https:\/\/www.lopezvicu.info\/es\/salidas-gestion-administrativa\/#breadcrumb"},"inLanguage":"es","potentialAction":[{"@type":"ReadAction","target":["https:\/\/www.lopezvicu.info\/es\/salidas-gestion-administrativa\/"]}]},{"@type":"BreadcrumbList","@id":"https:\/\/www.lopezvicu.info\/es\/salidas-gestion-administrativa\/#breadcrumb","itemListElement":[{"@type":"ListItem","position":1,"name":"Portada","item":"https:\/\/www.lopezvicu.info\/es\/"},{"@type":"ListItem","position":2,"name":"Salidas de gesti\u00f3n administrativa"}]},{"@type":"WebSite","@id":"https:\/\/www.lopezvicu.info\/es\/#website","url":"https:\/\/www.lopezvicu.info\/es\/","name":"L\u00f3pez Vicu\u00f1a","description":"L\u00f3pez Vicu\u00f1a","publisher":{"@id":"https:\/\/www.lopezvicu.info\/es\/#organization"},"potentialAction":[{"@type":"SearchAction","target":{"@type":"EntryPoint","urlTemplate":"https:\/\/www.lopezvicu.info\/es\/?s={search_term_string}"},"query-input":{"@type":"PropertyValueSpecification","valueRequired":true,"valueName":"search_term_string"}}],"inLanguage":"es"},{"@type":"Organization","@id":"https:\/\/www.lopezvicu.info\/es\/#organization","name":"Lopez Vicu\u00f1a","url":"https:\/\/www.lopezvicu.info\/es\/","logo":{"@type":"ImageObject","inLanguage":"es","@id":"https:\/\/www.lopezvicu.info\/es\/#\/schema\/logo\/image\/","url":"https:\/\/www.lopezvicu.info\/wp-content\/uploads\/2022\/01\/logo.png","contentUrl":"https:\/\/www.lopezvicu.info\/wp-content\/uploads\/2022\/01\/logo.png","width":350,"height":70,"caption":"Lopez Vicu\u00f1a"},"image":{"@id":"https:\/\/www.lopezvicu.info\/es\/#\/schema\/logo\/image\/"},"sameAs":["https:\/\/www.facebook.com\/LopezVicuBCN\/","https:\/\/x.com\/lopezvicubcn","https:\/\/www.linkedin.com\/company\/lopezvicubcn\/","https:\/\/www.instagram.com\/lopezvicubcn\/","https:\/\/www.youtube.com\/@lopezvicubarcelona"],"description":"L\u00f3pez Vicu\u00f1a \u00e9s un centre concertat autoritzat pel Departament d'Educaci\u00f3 de la Generalitat de Catalunya amb CODI 08035015, per impartir Batxillerat i Cicles Formatius (Grau Mitj\u00e0 i Grau Superior), obert a tothom i comprom\u00e8s amb la realitat social, cultural i econ\u00f2mica que ens envolta i amb un cost econ\u00f2mic que garanteix l\u2019escolaritzaci\u00f3 post-obligat\u00f2ria de tots els estudiants. Situats a l'Eixample, en ple centre de Barcelona, i amb f\u00e0cil acc\u00e9s en transport p\u00fablic. Metodologies actives, emprenedoria, projectes, aprenentatge - servei, qualitat, multiling\u00fce mobilitat, FP Dual, tenen cabuda en tots els estudis que impartim","email":"direccio@lopezvicu.info","telephone":"934 87 65 94"}]}},"_links":{"self":[{"href":"https:\/\/www.lopezvicu.info\/es\/wp-json\/wp\/v2\/pages\/6564","targetHints":{"allow":["GET"]}}],"collection":[{"href":"https:\/\/www.lopezvicu.info\/es\/wp-json\/wp\/v2\/pages"}],"about":[{"href":"https:\/\/www.lopezvicu.info\/es\/wp-json\/wp\/v2\/types\/page"}],"author":[{"embeddable":true,"href":"https:\/\/www.lopezvicu.info\/es\/wp-json\/wp\/v2\/users\/1"}],"replies":[{"embeddable":true,"href":"https:\/\/www.lopezvicu.info\/es\/wp-json\/wp\/v2\/comments?post=6564"}],"version-history":[{"count":19,"href":"https:\/\/www.lopezvicu.info\/es\/wp-json\/wp\/v2\/pages\/6564\/revisions"}],"predecessor-version":[{"id":27897,"href":"https:\/\/www.lopezvicu.info\/es\/wp-json\/wp\/v2\/pages\/6564\/revisions\/27897"}],"wp:attachment":[{"href":"https:\/\/www.lopezvicu.info\/es\/wp-json\/wp\/v2\/media?parent=6564"}],"curies":[{"name":"wp","href":"https:\/\/api.w.org\/{rel}","templated":true}]}}