{"id":6558,"date":"2022-04-12T08:18:28","date_gmt":"2022-04-12T08:18:28","guid":{"rendered":"https:\/\/www.lopezvicu.info\/?page_id=6558"},"modified":"2025-10-17T16:14:30","modified_gmt":"2025-10-17T16:14:30","slug":"salidas-farmacia-y-parafarmacia","status":"publish","type":"page","link":"https:\/\/www.lopezvicu.info\/es\/salidas-farmacia-y-parafarmacia\/","title":{"rendered":"Salidas de farmacia y parafarmacia"},"content":{"rendered":"<div class=\"gb-container gb-container-948d550e\"><div class=\"gb-inside-container\">\n\n<h1 class=\"gb-headline gb-headline-507a8bc4 gb-headline-text\">Actividades del ciclo formativo de Farmacia y parafarmacia<\/h1>\n\n\n\n<h2 class=\"gb-headline gb-headline-0cf33487 gb-headline-text\">Primer curso<\/h2>\n\n\n\n<p>Estas son las <strong>actividades <\/strong>acad\u00e9micas y\/o profesionales que est\u00e1n <strong>aprobadas y<\/strong> <strong>previstas <\/strong>por el<strong> Consejo Escolar,<\/strong> para el ciclo formativo de grado medio de <a href=\"https:\/\/www.lopezvicu.info\/es\/cfgm-farmacia-parafarmacia\/\" target=\"_blank\" rel=\"noreferrer noopener\"><strong>Farmacia y parafarmacia<\/strong> <\/a>del primer curso para el a\u00f1o acad\u00e9mico<strong>.<\/strong> Para estas salidas no ser\u00e1 necesario que los menores de edad presenten la autorizaci\u00f3n de menores.<\/p>\n\n\n<div class=\"gb-button-wrapper gb-button-wrapper-0fa1d3f8\">\n\n<a class=\"gb-button gb-button-9d14d84e gb-button-text\" href=\"https:\/\/www.lopezvicu.info\/wp-content\/uploads\/2025\/10\/CALENDARI-FAMILIES-FARPA1-25-26.pdf\" target=\"_blank\" rel=\"nofollow noopener noreferrer\">Descargar calendario alumnos FARPA1 2025-2026<\/a>\n\n<\/div>\n\n\n<h3 class=\"gb-headline gb-headline-9ea1d09d gb-headline-text\">Actividades primer trimestre<\/h3>\n\n\n\n<ul class=\"wp-block-list\">\n<li>Charla divulgativa La Marat\u00f3 TV: C\u00e0ncer.<\/li>\n\n\n\n<li>Charla \u00abEst\u00e1s Seguro\u00bb?<\/li>\n<\/ul>\n\n\n\n<h3 class=\"gb-headline gb-headline-d1eca0e2 gb-headline-text\">Actividades segundo trimestre<\/h3>\n\n\n\n<ul class=\"wp-block-list\">\n<li>Visita laboratorios Grifols.<\/li>\n\n\n\n<li>Scape Room BCN Activa.<\/li>\n\n\n\n<li>Charla fitoterapia laboratorios ESI.<\/li>\n<\/ul>\n\n\n\n<h3 class=\"gb-headline gb-headline-d8bb3739 gb-headline-text\">Actividades tercer trimestre<\/h3>\n\n\n\n<ul class=\"wp-block-list\">\n<li>Visita ortopedia Sant Joan.<\/li>\n\n\n\n<li>Visita SFH Sant Rafael.<\/li>\n\n\n\n<li>Charla Personal Branding.<\/li>\n<\/ul>\n\n\n\n<p>Las <strong>fechas <\/strong>de las salidas son <strong>susceptibles <\/strong>a <strong>cambios <\/strong>seg\u00fan la disponibilidad de los ponentes y de las empresas colaboradoras.<\/p>\n\n\n\n<h2 class=\"gb-headline gb-headline-a977d0f3 gb-headline-text\">Segundo curso<\/h2>\n\n\n\n<p>Estas son las <strong>actividades <\/strong>profesionales y\/o acad\u00e9micas que est\u00e1n <strong>previstas y aprobadas<\/strong> por el Consejo Escolar para el <strong>ciclo formativo <\/strong>de grado medio de <a href=\"https:\/\/www.lopezvicu.info\/es\/cfgm-farmacia-parafarmacia\/\" target=\"_blank\" rel=\"noreferrer noopener\"><strong>Farmacia y parafarmacia<\/strong><\/a> del segundo <strong>curso. <\/strong>Para estas salidas <strong>no ser\u00e1 necesario <\/strong>que los menores de edad presenten la <strong>autorizaci\u00f3n de menores.<\/strong><\/p>\n\n\n<div class=\"gb-button-wrapper gb-button-wrapper-92cac6fd\">\n\n<a class=\"gb-button gb-button-9af2e9b2 gb-button-text\" href=\"https:\/\/www.lopezvicu.info\/wp-content\/uploads\/2025\/10\/CALENDARI-FAMILIES-FARPA2-25-26.pdf\" target=\"_blank\" rel=\"nofollow noopener noreferrer\">Descargar calendario alumno FARPA2 2025-2026<\/a>\n\n<\/div>\n\n\n<h3 class=\"gb-headline gb-headline-a0e28db2 gb-headline-text\">Actividades primer trimestre<\/h3>\n\n\n\n<ul class=\"wp-block-list\">\n<li>Como se investigan los medicamentos. Cosmocaixa.<\/li>\n\n\n\n<li>Charla divulgativa La Marat\u00f3 TV: C\u00e1ncer.<\/li>\n<\/ul>\n\n\n\n<h3 class=\"gb-headline gb-headline-37a4cae9 gb-headline-text\">Actividades segundo trimestre<\/h3>\n\n\n\n<ul class=\"wp-block-list\">\n<li>Formaci\u00f3n dermocosm\u00e9tica por un profesional del sector.<\/li>\n\n\n\n<li>Charla Fitoterapia laboratorios ESI.<\/li>\n\n\n\n<li>Charla de orientaci\u00f3n laboral (SAE).<\/li>\n\n\n\n<li>Visita al SEM.<\/li>\n\n\n\n<li>Visita Laboratoris Glasko.<\/li>\n\n\n\n<li>Ruta Oficinas de farmacia de la Eixample. Campa\u00f1as de salud.<\/li>\n\n\n\n<li>Taller CPB (Servicio Salud mental) proyecto \u201cEns apropem a les escoles\u201d.<\/li>\n<\/ul>\n\n\n\n<h3 class=\"gb-headline gb-headline-6055e998 gb-headline-text\">Actividades tercer trimestre<\/h3>\n\n\n\n<ul class=\"wp-block-list\">\n<li>Excursi\u00f3n: Estudio plantas medicinales.<\/li>\n\n\n\n<li>Intervenci\u00f3n congreso P4<\/li>\n<\/ul>\n\n\n\n<p>Las <strong>fechas <\/strong>de las salidas son <strong>susceptibles <\/strong>de<strong> cambios<\/strong> seg\u00fan la <strong>disponibilidad<\/strong> de los ponentes y de las empresas colaboradoras.<\/p>\n\n<\/div><\/div>\n\n\n<p><\/p>\n","protected":false},"excerpt":{"rendered":"<p>Actividades del ciclo formativo de Farmacia y parafarmacia Primer curso Estas son las actividades acad\u00e9micas y\/o profesionales que est\u00e1n aprobadas y previstas por el Consejo &#8230; <\/p>\n<p class=\"read-more-container\"><a title=\"Salidas de farmacia y parafarmacia\" class=\"read-more button\" href=\"https:\/\/www.lopezvicu.info\/es\/salidas-farmacia-y-parafarmacia\/#more-6558\" aria-label=\"Leer m\u00e1s sobre Salidas de farmacia y parafarmacia\">Leer m\u00e1s<\/a><\/p>\n","protected":false},"author":1,"featured_media":0,"parent":0,"menu_order":0,"comment_status":"closed","ping_status":"closed","template":"","meta":{"footnotes":""},"class_list":["post-6558","page","type-page","status-publish"],"yoast_head":"<!-- This site is optimized with the Yoast SEO Premium plugin v26.0 (Yoast SEO v27.6) - https:\/\/yoast.com\/product\/yoast-seo-premium-wordpress\/ -->\n<title>Farmacia y parafarmacia: salidas acad\u00e9micas y profesionales - Centre L\u00f3pez Vicu\u00f1a Barcelona<\/title>\n<meta name=\"description\" content=\"Descubre las salidas profesionales y acad\u00e9micas del ciclo de farmacia y parafarmacia y empieza tus estudios en L\u00f3pez Vicu\u00f1a.\" \/>\n<meta name=\"robots\" content=\"index, follow, max-snippet:-1, max-image-preview:large, max-video-preview:-1\" \/>\n<link rel=\"canonical\" href=\"https:\/\/www.lopezvicu.info\/es\/salidas-farmacia-y-parafarmacia\/\" \/>\n<meta property=\"og:locale\" content=\"es_ES\" \/>\n<meta property=\"og:type\" content=\"article\" \/>\n<meta property=\"og:title\" content=\"Salidas de farmacia y parafarmacia\" \/>\n<meta property=\"og:description\" content=\"Descubre las salidas profesionales y acad\u00e9micas del ciclo de farmacia y parafarmacia y empieza tus estudios en L\u00f3pez Vicu\u00f1a.\" \/>\n<meta property=\"og:url\" content=\"https:\/\/www.lopezvicu.info\/es\/salidas-farmacia-y-parafarmacia\/\" \/>\n<meta property=\"og:site_name\" content=\"Centre L\u00f3pez Vicu\u00f1a Barcelona\" \/>\n<meta property=\"article:publisher\" content=\"https:\/\/www.facebook.com\/LopezVicuBCN\/\" \/>\n<meta property=\"article:modified_time\" content=\"2025-10-17T16:14:30+00:00\" \/>\n<meta name=\"twitter:card\" content=\"summary_large_image\" \/>\n<meta name=\"twitter:site\" content=\"@lopezvicubcn\" \/>\n<meta name=\"twitter:label1\" content=\"Tiempo de lectura\" \/>\n\t<meta name=\"twitter:data1\" content=\"2 minutos\" \/>\n<script type=\"application\/ld+json\" class=\"yoast-schema-graph\">{\"@context\":\"https:\\\/\\\/schema.org\",\"@graph\":[{\"@type\":\"WebPage\",\"@id\":\"https:\\\/\\\/www.lopezvicu.info\\\/es\\\/salidas-farmacia-y-parafarmacia\\\/\",\"url\":\"https:\\\/\\\/www.lopezvicu.info\\\/es\\\/salidas-farmacia-y-parafarmacia\\\/\",\"name\":\"Farmacia y parafarmacia: salidas acad\u00e9micas y profesionales - Centre L\u00f3pez Vicu\u00f1a Barcelona\",\"isPartOf\":{\"@id\":\"https:\\\/\\\/www.lopezvicu.info\\\/es\\\/#website\"},\"datePublished\":\"2022-04-12T08:18:28+00:00\",\"dateModified\":\"2025-10-17T16:14:30+00:00\",\"description\":\"Descubre las salidas profesionales y acad\u00e9micas del ciclo de farmacia y parafarmacia y empieza tus estudios en L\u00f3pez Vicu\u00f1a.\",\"breadcrumb\":{\"@id\":\"https:\\\/\\\/www.lopezvicu.info\\\/es\\\/salidas-farmacia-y-parafarmacia\\\/#breadcrumb\"},\"inLanguage\":\"es\",\"potentialAction\":[{\"@type\":\"ReadAction\",\"target\":[\"https:\\\/\\\/www.lopezvicu.info\\\/es\\\/salidas-farmacia-y-parafarmacia\\\/\"]}]},{\"@type\":\"BreadcrumbList\",\"@id\":\"https:\\\/\\\/www.lopezvicu.info\\\/es\\\/salidas-farmacia-y-parafarmacia\\\/#breadcrumb\",\"itemListElement\":[{\"@type\":\"ListItem\",\"position\":1,\"name\":\"Portada\",\"item\":\"https:\\\/\\\/www.lopezvicu.info\\\/es\\\/\"},{\"@type\":\"ListItem\",\"position\":2,\"name\":\"Salidas de farmacia y parafarmacia\"}]},{\"@type\":\"WebSite\",\"@id\":\"https:\\\/\\\/www.lopezvicu.info\\\/es\\\/#website\",\"url\":\"https:\\\/\\\/www.lopezvicu.info\\\/es\\\/\",\"name\":\"L\u00f3pez Vicu\u00f1a\",\"description\":\"L\u00f3pez Vicu\u00f1a\",\"publisher\":{\"@id\":\"https:\\\/\\\/www.lopezvicu.info\\\/es\\\/#organization\"},\"potentialAction\":[{\"@type\":\"SearchAction\",\"target\":{\"@type\":\"EntryPoint\",\"urlTemplate\":\"https:\\\/\\\/www.lopezvicu.info\\\/es\\\/?s={search_term_string}\"},\"query-input\":{\"@type\":\"PropertyValueSpecification\",\"valueRequired\":true,\"valueName\":\"search_term_string\"}}],\"inLanguage\":\"es\"},{\"@type\":\"Organization\",\"@id\":\"https:\\\/\\\/www.lopezvicu.info\\\/es\\\/#organization\",\"name\":\"Lopez Vicu\u00f1a\",\"url\":\"https:\\\/\\\/www.lopezvicu.info\\\/es\\\/\",\"logo\":{\"@type\":\"ImageObject\",\"inLanguage\":\"es\",\"@id\":\"https:\\\/\\\/www.lopezvicu.info\\\/es\\\/#\\\/schema\\\/logo\\\/image\\\/\",\"url\":\"https:\\\/\\\/www.lopezvicu.info\\\/wp-content\\\/uploads\\\/2022\\\/01\\\/logo.png\",\"contentUrl\":\"https:\\\/\\\/www.lopezvicu.info\\\/wp-content\\\/uploads\\\/2022\\\/01\\\/logo.png\",\"width\":350,\"height\":70,\"caption\":\"Lopez Vicu\u00f1a\"},\"image\":{\"@id\":\"https:\\\/\\\/www.lopezvicu.info\\\/es\\\/#\\\/schema\\\/logo\\\/image\\\/\"},\"sameAs\":[\"https:\\\/\\\/www.facebook.com\\\/LopezVicuBCN\\\/\",\"https:\\\/\\\/x.com\\\/lopezvicubcn\",\"https:\\\/\\\/www.linkedin.com\\\/company\\\/lopezvicubcn\\\/\",\"https:\\\/\\\/www.instagram.com\\\/lopezvicubcn\\\/\",\"https:\\\/\\\/www.youtube.com\\\/@lopezvicubarcelona\"],\"description\":\"L\u00f3pez Vicu\u00f1a \u00e9s un centre concertat autoritzat pel Departament d'Educaci\u00f3 de la Generalitat de Catalunya amb CODI 08035015, per impartir Batxillerat i Cicles Formatius (Grau Mitj\u00e0 i Grau Superior), obert a tothom i comprom\u00e8s amb la realitat social, cultural i econ\u00f2mica que ens envolta i amb un cost econ\u00f2mic que garanteix l\u2019escolaritzaci\u00f3 post-obligat\u00f2ria de tots els estudiants. Situats a l'Eixample, en ple centre de Barcelona, i amb f\u00e0cil acc\u00e9s en transport p\u00fablic. Metodologies actives, emprenedoria, projectes, aprenentatge - servei, qualitat, multiling\u00fce mobilitat, FP Dual, tenen cabuda en tots els estudis que impartim\",\"email\":\"direccio@lopezvicu.info\",\"telephone\":\"934 87 65 94\"}]}<\/script>\n<!-- \/ Yoast SEO Premium plugin. -->","yoast_head_json":{"title":"Farmacia y parafarmacia: salidas acad\u00e9micas y profesionales - Centre L\u00f3pez Vicu\u00f1a Barcelona","description":"Descubre las salidas profesionales y acad\u00e9micas del ciclo de farmacia y parafarmacia y empieza tus estudios en L\u00f3pez Vicu\u00f1a.","robots":{"index":"index","follow":"follow","max-snippet":"max-snippet:-1","max-image-preview":"max-image-preview:large","max-video-preview":"max-video-preview:-1"},"canonical":"https:\/\/www.lopezvicu.info\/es\/salidas-farmacia-y-parafarmacia\/","og_locale":"es_ES","og_type":"article","og_title":"Salidas de farmacia y parafarmacia","og_description":"Descubre las salidas profesionales y acad\u00e9micas del ciclo de farmacia y parafarmacia y empieza tus estudios en L\u00f3pez Vicu\u00f1a.","og_url":"https:\/\/www.lopezvicu.info\/es\/salidas-farmacia-y-parafarmacia\/","og_site_name":"Centre L\u00f3pez Vicu\u00f1a Barcelona","article_publisher":"https:\/\/www.facebook.com\/LopezVicuBCN\/","article_modified_time":"2025-10-17T16:14:30+00:00","twitter_card":"summary_large_image","twitter_site":"@lopezvicubcn","twitter_misc":{"Tiempo de lectura":"2 minutos"},"schema":{"@context":"https:\/\/schema.org","@graph":[{"@type":"WebPage","@id":"https:\/\/www.lopezvicu.info\/es\/salidas-farmacia-y-parafarmacia\/","url":"https:\/\/www.lopezvicu.info\/es\/salidas-farmacia-y-parafarmacia\/","name":"Farmacia y parafarmacia: salidas acad\u00e9micas y profesionales - Centre L\u00f3pez Vicu\u00f1a Barcelona","isPartOf":{"@id":"https:\/\/www.lopezvicu.info\/es\/#website"},"datePublished":"2022-04-12T08:18:28+00:00","dateModified":"2025-10-17T16:14:30+00:00","description":"Descubre las salidas profesionales y acad\u00e9micas del ciclo de farmacia y parafarmacia y empieza tus estudios en L\u00f3pez Vicu\u00f1a.","breadcrumb":{"@id":"https:\/\/www.lopezvicu.info\/es\/salidas-farmacia-y-parafarmacia\/#breadcrumb"},"inLanguage":"es","potentialAction":[{"@type":"ReadAction","target":["https:\/\/www.lopezvicu.info\/es\/salidas-farmacia-y-parafarmacia\/"]}]},{"@type":"BreadcrumbList","@id":"https:\/\/www.lopezvicu.info\/es\/salidas-farmacia-y-parafarmacia\/#breadcrumb","itemListElement":[{"@type":"ListItem","position":1,"name":"Portada","item":"https:\/\/www.lopezvicu.info\/es\/"},{"@type":"ListItem","position":2,"name":"Salidas de farmacia y parafarmacia"}]},{"@type":"WebSite","@id":"https:\/\/www.lopezvicu.info\/es\/#website","url":"https:\/\/www.lopezvicu.info\/es\/","name":"L\u00f3pez Vicu\u00f1a","description":"L\u00f3pez Vicu\u00f1a","publisher":{"@id":"https:\/\/www.lopezvicu.info\/es\/#organization"},"potentialAction":[{"@type":"SearchAction","target":{"@type":"EntryPoint","urlTemplate":"https:\/\/www.lopezvicu.info\/es\/?s={search_term_string}"},"query-input":{"@type":"PropertyValueSpecification","valueRequired":true,"valueName":"search_term_string"}}],"inLanguage":"es"},{"@type":"Organization","@id":"https:\/\/www.lopezvicu.info\/es\/#organization","name":"Lopez Vicu\u00f1a","url":"https:\/\/www.lopezvicu.info\/es\/","logo":{"@type":"ImageObject","inLanguage":"es","@id":"https:\/\/www.lopezvicu.info\/es\/#\/schema\/logo\/image\/","url":"https:\/\/www.lopezvicu.info\/wp-content\/uploads\/2022\/01\/logo.png","contentUrl":"https:\/\/www.lopezvicu.info\/wp-content\/uploads\/2022\/01\/logo.png","width":350,"height":70,"caption":"Lopez Vicu\u00f1a"},"image":{"@id":"https:\/\/www.lopezvicu.info\/es\/#\/schema\/logo\/image\/"},"sameAs":["https:\/\/www.facebook.com\/LopezVicuBCN\/","https:\/\/x.com\/lopezvicubcn","https:\/\/www.linkedin.com\/company\/lopezvicubcn\/","https:\/\/www.instagram.com\/lopezvicubcn\/","https:\/\/www.youtube.com\/@lopezvicubarcelona"],"description":"L\u00f3pez Vicu\u00f1a \u00e9s un centre concertat autoritzat pel Departament d'Educaci\u00f3 de la Generalitat de Catalunya amb CODI 08035015, per impartir Batxillerat i Cicles Formatius (Grau Mitj\u00e0 i Grau Superior), obert a tothom i comprom\u00e8s amb la realitat social, cultural i econ\u00f2mica que ens envolta i amb un cost econ\u00f2mic que garanteix l\u2019escolaritzaci\u00f3 post-obligat\u00f2ria de tots els estudiants. Situats a l'Eixample, en ple centre de Barcelona, i amb f\u00e0cil acc\u00e9s en transport p\u00fablic. Metodologies actives, emprenedoria, projectes, aprenentatge - servei, qualitat, multiling\u00fce mobilitat, FP Dual, tenen cabuda en tots els estudis que impartim","email":"direccio@lopezvicu.info","telephone":"934 87 65 94"}]}},"_links":{"self":[{"href":"https:\/\/www.lopezvicu.info\/es\/wp-json\/wp\/v2\/pages\/6558","targetHints":{"allow":["GET"]}}],"collection":[{"href":"https:\/\/www.lopezvicu.info\/es\/wp-json\/wp\/v2\/pages"}],"about":[{"href":"https:\/\/www.lopezvicu.info\/es\/wp-json\/wp\/v2\/types\/page"}],"author":[{"embeddable":true,"href":"https:\/\/www.lopezvicu.info\/es\/wp-json\/wp\/v2\/users\/1"}],"replies":[{"embeddable":true,"href":"https:\/\/www.lopezvicu.info\/es\/wp-json\/wp\/v2\/comments?post=6558"}],"version-history":[{"count":23,"href":"https:\/\/www.lopezvicu.info\/es\/wp-json\/wp\/v2\/pages\/6558\/revisions"}],"predecessor-version":[{"id":27893,"href":"https:\/\/www.lopezvicu.info\/es\/wp-json\/wp\/v2\/pages\/6558\/revisions\/27893"}],"wp:attachment":[{"href":"https:\/\/www.lopezvicu.info\/es\/wp-json\/wp\/v2\/media?parent=6558"}],"curies":[{"name":"wp","href":"https:\/\/api.w.org\/{rel}","templated":true}]}}