{"id":6553,"date":"2022-04-12T08:15:34","date_gmt":"2022-04-12T08:15:34","guid":{"rendered":"https:\/\/www.lopezvicu.info\/?page_id=6553"},"modified":"2025-10-17T15:51:13","modified_gmt":"2025-10-17T15:51:13","slug":"salidas-cuidados-auxiliar-de-enfermeria","status":"publish","type":"page","link":"https:\/\/www.lopezvicu.info\/es\/salidas-cuidados-auxiliar-de-enfermeria\/","title":{"rendered":"Salidas de cuidados auxiliar de enfermer\u00eda (m\/t)"},"content":{"rendered":"<div class=\"gb-container gb-container-453b2e64\"><div class=\"gb-inside-container\">\n\n<h1 class=\"gb-headline gb-headline-38c0a2f9 gb-headline-text\">Actividades del ciclo formativo de Cuidados auxiliar de enfermer\u00eda<\/h1>\n\n\n\n<p>Estas son las <strong>actividades <\/strong>profesionales y\/o acad\u00e9micas que est\u00e1n<strong> previstas y aprobadas<\/strong> por el Consejo Escolar para el <strong>ciclo formativo <\/strong>de <strong>grado medio<\/strong> de <a href=\"https:\/\/www.lopezvicu.info\/es\/cfgm-curas-auxiliares-de-enfermeria\/\" target=\"_blank\" rel=\"noreferrer noopener\"><strong>Cuidados de auxiliar de enfermer\u00eda (TCAI)<\/strong> <\/a>de ma\u00f1anas y tardes para el curso<strong>.<\/strong> Para estas salidas <strong>no <\/strong>va a ser <strong>preciso <\/strong>que los menores presenten la <strong>autorizaci\u00f3n de menores.<\/strong><\/p>\n\n\n<div class=\"gb-button-wrapper gb-button-wrapper-3b220d42\">\n\n<a class=\"gb-button gb-button-33ef7309 gb-button-text\" href=\"https:\/\/www.lopezvicu.info\/wp-content\/uploads\/2025\/10\/CALENDARI-FAMILIES-CAI-25-26.pdf\" target=\"_blank\" rel=\"nofollow noopener noreferrer\">Descargar calendario alumnos CAI 2025-2026<\/a>\n\n<\/div>\n\n\n<h3 class=\"gb-headline gb-headline-6e0f014d gb-headline-text\">Actividades primer trimestre<\/h3>\n\n\n\n<ul class=\"wp-block-list\">\n<li>Charla\u00a0UPP\u00a0y curas del paciente cr\u00edtico. Exalumna y\u00a0DUE Vall d\u2019Hebr\u00f3. Cristina de Miquel.<\/li>\n\n\n\n<li>Charlada\/ Taller. Lavado de manos e infecciones Nosocomiales. DUE Hospital Dos de Maig. Maria Jos\u00e9 Moreno.<\/li>\n\n\n\n<li>Salida al recinto de Sant Pau.<\/li>\n\n\n\n<li>Documental Recu\u00e9rdame \u201cEl principio de la desconexi\u00f3n\u201d.<\/li>\n\n\n\n<li>Charla TAreas TCAI_FCT exalumno Joan Millan.<\/li>\n\n\n\n<li>Charla Marat\u00f3 de TV3 <\/li>\n\n\n\n<li>Visita al centro TRACE. Pluridiscapacidad. Da\u00f1o cerebral (se har\u00e1n dos talleres)<\/li>\n\n\n\n<li>Taller de vendajes. DUE Cristina de Miquel.<\/li>\n<\/ul>\n\n\n\n<h3 class=\"gb-headline gb-headline-05f2e0e0 gb-headline-text\">Actividades segundo trimestre<\/h3>\n\n\n\n<ul class=\"wp-block-list\">\n<li>Visita al SEM<\/li>\n\n\n\n<li>Charla Sindicat SAE orientaci\u00f3 laboral<\/li>\n\n\n\n<li>Charla Banc de sang<\/li>\n\n\n\n<li>Scape room (BCN activa)<\/li>\n\n\n\n<li>Charla Fundaci\u00f3 Puigvert Hemodi\u00e1lisis.<\/li>\n\n\n\n<li>Visita ICO BCN Activa Programa Pro V<\/li>\n\n\n\n<li>Taller curas del pie diab\u00e9tico. Resoluci\u00f3n de casos. TCAI Cl\u00ednic. M\u00edriam Bravo<\/li>\n\n\n\n<li>Charla orientaci\u00f3n laboral (sindicatos de t\u00e9cnicos de enfermer\u00eda)<\/li>\n<\/ul>\n\n\n\n<h3 class=\"gb-headline gb-headline-c77d38e5 gb-headline-text\">Actividades tercer trimestre<\/h3>\n\n\n\n<ul class=\"wp-block-list\">\n<li>Charla equipo de esterilizaci\u00f3n del  Hospital Cl\u00ednic.<\/li>\n\n\n\n<li>Experiencia vivencial con las ayudas t\u00e9cnicas para deambular. Los alumnos salen a la calle.<\/li>\n\n\n\n<li>Charla Pades.<\/li>\n\n\n\n<li>Visita a Puigvert y sesi\u00f3n de enfermedades de transmisi\u00f3n sexual.<\/li>\n\n\n\n<li>Charla\u00bbPersonal branding\u00bb.<\/li>\n\n\n\n<li>Charla DUE Sant Joan de D\u00e9u \u201cacompa\u00f1amiento en la muerte\u201d. Marina Membrilla<\/li>\n\n\n\n<li>Taller salud sexual y afectiva Blanquerna<\/li>\n\n\n\n<li>Taller-charla Parkinson: \u00bfc\u00f3mo cuidar?  Montse Gavald\u00e0. Participan pacientes de la asociaci\u00f3n de Parkinson.<\/li>\n\n\n\n<li>Charla taller curas parte, puesto post parto y curas del beb\u00e9. Matrona Anna Martin (Blanquerna).<\/li>\n\n\n\n<li>Taller pr\u00e1ctico higiene del beb\u00e9 (exalumno Maternidad)<\/li>\n<\/ul>\n\n\n\n<p>Las <strong>fechas <\/strong>de las salidas son <strong>susceptibles <\/strong>de <strong>cambios <\/strong>en funci\u00f3n de la disponibilidad de los ponentes y de las entidades colaboradoras.<\/p>\n\n<\/div><\/div>\n\n\n<p><\/p>\n","protected":false},"excerpt":{"rendered":"<p>Actividades del ciclo formativo de Cuidados auxiliar de enfermer\u00eda Estas son las actividades profesionales y\/o acad\u00e9micas que est\u00e1n previstas y aprobadas por el Consejo Escolar &#8230; <\/p>\n<p class=\"read-more-container\"><a title=\"Salidas de cuidados auxiliar de enfermer\u00eda (m\/t)\" class=\"read-more button\" href=\"https:\/\/www.lopezvicu.info\/es\/salidas-cuidados-auxiliar-de-enfermeria\/#more-6553\" aria-label=\"Leer m\u00e1s sobre Salidas de cuidados auxiliar de enfermer\u00eda (m\/t)\">Leer m\u00e1s<\/a><\/p>\n","protected":false},"author":1,"featured_media":0,"parent":0,"menu_order":0,"comment_status":"closed","ping_status":"closed","template":"","meta":{"footnotes":""},"class_list":["post-6553","page","type-page","status-publish"],"yoast_head":"<!-- This site is optimized with the Yoast SEO Premium plugin v26.0 (Yoast SEO v27.6) - https:\/\/yoast.com\/product\/yoast-seo-premium-wordpress\/ -->\n<title>Cuidados auxiliar de enfermer\u00eda: salidas acad\u00e9micas y profesionales- Centre L\u00f3pez Vicu\u00f1a Barcelona<\/title>\n<meta name=\"description\" content=\"Descubre las salidas profesionales y acad\u00e9micas del ciclo formativo de cuidados auxiliar de enfermer\u00eda y empieza en el centro L\u00f3pez Vicu\u00f1a.\" \/>\n<meta name=\"robots\" content=\"index, follow, max-snippet:-1, max-image-preview:large, max-video-preview:-1\" \/>\n<link rel=\"canonical\" href=\"https:\/\/www.lopezvicu.info\/es\/salidas-cuidados-auxiliar-de-enfermeria\/\" \/>\n<meta property=\"og:locale\" content=\"es_ES\" \/>\n<meta property=\"og:type\" content=\"article\" \/>\n<meta property=\"og:title\" content=\"Salidas de cuidados auxiliar de enfermer\u00eda (m\/t)\" \/>\n<meta property=\"og:description\" content=\"Descubre las salidas profesionales y acad\u00e9micas del ciclo formativo de cuidados auxiliar de enfermer\u00eda y empieza en el centro L\u00f3pez Vicu\u00f1a.\" \/>\n<meta property=\"og:url\" content=\"https:\/\/www.lopezvicu.info\/es\/salidas-cuidados-auxiliar-de-enfermeria\/\" \/>\n<meta property=\"og:site_name\" content=\"Centre L\u00f3pez Vicu\u00f1a Barcelona\" \/>\n<meta property=\"article:publisher\" content=\"https:\/\/www.facebook.com\/LopezVicuBCN\/\" \/>\n<meta property=\"article:modified_time\" content=\"2025-10-17T15:51:13+00:00\" \/>\n<meta name=\"twitter:card\" content=\"summary_large_image\" \/>\n<meta name=\"twitter:site\" content=\"@lopezvicubcn\" \/>\n<meta name=\"twitter:label1\" content=\"Tiempo de lectura\" \/>\n\t<meta name=\"twitter:data1\" content=\"2 minutos\" \/>\n<script type=\"application\/ld+json\" class=\"yoast-schema-graph\">{\"@context\":\"https:\\\/\\\/schema.org\",\"@graph\":[{\"@type\":\"WebPage\",\"@id\":\"https:\\\/\\\/www.lopezvicu.info\\\/es\\\/salidas-cuidados-auxiliar-de-enfermeria\\\/\",\"url\":\"https:\\\/\\\/www.lopezvicu.info\\\/es\\\/salidas-cuidados-auxiliar-de-enfermeria\\\/\",\"name\":\"Cuidados auxiliar de enfermer\u00eda: salidas acad\u00e9micas y profesionales- Centre L\u00f3pez Vicu\u00f1a Barcelona\",\"isPartOf\":{\"@id\":\"https:\\\/\\\/www.lopezvicu.info\\\/es\\\/#website\"},\"datePublished\":\"2022-04-12T08:15:34+00:00\",\"dateModified\":\"2025-10-17T15:51:13+00:00\",\"description\":\"Descubre las salidas profesionales y acad\u00e9micas del ciclo formativo de cuidados auxiliar de enfermer\u00eda y empieza en el centro L\u00f3pez Vicu\u00f1a.\",\"breadcrumb\":{\"@id\":\"https:\\\/\\\/www.lopezvicu.info\\\/es\\\/salidas-cuidados-auxiliar-de-enfermeria\\\/#breadcrumb\"},\"inLanguage\":\"es\",\"potentialAction\":[{\"@type\":\"ReadAction\",\"target\":[\"https:\\\/\\\/www.lopezvicu.info\\\/es\\\/salidas-cuidados-auxiliar-de-enfermeria\\\/\"]}]},{\"@type\":\"BreadcrumbList\",\"@id\":\"https:\\\/\\\/www.lopezvicu.info\\\/es\\\/salidas-cuidados-auxiliar-de-enfermeria\\\/#breadcrumb\",\"itemListElement\":[{\"@type\":\"ListItem\",\"position\":1,\"name\":\"Portada\",\"item\":\"https:\\\/\\\/www.lopezvicu.info\\\/es\\\/\"},{\"@type\":\"ListItem\",\"position\":2,\"name\":\"Salidas de cuidados auxiliar de enfermer\u00eda (m\\\/t)\"}]},{\"@type\":\"WebSite\",\"@id\":\"https:\\\/\\\/www.lopezvicu.info\\\/es\\\/#website\",\"url\":\"https:\\\/\\\/www.lopezvicu.info\\\/es\\\/\",\"name\":\"L\u00f3pez Vicu\u00f1a\",\"description\":\"L\u00f3pez Vicu\u00f1a\",\"publisher\":{\"@id\":\"https:\\\/\\\/www.lopezvicu.info\\\/es\\\/#organization\"},\"potentialAction\":[{\"@type\":\"SearchAction\",\"target\":{\"@type\":\"EntryPoint\",\"urlTemplate\":\"https:\\\/\\\/www.lopezvicu.info\\\/es\\\/?s={search_term_string}\"},\"query-input\":{\"@type\":\"PropertyValueSpecification\",\"valueRequired\":true,\"valueName\":\"search_term_string\"}}],\"inLanguage\":\"es\"},{\"@type\":\"Organization\",\"@id\":\"https:\\\/\\\/www.lopezvicu.info\\\/es\\\/#organization\",\"name\":\"Lopez Vicu\u00f1a\",\"url\":\"https:\\\/\\\/www.lopezvicu.info\\\/es\\\/\",\"logo\":{\"@type\":\"ImageObject\",\"inLanguage\":\"es\",\"@id\":\"https:\\\/\\\/www.lopezvicu.info\\\/es\\\/#\\\/schema\\\/logo\\\/image\\\/\",\"url\":\"https:\\\/\\\/www.lopezvicu.info\\\/wp-content\\\/uploads\\\/2022\\\/01\\\/logo.png\",\"contentUrl\":\"https:\\\/\\\/www.lopezvicu.info\\\/wp-content\\\/uploads\\\/2022\\\/01\\\/logo.png\",\"width\":350,\"height\":70,\"caption\":\"Lopez Vicu\u00f1a\"},\"image\":{\"@id\":\"https:\\\/\\\/www.lopezvicu.info\\\/es\\\/#\\\/schema\\\/logo\\\/image\\\/\"},\"sameAs\":[\"https:\\\/\\\/www.facebook.com\\\/LopezVicuBCN\\\/\",\"https:\\\/\\\/x.com\\\/lopezvicubcn\",\"https:\\\/\\\/www.linkedin.com\\\/company\\\/lopezvicubcn\\\/\",\"https:\\\/\\\/www.instagram.com\\\/lopezvicubcn\\\/\",\"https:\\\/\\\/www.youtube.com\\\/@lopezvicubarcelona\"],\"description\":\"L\u00f3pez Vicu\u00f1a \u00e9s un centre concertat autoritzat pel Departament d'Educaci\u00f3 de la Generalitat de Catalunya amb CODI 08035015, per impartir Batxillerat i Cicles Formatius (Grau Mitj\u00e0 i Grau Superior), obert a tothom i comprom\u00e8s amb la realitat social, cultural i econ\u00f2mica que ens envolta i amb un cost econ\u00f2mic que garanteix l\u2019escolaritzaci\u00f3 post-obligat\u00f2ria de tots els estudiants. Situats a l'Eixample, en ple centre de Barcelona, i amb f\u00e0cil acc\u00e9s en transport p\u00fablic. Metodologies actives, emprenedoria, projectes, aprenentatge - servei, qualitat, multiling\u00fce mobilitat, FP Dual, tenen cabuda en tots els estudis que impartim\",\"email\":\"direccio@lopezvicu.info\",\"telephone\":\"934 87 65 94\"}]}<\/script>\n<!-- \/ Yoast SEO Premium plugin. -->","yoast_head_json":{"title":"Cuidados auxiliar de enfermer\u00eda: salidas acad\u00e9micas y profesionales- Centre L\u00f3pez Vicu\u00f1a Barcelona","description":"Descubre las salidas profesionales y acad\u00e9micas del ciclo formativo de cuidados auxiliar de enfermer\u00eda y empieza en el centro L\u00f3pez Vicu\u00f1a.","robots":{"index":"index","follow":"follow","max-snippet":"max-snippet:-1","max-image-preview":"max-image-preview:large","max-video-preview":"max-video-preview:-1"},"canonical":"https:\/\/www.lopezvicu.info\/es\/salidas-cuidados-auxiliar-de-enfermeria\/","og_locale":"es_ES","og_type":"article","og_title":"Salidas de cuidados auxiliar de enfermer\u00eda (m\/t)","og_description":"Descubre las salidas profesionales y acad\u00e9micas del ciclo formativo de cuidados auxiliar de enfermer\u00eda y empieza en el centro L\u00f3pez Vicu\u00f1a.","og_url":"https:\/\/www.lopezvicu.info\/es\/salidas-cuidados-auxiliar-de-enfermeria\/","og_site_name":"Centre L\u00f3pez Vicu\u00f1a Barcelona","article_publisher":"https:\/\/www.facebook.com\/LopezVicuBCN\/","article_modified_time":"2025-10-17T15:51:13+00:00","twitter_card":"summary_large_image","twitter_site":"@lopezvicubcn","twitter_misc":{"Tiempo de lectura":"2 minutos"},"schema":{"@context":"https:\/\/schema.org","@graph":[{"@type":"WebPage","@id":"https:\/\/www.lopezvicu.info\/es\/salidas-cuidados-auxiliar-de-enfermeria\/","url":"https:\/\/www.lopezvicu.info\/es\/salidas-cuidados-auxiliar-de-enfermeria\/","name":"Cuidados auxiliar de enfermer\u00eda: salidas acad\u00e9micas y profesionales- Centre L\u00f3pez Vicu\u00f1a Barcelona","isPartOf":{"@id":"https:\/\/www.lopezvicu.info\/es\/#website"},"datePublished":"2022-04-12T08:15:34+00:00","dateModified":"2025-10-17T15:51:13+00:00","description":"Descubre las salidas profesionales y acad\u00e9micas del ciclo formativo de cuidados auxiliar de enfermer\u00eda y empieza en el centro L\u00f3pez Vicu\u00f1a.","breadcrumb":{"@id":"https:\/\/www.lopezvicu.info\/es\/salidas-cuidados-auxiliar-de-enfermeria\/#breadcrumb"},"inLanguage":"es","potentialAction":[{"@type":"ReadAction","target":["https:\/\/www.lopezvicu.info\/es\/salidas-cuidados-auxiliar-de-enfermeria\/"]}]},{"@type":"BreadcrumbList","@id":"https:\/\/www.lopezvicu.info\/es\/salidas-cuidados-auxiliar-de-enfermeria\/#breadcrumb","itemListElement":[{"@type":"ListItem","position":1,"name":"Portada","item":"https:\/\/www.lopezvicu.info\/es\/"},{"@type":"ListItem","position":2,"name":"Salidas de cuidados auxiliar de enfermer\u00eda (m\/t)"}]},{"@type":"WebSite","@id":"https:\/\/www.lopezvicu.info\/es\/#website","url":"https:\/\/www.lopezvicu.info\/es\/","name":"L\u00f3pez Vicu\u00f1a","description":"L\u00f3pez Vicu\u00f1a","publisher":{"@id":"https:\/\/www.lopezvicu.info\/es\/#organization"},"potentialAction":[{"@type":"SearchAction","target":{"@type":"EntryPoint","urlTemplate":"https:\/\/www.lopezvicu.info\/es\/?s={search_term_string}"},"query-input":{"@type":"PropertyValueSpecification","valueRequired":true,"valueName":"search_term_string"}}],"inLanguage":"es"},{"@type":"Organization","@id":"https:\/\/www.lopezvicu.info\/es\/#organization","name":"Lopez Vicu\u00f1a","url":"https:\/\/www.lopezvicu.info\/es\/","logo":{"@type":"ImageObject","inLanguage":"es","@id":"https:\/\/www.lopezvicu.info\/es\/#\/schema\/logo\/image\/","url":"https:\/\/www.lopezvicu.info\/wp-content\/uploads\/2022\/01\/logo.png","contentUrl":"https:\/\/www.lopezvicu.info\/wp-content\/uploads\/2022\/01\/logo.png","width":350,"height":70,"caption":"Lopez Vicu\u00f1a"},"image":{"@id":"https:\/\/www.lopezvicu.info\/es\/#\/schema\/logo\/image\/"},"sameAs":["https:\/\/www.facebook.com\/LopezVicuBCN\/","https:\/\/x.com\/lopezvicubcn","https:\/\/www.linkedin.com\/company\/lopezvicubcn\/","https:\/\/www.instagram.com\/lopezvicubcn\/","https:\/\/www.youtube.com\/@lopezvicubarcelona"],"description":"L\u00f3pez Vicu\u00f1a \u00e9s un centre concertat autoritzat pel Departament d'Educaci\u00f3 de la Generalitat de Catalunya amb CODI 08035015, per impartir Batxillerat i Cicles Formatius (Grau Mitj\u00e0 i Grau Superior), obert a tothom i comprom\u00e8s amb la realitat social, cultural i econ\u00f2mica que ens envolta i amb un cost econ\u00f2mic que garanteix l\u2019escolaritzaci\u00f3 post-obligat\u00f2ria de tots els estudiants. Situats a l'Eixample, en ple centre de Barcelona, i amb f\u00e0cil acc\u00e9s en transport p\u00fablic. Metodologies actives, emprenedoria, projectes, aprenentatge - servei, qualitat, multiling\u00fce mobilitat, FP Dual, tenen cabuda en tots els estudis que impartim","email":"direccio@lopezvicu.info","telephone":"934 87 65 94"}]}},"_links":{"self":[{"href":"https:\/\/www.lopezvicu.info\/es\/wp-json\/wp\/v2\/pages\/6553","targetHints":{"allow":["GET"]}}],"collection":[{"href":"https:\/\/www.lopezvicu.info\/es\/wp-json\/wp\/v2\/pages"}],"about":[{"href":"https:\/\/www.lopezvicu.info\/es\/wp-json\/wp\/v2\/types\/page"}],"author":[{"embeddable":true,"href":"https:\/\/www.lopezvicu.info\/es\/wp-json\/wp\/v2\/users\/1"}],"replies":[{"embeddable":true,"href":"https:\/\/www.lopezvicu.info\/es\/wp-json\/wp\/v2\/comments?post=6553"}],"version-history":[{"count":25,"href":"https:\/\/www.lopezvicu.info\/es\/wp-json\/wp\/v2\/pages\/6553\/revisions"}],"predecessor-version":[{"id":27887,"href":"https:\/\/www.lopezvicu.info\/es\/wp-json\/wp\/v2\/pages\/6553\/revisions\/27887"}],"wp:attachment":[{"href":"https:\/\/www.lopezvicu.info\/es\/wp-json\/wp\/v2\/media?parent=6553"}],"curies":[{"name":"wp","href":"https:\/\/api.w.org\/{rel}","templated":true}]}}