{"id":6548,"date":"2022-04-12T08:06:11","date_gmt":"2022-04-12T08:06:11","guid":{"rendered":"https:\/\/www.lopezvicu.info\/?page_id=6548"},"modified":"2025-10-17T12:52:47","modified_gmt":"2025-10-17T12:52:47","slug":"salidas-atencion-a-personas-en-situacion-de-dependencia","status":"publish","type":"page","link":"https:\/\/www.lopezvicu.info\/es\/salidas-atencion-a-personas-en-situacion-de-dependencia\/","title":{"rendered":"Salidas de atenci\u00f3n a personas en situaci\u00f3n de dependencia"},"content":{"rendered":"<div class=\"gb-container gb-container-0c02147a\"><div class=\"gb-inside-container\">\n\n<h1 class=\"gb-headline gb-headline-150d1f45 gb-headline-text\">Actividades del ciclo formativo de atenci\u00f3n a personas en situaci\u00f3n de dependencia<\/h1>\n\n\n\n<h2 class=\"gb-headline gb-headline-9c0cdda7 gb-headline-text\">Primer curso<\/h2>\n\n\n\n<p>Estas son las <strong>actividades <\/strong>previstas y aprobadas por el Consejo Escolar para el <strong>ciclo formativo de grado medio<\/strong> de<a href=\"https:\/\/www.lopezvicu.info\/es\/cfgm-atencion-a-personas-en-situacion-de-dependencia\/\" target=\"_blank\" rel=\"noreferrer noopener\"><strong> <\/strong><\/a><strong><a href=\"https:\/\/www.lopezvicu.info\/es\/cfgm-atencion-a-personas-en-situacion-de-dependencia\/\">Atenci\u00f3n a personas en situaci\u00f3n de dependencia<\/a><\/strong><a href=\"https:\/\/www.lopezvicu.info\/es\/cfgm-atencion-a-personas-en-situacion-de-dependencia\/\" target=\"_blank\" rel=\"noreferrer noopener\"><strong> <\/strong><\/a>de primer curso. Para estas actividades no ser\u00e1 necesario que los menores de edad presenten la autorizaci\u00f3n de menores.<\/p>\n\n\n<div class=\"gb-button-wrapper gb-button-wrapper-64c55bb7\">\n\n<a class=\"gb-button gb-button-16c009d6 gb-button-text\" href=\"https:\/\/www.lopezvicu.info\/wp-content\/uploads\/2025\/10\/CALENDARI-FAMILIES-APD1-25-26.pdf\" target=\"_blank\" rel=\"nofollow noopener noreferrer\">Descargar calendario alumnos APD1 2025-2026<\/a>\n\n<\/div>\n\n\n<h3 class=\"gb-headline gb-headline-4c3523ab gb-headline-text\">Actividades primer trimestre<\/h3>\n\n\n\n<ul class=\"wp-block-list\">\n<li>Visita al&nbsp;CRE&nbsp;(Centro de Recursos Educativos de la ONCE). Consiste en una charla y dos talleres. <\/li>\n\n\n\n<li>Taller Centre Ocupacional \u201c Projecte ens Apropem a les escoles\u201d.<\/li>\n\n\n\n<li>Sesi\u00f3n sobre las \u00falceras por presi\u00f3n y los ap\u00f3sitos que se utilizan en la previsi\u00f3n y en el tratamiento.<\/li>\n\n\n\n<li>Visita Esclat Marina (Associaci\u00f3 ESCLAT).<\/li>\n\n\n\n<li>Salida a la Fira Santa Ll\u00facia con usuarios de la Residencia Pare Batllori. <\/li>\n\n\n\n<li>Salida en silla de ruedas por el barrio (Mercat de la Concepci\u00f3).<\/li>\n\n\n\n<li>Cartas intergeneracionales. C\u00e1ritas.<\/li>\n\n\n\n<li>Taller de felicitacions navide\u00f1as: \u00abPer Nadal regala Amor\u00bb. C\u00e1ritas.<\/li>\n\n\n\n<li>Flashmob D\u00eda de la Discapacidad.<\/li>\n\n\n\n<li>Visita centre ESCLAT-CO  y soporte en el Mercat de Navidad. <\/li>\n\n\n\n<li>Reparto de lotes de Navidad para usuarios del Projecte RADARS del Ayuntamiento de Barcelona y de C\u00e1ritas.<\/li>\n<\/ul>\n\n\n\n<h3 class=\"gb-headline gb-headline-0b240852 gb-headline-text\">Actividades segundo trimestre<\/h3>\n\n\n\n<ul class=\"wp-block-list\">\n<li>Salida en el barrio para entrenar movilizaciones y&nbsp; para localizar barreras arquitect\u00f3nicas.<\/li>\n\n\n\n<li>Charla centro ocupacional discapacidad. Taller Artes\u00e0<\/li>\n\n\n\n<li>Visita y charla en  Esclat Escola  + Intervenci\u00f3n<\/li>\n\n\n\n<li>Salida a la calle para entrenar HHSS<\/li>\n\n\n\n<li>Escape Room<\/li>\n\n\n\n<li>Visita CVI ortopedia<\/li>\n\n\n\n<li>Proyecto Sant Jordi. Radars.<\/li>\n<\/ul>\n\n\n\n<h3 class=\"gb-headline gb-headline-3ac0f628 gb-headline-text\">Actividades tercer trimestre<\/h3>\n\n\n\n<ul class=\"wp-block-list\">\n<li>Charla de un experto en gesti\u00f3n en residencias y&nbsp;PIAI&nbsp;(C\u00f3digo \u00e9tico).<\/li>\n\n\n\n<li>CAE I ESCOLA. Visita a centro educativo pluridiscapacidad. Guimbarda Escola.<\/li>\n\n\n\n<li>Sortida al carrer per entrenar HHSS.<\/li>\n\n\n\n<li>Taller personal branding.<\/li>\n<\/ul>\n\n\n\n<p>Las <strong>fechas<\/strong> pueden sufrir <strong>cambios <\/strong>dependiendo de la disponibilidad de los ponentes y de las empresas colaboradoras.<\/p>\n\n\n\n<h2 class=\"gb-headline gb-headline-34b30931 gb-headline-text\">Segundo curso<\/h2>\n\n\n\n<p>Estas son las actividades profesionales que est\u00e1n previstas y aprobadas por el Consejo Escolar para el ciclo formativo de grado medio de Atenci\u00f3n a personas en situaci\u00f3n de dependencia<a href=\"https:\/\/www.lopezvicu.info\/es\/cfgm-atencion-a-personas-en-situacion-de-dependencia\/\"> <\/a>del segundo curso para el curso acad\u00e9mico. Para estas actividades no es necesario que los menores de edad presenten la autorizaci\u00f3n de menores.<\/p>\n\n\n<div class=\"gb-button-wrapper gb-button-wrapper-8c1015ae\">\n\n<a class=\"gb-button gb-button-d31709af gb-button-text\" href=\"https:\/\/www.lopezvicu.info\/wp-content\/uploads\/2025\/10\/CALENDARI-FAMILIES-APD2-25-26.pdf\" target=\"_blank\" rel=\"nofollow noopener noreferrer\">Descargar calendario alumnos APD2 2025-2026<\/a>\n\n<\/div>\n\n\n<h3 class=\"gb-headline gb-headline-d338ce37 gb-headline-text\">Actividades primer trimestre<\/h3>\n\n\n\n<ul class=\"wp-block-list\">\n<li>Sesi\u00f3n Alzheimer.<\/li>\n\n\n\n<li>Charla de Estrella Rubio (professional SAD)<\/li>\n\n\n\n<li>Charla SeniorDOMO.<\/li>\n\n\n\n<li>Taller deporte inclusivo.<\/li>\n\n\n\n<li>Visita a la central de Avism\u00f3n.<\/li>\n\n\n\n<li>Participaci\u00f3n con entrevistas telef\u00f3nicas por un estudio de&nbsp;Avism\u00f3n.<\/li>\n\n\n\n<li>Participaci\u00f3n en el proyecto de \u201cReceptes amb cor\u201d.<\/li>\n\n\n\n<li>Voluntariado Residencia y CD Pare Batllori (APS).<\/li>\n\n\n\n<li>Voluntariado Proyecto Baixem al carrer (APS).<\/li>\n\n\n\n<li>Voluntariado Casal Carlit (APS).<\/li>\n\n\n\n<li>Voluntariado CAE Bernadette (APS).<\/li>\n\n\n\n<li>Voluntariado Centros de D\u00eda Sanitas Proven\u00e7a y Consell de Cent (APS).<\/li>\n<\/ul>\n\n\n\n<h3 class=\"gb-headline gb-headline-6a3d712c gb-headline-text\">Actividades segundo trimestre<\/h3>\n\n\n\n<ul class=\"wp-block-list\">\n<li>Taller para reducir la brecha digital con la gente mayor. Elaboraci\u00f3n de un dosier y participaci\u00f3n en \u201cTransformadors\u201d (Centro C\u00edvico)<\/li>\n\n\n\n<li>Visita a un centro de Teleasistencia.<\/li>\n\n\n\n<li>Taller de lenguaje Braille.<\/li>\n<\/ul>\n\n\n\n<h3 class=\"gb-headline gb-headline-b9a263af gb-headline-text\"><br>Actividades tercer trimestre<\/h3>\n\n\n\n<ul class=\"wp-block-list\">\n<li>APSOCECAT (Asociaci\u00f3n Personas con Sordoceguera).<\/li>\n\n\n\n<li>ALFASAAC\u00a0(Asociaci\u00f3n de difusi\u00f3n del conocimiento de los sistemas Aumentativos y Alternativos de comunicaci\u00f3n).<\/li>\n\n\n\n<li>Visita del huerto urbano Palau Foronda (Centre Condal C.O).<\/li>\n<\/ul>\n\n\n\n<p>Las <strong>fechas <\/strong>de las actividades son <strong>susceptibles<\/strong> de <strong>cambios <\/strong>seg\u00fan la disponibilidad de los ponentes y de las empresas colaboradoras.<\/p>\n\n<\/div><\/div>","protected":false},"excerpt":{"rendered":"<p>Actividades del ciclo formativo de atenci\u00f3n a personas en situaci\u00f3n de dependencia Primer curso Estas son las actividades previstas y aprobadas por el Consejo Escolar &#8230; <\/p>\n<p class=\"read-more-container\"><a title=\"Salidas de atenci\u00f3n a personas en situaci\u00f3n de dependencia\" class=\"read-more button\" href=\"https:\/\/www.lopezvicu.info\/es\/salidas-atencion-a-personas-en-situacion-de-dependencia\/#more-6548\" aria-label=\"Leer m\u00e1s sobre Salidas de atenci\u00f3n a personas en situaci\u00f3n de dependencia\">Leer m\u00e1s<\/a><\/p>\n","protected":false},"author":1,"featured_media":0,"parent":0,"menu_order":0,"comment_status":"closed","ping_status":"closed","template":"","meta":{"footnotes":""},"class_list":["post-6548","page","type-page","status-publish"],"yoast_head":"<!-- This site is optimized with the Yoast SEO Premium plugin v26.0 (Yoast SEO v27.6) - https:\/\/yoast.com\/product\/yoast-seo-premium-wordpress\/ -->\n<title>Atenci\u00f3n a personas en situaci\u00f3n de dependencia y sus salidas - Centre L\u00f3pez Vicu\u00f1a Barcelona<\/title>\n<meta name=\"description\" content=\"Descubre las salidas profesionales y acad\u00e9micas del ciclo formativo de atenci\u00f3n a personas en situaci\u00f3n de dependencia.\" \/>\n<meta name=\"robots\" content=\"index, follow, max-snippet:-1, max-image-preview:large, max-video-preview:-1\" \/>\n<link rel=\"canonical\" href=\"https:\/\/www.lopezvicu.info\/es\/salidas-atencion-a-personas-en-situacion-de-dependencia\/\" \/>\n<meta property=\"og:locale\" content=\"es_ES\" \/>\n<meta property=\"og:type\" content=\"article\" \/>\n<meta property=\"og:title\" content=\"Salidas de atenci\u00f3n a personas en situaci\u00f3n de dependencia\" \/>\n<meta property=\"og:description\" content=\"Descubre las salidas profesionales y acad\u00e9micas del ciclo formativo de atenci\u00f3n a personas en situaci\u00f3n de dependencia.\" \/>\n<meta property=\"og:url\" content=\"https:\/\/www.lopezvicu.info\/es\/salidas-atencion-a-personas-en-situacion-de-dependencia\/\" \/>\n<meta property=\"og:site_name\" content=\"Centre L\u00f3pez Vicu\u00f1a Barcelona\" \/>\n<meta property=\"article:publisher\" content=\"https:\/\/www.facebook.com\/LopezVicuBCN\/\" \/>\n<meta property=\"article:modified_time\" content=\"2025-10-17T12:52:47+00:00\" \/>\n<meta name=\"twitter:card\" content=\"summary_large_image\" \/>\n<meta name=\"twitter:site\" content=\"@lopezvicubcn\" \/>\n<meta name=\"twitter:label1\" content=\"Tiempo de lectura\" \/>\n\t<meta name=\"twitter:data1\" content=\"2 minutos\" \/>\n<script type=\"application\/ld+json\" class=\"yoast-schema-graph\">{\"@context\":\"https:\\\/\\\/schema.org\",\"@graph\":[{\"@type\":\"WebPage\",\"@id\":\"https:\\\/\\\/www.lopezvicu.info\\\/es\\\/salidas-atencion-a-personas-en-situacion-de-dependencia\\\/\",\"url\":\"https:\\\/\\\/www.lopezvicu.info\\\/es\\\/salidas-atencion-a-personas-en-situacion-de-dependencia\\\/\",\"name\":\"Atenci\u00f3n a personas en situaci\u00f3n de dependencia y sus salidas - Centre L\u00f3pez Vicu\u00f1a Barcelona\",\"isPartOf\":{\"@id\":\"https:\\\/\\\/www.lopezvicu.info\\\/es\\\/#website\"},\"datePublished\":\"2022-04-12T08:06:11+00:00\",\"dateModified\":\"2025-10-17T12:52:47+00:00\",\"description\":\"Descubre las salidas profesionales y acad\u00e9micas del ciclo formativo de atenci\u00f3n a personas en situaci\u00f3n de dependencia.\",\"breadcrumb\":{\"@id\":\"https:\\\/\\\/www.lopezvicu.info\\\/es\\\/salidas-atencion-a-personas-en-situacion-de-dependencia\\\/#breadcrumb\"},\"inLanguage\":\"es\",\"potentialAction\":[{\"@type\":\"ReadAction\",\"target\":[\"https:\\\/\\\/www.lopezvicu.info\\\/es\\\/salidas-atencion-a-personas-en-situacion-de-dependencia\\\/\"]}]},{\"@type\":\"BreadcrumbList\",\"@id\":\"https:\\\/\\\/www.lopezvicu.info\\\/es\\\/salidas-atencion-a-personas-en-situacion-de-dependencia\\\/#breadcrumb\",\"itemListElement\":[{\"@type\":\"ListItem\",\"position\":1,\"name\":\"Portada\",\"item\":\"https:\\\/\\\/www.lopezvicu.info\\\/es\\\/\"},{\"@type\":\"ListItem\",\"position\":2,\"name\":\"Salidas de atenci\u00f3n a personas en situaci\u00f3n de dependencia\"}]},{\"@type\":\"WebSite\",\"@id\":\"https:\\\/\\\/www.lopezvicu.info\\\/es\\\/#website\",\"url\":\"https:\\\/\\\/www.lopezvicu.info\\\/es\\\/\",\"name\":\"L\u00f3pez Vicu\u00f1a\",\"description\":\"L\u00f3pez Vicu\u00f1a\",\"publisher\":{\"@id\":\"https:\\\/\\\/www.lopezvicu.info\\\/es\\\/#organization\"},\"potentialAction\":[{\"@type\":\"SearchAction\",\"target\":{\"@type\":\"EntryPoint\",\"urlTemplate\":\"https:\\\/\\\/www.lopezvicu.info\\\/es\\\/?s={search_term_string}\"},\"query-input\":{\"@type\":\"PropertyValueSpecification\",\"valueRequired\":true,\"valueName\":\"search_term_string\"}}],\"inLanguage\":\"es\"},{\"@type\":\"Organization\",\"@id\":\"https:\\\/\\\/www.lopezvicu.info\\\/es\\\/#organization\",\"name\":\"Lopez Vicu\u00f1a\",\"url\":\"https:\\\/\\\/www.lopezvicu.info\\\/es\\\/\",\"logo\":{\"@type\":\"ImageObject\",\"inLanguage\":\"es\",\"@id\":\"https:\\\/\\\/www.lopezvicu.info\\\/es\\\/#\\\/schema\\\/logo\\\/image\\\/\",\"url\":\"https:\\\/\\\/www.lopezvicu.info\\\/wp-content\\\/uploads\\\/2022\\\/01\\\/logo.png\",\"contentUrl\":\"https:\\\/\\\/www.lopezvicu.info\\\/wp-content\\\/uploads\\\/2022\\\/01\\\/logo.png\",\"width\":350,\"height\":70,\"caption\":\"Lopez Vicu\u00f1a\"},\"image\":{\"@id\":\"https:\\\/\\\/www.lopezvicu.info\\\/es\\\/#\\\/schema\\\/logo\\\/image\\\/\"},\"sameAs\":[\"https:\\\/\\\/www.facebook.com\\\/LopezVicuBCN\\\/\",\"https:\\\/\\\/x.com\\\/lopezvicubcn\",\"https:\\\/\\\/www.linkedin.com\\\/company\\\/lopezvicubcn\\\/\",\"https:\\\/\\\/www.instagram.com\\\/lopezvicubcn\\\/\",\"https:\\\/\\\/www.youtube.com\\\/@lopezvicubarcelona\"],\"description\":\"L\u00f3pez Vicu\u00f1a \u00e9s un centre concertat autoritzat pel Departament d'Educaci\u00f3 de la Generalitat de Catalunya amb CODI 08035015, per impartir Batxillerat i Cicles Formatius (Grau Mitj\u00e0 i Grau Superior), obert a tothom i comprom\u00e8s amb la realitat social, cultural i econ\u00f2mica que ens envolta i amb un cost econ\u00f2mic que garanteix l\u2019escolaritzaci\u00f3 post-obligat\u00f2ria de tots els estudiants. Situats a l'Eixample, en ple centre de Barcelona, i amb f\u00e0cil acc\u00e9s en transport p\u00fablic. Metodologies actives, emprenedoria, projectes, aprenentatge - servei, qualitat, multiling\u00fce mobilitat, FP Dual, tenen cabuda en tots els estudis que impartim\",\"email\":\"direccio@lopezvicu.info\",\"telephone\":\"934 87 65 94\"}]}<\/script>\n<!-- \/ Yoast SEO Premium plugin. -->","yoast_head_json":{"title":"Atenci\u00f3n a personas en situaci\u00f3n de dependencia y sus salidas - Centre L\u00f3pez Vicu\u00f1a Barcelona","description":"Descubre las salidas profesionales y acad\u00e9micas del ciclo formativo de atenci\u00f3n a personas en situaci\u00f3n de dependencia.","robots":{"index":"index","follow":"follow","max-snippet":"max-snippet:-1","max-image-preview":"max-image-preview:large","max-video-preview":"max-video-preview:-1"},"canonical":"https:\/\/www.lopezvicu.info\/es\/salidas-atencion-a-personas-en-situacion-de-dependencia\/","og_locale":"es_ES","og_type":"article","og_title":"Salidas de atenci\u00f3n a personas en situaci\u00f3n de dependencia","og_description":"Descubre las salidas profesionales y acad\u00e9micas del ciclo formativo de atenci\u00f3n a personas en situaci\u00f3n de dependencia.","og_url":"https:\/\/www.lopezvicu.info\/es\/salidas-atencion-a-personas-en-situacion-de-dependencia\/","og_site_name":"Centre L\u00f3pez Vicu\u00f1a Barcelona","article_publisher":"https:\/\/www.facebook.com\/LopezVicuBCN\/","article_modified_time":"2025-10-17T12:52:47+00:00","twitter_card":"summary_large_image","twitter_site":"@lopezvicubcn","twitter_misc":{"Tiempo de lectura":"2 minutos"},"schema":{"@context":"https:\/\/schema.org","@graph":[{"@type":"WebPage","@id":"https:\/\/www.lopezvicu.info\/es\/salidas-atencion-a-personas-en-situacion-de-dependencia\/","url":"https:\/\/www.lopezvicu.info\/es\/salidas-atencion-a-personas-en-situacion-de-dependencia\/","name":"Atenci\u00f3n a personas en situaci\u00f3n de dependencia y sus salidas - Centre L\u00f3pez Vicu\u00f1a Barcelona","isPartOf":{"@id":"https:\/\/www.lopezvicu.info\/es\/#website"},"datePublished":"2022-04-12T08:06:11+00:00","dateModified":"2025-10-17T12:52:47+00:00","description":"Descubre las salidas profesionales y acad\u00e9micas del ciclo formativo de atenci\u00f3n a personas en situaci\u00f3n de dependencia.","breadcrumb":{"@id":"https:\/\/www.lopezvicu.info\/es\/salidas-atencion-a-personas-en-situacion-de-dependencia\/#breadcrumb"},"inLanguage":"es","potentialAction":[{"@type":"ReadAction","target":["https:\/\/www.lopezvicu.info\/es\/salidas-atencion-a-personas-en-situacion-de-dependencia\/"]}]},{"@type":"BreadcrumbList","@id":"https:\/\/www.lopezvicu.info\/es\/salidas-atencion-a-personas-en-situacion-de-dependencia\/#breadcrumb","itemListElement":[{"@type":"ListItem","position":1,"name":"Portada","item":"https:\/\/www.lopezvicu.info\/es\/"},{"@type":"ListItem","position":2,"name":"Salidas de atenci\u00f3n a personas en situaci\u00f3n de dependencia"}]},{"@type":"WebSite","@id":"https:\/\/www.lopezvicu.info\/es\/#website","url":"https:\/\/www.lopezvicu.info\/es\/","name":"L\u00f3pez Vicu\u00f1a","description":"L\u00f3pez Vicu\u00f1a","publisher":{"@id":"https:\/\/www.lopezvicu.info\/es\/#organization"},"potentialAction":[{"@type":"SearchAction","target":{"@type":"EntryPoint","urlTemplate":"https:\/\/www.lopezvicu.info\/es\/?s={search_term_string}"},"query-input":{"@type":"PropertyValueSpecification","valueRequired":true,"valueName":"search_term_string"}}],"inLanguage":"es"},{"@type":"Organization","@id":"https:\/\/www.lopezvicu.info\/es\/#organization","name":"Lopez Vicu\u00f1a","url":"https:\/\/www.lopezvicu.info\/es\/","logo":{"@type":"ImageObject","inLanguage":"es","@id":"https:\/\/www.lopezvicu.info\/es\/#\/schema\/logo\/image\/","url":"https:\/\/www.lopezvicu.info\/wp-content\/uploads\/2022\/01\/logo.png","contentUrl":"https:\/\/www.lopezvicu.info\/wp-content\/uploads\/2022\/01\/logo.png","width":350,"height":70,"caption":"Lopez Vicu\u00f1a"},"image":{"@id":"https:\/\/www.lopezvicu.info\/es\/#\/schema\/logo\/image\/"},"sameAs":["https:\/\/www.facebook.com\/LopezVicuBCN\/","https:\/\/x.com\/lopezvicubcn","https:\/\/www.linkedin.com\/company\/lopezvicubcn\/","https:\/\/www.instagram.com\/lopezvicubcn\/","https:\/\/www.youtube.com\/@lopezvicubarcelona"],"description":"L\u00f3pez Vicu\u00f1a \u00e9s un centre concertat autoritzat pel Departament d'Educaci\u00f3 de la Generalitat de Catalunya amb CODI 08035015, per impartir Batxillerat i Cicles Formatius (Grau Mitj\u00e0 i Grau Superior), obert a tothom i comprom\u00e8s amb la realitat social, cultural i econ\u00f2mica que ens envolta i amb un cost econ\u00f2mic que garanteix l\u2019escolaritzaci\u00f3 post-obligat\u00f2ria de tots els estudiants. Situats a l'Eixample, en ple centre de Barcelona, i amb f\u00e0cil acc\u00e9s en transport p\u00fablic. Metodologies actives, emprenedoria, projectes, aprenentatge - servei, qualitat, multiling\u00fce mobilitat, FP Dual, tenen cabuda en tots els estudis que impartim","email":"direccio@lopezvicu.info","telephone":"934 87 65 94"}]}},"_links":{"self":[{"href":"https:\/\/www.lopezvicu.info\/es\/wp-json\/wp\/v2\/pages\/6548","targetHints":{"allow":["GET"]}}],"collection":[{"href":"https:\/\/www.lopezvicu.info\/es\/wp-json\/wp\/v2\/pages"}],"about":[{"href":"https:\/\/www.lopezvicu.info\/es\/wp-json\/wp\/v2\/types\/page"}],"author":[{"embeddable":true,"href":"https:\/\/www.lopezvicu.info\/es\/wp-json\/wp\/v2\/users\/1"}],"replies":[{"embeddable":true,"href":"https:\/\/www.lopezvicu.info\/es\/wp-json\/wp\/v2\/comments?post=6548"}],"version-history":[{"count":34,"href":"https:\/\/www.lopezvicu.info\/es\/wp-json\/wp\/v2\/pages\/6548\/revisions"}],"predecessor-version":[{"id":27884,"href":"https:\/\/www.lopezvicu.info\/es\/wp-json\/wp\/v2\/pages\/6548\/revisions\/27884"}],"wp:attachment":[{"href":"https:\/\/www.lopezvicu.info\/es\/wp-json\/wp\/v2\/media?parent=6548"}],"curies":[{"name":"wp","href":"https:\/\/api.w.org\/{rel}","templated":true}]}}