{"id":6537,"date":"2022-04-11T11:29:09","date_gmt":"2022-04-11T11:29:09","guid":{"rendered":"https:\/\/www.lopezvicu.info\/?page_id=6537"},"modified":"2025-10-17T12:00:11","modified_gmt":"2025-10-17T12:00:11","slug":"salidas-bachillerato","status":"publish","type":"page","link":"https:\/\/www.lopezvicu.info\/es\/salidas-bachillerato\/","title":{"rendered":"Salidas de bachillerato"},"content":{"rendered":"<div class=\"gb-container gb-container-6cc58f85\"><div class=\"gb-inside-container\">\n\n<h1 class=\"gb-headline gb-headline-0309accc gb-headline-text\">Salidas previstas para Bachillerato<\/h1>\n\n\n\n<h2 class=\"gb-headline gb-headline-2cc5a748 gb-headline-text\">Primer curso<\/h2>\n\n\n\n<p>Las <strong>actividades <\/strong>profesionales y\/o acad\u00e9micas que est\u00e1n <strong>previstas<\/strong> <strong>y aprobadas <\/strong>por el<strong> Consejo Escolar <\/strong>para <strong>Bachillerato primer curso, <\/strong>ser\u00e1n mencionadas a continuaci\u00f3n. Es relevante tener en cuenta que, para estas actividades, <strong>no ser\u00e1 necesario<\/strong> que los menores de edad presenten la <strong>autorizaci\u00f3n de menores.<\/strong><\/p>\n\n\n<div class=\"gb-button-wrapper gb-button-wrapper-c833a44a\">\n\n<a class=\"gb-button gb-button-3c058193 gb-button-text\" href=\"https:\/\/www.lopezvicu.info\/wp-content\/uploads\/2025\/10\/CALENDARI-FAMILIES-BAT-1-25-26.pdf\" target=\"_blank\" rel=\"noopener noreferrer\">Descargar calendario BACHILLERATO 1R CURSO 25-26<\/a>\n\n<\/div>\n\n\n<h3 class=\"gb-headline gb-headline-18d5e3e0 gb-headline-text\">Actividades primer trimestre<\/h3>\n\n\n\n<ul class=\"wp-block-list\">\n<li>La acci\u00f3n social de C\u00e1ritas (conferencia).<\/li>\n\n\n\n<li>Ruta de sensibilizaci\u00f3n por Ciutat Vella con Arrels Fundaci\u00f3.<\/li>\n\n\n\n<li>Sesi\u00f3n de sensibilizaci\u00f3n. \u201cRecordamos a las personas sin hogar que nos han dejado\u201d\u00a0 con Arrels Fundaci\u00f3.<\/li>\n\n\n\n<li>\u00abEntre rejas\u00bb. Charla sobre la realidad de las prisiones.<\/li>\n\n\n\n<li>Mujeres emigrantes y trabajo dom\u00e9stico. Visita en el centro social Maria Immaculada.<\/li>\n\n\n\n<li>\u201cCompartimos el viaje\u201d. Sesi\u00f3n de C\u00e1ritas.<\/li>\n\n\n\n<li>Charla diferencia ONG_Fundaci\u00f3n. Colaboradora ONG\u00a0SiloGambase.<\/li>\n\n\n\n<li>Voluntariado comedor social Emmaus.<\/li>\n\n\n\n<li>Asociaci\u00f3n de usuarios de perros lazarillo.<\/li>\n\n\n\n<li>Documental: Recu\u00e9rdame \u201cEl Principio de la desconexi\u00f3n\u201d<\/li>\n\n\n\n<li>Taller manualidades Centro Ocupacional \u201c Proyecto nos acercamos a las escuelas\u201d<\/li>\n\n\n\n<li>Charla OpenArms.<\/li>\n\n\n\n<li>Visita Instituto cartogr\u00e1fico de Barcelona.<\/li>\n\n\n\n<li>Visita Banc de Sang i Teixits.<\/li>\n\n\n\n<li>Generaci\u00f3 ci\u00e8ncia a l\u2019IDIBAPS. Pendent saber dates i inscripci\u00f3.<\/li>\n\n\n\n<li>Visita Geociencias CSIC Barcelona.<\/li>\n\n\n\n<li>Casal joven.<\/li>\n<\/ul>\n\n\n\n<h3 class=\"gb-headline gb-headline-a914699d gb-headline-text\">Actividades segundo trimestre<\/h3>\n\n\n\n<ul class=\"wp-block-list\">\n<li>Instacoop: Economia social i solid\u00e0ria enfront economia tradicional.<\/li>\n\n\n\n<li>Charla \u201cCriptomonedas y ciberseguridad\u201d.<\/li>\n\n\n\n<li>Visita en ingl\u00e9s de alg\u00fan espacio de Barcelona.<\/li>\n\n\n\n<li>III Jornada Reset (Generaci\u00f3 Reset\/Andr\u00f2mines).<\/li>\n\n\n\n<li>Visita al Parlament de Catalunya.<\/li>\n<\/ul>\n\n\n\n<h3 class=\"gb-headline gb-headline-56acd0b5 gb-headline-text\">Actividades tercer trimestre<\/h3>\n\n\n\n<ul class=\"wp-block-list\">\n<li>Xerrada EFEC: Administra tu dinero.<\/li>\n\n\n\n<li>Charla jur\u00eddica (abogac\u00eda).<\/li>\n\n\n\n<li>Fiesta de la ciencia de la Universidad de Barcelona (UB).<\/li>\n<\/ul>\n\n\n\n<p>Las <strong>fechas <\/strong>de las <strong>salidas <\/strong>son <strong>susceptibles <\/strong>a <strong>cambios <\/strong>seg\u00fan la disponibilidad de los ponentes y de las empresas colaboradoras.<\/p>\n\n\n\n<h2 class=\"gb-headline gb-headline-1eb146d4 gb-headline-text\">Segundo curso<\/h2>\n\n\n\n<p>Estas son las <strong>actividades <\/strong>profesionales y\/o acad\u00e9micas que est\u00e1n <strong>previstas y aprobadas por el Consejo Escolar<\/strong> para <strong>segundo curso de Bachillerato. <\/strong>Para estas salidas <strong>no ser\u00e1 necesario<\/strong> que los menores de edad presenten la<strong> autorizaci\u00f3n de menores.<\/strong><\/p>\n\n\n<div class=\"gb-button-wrapper gb-button-wrapper-4c9c83f1\">\n\n<a class=\"gb-button gb-button-e71f0208 gb-button-text\" href=\"https:\/\/www.lopezvicu.info\/wp-content\/uploads\/2025\/10\/CALENDARI-FAMILIES-BAT2-25-26.pdf\" target=\"_blank\" rel=\"nofollow noopener noreferrer\">Descargar calendario BACHILLERATO 2o CURSO 25-26<\/a>\n\n<\/div>\n\n\n<h3 class=\"gb-headline gb-headline-526467a5 gb-headline-text\">Actividades primer trimestre<\/h3>\n\n\n\n<ul class=\"wp-block-list\">\n<li>Charla FEMCAT.<\/li>\n\n\n\n<li>Charla de un emprenedor.<\/li>\n\n\n\n<li>Sesi\u00f3n \u00abBiot\u00e9xtiles\u00bb.<\/li>\n<\/ul>\n\n\n\n<h3 class=\"gb-headline gb-headline-ca9bb85d gb-headline-text\">Actividades segundo trimestre<\/h3>\n\n\n\n<ul class=\"wp-block-list\">\n<li>Jornada de Qu\u00edmica Interactiva <strong>UAB<\/strong>.<\/li>\n\n\n\n<li>Jornada de Qu\u00edmica UB.<\/li>\n\n\n\n<li>Talleres pr\u00e1cticos al&nbsp;IQS.<\/li>\n\n\n\n<li>Charla ONG: Paremos las guerras.<\/li>\n\n\n\n<li>Taller Charla\u00a0EFEC: endeudar se con tino.<\/li>\n\n\n\n<li>Taller\u00a0Instacop. Liderazgo democr\u00e1tico.<\/li>\n\n\n\n<li>Visita a la Audiencia Provincial de BCN.<\/li>\n<\/ul>\n\n\n\n<h3 class=\"gb-headline gb-headline-b4528912 gb-headline-text\">Actividades tercer trimestre<\/h3>\n\n\n\n<ul class=\"wp-block-list\">\n<li>Sin actividades.<\/li>\n<\/ul>\n\n\n\n<p>Las <strong>fechas <\/strong>son <strong>susceptibles <\/strong>de <strong>cambios <\/strong>seg\u00fan la disponibilidad de las empresas colaboradoras y los ponentes.<\/p>\n\n<\/div><\/div>\n\n\n<p><\/p>\n","protected":false},"excerpt":{"rendered":"<p>Salidas previstas para Bachillerato Primer curso Las actividades profesionales y\/o acad\u00e9micas que est\u00e1n previstas y aprobadas por el Consejo Escolar para Bachillerato primer curso, ser\u00e1n &#8230; <\/p>\n<p class=\"read-more-container\"><a title=\"Salidas de bachillerato\" class=\"read-more button\" href=\"https:\/\/www.lopezvicu.info\/es\/salidas-bachillerato\/#more-6537\" aria-label=\"Leer m\u00e1s sobre Salidas de bachillerato\">Leer m\u00e1s<\/a><\/p>\n","protected":false},"author":1,"featured_media":0,"parent":0,"menu_order":0,"comment_status":"closed","ping_status":"closed","template":"","meta":{"footnotes":""},"class_list":["post-6537","page","type-page","status-publish"],"yoast_head":"<!-- This site is optimized with the Yoast SEO Premium plugin v26.0 (Yoast SEO v27.5) - https:\/\/yoast.com\/product\/yoast-seo-premium-wordpress\/ -->\n<title>Bachillerato: salidas acad\u00e9micas y profesionales - Centre L\u00f3pez Vicu\u00f1a Barcelona<\/title>\n<meta name=\"description\" content=\"Descubre las salidas profesionales y acad\u00e9micas de bachillerato y empieza tu nueva etapa en nuestro centro L\u00f3pez Vicu\u00f1a.\" \/>\n<meta name=\"robots\" content=\"index, follow, max-snippet:-1, max-image-preview:large, max-video-preview:-1\" \/>\n<link rel=\"canonical\" href=\"https:\/\/www.lopezvicu.info\/es\/salidas-bachillerato\/\" \/>\n<meta property=\"og:locale\" content=\"es_ES\" \/>\n<meta property=\"og:type\" content=\"article\" \/>\n<meta property=\"og:title\" content=\"Salidas de bachillerato\" \/>\n<meta property=\"og:description\" content=\"Descubre las salidas profesionales y acad\u00e9micas de bachillerato y empieza tu nueva etapa en nuestro centro L\u00f3pez Vicu\u00f1a.\" \/>\n<meta property=\"og:url\" content=\"https:\/\/www.lopezvicu.info\/es\/salidas-bachillerato\/\" \/>\n<meta property=\"og:site_name\" content=\"Centre L\u00f3pez Vicu\u00f1a Barcelona\" \/>\n<meta property=\"article:publisher\" content=\"https:\/\/www.facebook.com\/LopezVicuBCN\/\" \/>\n<meta property=\"article:modified_time\" content=\"2025-10-17T12:00:11+00:00\" \/>\n<meta name=\"twitter:card\" content=\"summary_large_image\" \/>\n<meta name=\"twitter:site\" content=\"@lopezvicubcn\" \/>\n<meta name=\"twitter:label1\" content=\"Tiempo de lectura\" \/>\n\t<meta name=\"twitter:data1\" content=\"2 minutos\" \/>\n<script type=\"application\/ld+json\" class=\"yoast-schema-graph\">{\"@context\":\"https:\\\/\\\/schema.org\",\"@graph\":[{\"@type\":\"WebPage\",\"@id\":\"https:\\\/\\\/www.lopezvicu.info\\\/es\\\/salidas-bachillerato\\\/\",\"url\":\"https:\\\/\\\/www.lopezvicu.info\\\/es\\\/salidas-bachillerato\\\/\",\"name\":\"Bachillerato: salidas acad\u00e9micas y profesionales - Centre L\u00f3pez Vicu\u00f1a Barcelona\",\"isPartOf\":{\"@id\":\"https:\\\/\\\/www.lopezvicu.info\\\/es\\\/#website\"},\"datePublished\":\"2022-04-11T11:29:09+00:00\",\"dateModified\":\"2025-10-17T12:00:11+00:00\",\"description\":\"Descubre las salidas profesionales y acad\u00e9micas de bachillerato y empieza tu nueva etapa en nuestro centro L\u00f3pez Vicu\u00f1a.\",\"breadcrumb\":{\"@id\":\"https:\\\/\\\/www.lopezvicu.info\\\/es\\\/salidas-bachillerato\\\/#breadcrumb\"},\"inLanguage\":\"es\",\"potentialAction\":[{\"@type\":\"ReadAction\",\"target\":[\"https:\\\/\\\/www.lopezvicu.info\\\/es\\\/salidas-bachillerato\\\/\"]}]},{\"@type\":\"BreadcrumbList\",\"@id\":\"https:\\\/\\\/www.lopezvicu.info\\\/es\\\/salidas-bachillerato\\\/#breadcrumb\",\"itemListElement\":[{\"@type\":\"ListItem\",\"position\":1,\"name\":\"Portada\",\"item\":\"https:\\\/\\\/www.lopezvicu.info\\\/es\\\/\"},{\"@type\":\"ListItem\",\"position\":2,\"name\":\"Salidas de bachillerato\"}]},{\"@type\":\"WebSite\",\"@id\":\"https:\\\/\\\/www.lopezvicu.info\\\/es\\\/#website\",\"url\":\"https:\\\/\\\/www.lopezvicu.info\\\/es\\\/\",\"name\":\"L\u00f3pez Vicu\u00f1a\",\"description\":\"L\u00f3pez Vicu\u00f1a\",\"publisher\":{\"@id\":\"https:\\\/\\\/www.lopezvicu.info\\\/es\\\/#organization\"},\"potentialAction\":[{\"@type\":\"SearchAction\",\"target\":{\"@type\":\"EntryPoint\",\"urlTemplate\":\"https:\\\/\\\/www.lopezvicu.info\\\/es\\\/?s={search_term_string}\"},\"query-input\":{\"@type\":\"PropertyValueSpecification\",\"valueRequired\":true,\"valueName\":\"search_term_string\"}}],\"inLanguage\":\"es\"},{\"@type\":\"Organization\",\"@id\":\"https:\\\/\\\/www.lopezvicu.info\\\/es\\\/#organization\",\"name\":\"Lopez Vicu\u00f1a\",\"url\":\"https:\\\/\\\/www.lopezvicu.info\\\/es\\\/\",\"logo\":{\"@type\":\"ImageObject\",\"inLanguage\":\"es\",\"@id\":\"https:\\\/\\\/www.lopezvicu.info\\\/es\\\/#\\\/schema\\\/logo\\\/image\\\/\",\"url\":\"https:\\\/\\\/www.lopezvicu.info\\\/wp-content\\\/uploads\\\/2022\\\/01\\\/logo.png\",\"contentUrl\":\"https:\\\/\\\/www.lopezvicu.info\\\/wp-content\\\/uploads\\\/2022\\\/01\\\/logo.png\",\"width\":350,\"height\":70,\"caption\":\"Lopez Vicu\u00f1a\"},\"image\":{\"@id\":\"https:\\\/\\\/www.lopezvicu.info\\\/es\\\/#\\\/schema\\\/logo\\\/image\\\/\"},\"sameAs\":[\"https:\\\/\\\/www.facebook.com\\\/LopezVicuBCN\\\/\",\"https:\\\/\\\/x.com\\\/lopezvicubcn\",\"https:\\\/\\\/www.linkedin.com\\\/company\\\/lopezvicubcn\\\/\",\"https:\\\/\\\/www.instagram.com\\\/lopezvicubcn\\\/\",\"https:\\\/\\\/www.youtube.com\\\/@lopezvicubarcelona\"],\"description\":\"L\u00f3pez Vicu\u00f1a \u00e9s un centre concertat autoritzat pel Departament d'Educaci\u00f3 de la Generalitat de Catalunya amb CODI 08035015, per impartir Batxillerat i Cicles Formatius (Grau Mitj\u00e0 i Grau Superior), obert a tothom i comprom\u00e8s amb la realitat social, cultural i econ\u00f2mica que ens envolta i amb un cost econ\u00f2mic que garanteix l\u2019escolaritzaci\u00f3 post-obligat\u00f2ria de tots els estudiants. Situats a l'Eixample, en ple centre de Barcelona, i amb f\u00e0cil acc\u00e9s en transport p\u00fablic. Metodologies actives, emprenedoria, projectes, aprenentatge - servei, qualitat, multiling\u00fce mobilitat, FP Dual, tenen cabuda en tots els estudis que impartim\",\"email\":\"direccio@lopezvicu.info\",\"telephone\":\"934 87 65 94\"}]}<\/script>\n<!-- \/ Yoast SEO Premium plugin. -->","yoast_head_json":{"title":"Bachillerato: salidas acad\u00e9micas y profesionales - Centre L\u00f3pez Vicu\u00f1a Barcelona","description":"Descubre las salidas profesionales y acad\u00e9micas de bachillerato y empieza tu nueva etapa en nuestro centro L\u00f3pez Vicu\u00f1a.","robots":{"index":"index","follow":"follow","max-snippet":"max-snippet:-1","max-image-preview":"max-image-preview:large","max-video-preview":"max-video-preview:-1"},"canonical":"https:\/\/www.lopezvicu.info\/es\/salidas-bachillerato\/","og_locale":"es_ES","og_type":"article","og_title":"Salidas de bachillerato","og_description":"Descubre las salidas profesionales y acad\u00e9micas de bachillerato y empieza tu nueva etapa en nuestro centro L\u00f3pez Vicu\u00f1a.","og_url":"https:\/\/www.lopezvicu.info\/es\/salidas-bachillerato\/","og_site_name":"Centre L\u00f3pez Vicu\u00f1a Barcelona","article_publisher":"https:\/\/www.facebook.com\/LopezVicuBCN\/","article_modified_time":"2025-10-17T12:00:11+00:00","twitter_card":"summary_large_image","twitter_site":"@lopezvicubcn","twitter_misc":{"Tiempo de lectura":"2 minutos"},"schema":{"@context":"https:\/\/schema.org","@graph":[{"@type":"WebPage","@id":"https:\/\/www.lopezvicu.info\/es\/salidas-bachillerato\/","url":"https:\/\/www.lopezvicu.info\/es\/salidas-bachillerato\/","name":"Bachillerato: salidas acad\u00e9micas y profesionales - Centre L\u00f3pez Vicu\u00f1a Barcelona","isPartOf":{"@id":"https:\/\/www.lopezvicu.info\/es\/#website"},"datePublished":"2022-04-11T11:29:09+00:00","dateModified":"2025-10-17T12:00:11+00:00","description":"Descubre las salidas profesionales y acad\u00e9micas de bachillerato y empieza tu nueva etapa en nuestro centro L\u00f3pez Vicu\u00f1a.","breadcrumb":{"@id":"https:\/\/www.lopezvicu.info\/es\/salidas-bachillerato\/#breadcrumb"},"inLanguage":"es","potentialAction":[{"@type":"ReadAction","target":["https:\/\/www.lopezvicu.info\/es\/salidas-bachillerato\/"]}]},{"@type":"BreadcrumbList","@id":"https:\/\/www.lopezvicu.info\/es\/salidas-bachillerato\/#breadcrumb","itemListElement":[{"@type":"ListItem","position":1,"name":"Portada","item":"https:\/\/www.lopezvicu.info\/es\/"},{"@type":"ListItem","position":2,"name":"Salidas de bachillerato"}]},{"@type":"WebSite","@id":"https:\/\/www.lopezvicu.info\/es\/#website","url":"https:\/\/www.lopezvicu.info\/es\/","name":"L\u00f3pez Vicu\u00f1a","description":"L\u00f3pez Vicu\u00f1a","publisher":{"@id":"https:\/\/www.lopezvicu.info\/es\/#organization"},"potentialAction":[{"@type":"SearchAction","target":{"@type":"EntryPoint","urlTemplate":"https:\/\/www.lopezvicu.info\/es\/?s={search_term_string}"},"query-input":{"@type":"PropertyValueSpecification","valueRequired":true,"valueName":"search_term_string"}}],"inLanguage":"es"},{"@type":"Organization","@id":"https:\/\/www.lopezvicu.info\/es\/#organization","name":"Lopez Vicu\u00f1a","url":"https:\/\/www.lopezvicu.info\/es\/","logo":{"@type":"ImageObject","inLanguage":"es","@id":"https:\/\/www.lopezvicu.info\/es\/#\/schema\/logo\/image\/","url":"https:\/\/www.lopezvicu.info\/wp-content\/uploads\/2022\/01\/logo.png","contentUrl":"https:\/\/www.lopezvicu.info\/wp-content\/uploads\/2022\/01\/logo.png","width":350,"height":70,"caption":"Lopez Vicu\u00f1a"},"image":{"@id":"https:\/\/www.lopezvicu.info\/es\/#\/schema\/logo\/image\/"},"sameAs":["https:\/\/www.facebook.com\/LopezVicuBCN\/","https:\/\/x.com\/lopezvicubcn","https:\/\/www.linkedin.com\/company\/lopezvicubcn\/","https:\/\/www.instagram.com\/lopezvicubcn\/","https:\/\/www.youtube.com\/@lopezvicubarcelona"],"description":"L\u00f3pez Vicu\u00f1a \u00e9s un centre concertat autoritzat pel Departament d'Educaci\u00f3 de la Generalitat de Catalunya amb CODI 08035015, per impartir Batxillerat i Cicles Formatius (Grau Mitj\u00e0 i Grau Superior), obert a tothom i comprom\u00e8s amb la realitat social, cultural i econ\u00f2mica que ens envolta i amb un cost econ\u00f2mic que garanteix l\u2019escolaritzaci\u00f3 post-obligat\u00f2ria de tots els estudiants. Situats a l'Eixample, en ple centre de Barcelona, i amb f\u00e0cil acc\u00e9s en transport p\u00fablic. Metodologies actives, emprenedoria, projectes, aprenentatge - servei, qualitat, multiling\u00fce mobilitat, FP Dual, tenen cabuda en tots els estudis que impartim","email":"direccio@lopezvicu.info","telephone":"934 87 65 94"}]}},"_links":{"self":[{"href":"https:\/\/www.lopezvicu.info\/es\/wp-json\/wp\/v2\/pages\/6537","targetHints":{"allow":["GET"]}}],"collection":[{"href":"https:\/\/www.lopezvicu.info\/es\/wp-json\/wp\/v2\/pages"}],"about":[{"href":"https:\/\/www.lopezvicu.info\/es\/wp-json\/wp\/v2\/types\/page"}],"author":[{"embeddable":true,"href":"https:\/\/www.lopezvicu.info\/es\/wp-json\/wp\/v2\/users\/1"}],"replies":[{"embeddable":true,"href":"https:\/\/www.lopezvicu.info\/es\/wp-json\/wp\/v2\/comments?post=6537"}],"version-history":[{"count":28,"href":"https:\/\/www.lopezvicu.info\/es\/wp-json\/wp\/v2\/pages\/6537\/revisions"}],"predecessor-version":[{"id":27873,"href":"https:\/\/www.lopezvicu.info\/es\/wp-json\/wp\/v2\/pages\/6537\/revisions\/27873"}],"wp:attachment":[{"href":"https:\/\/www.lopezvicu.info\/es\/wp-json\/wp\/v2\/media?parent=6537"}],"curies":[{"name":"wp","href":"https:\/\/api.w.org\/{rel}","templated":true}]}}