{"id":6534,"date":"2022-04-12T16:15:50","date_gmt":"2022-04-12T16:15:50","guid":{"rendered":"https:\/\/www.lopezvicu.info\/?page_id=6534"},"modified":"2024-10-23T10:16:23","modified_gmt":"2024-10-23T10:16:23","slug":"programa-bid-banco-integrado-de-datos","status":"publish","type":"page","link":"https:\/\/www.lopezvicu.info\/es\/programa-bid-banco-integrado-de-datos\/","title":{"rendered":"Programa BID"},"content":{"rendered":"<div class=\"gb-container gb-container-4b03778e\"><div class=\"gb-inside-container\">\n\n<h1 class=\"gb-headline gb-headline-c5db5687 gb-headline-text\">Programa BID \u2013 Banco integrado de datos<\/h1>\n\n\n\n<p>El BID es el <strong>instrumento oficial<\/strong> de <strong>gesti\u00f3n<\/strong> para todos los<strong> agentes implicados<\/strong> en el <strong>desarrollo <\/strong>de la <strong>formaci\u00f3n pr\u00e1ctica<\/strong> en <strong>centros de trabajo (FCT) <\/strong>del <strong>alumnado <\/strong>de <strong>formaci\u00f3n profesional.<\/strong><\/p>\n\n\n\n<h2 class=\"gb-headline gb-headline-33264ffa gb-headline-text\">\u00bfQu\u00e9 comunica?<\/h2>\n\n\n\n<p>El BID <strong>comunica <\/strong>de forma activa, r\u00e1pida y segura:<\/p>\n\n\n\n<ul class=\"wp-block-list\">\n<li>Las 13 c\u00e1maras catalanas.<\/li>\n\n\n\n<li>El Consejo de C\u00e1maras.<\/li>\n\n\n\n<li>Los centros de formaci\u00f3n profesional y los servicios centrales. <\/li>\n\n\n\n<li>Delegaciones territoriales del Departamento de Ense\u00f1anza.<\/li>\n<\/ul>\n\n\n\n<h2 class=\"wp-block-heading\"><br>N\u00famero de la Seguridad Social por las pr\u00e1cticas formativas<\/h2>\n\n\n\n<p>A partir del 1 de enero del 2024 es obligatoria el alta a la Seguridad Social durante las pr\u00e1cticas formativas no remuneradas. Los d\u00edas de estancia en la empresa durante la Formaci\u00f3n en Centros de Trabajo (FCT)\u00a0se incorporar\u00e1n a la vida laboral del alumnado.<\/p>\n\n\n\n<p>Para ello, es indispensable que el alumnado comunique su propio n\u00famero de la Seguridad Social (NSS)\u00a0al centro. <\/p>\n\n\n\n<h3 class=\"wp-block-heading\">\u00bfC\u00f3mo solicitar el NSS? <\/h3>\n\n\n\n<p><a href=\"https:\/\/www.lopezvicu.info\/wp-content\/uploads\/2024\/10\/Instruccions-alumnat-Numero-Seguretat-Social.pdf\">Intrucciones para solicitar el NSS.<\/a><\/p>\n\n\n\n<div style=\"height:35px\" aria-hidden=\"true\" class=\"wp-block-spacer\"><\/div>\n\n\n\n<h2 class=\"gb-headline gb-headline-e405aa96 gb-headline-text\">Manual BID \u2013 Alumnado (qBID)<\/h2>\n\n\n\n<figure class=\"wp-block-embed is-type-rich is-provider-gestor-del-servicio wp-block-embed-gestor-del-servicio wp-embed-aspect-16-9 wp-has-aspect-ratio\"><div class=\"wp-block-embed__wrapper\">\n<iframe loading=\"lazy\" title=\"BID DdE 05   Alumne\" width=\"1200\" height=\"675\" src=\"https:\/\/www.youtube.com\/embed\/Fur79MsXy7E?feature=oembed\" frameborder=\"0\" allow=\"accelerometer; autoplay; clipboard-write; encrypted-media; gyroscope; picture-in-picture; web-share\" referrerpolicy=\"strict-origin-when-cross-origin\" allowfullscreen><\/iframe>\n<\/div><\/figure>\n\n<\/div><\/div>","protected":false},"excerpt":{"rendered":"<p>Programa BID \u2013 Banco integrado de datos El BID es el instrumento oficial de gesti\u00f3n para todos los agentes implicados en el desarrollo de la &#8230; <\/p>\n<p class=\"read-more-container\"><a title=\"Programa BID\" class=\"read-more button\" href=\"https:\/\/www.lopezvicu.info\/es\/programa-bid-banco-integrado-de-datos\/#more-6534\" aria-label=\"Leer m\u00e1s sobre Programa BID\">Leer m\u00e1s<\/a><\/p>\n","protected":false},"author":1,"featured_media":0,"parent":0,"menu_order":0,"comment_status":"closed","ping_status":"closed","template":"","meta":{"footnotes":""},"class_list":["post-6534","page","type-page","status-publish"],"yoast_head":"<!-- This site is optimized with the Yoast SEO Premium plugin v26.0 (Yoast SEO v27.4) - https:\/\/yoast.com\/product\/yoast-seo-premium-wordpress\/ -->\n<title>Programa BID, banco integrado de datos - Centre L\u00f3pez Vicu\u00f1a Barcelona<\/title>\n<meta name=\"description\" content=\"Descubre lo que comporta el programa BID con nuestro centro, L\u00f3pez Vicu\u00f1a, y f\u00f3rmate con nosotros de la manera m\u00e1s eficaz.\" \/>\n<meta name=\"robots\" content=\"index, follow, max-snippet:-1, max-image-preview:large, max-video-preview:-1\" \/>\n<link rel=\"canonical\" href=\"https:\/\/www.lopezvicu.info\/es\/programa-bid-banco-integrado-de-datos\/\" \/>\n<meta property=\"og:locale\" content=\"es_ES\" \/>\n<meta property=\"og:type\" content=\"article\" \/>\n<meta property=\"og:title\" content=\"Programa BID\" \/>\n<meta property=\"og:description\" content=\"Descubre lo que comporta el programa BID con nuestro centro, L\u00f3pez Vicu\u00f1a, y f\u00f3rmate con nosotros de la manera m\u00e1s eficaz.\" \/>\n<meta property=\"og:url\" content=\"https:\/\/www.lopezvicu.info\/es\/programa-bid-banco-integrado-de-datos\/\" \/>\n<meta property=\"og:site_name\" content=\"Centre L\u00f3pez Vicu\u00f1a Barcelona\" \/>\n<meta property=\"article:publisher\" content=\"https:\/\/www.facebook.com\/LopezVicuBCN\/\" \/>\n<meta property=\"article:modified_time\" content=\"2024-10-23T10:16:23+00:00\" \/>\n<meta property=\"og:image\" content=\"https:\/\/www.lopezvicu.info\/wp-content\/uploads\/2022\/05\/cropped-lovi-transp-logo.jpeg\" \/>\n\t<meta property=\"og:image:width\" content=\"1589\" \/>\n\t<meta property=\"og:image:height\" content=\"1600\" \/>\n\t<meta property=\"og:image:type\" content=\"image\/jpeg\" \/>\n<meta name=\"twitter:card\" content=\"summary_large_image\" \/>\n<meta name=\"twitter:site\" content=\"@lopezvicubcn\" \/>\n<meta name=\"twitter:label1\" content=\"Tiempo de lectura\" \/>\n\t<meta name=\"twitter:data1\" content=\"1 minuto\" \/>\n<script type=\"application\/ld+json\" class=\"yoast-schema-graph\">{\"@context\":\"https:\\\/\\\/schema.org\",\"@graph\":[{\"@type\":\"WebPage\",\"@id\":\"https:\\\/\\\/www.lopezvicu.info\\\/es\\\/programa-bid-banco-integrado-de-datos\\\/\",\"url\":\"https:\\\/\\\/www.lopezvicu.info\\\/es\\\/programa-bid-banco-integrado-de-datos\\\/\",\"name\":\"Programa BID, banco integrado de datos - Centre L\u00f3pez Vicu\u00f1a Barcelona\",\"isPartOf\":{\"@id\":\"https:\\\/\\\/www.lopezvicu.info\\\/es\\\/#website\"},\"datePublished\":\"2022-04-12T16:15:50+00:00\",\"dateModified\":\"2024-10-23T10:16:23+00:00\",\"description\":\"Descubre lo que comporta el programa BID con nuestro centro, L\u00f3pez Vicu\u00f1a, y f\u00f3rmate con nosotros de la manera m\u00e1s eficaz.\",\"breadcrumb\":{\"@id\":\"https:\\\/\\\/www.lopezvicu.info\\\/es\\\/programa-bid-banco-integrado-de-datos\\\/#breadcrumb\"},\"inLanguage\":\"es\",\"potentialAction\":[{\"@type\":\"ReadAction\",\"target\":[\"https:\\\/\\\/www.lopezvicu.info\\\/es\\\/programa-bid-banco-integrado-de-datos\\\/\"]}]},{\"@type\":\"BreadcrumbList\",\"@id\":\"https:\\\/\\\/www.lopezvicu.info\\\/es\\\/programa-bid-banco-integrado-de-datos\\\/#breadcrumb\",\"itemListElement\":[{\"@type\":\"ListItem\",\"position\":1,\"name\":\"Portada\",\"item\":\"https:\\\/\\\/www.lopezvicu.info\\\/es\\\/\"},{\"@type\":\"ListItem\",\"position\":2,\"name\":\"Programa BID\"}]},{\"@type\":\"WebSite\",\"@id\":\"https:\\\/\\\/www.lopezvicu.info\\\/es\\\/#website\",\"url\":\"https:\\\/\\\/www.lopezvicu.info\\\/es\\\/\",\"name\":\"L\u00f3pez Vicu\u00f1a\",\"description\":\"L\u00f3pez Vicu\u00f1a\",\"publisher\":{\"@id\":\"https:\\\/\\\/www.lopezvicu.info\\\/es\\\/#organization\"},\"potentialAction\":[{\"@type\":\"SearchAction\",\"target\":{\"@type\":\"EntryPoint\",\"urlTemplate\":\"https:\\\/\\\/www.lopezvicu.info\\\/es\\\/?s={search_term_string}\"},\"query-input\":{\"@type\":\"PropertyValueSpecification\",\"valueRequired\":true,\"valueName\":\"search_term_string\"}}],\"inLanguage\":\"es\"},{\"@type\":\"Organization\",\"@id\":\"https:\\\/\\\/www.lopezvicu.info\\\/es\\\/#organization\",\"name\":\"Lopez Vicu\u00f1a\",\"url\":\"https:\\\/\\\/www.lopezvicu.info\\\/es\\\/\",\"logo\":{\"@type\":\"ImageObject\",\"inLanguage\":\"es\",\"@id\":\"https:\\\/\\\/www.lopezvicu.info\\\/es\\\/#\\\/schema\\\/logo\\\/image\\\/\",\"url\":\"https:\\\/\\\/www.lopezvicu.info\\\/wp-content\\\/uploads\\\/2022\\\/01\\\/logo.png\",\"contentUrl\":\"https:\\\/\\\/www.lopezvicu.info\\\/wp-content\\\/uploads\\\/2022\\\/01\\\/logo.png\",\"width\":350,\"height\":70,\"caption\":\"Lopez Vicu\u00f1a\"},\"image\":{\"@id\":\"https:\\\/\\\/www.lopezvicu.info\\\/es\\\/#\\\/schema\\\/logo\\\/image\\\/\"},\"sameAs\":[\"https:\\\/\\\/www.facebook.com\\\/LopezVicuBCN\\\/\",\"https:\\\/\\\/x.com\\\/lopezvicubcn\",\"https:\\\/\\\/www.linkedin.com\\\/company\\\/lopezvicubcn\\\/\",\"https:\\\/\\\/www.instagram.com\\\/lopezvicubcn\\\/\",\"https:\\\/\\\/www.youtube.com\\\/@lopezvicubarcelona\"],\"description\":\"L\u00f3pez Vicu\u00f1a \u00e9s un centre concertat autoritzat pel Departament d'Educaci\u00f3 de la Generalitat de Catalunya amb CODI 08035015, per impartir Batxillerat i Cicles Formatius (Grau Mitj\u00e0 i Grau Superior), obert a tothom i comprom\u00e8s amb la realitat social, cultural i econ\u00f2mica que ens envolta i amb un cost econ\u00f2mic que garanteix l\u2019escolaritzaci\u00f3 post-obligat\u00f2ria de tots els estudiants. Situats a l'Eixample, en ple centre de Barcelona, i amb f\u00e0cil acc\u00e9s en transport p\u00fablic. Metodologies actives, emprenedoria, projectes, aprenentatge - servei, qualitat, multiling\u00fce mobilitat, FP Dual, tenen cabuda en tots els estudis que impartim\",\"email\":\"direccio@lopezvicu.info\",\"telephone\":\"934 87 65 94\"}]}<\/script>\n<!-- \/ Yoast SEO Premium plugin. -->","yoast_head_json":{"title":"Programa BID, banco integrado de datos - Centre L\u00f3pez Vicu\u00f1a Barcelona","description":"Descubre lo que comporta el programa BID con nuestro centro, L\u00f3pez Vicu\u00f1a, y f\u00f3rmate con nosotros de la manera m\u00e1s eficaz.","robots":{"index":"index","follow":"follow","max-snippet":"max-snippet:-1","max-image-preview":"max-image-preview:large","max-video-preview":"max-video-preview:-1"},"canonical":"https:\/\/www.lopezvicu.info\/es\/programa-bid-banco-integrado-de-datos\/","og_locale":"es_ES","og_type":"article","og_title":"Programa BID","og_description":"Descubre lo que comporta el programa BID con nuestro centro, L\u00f3pez Vicu\u00f1a, y f\u00f3rmate con nosotros de la manera m\u00e1s eficaz.","og_url":"https:\/\/www.lopezvicu.info\/es\/programa-bid-banco-integrado-de-datos\/","og_site_name":"Centre L\u00f3pez Vicu\u00f1a Barcelona","article_publisher":"https:\/\/www.facebook.com\/LopezVicuBCN\/","article_modified_time":"2024-10-23T10:16:23+00:00","og_image":[{"width":1589,"height":1600,"url":"https:\/\/www.lopezvicu.info\/wp-content\/uploads\/2022\/05\/cropped-lovi-transp-logo.jpeg","type":"image\/jpeg"}],"twitter_card":"summary_large_image","twitter_site":"@lopezvicubcn","twitter_misc":{"Tiempo de lectura":"1 minuto"},"schema":{"@context":"https:\/\/schema.org","@graph":[{"@type":"WebPage","@id":"https:\/\/www.lopezvicu.info\/es\/programa-bid-banco-integrado-de-datos\/","url":"https:\/\/www.lopezvicu.info\/es\/programa-bid-banco-integrado-de-datos\/","name":"Programa BID, banco integrado de datos - Centre L\u00f3pez Vicu\u00f1a Barcelona","isPartOf":{"@id":"https:\/\/www.lopezvicu.info\/es\/#website"},"datePublished":"2022-04-12T16:15:50+00:00","dateModified":"2024-10-23T10:16:23+00:00","description":"Descubre lo que comporta el programa BID con nuestro centro, L\u00f3pez Vicu\u00f1a, y f\u00f3rmate con nosotros de la manera m\u00e1s eficaz.","breadcrumb":{"@id":"https:\/\/www.lopezvicu.info\/es\/programa-bid-banco-integrado-de-datos\/#breadcrumb"},"inLanguage":"es","potentialAction":[{"@type":"ReadAction","target":["https:\/\/www.lopezvicu.info\/es\/programa-bid-banco-integrado-de-datos\/"]}]},{"@type":"BreadcrumbList","@id":"https:\/\/www.lopezvicu.info\/es\/programa-bid-banco-integrado-de-datos\/#breadcrumb","itemListElement":[{"@type":"ListItem","position":1,"name":"Portada","item":"https:\/\/www.lopezvicu.info\/es\/"},{"@type":"ListItem","position":2,"name":"Programa BID"}]},{"@type":"WebSite","@id":"https:\/\/www.lopezvicu.info\/es\/#website","url":"https:\/\/www.lopezvicu.info\/es\/","name":"L\u00f3pez Vicu\u00f1a","description":"L\u00f3pez Vicu\u00f1a","publisher":{"@id":"https:\/\/www.lopezvicu.info\/es\/#organization"},"potentialAction":[{"@type":"SearchAction","target":{"@type":"EntryPoint","urlTemplate":"https:\/\/www.lopezvicu.info\/es\/?s={search_term_string}"},"query-input":{"@type":"PropertyValueSpecification","valueRequired":true,"valueName":"search_term_string"}}],"inLanguage":"es"},{"@type":"Organization","@id":"https:\/\/www.lopezvicu.info\/es\/#organization","name":"Lopez Vicu\u00f1a","url":"https:\/\/www.lopezvicu.info\/es\/","logo":{"@type":"ImageObject","inLanguage":"es","@id":"https:\/\/www.lopezvicu.info\/es\/#\/schema\/logo\/image\/","url":"https:\/\/www.lopezvicu.info\/wp-content\/uploads\/2022\/01\/logo.png","contentUrl":"https:\/\/www.lopezvicu.info\/wp-content\/uploads\/2022\/01\/logo.png","width":350,"height":70,"caption":"Lopez Vicu\u00f1a"},"image":{"@id":"https:\/\/www.lopezvicu.info\/es\/#\/schema\/logo\/image\/"},"sameAs":["https:\/\/www.facebook.com\/LopezVicuBCN\/","https:\/\/x.com\/lopezvicubcn","https:\/\/www.linkedin.com\/company\/lopezvicubcn\/","https:\/\/www.instagram.com\/lopezvicubcn\/","https:\/\/www.youtube.com\/@lopezvicubarcelona"],"description":"L\u00f3pez Vicu\u00f1a \u00e9s un centre concertat autoritzat pel Departament d'Educaci\u00f3 de la Generalitat de Catalunya amb CODI 08035015, per impartir Batxillerat i Cicles Formatius (Grau Mitj\u00e0 i Grau Superior), obert a tothom i comprom\u00e8s amb la realitat social, cultural i econ\u00f2mica que ens envolta i amb un cost econ\u00f2mic que garanteix l\u2019escolaritzaci\u00f3 post-obligat\u00f2ria de tots els estudiants. Situats a l'Eixample, en ple centre de Barcelona, i amb f\u00e0cil acc\u00e9s en transport p\u00fablic. Metodologies actives, emprenedoria, projectes, aprenentatge - servei, qualitat, multiling\u00fce mobilitat, FP Dual, tenen cabuda en tots els estudis que impartim","email":"direccio@lopezvicu.info","telephone":"934 87 65 94"}]}},"_links":{"self":[{"href":"https:\/\/www.lopezvicu.info\/es\/wp-json\/wp\/v2\/pages\/6534","targetHints":{"allow":["GET"]}}],"collection":[{"href":"https:\/\/www.lopezvicu.info\/es\/wp-json\/wp\/v2\/pages"}],"about":[{"href":"https:\/\/www.lopezvicu.info\/es\/wp-json\/wp\/v2\/types\/page"}],"author":[{"embeddable":true,"href":"https:\/\/www.lopezvicu.info\/es\/wp-json\/wp\/v2\/users\/1"}],"replies":[{"embeddable":true,"href":"https:\/\/www.lopezvicu.info\/es\/wp-json\/wp\/v2\/comments?post=6534"}],"version-history":[{"count":14,"href":"https:\/\/www.lopezvicu.info\/es\/wp-json\/wp\/v2\/pages\/6534\/revisions"}],"predecessor-version":[{"id":24899,"href":"https:\/\/www.lopezvicu.info\/es\/wp-json\/wp\/v2\/pages\/6534\/revisions\/24899"}],"wp:attachment":[{"href":"https:\/\/www.lopezvicu.info\/es\/wp-json\/wp\/v2\/media?parent=6534"}],"curies":[{"name":"wp","href":"https:\/\/api.w.org\/{rel}","templated":true}]}}