{"id":6439,"date":"2022-04-06T09:14:13","date_gmt":"2022-04-06T09:14:13","guid":{"rendered":"https:\/\/www.lopezvicu.info\/?page_id=6439"},"modified":"2022-11-18T08:54:32","modified_gmt":"2022-11-18T08:54:32","slug":"erasmus","status":"publish","type":"page","link":"https:\/\/www.lopezvicu.info\/es\/erasmus\/","title":{"rendered":"Erasmus +"},"content":{"rendered":"<div class=\"gb-container gb-container-1b02b8d7\"><div class=\"gb-inside-container\">\n\n<h1 class=\"gb-headline gb-headline-e4217bd4 gb-headline-text\">Erasmus +<\/h1>\n\n\n\n<p>Toda la documentaci\u00f3n sobre Erasmus + a un s\u00f3lo click:<\/p>\n\n<\/div><\/div>\n\n<div class=\"gb-container gb-container-6d1c10ac\"><div class=\"gb-inside-container\">\n<style>.wp-show-posts-columns#wpsp-16840 {margin-left: -2em; }.wp-show-posts-columns#wpsp-16840 .wp-show-posts-inner {margin: 0 0 2em 2em; }<\/style><section id=\"wpsp-16840\" class=\" wp-show-posts-columns wp-show-posts\" style=\"\"><article class=\" wp-show-posts-single post-28883 post type-post status-publish format-standard has-post-thumbnail hentry category-erasmus-plus category-erasmusnoticias category-noticias wpsp-col-3\" itemtype=\"http:\/\/schema.org\/CreativeWork\" itemscope><div class=\"wp-show-posts-inner\" style=\"\">\t\t\t\t\t\t<header class=\"wp-show-posts-entry-header\">\n\t\t\t\t\t\t\t<h2 class=\"wp-show-posts-entry-title\" itemprop=\"headline\"><a href=\"https:\/\/www.lopezvicu.info\/es\/intercambio-cultural-con-grecia\/\" rel=\"bookmark\">Intercambio Cultural con Grecia<\/a><\/h2>\t\t\t\t\t\t<\/header><!-- .entry-header -->\n\t\t\t\t\t\t\t<div class=\"wp-show-posts-image  wpsp-image-center \">\n\t\t\t<a href=\"https:\/\/www.lopezvicu.info\/es\/intercambio-cultural-con-grecia\/\"  title=\"Intercambio Cultural con Grecia\">\t\t\t\t\t<img decoding=\"async\" src=\"https:\/\/www.lopezvicu.info\/wp-content\/uploads\/2026\/02\/20260217-Grecia_Visita-300x300.png\" alt=\"Intercambio Cultural con Grecia\" itemprop=\"image\" class=\"center\" \/>\n\t\t\t\t<\/a>\t\t<\/div>\n\t\t<div class=\"wpsp-read-more\"><a title=\"Intercambio Cultural con Grecia\" class=\"wp-show-posts-read-more\" href=\"https:\/\/www.lopezvicu.info\/es\/intercambio-cultural-con-grecia\/\">Leer m\u00e1s<\/a><\/div><\/div><!-- wp-show-posts-inner --><\/article><article class=\" wp-show-posts-single post-28461 post type-post status-publish format-standard has-post-thumbnail hentry category-erasmus-plus category-erasmus-alumnes-es category-erasmus-es category-erasmusnoticias category-noticias tag-erasmus-alumnos wpsp-col-3\" itemtype=\"http:\/\/schema.org\/CreativeWork\" itemscope><div class=\"wp-show-posts-inner\" style=\"\">\t\t\t\t\t\t<header class=\"wp-show-posts-entry-header\">\n\t\t\t\t\t\t\t<h2 class=\"wp-show-posts-entry-title\" itemprop=\"headline\"><a href=\"https:\/\/www.lopezvicu.info\/es\/2025-2026-convocatoria-erasmus-he-gs\/\" rel=\"bookmark\">2025-2026 Convocatoria HE Grado Superior<\/a><\/h2>\t\t\t\t\t\t<\/header><!-- .entry-header -->\n\t\t\t\t\t\t\t<div class=\"wp-show-posts-image  wpsp-image-center \">\n\t\t\t<a href=\"https:\/\/www.lopezvicu.info\/es\/2025-2026-convocatoria-erasmus-he-gs\/\"  title=\"2025-2026 Convocatoria HE Grado Superior\">\t\t\t\t\t<img decoding=\"async\" src=\"https:\/\/www.lopezvicu.info\/wp-content\/uploads\/2025\/11\/Erasmus-2025-2026-300x300.png\" alt=\"2025-2026 Convocatoria HE Grado Superior\" itemprop=\"image\" class=\"center\" \/>\n\t\t\t\t<\/a>\t\t<\/div>\n\t\t<div class=\"wpsp-read-more\"><a title=\"2025-2026 Convocatoria HE Grado Superior\" class=\"wp-show-posts-read-more\" href=\"https:\/\/www.lopezvicu.info\/es\/2025-2026-convocatoria-erasmus-he-gs\/\">Leer m\u00e1s<\/a><\/div><\/div><!-- wp-show-posts-inner --><\/article><article class=\" wp-show-posts-single post-28217 post type-post status-publish format-standard has-post-thumbnail hentry category-erasmus-plus category-erasmus-alumnes-es category-erasmus-es category-erasmusnoticias category-noticias tag-erasmus-alumnos wpsp-col-3\" itemtype=\"http:\/\/schema.org\/CreativeWork\" itemscope><div class=\"wp-show-posts-inner\" style=\"\">\t\t\t\t\t\t<header class=\"wp-show-posts-entry-header\">\n\t\t\t\t\t\t\t<h2 class=\"wp-show-posts-entry-title\" itemprop=\"headline\"><a href=\"https:\/\/www.lopezvicu.info\/es\/2025-2026-convocatoria-erasmus-vet-gm\/\" rel=\"bookmark\">2025-2026 Convocatoria VET Grau Mitj\u00e0<\/a><\/h2>\t\t\t\t\t\t<\/header><!-- .entry-header -->\n\t\t\t\t\t\t\t<div class=\"wp-show-posts-image  wpsp-image-center \">\n\t\t\t<a href=\"https:\/\/www.lopezvicu.info\/es\/2025-2026-convocatoria-erasmus-vet-gm\/\"  title=\"2025-2026 Convocatoria VET Grau Mitj\u00e0\">\t\t\t\t\t<img decoding=\"async\" src=\"https:\/\/www.lopezvicu.info\/wp-content\/uploads\/2026\/01\/2025-2026-Erasmus-300x300.png\" alt=\"2025-2026 Convocatoria VET Grau Mitj\u00e0\" itemprop=\"image\" class=\"center\" \/>\n\t\t\t\t<\/a>\t\t<\/div>\n\t\t<div class=\"wpsp-read-more\"><a title=\"2025-2026 Convocatoria VET Grau Mitj\u00e0\" class=\"wp-show-posts-read-more\" href=\"https:\/\/www.lopezvicu.info\/es\/2025-2026-convocatoria-erasmus-vet-gm\/\">Leer m\u00e1s<\/a><\/div><\/div><!-- wp-show-posts-inner --><\/article><article class=\" wp-show-posts-single post-28203 post type-post status-publish format-standard has-post-thumbnail hentry category-erasmus-plus category-erasmus-alumnes-es category-erasmus-es tag-erasmus-alumnes-es wpsp-col-3\" itemtype=\"http:\/\/schema.org\/CreativeWork\" itemscope><div class=\"wp-show-posts-inner\" style=\"\">\t\t\t\t\t\t<header class=\"wp-show-posts-entry-header\">\n\t\t\t\t\t\t\t<h2 class=\"wp-show-posts-entry-title\" itemprop=\"headline\"><a href=\"https:\/\/www.lopezvicu.info\/es\/2025-2026-erasmus\/\" rel=\"bookmark\">2025-2026 Erasmus +<\/a><\/h2>\t\t\t\t\t\t<\/header><!-- .entry-header -->\n\t\t\t\t\t\t\t<div class=\"wp-show-posts-image  wpsp-image-center \">\n\t\t\t<a href=\"https:\/\/www.lopezvicu.info\/es\/2025-2026-erasmus\/\"  title=\"2025-2026 Erasmus +\">\t\t\t\t\t<img decoding=\"async\" src=\"https:\/\/www.lopezvicu.info\/wp-content\/uploads\/2025\/11\/Erasmus-2025-2026-300x300.png\" alt=\"2025-2026 Erasmus +\" itemprop=\"image\" class=\"center\" \/>\n\t\t\t\t<\/a>\t\t<\/div>\n\t\t<div class=\"wpsp-read-more\"><a title=\"2025-2026 Erasmus +\" class=\"wp-show-posts-read-more\" href=\"https:\/\/www.lopezvicu.info\/es\/2025-2026-erasmus\/\">Leer m\u00e1s<\/a><\/div><\/div><!-- wp-show-posts-inner --><\/article><article class=\" wp-show-posts-single post-27963 post type-post status-publish format-standard has-post-thumbnail hentry category-erasmus-plus category-erasmus-alumnes-es category-erasmus-es category-erasmusnoticias category-noticias wpsp-col-3\" itemtype=\"http:\/\/schema.org\/CreativeWork\" itemscope><div class=\"wp-show-posts-inner\" style=\"\">\t\t\t\t\t\t<header class=\"wp-show-posts-entry-header\">\n\t\t\t\t\t\t\t<h2 class=\"wp-show-posts-entry-title\" itemprop=\"headline\"><a href=\"https:\/\/www.lopezvicu.info\/es\/our-language-assistant-mr-kobe\/\" rel=\"bookmark\">Our language assistant<\/a><\/h2>\t\t\t\t\t\t<\/header><!-- .entry-header -->\n\t\t\t\t\t\t\t<div class=\"wp-show-posts-image  wpsp-image-center \">\n\t\t\t<a href=\"https:\/\/www.lopezvicu.info\/es\/our-language-assistant-mr-kobe\/\"  title=\"Our language assistant\">\t\t\t\t\t<img decoding=\"async\" src=\"https:\/\/www.lopezvicu.info\/wp-content\/uploads\/2025\/10\/20251026-Language-assistant-Kobe_2025-300x300.jpg\" alt=\"Our language assistant\" itemprop=\"image\" class=\"center\" \/>\n\t\t\t\t<\/a>\t\t<\/div>\n\t\t<div class=\"wpsp-read-more\"><a title=\"Our language assistant\" class=\"wp-show-posts-read-more\" href=\"https:\/\/www.lopezvicu.info\/es\/our-language-assistant-mr-kobe\/\">Leer m\u00e1s<\/a><\/div><\/div><!-- wp-show-posts-inner --><\/article><article class=\" wp-show-posts-single post-26703 post type-post status-publish format-standard has-post-thumbnail hentry category-erasmus-plus category-noticias tag-erasmus-alumnes-es tag-erasmus-alumnos-erasmus-alumnes-es wpsp-col-3\" itemtype=\"http:\/\/schema.org\/CreativeWork\" itemscope><div class=\"wp-show-posts-inner\" style=\"\">\t\t\t\t\t\t<header class=\"wp-show-posts-entry-header\">\n\t\t\t\t\t\t\t<h2 class=\"wp-show-posts-entry-title\" itemprop=\"headline\"><a href=\"https:\/\/www.lopezvicu.info\/es\/convocatoria-erasmus-vet-gm-2024-2025\/\" rel=\"bookmark\">Convocatoria Erasmus VET GM 2024-2025<\/a><\/h2>\t\t\t\t\t\t<\/header><!-- .entry-header -->\n\t\t\t\t\t\t\t<div class=\"wp-show-posts-image  wpsp-image-center \">\n\t\t\t<a href=\"https:\/\/www.lopezvicu.info\/es\/convocatoria-erasmus-vet-gm-2024-2025\/\"  title=\"Convocatoria Erasmus VET GM 2024-2025\">\t\t\t\t\t<img decoding=\"async\" src=\"https:\/\/www.lopezvicu.info\/wp-content\/uploads\/2025\/02\/2024-2025-GM-Erasmus-Plus_Grau-Mitja-300x300.png\" alt=\"Convocatoria Erasmus VET GM 2024-2025\" itemprop=\"image\" class=\"center\" \/>\n\t\t\t\t<\/a>\t\t<\/div>\n\t\t<div class=\"wpsp-read-more\"><a title=\"Convocatoria Erasmus VET GM 2024-2025\" class=\"wp-show-posts-read-more\" href=\"https:\/\/www.lopezvicu.info\/es\/convocatoria-erasmus-vet-gm-2024-2025\/\">Leer m\u00e1s<\/a><\/div><\/div><!-- wp-show-posts-inner --><\/article><article class=\" wp-show-posts-single post-26701 post type-post status-publish format-standard has-post-thumbnail hentry category-erasmus-plus category-erasmus-alumnes-es category-erasmus-es category-erasmusnoticias category-noticias wpsp-col-3\" itemtype=\"http:\/\/schema.org\/CreativeWork\" itemscope><div class=\"wp-show-posts-inner\" style=\"\">\t\t\t\t\t\t<header class=\"wp-show-posts-entry-header\">\n\t\t\t\t\t\t\t<h2 class=\"wp-show-posts-entry-title\" itemprop=\"headline\"><a href=\"https:\/\/www.lopezvicu.info\/es\/2024-2025-erasmus\/\" rel=\"bookmark\">2024-2025 Erasmus<\/a><\/h2>\t\t\t\t\t\t<\/header><!-- .entry-header -->\n\t\t\t\t\t\t\t<div class=\"wp-show-posts-image  wpsp-image-center \">\n\t\t\t<a href=\"https:\/\/www.lopezvicu.info\/es\/2024-2025-erasmus\/\"  title=\"2024-2025 Erasmus\">\t\t\t\t\t<img decoding=\"async\" src=\"https:\/\/www.lopezvicu.info\/wp-content\/uploads\/2025\/02\/2024-2025-Erasmus-1-300x300.png\" alt=\"2024-2025 Erasmus\" itemprop=\"image\" class=\"center\" \/>\n\t\t\t\t<\/a>\t\t<\/div>\n\t\t<div class=\"wpsp-read-more\"><a title=\"2024-2025 Erasmus\" class=\"wp-show-posts-read-more\" href=\"https:\/\/www.lopezvicu.info\/es\/2024-2025-erasmus\/\">Leer m\u00e1s<\/a><\/div><\/div><!-- wp-show-posts-inner --><\/article><article class=\" wp-show-posts-single post-25936 post type-post status-publish format-standard has-post-thumbnail hentry category-erasmus-plus category-erasmus-es tag-erasmus-alumnes-es tag-erasmus-alumnos wpsp-col-3\" itemtype=\"http:\/\/schema.org\/CreativeWork\" itemscope><div class=\"wp-show-posts-inner\" style=\"\">\t\t\t\t\t\t<header class=\"wp-show-posts-entry-header\">\n\t\t\t\t\t\t\t<h2 class=\"wp-show-posts-entry-title\" itemprop=\"headline\"><a href=\"https:\/\/www.lopezvicu.info\/es\/erasmus-plus-2021-2027\/\" rel=\"bookmark\">Erasmus plus 2021-2027<\/a><\/h2>\t\t\t\t\t\t<\/header><!-- .entry-header -->\n\t\t\t\t\t\t\t<div class=\"wp-show-posts-image  wpsp-image-center \">\n\t\t\t<a href=\"https:\/\/www.lopezvicu.info\/es\/erasmus-plus-2021-2027\/\"  title=\"Erasmus plus 2021-2027\">\t\t\t\t\t<img decoding=\"async\" src=\"https:\/\/www.lopezvicu.info\/wp-content\/uploads\/2022\/04\/ERASMUS-3-300x300.png\" alt=\"Erasmus plus 2021-2027\" itemprop=\"image\" class=\"center\" \/>\n\t\t\t\t<\/a>\t\t<\/div>\n\t\t<div class=\"wpsp-read-more\"><a title=\"Erasmus plus 2021-2027\" class=\"wp-show-posts-read-more\" href=\"https:\/\/www.lopezvicu.info\/es\/erasmus-plus-2021-2027\/\">Leer m\u00e1s<\/a><\/div><\/div><!-- wp-show-posts-inner --><\/article><article class=\" wp-show-posts-single post-6437 post type-post status-publish format-standard has-post-thumbnail hentry category-erasmus-plus category-erasmus-alumnes-es category-erasmus-es tag-erasmus-alumnos wpsp-col-3\" itemtype=\"http:\/\/schema.org\/CreativeWork\" itemscope><div class=\"wp-show-posts-inner\" style=\"\">\t\t\t\t\t\t<header class=\"wp-show-posts-entry-header\">\n\t\t\t\t\t\t\t<h2 class=\"wp-show-posts-entry-title\" itemprop=\"headline\"><a href=\"https:\/\/www.lopezvicu.info\/es\/proyecto-de-movilidad\/\" rel=\"bookmark\">Proyecto de movilidad<\/a><\/h2>\t\t\t\t\t\t<\/header><!-- .entry-header -->\n\t\t\t\t\t\t\t<div class=\"wp-show-posts-image  wpsp-image-center \">\n\t\t\t<a href=\"https:\/\/www.lopezvicu.info\/es\/proyecto-de-movilidad\/\"  title=\"Proyecto de movilidad\">\t\t\t\t\t<img decoding=\"async\" src=\"https:\/\/www.lopezvicu.info\/wp-content\/uploads\/2022\/04\/Imagen1lv_-300x300.png\" alt=\"Proyecto de movilidad\" itemprop=\"image\" class=\"center\" \/>\n\t\t\t\t<\/a>\t\t<\/div>\n\t\t<div class=\"wpsp-read-more\"><a title=\"Proyecto de movilidad\" class=\"wp-show-posts-read-more\" href=\"https:\/\/www.lopezvicu.info\/es\/proyecto-de-movilidad\/\">Leer m\u00e1s<\/a><\/div><\/div><!-- wp-show-posts-inner --><\/article><article class=\" wp-show-posts-single post-26709 post type-post status-publish format-standard has-post-thumbnail hentry category-erasmus-plus category-erasmus-es wpsp-col-3\" itemtype=\"http:\/\/schema.org\/CreativeWork\" itemscope><div class=\"wp-show-posts-inner\" style=\"\">\t\t\t\t\t\t<header class=\"wp-show-posts-entry-header\">\n\t\t\t\t\t\t\t<h2 class=\"wp-show-posts-entry-title\" itemprop=\"headline\"><a href=\"https:\/\/www.lopezvicu.info\/es\/convocatoria-erasmus-2023-2024\/\" rel=\"bookmark\">2023-2024 Erasmus<\/a><\/h2>\t\t\t\t\t\t<\/header><!-- .entry-header -->\n\t\t\t\t\t\t\t<div class=\"wp-show-posts-image  wpsp-image-center \">\n\t\t\t<a href=\"https:\/\/www.lopezvicu.info\/es\/convocatoria-erasmus-2023-2024\/\"  title=\"2023-2024 Erasmus\">\t\t\t\t\t<img decoding=\"async\" src=\"https:\/\/www.lopezvicu.info\/wp-content\/uploads\/2024\/09\/2023-2024-Erasmus-300x300.png\" alt=\"2023-2024 Erasmus\" itemprop=\"image\" class=\"center\" \/>\n\t\t\t\t<\/a>\t\t<\/div>\n\t\t<div class=\"wpsp-read-more\"><a title=\"2023-2024 Erasmus\" class=\"wp-show-posts-read-more\" href=\"https:\/\/www.lopezvicu.info\/es\/convocatoria-erasmus-2023-2024\/\">Leer m\u00e1s<\/a><\/div><\/div><!-- wp-show-posts-inner --><\/article><div class=\"wpsp-clear\"><\/div><\/section><!-- .wp-show-posts -->\n\n<\/div><\/div>","protected":false},"excerpt":{"rendered":"<p>Erasmus + Toda la documentaci\u00f3n sobre Erasmus + a un s\u00f3lo click:<\/p>\n","protected":false},"author":1,"featured_media":0,"parent":0,"menu_order":0,"comment_status":"closed","ping_status":"closed","template":"","meta":{"footnotes":""},"class_list":["post-6439","page","type-page","status-publish","hentry","generate-columns","tablet-grid-50","mobile-grid-100","grid-parent","grid-33"],"yoast_head":"<!-- This site is optimized with the Yoast SEO Premium plugin v26.0 (Yoast SEO v27.6) - https:\/\/yoast.com\/product\/yoast-seo-premium-wordpress\/ -->\n<title>Erasmus + - Centre L\u00f3pez Vicu\u00f1a Barcelona<\/title>\n<meta name=\"description\" content=\"Conoce todo lo relacionado con los proyectos de movilidad que ofrece L\u00f3pez Vicu\u00f1a y \u00a1forma parte de esta experiencia!\" \/>\n<meta name=\"robots\" content=\"index, follow, max-snippet:-1, max-image-preview:large, max-video-preview:-1\" \/>\n<link rel=\"canonical\" href=\"https:\/\/www.lopezvicu.info\/es\/erasmus\/\" \/>\n<meta property=\"og:locale\" content=\"es_ES\" \/>\n<meta property=\"og:type\" content=\"article\" \/>\n<meta property=\"og:title\" content=\"Erasmus +\" \/>\n<meta property=\"og:description\" content=\"Conoce todo lo relacionado con los proyectos de movilidad que ofrece L\u00f3pez Vicu\u00f1a y \u00a1forma parte de esta experiencia!\" \/>\n<meta property=\"og:url\" content=\"https:\/\/www.lopezvicu.info\/es\/erasmus\/\" \/>\n<meta property=\"og:site_name\" content=\"Centre L\u00f3pez Vicu\u00f1a Barcelona\" \/>\n<meta property=\"article:publisher\" content=\"https:\/\/www.facebook.com\/LopezVicuBCN\/\" \/>\n<meta property=\"article:modified_time\" content=\"2022-11-18T08:54:32+00:00\" \/>\n<meta name=\"twitter:card\" content=\"summary_large_image\" \/>\n<meta name=\"twitter:site\" content=\"@lopezvicubcn\" \/>\n<meta name=\"twitter:label1\" content=\"Tiempo de lectura\" \/>\n\t<meta name=\"twitter:data1\" content=\"1 minuto\" \/>\n<script type=\"application\/ld+json\" class=\"yoast-schema-graph\">{\"@context\":\"https:\\\/\\\/schema.org\",\"@graph\":[{\"@type\":\"WebPage\",\"@id\":\"https:\\\/\\\/www.lopezvicu.info\\\/es\\\/erasmus\\\/\",\"url\":\"https:\\\/\\\/www.lopezvicu.info\\\/es\\\/erasmus\\\/\",\"name\":\"Erasmus + - Centre L\u00f3pez Vicu\u00f1a Barcelona\",\"isPartOf\":{\"@id\":\"https:\\\/\\\/www.lopezvicu.info\\\/es\\\/#website\"},\"datePublished\":\"2022-04-06T09:14:13+00:00\",\"dateModified\":\"2022-11-18T08:54:32+00:00\",\"description\":\"Conoce todo lo relacionado con los proyectos de movilidad que ofrece L\u00f3pez Vicu\u00f1a y \u00a1forma parte de esta experiencia!\",\"breadcrumb\":{\"@id\":\"https:\\\/\\\/www.lopezvicu.info\\\/es\\\/erasmus\\\/#breadcrumb\"},\"inLanguage\":\"es\",\"potentialAction\":[{\"@type\":\"ReadAction\",\"target\":[\"https:\\\/\\\/www.lopezvicu.info\\\/es\\\/erasmus\\\/\"]}]},{\"@type\":\"BreadcrumbList\",\"@id\":\"https:\\\/\\\/www.lopezvicu.info\\\/es\\\/erasmus\\\/#breadcrumb\",\"itemListElement\":[{\"@type\":\"ListItem\",\"position\":1,\"name\":\"Portada\",\"item\":\"https:\\\/\\\/www.lopezvicu.info\\\/es\\\/\"},{\"@type\":\"ListItem\",\"position\":2,\"name\":\"Erasmus +\"}]},{\"@type\":\"WebSite\",\"@id\":\"https:\\\/\\\/www.lopezvicu.info\\\/es\\\/#website\",\"url\":\"https:\\\/\\\/www.lopezvicu.info\\\/es\\\/\",\"name\":\"L\u00f3pez Vicu\u00f1a\",\"description\":\"L\u00f3pez Vicu\u00f1a\",\"publisher\":{\"@id\":\"https:\\\/\\\/www.lopezvicu.info\\\/es\\\/#organization\"},\"potentialAction\":[{\"@type\":\"SearchAction\",\"target\":{\"@type\":\"EntryPoint\",\"urlTemplate\":\"https:\\\/\\\/www.lopezvicu.info\\\/es\\\/?s={search_term_string}\"},\"query-input\":{\"@type\":\"PropertyValueSpecification\",\"valueRequired\":true,\"valueName\":\"search_term_string\"}}],\"inLanguage\":\"es\"},{\"@type\":\"Organization\",\"@id\":\"https:\\\/\\\/www.lopezvicu.info\\\/es\\\/#organization\",\"name\":\"Lopez Vicu\u00f1a\",\"url\":\"https:\\\/\\\/www.lopezvicu.info\\\/es\\\/\",\"logo\":{\"@type\":\"ImageObject\",\"inLanguage\":\"es\",\"@id\":\"https:\\\/\\\/www.lopezvicu.info\\\/es\\\/#\\\/schema\\\/logo\\\/image\\\/\",\"url\":\"https:\\\/\\\/www.lopezvicu.info\\\/wp-content\\\/uploads\\\/2022\\\/01\\\/logo.png\",\"contentUrl\":\"https:\\\/\\\/www.lopezvicu.info\\\/wp-content\\\/uploads\\\/2022\\\/01\\\/logo.png\",\"width\":350,\"height\":70,\"caption\":\"Lopez Vicu\u00f1a\"},\"image\":{\"@id\":\"https:\\\/\\\/www.lopezvicu.info\\\/es\\\/#\\\/schema\\\/logo\\\/image\\\/\"},\"sameAs\":[\"https:\\\/\\\/www.facebook.com\\\/LopezVicuBCN\\\/\",\"https:\\\/\\\/x.com\\\/lopezvicubcn\",\"https:\\\/\\\/www.linkedin.com\\\/company\\\/lopezvicubcn\\\/\",\"https:\\\/\\\/www.instagram.com\\\/lopezvicubcn\\\/\",\"https:\\\/\\\/www.youtube.com\\\/@lopezvicubarcelona\"],\"description\":\"L\u00f3pez Vicu\u00f1a \u00e9s un centre concertat autoritzat pel Departament d'Educaci\u00f3 de la Generalitat de Catalunya amb CODI 08035015, per impartir Batxillerat i Cicles Formatius (Grau Mitj\u00e0 i Grau Superior), obert a tothom i comprom\u00e8s amb la realitat social, cultural i econ\u00f2mica que ens envolta i amb un cost econ\u00f2mic que garanteix l\u2019escolaritzaci\u00f3 post-obligat\u00f2ria de tots els estudiants. Situats a l'Eixample, en ple centre de Barcelona, i amb f\u00e0cil acc\u00e9s en transport p\u00fablic. Metodologies actives, emprenedoria, projectes, aprenentatge - servei, qualitat, multiling\u00fce mobilitat, FP Dual, tenen cabuda en tots els estudis que impartim\",\"email\":\"direccio@lopezvicu.info\",\"telephone\":\"934 87 65 94\"}]}<\/script>\n<!-- \/ Yoast SEO Premium plugin. -->","yoast_head_json":{"title":"Erasmus + - Centre L\u00f3pez Vicu\u00f1a Barcelona","description":"Conoce todo lo relacionado con los proyectos de movilidad que ofrece L\u00f3pez Vicu\u00f1a y \u00a1forma parte de esta experiencia!","robots":{"index":"index","follow":"follow","max-snippet":"max-snippet:-1","max-image-preview":"max-image-preview:large","max-video-preview":"max-video-preview:-1"},"canonical":"https:\/\/www.lopezvicu.info\/es\/erasmus\/","og_locale":"es_ES","og_type":"article","og_title":"Erasmus +","og_description":"Conoce todo lo relacionado con los proyectos de movilidad que ofrece L\u00f3pez Vicu\u00f1a y \u00a1forma parte de esta experiencia!","og_url":"https:\/\/www.lopezvicu.info\/es\/erasmus\/","og_site_name":"Centre L\u00f3pez Vicu\u00f1a Barcelona","article_publisher":"https:\/\/www.facebook.com\/LopezVicuBCN\/","article_modified_time":"2022-11-18T08:54:32+00:00","twitter_card":"summary_large_image","twitter_site":"@lopezvicubcn","twitter_misc":{"Tiempo de lectura":"1 minuto"},"schema":{"@context":"https:\/\/schema.org","@graph":[{"@type":"WebPage","@id":"https:\/\/www.lopezvicu.info\/es\/erasmus\/","url":"https:\/\/www.lopezvicu.info\/es\/erasmus\/","name":"Erasmus + - Centre L\u00f3pez Vicu\u00f1a Barcelona","isPartOf":{"@id":"https:\/\/www.lopezvicu.info\/es\/#website"},"datePublished":"2022-04-06T09:14:13+00:00","dateModified":"2022-11-18T08:54:32+00:00","description":"Conoce todo lo relacionado con los proyectos de movilidad que ofrece L\u00f3pez Vicu\u00f1a y \u00a1forma parte de esta experiencia!","breadcrumb":{"@id":"https:\/\/www.lopezvicu.info\/es\/erasmus\/#breadcrumb"},"inLanguage":"es","potentialAction":[{"@type":"ReadAction","target":["https:\/\/www.lopezvicu.info\/es\/erasmus\/"]}]},{"@type":"BreadcrumbList","@id":"https:\/\/www.lopezvicu.info\/es\/erasmus\/#breadcrumb","itemListElement":[{"@type":"ListItem","position":1,"name":"Portada","item":"https:\/\/www.lopezvicu.info\/es\/"},{"@type":"ListItem","position":2,"name":"Erasmus +"}]},{"@type":"WebSite","@id":"https:\/\/www.lopezvicu.info\/es\/#website","url":"https:\/\/www.lopezvicu.info\/es\/","name":"L\u00f3pez Vicu\u00f1a","description":"L\u00f3pez Vicu\u00f1a","publisher":{"@id":"https:\/\/www.lopezvicu.info\/es\/#organization"},"potentialAction":[{"@type":"SearchAction","target":{"@type":"EntryPoint","urlTemplate":"https:\/\/www.lopezvicu.info\/es\/?s={search_term_string}"},"query-input":{"@type":"PropertyValueSpecification","valueRequired":true,"valueName":"search_term_string"}}],"inLanguage":"es"},{"@type":"Organization","@id":"https:\/\/www.lopezvicu.info\/es\/#organization","name":"Lopez Vicu\u00f1a","url":"https:\/\/www.lopezvicu.info\/es\/","logo":{"@type":"ImageObject","inLanguage":"es","@id":"https:\/\/www.lopezvicu.info\/es\/#\/schema\/logo\/image\/","url":"https:\/\/www.lopezvicu.info\/wp-content\/uploads\/2022\/01\/logo.png","contentUrl":"https:\/\/www.lopezvicu.info\/wp-content\/uploads\/2022\/01\/logo.png","width":350,"height":70,"caption":"Lopez Vicu\u00f1a"},"image":{"@id":"https:\/\/www.lopezvicu.info\/es\/#\/schema\/logo\/image\/"},"sameAs":["https:\/\/www.facebook.com\/LopezVicuBCN\/","https:\/\/x.com\/lopezvicubcn","https:\/\/www.linkedin.com\/company\/lopezvicubcn\/","https:\/\/www.instagram.com\/lopezvicubcn\/","https:\/\/www.youtube.com\/@lopezvicubarcelona"],"description":"L\u00f3pez Vicu\u00f1a \u00e9s un centre concertat autoritzat pel Departament d'Educaci\u00f3 de la Generalitat de Catalunya amb CODI 08035015, per impartir Batxillerat i Cicles Formatius (Grau Mitj\u00e0 i Grau Superior), obert a tothom i comprom\u00e8s amb la realitat social, cultural i econ\u00f2mica que ens envolta i amb un cost econ\u00f2mic que garanteix l\u2019escolaritzaci\u00f3 post-obligat\u00f2ria de tots els estudiants. Situats a l'Eixample, en ple centre de Barcelona, i amb f\u00e0cil acc\u00e9s en transport p\u00fablic. Metodologies actives, emprenedoria, projectes, aprenentatge - servei, qualitat, multiling\u00fce mobilitat, FP Dual, tenen cabuda en tots els estudis que impartim","email":"direccio@lopezvicu.info","telephone":"934 87 65 94"}]}},"_links":{"self":[{"href":"https:\/\/www.lopezvicu.info\/es\/wp-json\/wp\/v2\/pages\/6439","targetHints":{"allow":["GET"]}}],"collection":[{"href":"https:\/\/www.lopezvicu.info\/es\/wp-json\/wp\/v2\/pages"}],"about":[{"href":"https:\/\/www.lopezvicu.info\/es\/wp-json\/wp\/v2\/types\/page"}],"author":[{"embeddable":true,"href":"https:\/\/www.lopezvicu.info\/es\/wp-json\/wp\/v2\/users\/1"}],"replies":[{"embeddable":true,"href":"https:\/\/www.lopezvicu.info\/es\/wp-json\/wp\/v2\/comments?post=6439"}],"version-history":[{"count":8,"href":"https:\/\/www.lopezvicu.info\/es\/wp-json\/wp\/v2\/pages\/6439\/revisions"}],"predecessor-version":[{"id":16841,"href":"https:\/\/www.lopezvicu.info\/es\/wp-json\/wp\/v2\/pages\/6439\/revisions\/16841"}],"wp:attachment":[{"href":"https:\/\/www.lopezvicu.info\/es\/wp-json\/wp\/v2\/media?parent=6439"}],"curies":[{"name":"wp","href":"https:\/\/api.w.org\/{rel}","templated":true}]}}