{"id":6366,"date":"2022-03-23T14:07:44","date_gmt":"2022-03-23T14:07:44","guid":{"rendered":"https:\/\/www.lopezvicu.info\/?page_id=6366"},"modified":"2025-09-12T07:24:48","modified_gmt":"2025-09-12T07:24:48","slug":"equipo-humano","status":"publish","type":"page","link":"https:\/\/www.lopezvicu.info\/es\/equipo-humano\/","title":{"rendered":"Equipo Humano"},"content":{"rendered":"<div class=\"gb-container gb-container-42237c6b\"><div class=\"gb-inside-container\">\n\n<div style=\"height:150px\" aria-hidden=\"true\" class=\"wp-block-spacer\"><\/div>\n\n<\/div><\/div>\n\n<div class=\"gb-container gb-container-11a78223\"><div class=\"gb-inside-container\">\n\n<h1 class=\"gb-headline gb-headline-8ad6dfc6 gb-headline-text\">Nuestro equipo<\/h1>\n\n\n\n<p>El equipo del centro L\u00f3pez Vicu\u00f1a, est\u00e1 configurado por distintos <strong>profesionales <\/strong>con titulaciones diversas<strong> <\/strong>que responden a las necesidades de todos los niveles formativos que impartimos en el centro. Profesionales que disponen de una <strong>larga<\/strong> <strong>trayectoria <\/strong>en el <strong>mundo <\/strong>de la <strong>educaci\u00f3n <\/strong>y, algunos vinculados al sector laboral.<\/p>\n\n\n\n<p><strong>Profesionales <\/strong>con una <strong>gran vocaci\u00f3n <\/strong>por la <strong>docencia<\/strong>, y <strong>apasionados <\/strong>por la <strong>educaci\u00f3n y<\/strong> el <strong>desarrollo <\/strong>de los <strong>j\u00f3venes <\/strong>en un mundo cambiante e incierto.<\/p>\n\n\n\n<p>La <strong>diversidad<\/strong> de <strong>profesores <\/strong>genera un <strong>t\u00e1ndem perfecto <\/strong>de <strong>aprendizaje compartido<\/strong>. La <strong>docencia compartida <\/strong>es un recurso para la <strong>mejora <\/strong>del <strong>aprendizaje <\/strong>de los alumnos y, para una <strong>mayor<\/strong> <strong>personalizaci\u00f3n <\/strong>y acompa\u00f1amiento,  muy importante para nuestro centro y sus ideales.<\/p>\n\n\n\n<p>Profesionales con <strong>vocaci\u00f3n <\/strong>de <strong>servicio<\/strong> a la <strong>sociedad<\/strong>, preocupados por su actualizaci\u00f3n y perfeccionamiento, que <strong>trabajan <\/strong>por <strong>conseguir <\/strong>el <strong>\u00e9xito <\/strong>de los <strong>j\u00f3venes<\/strong>, desarrollando las competencias acad\u00e9micas\/profesionales, personales y sociales para acceder a unos estudios superiores y al mundo laboral.<\/p>\n\n\n\n<p>Un <strong>equipo formado <\/strong>por <strong>profesores, personal de servicios, y religiosas, <\/strong>que <strong>busca<\/strong> <strong>dar <\/strong>el <strong>mejor servicio<\/strong> a los alumnos, a las familias, a las empresas y al resto de la comunidad educativa, siempre <strong>desde<\/strong> la <strong>personalizaci\u00f3n<\/strong>. Un personal no docente, muy vinculado con los alumnos y su d\u00eda a d\u00eda.<\/p>\n\n\n\n<p>Formando parte de este equipo, se encuentra un equipo directivo que lidera, acompa\u00f1a, y que genera un buen clima de trabajo para llevar a cabo, con el resto de profesionales, el proyecto pedag\u00f3gico y, el proyecto de centro compartido por todos.<\/p>\n\n\n\n<h2 class=\"gb-headline gb-headline-aa0c0f60 gb-headline-text\">Diversos departamentos<\/h2>\n\n\n\n<p>La organizaci\u00f3n del centro a nivel pedag\u00f3gico la configuran los siguientes departamentos:<\/p>\n\n\n\n<h3 class=\"gb-headline gb-headline-57b5c1fa\"><span class=\"gb-icon\"><svg aria-hidden=\"true\" role=\"img\" height=\"1em\" width=\"1em\" viewBox=\"0 0 256 512\" xmlns=\"http:\/\/www.w3.org\/2000\/svg\"><path fill=\"currentColor\" d=\"M224.3 273l-136 136c-9.4 9.4-24.6 9.4-33.9 0l-22.6-22.6c-9.4-9.4-9.4-24.6 0-33.9l96.4-96.4-96.4-96.4c-9.4-9.4-9.4-24.6 0-33.9L54.3 103c9.4-9.4 24.6-9.4 33.9 0l136 136c9.5 9.4 9.5 24.6.1 34z\"><\/path><\/svg><\/span><span class=\"gb-headline-text\">Did\u00e1ctico.<\/span><\/h3>\n\n\n\n<h3 class=\"gb-headline gb-headline-db73b0c3\"><span class=\"gb-icon\"><svg aria-hidden=\"true\" role=\"img\" height=\"1em\" width=\"1em\" viewBox=\"0 0 256 512\" xmlns=\"http:\/\/www.w3.org\/2000\/svg\"><path fill=\"currentColor\" d=\"M224.3 273l-136 136c-9.4 9.4-24.6 9.4-33.9 0l-22.6-22.6c-9.4-9.4-9.4-24.6 0-33.9l96.4-96.4-96.4-96.4c-9.4-9.4-9.4-24.6 0-33.9L54.3 103c9.4-9.4 24.6-9.4 33.9 0l136 136c9.5 9.4 9.5 24.6.1 34z\"><\/path><\/svg><\/span><span class=\"gb-headline-text\">Crecimiento personal.<\/span><\/h3>\n\n\n\n<h3 class=\"gb-headline gb-headline-d3836381\"><span class=\"gb-icon\"><svg aria-hidden=\"true\" role=\"img\" height=\"1em\" width=\"1em\" viewBox=\"0 0 256 512\" xmlns=\"http:\/\/www.w3.org\/2000\/svg\"><path fill=\"currentColor\" d=\"M224.3 273l-136 136c-9.4 9.4-24.6 9.4-33.9 0l-22.6-22.6c-9.4-9.4-9.4-24.6 0-33.9l96.4-96.4-96.4-96.4c-9.4-9.4-9.4-24.6 0-33.9L54.3 103c9.4-9.4 24.6-9.4 33.9 0l136 136c9.5 9.4 9.5 24.6.1 34z\"><\/path><\/svg><\/span><span class=\"gb-headline-text\">Orientaci\u00f3n.<\/span><\/h3>\n\n\n\n<h3 class=\"gb-headline gb-headline-99574da7\"><span class=\"gb-icon\"><svg aria-hidden=\"true\" role=\"img\" height=\"1em\" width=\"1em\" viewBox=\"0 0 256 512\" xmlns=\"http:\/\/www.w3.org\/2000\/svg\"><path fill=\"currentColor\" d=\"M224.3 273l-136 136c-9.4 9.4-24.6 9.4-33.9 0l-22.6-22.6c-9.4-9.4-9.4-24.6 0-33.9l96.4-96.4-96.4-96.4c-9.4-9.4-9.4-24.6 0-33.9L54.3 103c9.4-9.4 24.6-9.4 33.9 0l136 136c9.5 9.4 9.5 24.6.1 34z\"><\/path><\/svg><\/span><span class=\"gb-headline-text\">FCT\/Dual.<\/span><\/h3>\n\n\n\n<h3 class=\"gb-headline gb-headline-153e8907\"><span class=\"gb-icon\"><svg aria-hidden=\"true\" role=\"img\" height=\"1em\" width=\"1em\" viewBox=\"0 0 256 512\" xmlns=\"http:\/\/www.w3.org\/2000\/svg\"><path fill=\"currentColor\" d=\"M224.3 273l-136 136c-9.4 9.4-24.6 9.4-33.9 0l-22.6-22.6c-9.4-9.4-9.4-24.6 0-33.9l96.4-96.4-96.4-96.4c-9.4-9.4-9.4-24.6 0-33.9L54.3 103c9.4-9.4 24.6-9.4 33.9 0l136 136c9.5 9.4 9.5 24.6.1 34z\"><\/path><\/svg><\/span><span class=\"gb-headline-text\">Movilidad.<\/span><\/h3>\n\n\n\n<h3 class=\"gb-headline gb-headline-b11a1169\"><span class=\"gb-icon\"><svg aria-hidden=\"true\" role=\"img\" height=\"1em\" width=\"1em\" viewBox=\"0 0 256 512\" xmlns=\"http:\/\/www.w3.org\/2000\/svg\"><path fill=\"currentColor\" d=\"M224.3 273l-136 136c-9.4 9.4-24.6 9.4-33.9 0l-22.6-22.6c-9.4-9.4-9.4-24.6 0-33.9l96.4-96.4-96.4-96.4c-9.4-9.4-9.4-24.6 0-33.9L54.3 103c9.4-9.4 24.6-9.4 33.9 0l136 136c9.5 9.4 9.5 24.6.1 34z\"><\/path><\/svg><\/span><span class=\"gb-headline-text\">Calidad.<\/span><\/h3>\n\n\n\n<h3 class=\"gb-headline gb-headline-37a3d81d\"><span class=\"gb-icon\"><svg aria-hidden=\"true\" role=\"img\" height=\"1em\" width=\"1em\" viewBox=\"0 0 256 512\" xmlns=\"http:\/\/www.w3.org\/2000\/svg\"><path fill=\"currentColor\" d=\"M224.3 273l-136 136c-9.4 9.4-24.6 9.4-33.9 0l-22.6-22.6c-9.4-9.4-9.4-24.6 0-33.9l96.4-96.4-96.4-96.4c-9.4-9.4-9.4-24.6 0-33.9L54.3 103c9.4-9.4 24.6-9.4 33.9 0l136 136c9.5 9.4 9.5 24.6.1 34z\"><\/path><\/svg><\/span><span class=\"gb-headline-text\">Digital.<\/span><\/h3>\n\n\n\n<p><strong>Cada <\/strong>uno de estos <strong>departamentos<\/strong>, est\u00e1 <strong>dotado <\/strong>de unas <strong>funciones <\/strong>que impactan directamente en la formaci\u00f3n de los j\u00f3venes, ya sea en el aprendizaje de los alumnos dentro del aula, en la empresa, en otro pa\u00eds, o realizando una movilidad. Trabajando en todas las dimensiones de los j\u00f3venes, teniendo especial cuidado en su crecimiento personal, su orientaci\u00f3n y, siempre yendo m\u00e1s all\u00e1 del valor acad\u00e9mico y profesional. La calidad como herramienta de funcionamiento y mejora constante tanto en el d\u00eda a d\u00eda como a medio y largo plazo.<\/p>\n\n<\/div><\/div>\n\n<div class=\"gb-container gb-container-b6e45cf5\"><div class=\"gb-inside-container\">\n\n<h2 class=\"gb-headline gb-headline-8d7fc1f5 gb-headline-text\">Equipo Directivo<\/h2>\n\n\n\n<ul class=\"wp-block-list\">\n<li>Directora pedag\u00f3gica: Carolina Alem\u00e1n.<\/li>\n\n\n\n<li>Jefas de estudio: Cristina \u00c0vila y Anna Tom\u00e0s.<\/li>\n<\/ul>\n\n<\/div><\/div>\n\n<div class=\"gb-container gb-container-b77b56cd\"><div class=\"gb-inside-container\">\n\n<div style=\"height:100px\" aria-hidden=\"true\" class=\"wp-block-spacer\"><\/div>\n\n\n\n<h2 class=\"gb-headline gb-headline-c3138dd0\"><span class=\"gb-icon\"><svg xmlns=\"http:\/\/www.w3.org\/2000\/svg\" viewBox=\"0 0 36.7 3\"><path d=\"M0 0h36.7v3H0z\"><\/path><\/svg><\/span><span class=\"gb-headline-text\">ESPACIO DEL PROFESORADO <\/span><\/h2>\n\n\n\n<h2 class=\"gb-headline gb-headline-c1db5494\"><span class=\"gb-icon\"><svg xmlns=\"http:\/\/www.w3.org\/2000\/svg\" viewBox=\"0 0 36.7 3\"><path d=\"M0 0h36.7v3H0z\"><\/path><\/svg><\/span><span class=\"gb-headline-text\"> <\/span><\/h2>\n\n<\/div><\/div>\n\n<div class=\"gb-grid-wrapper gb-grid-wrapper-a5b0427e\">\n<div class=\"gb-grid-column gb-grid-column-21f928ff\"><div class=\"gb-container gb-container-21f928ff\"><div class=\"gb-inside-container\">\n<div class=\"wp-block-image\">\n<figure class=\"aligncenter size-medium\"><a href=\"https:\/\/agora1.qualiteasy.com\/asp\/cat\/lopez_vicuna\/Logon.aspx\" target=\"_blank\" rel=\"noreferrer noopener\"><img loading=\"lazy\" decoding=\"async\" width=\"300\" height=\"70\" src=\"https:\/\/www.lopezvicu.info\/wp-content\/uploads\/2022\/10\/img_qualiteasy-300x70.png\" alt=\"\" class=\"wp-image-14833\" srcset=\"https:\/\/www.lopezvicu.info\/wp-content\/uploads\/2022\/10\/img_qualiteasy-300x70.png 300w, https:\/\/www.lopezvicu.info\/wp-content\/uploads\/2022\/10\/img_qualiteasy-1024x240.png 1024w, https:\/\/www.lopezvicu.info\/wp-content\/uploads\/2022\/10\/img_qualiteasy-768x180.png 768w, https:\/\/www.lopezvicu.info\/wp-content\/uploads\/2022\/10\/img_qualiteasy-1536x360.png 1536w, https:\/\/www.lopezvicu.info\/wp-content\/uploads\/2022\/10\/img_qualiteasy-2048x480.png 2048w\" sizes=\"auto, (max-width: 300px) 100vw, 300px\" \/><\/a><\/figure>\n<\/div>\n<\/div><\/div><\/div>\n\n<div class=\"gb-grid-column gb-grid-column-c85c3519\"><div class=\"gb-container gb-container-c85c3519\"><div class=\"gb-inside-container\">\n<div class=\"wp-block-image\">\n<figure class=\"aligncenter size-full\"><a href=\"https:\/\/web2.alexiaedu.com\/ACWeb\/LogOn.aspx?key=FOY9bPi2aGA%3d#\" target=\"_blank\" rel=\"noreferrer noopener\"><img loading=\"lazy\" decoding=\"async\" width=\"376\" height=\"134\" src=\"https:\/\/www.lopezvicu.info\/wp-content\/uploads\/2022\/10\/AlexiaAA.png\" alt=\"\" class=\"wp-image-14854\" srcset=\"https:\/\/www.lopezvicu.info\/wp-content\/uploads\/2022\/10\/AlexiaAA.png 376w, https:\/\/www.lopezvicu.info\/wp-content\/uploads\/2022\/10\/AlexiaAA-300x107.png 300w\" sizes=\"auto, (max-width: 376px) 100vw, 376px\" \/><\/a><\/figure>\n<\/div>\n<\/div><\/div><\/div>\n<\/div>\n\n\n<div style=\"height:200px\" aria-hidden=\"true\" class=\"wp-block-spacer\"><\/div>\n","protected":false},"excerpt":{"rendered":"<p>Nuestro equipo El equipo del centro L\u00f3pez Vicu\u00f1a, est\u00e1 configurado por distintos profesionales con titulaciones diversas que responden a las necesidades de todos los niveles &#8230; <\/p>\n<p class=\"read-more-container\"><a title=\"Equipo Humano\" class=\"read-more button\" href=\"https:\/\/www.lopezvicu.info\/es\/equipo-humano\/#more-6366\" aria-label=\"Leer m\u00e1s sobre Equipo Humano\">Leer m\u00e1s<\/a><\/p>\n","protected":false},"author":1,"featured_media":0,"parent":0,"menu_order":0,"comment_status":"closed","ping_status":"closed","template":"","meta":{"footnotes":""},"class_list":["post-6366","page","type-page","status-publish"],"yoast_head":"<!-- This site is optimized with the Yoast SEO Premium plugin v26.0 (Yoast SEO v27.6) - https:\/\/yoast.com\/product\/yoast-seo-premium-wordpress\/ -->\n<title>Equipo Humano - Centre L\u00f3pez Vicu\u00f1a Barcelona<\/title>\n<meta name=\"description\" content=\"\u00a1Conoce todo el equipo que forma parte del centro subvencionado L\u00f3pez Vicu\u00f1a! Ya puedes comenzar a familiarizarte con nosotros.\" \/>\n<meta name=\"robots\" content=\"index, follow, max-snippet:-1, max-image-preview:large, max-video-preview:-1\" \/>\n<link rel=\"canonical\" href=\"https:\/\/www.lopezvicu.info\/es\/equipo-humano\/\" \/>\n<meta property=\"og:locale\" content=\"es_ES\" \/>\n<meta property=\"og:type\" content=\"article\" \/>\n<meta property=\"og:title\" content=\"Equipo Humano\" \/>\n<meta property=\"og:description\" content=\"\u00a1Conoce todo el equipo que forma parte del centro subvencionado L\u00f3pez Vicu\u00f1a! Ya puedes comenzar a familiarizarte con nosotros.\" \/>\n<meta property=\"og:url\" content=\"https:\/\/www.lopezvicu.info\/es\/equipo-humano\/\" \/>\n<meta property=\"og:site_name\" content=\"Centre L\u00f3pez Vicu\u00f1a Barcelona\" \/>\n<meta property=\"article:publisher\" content=\"https:\/\/www.facebook.com\/LopezVicuBCN\/\" \/>\n<meta property=\"article:modified_time\" content=\"2025-09-12T07:24:48+00:00\" \/>\n<meta property=\"og:image\" content=\"https:\/\/www.lopezvicu.info\/wp-content\/uploads\/2022\/10\/img_qualiteasy.png\" \/>\n\t<meta property=\"og:image:width\" content=\"2476\" \/>\n\t<meta property=\"og:image:height\" content=\"580\" \/>\n\t<meta property=\"og:image:type\" content=\"image\/png\" \/>\n<meta name=\"twitter:card\" content=\"summary_large_image\" \/>\n<meta name=\"twitter:site\" content=\"@lopezvicubcn\" \/>\n<meta name=\"twitter:label1\" content=\"Tiempo de lectura\" \/>\n\t<meta name=\"twitter:data1\" content=\"3 minutos\" \/>\n<script type=\"application\/ld+json\" class=\"yoast-schema-graph\">{\"@context\":\"https:\\\/\\\/schema.org\",\"@graph\":[{\"@type\":\"WebPage\",\"@id\":\"https:\\\/\\\/www.lopezvicu.info\\\/es\\\/equipo-humano\\\/\",\"url\":\"https:\\\/\\\/www.lopezvicu.info\\\/es\\\/equipo-humano\\\/\",\"name\":\"Equipo Humano - Centre L\u00f3pez Vicu\u00f1a Barcelona\",\"isPartOf\":{\"@id\":\"https:\\\/\\\/www.lopezvicu.info\\\/es\\\/#website\"},\"primaryImageOfPage\":{\"@id\":\"https:\\\/\\\/www.lopezvicu.info\\\/es\\\/equipo-humano\\\/#primaryimage\"},\"image\":{\"@id\":\"https:\\\/\\\/www.lopezvicu.info\\\/es\\\/equipo-humano\\\/#primaryimage\"},\"thumbnailUrl\":\"https:\\\/\\\/www.lopezvicu.info\\\/wp-content\\\/uploads\\\/2022\\\/10\\\/img_qualiteasy-300x70.png\",\"datePublished\":\"2022-03-23T14:07:44+00:00\",\"dateModified\":\"2025-09-12T07:24:48+00:00\",\"description\":\"\u00a1Conoce todo el equipo que forma parte del centro subvencionado L\u00f3pez Vicu\u00f1a! Ya puedes comenzar a familiarizarte con nosotros.\",\"breadcrumb\":{\"@id\":\"https:\\\/\\\/www.lopezvicu.info\\\/es\\\/equipo-humano\\\/#breadcrumb\"},\"inLanguage\":\"es\",\"potentialAction\":[{\"@type\":\"ReadAction\",\"target\":[\"https:\\\/\\\/www.lopezvicu.info\\\/es\\\/equipo-humano\\\/\"]}]},{\"@type\":\"ImageObject\",\"inLanguage\":\"es\",\"@id\":\"https:\\\/\\\/www.lopezvicu.info\\\/es\\\/equipo-humano\\\/#primaryimage\",\"url\":\"https:\\\/\\\/www.lopezvicu.info\\\/wp-content\\\/uploads\\\/2022\\\/10\\\/img_qualiteasy-300x70.png\",\"contentUrl\":\"https:\\\/\\\/www.lopezvicu.info\\\/wp-content\\\/uploads\\\/2022\\\/10\\\/img_qualiteasy-300x70.png\"},{\"@type\":\"BreadcrumbList\",\"@id\":\"https:\\\/\\\/www.lopezvicu.info\\\/es\\\/equipo-humano\\\/#breadcrumb\",\"itemListElement\":[{\"@type\":\"ListItem\",\"position\":1,\"name\":\"Portada\",\"item\":\"https:\\\/\\\/www.lopezvicu.info\\\/es\\\/\"},{\"@type\":\"ListItem\",\"position\":2,\"name\":\"Equipo Humano\"}]},{\"@type\":\"WebSite\",\"@id\":\"https:\\\/\\\/www.lopezvicu.info\\\/es\\\/#website\",\"url\":\"https:\\\/\\\/www.lopezvicu.info\\\/es\\\/\",\"name\":\"L\u00f3pez Vicu\u00f1a\",\"description\":\"L\u00f3pez Vicu\u00f1a\",\"publisher\":{\"@id\":\"https:\\\/\\\/www.lopezvicu.info\\\/es\\\/#organization\"},\"potentialAction\":[{\"@type\":\"SearchAction\",\"target\":{\"@type\":\"EntryPoint\",\"urlTemplate\":\"https:\\\/\\\/www.lopezvicu.info\\\/es\\\/?s={search_term_string}\"},\"query-input\":{\"@type\":\"PropertyValueSpecification\",\"valueRequired\":true,\"valueName\":\"search_term_string\"}}],\"inLanguage\":\"es\"},{\"@type\":\"Organization\",\"@id\":\"https:\\\/\\\/www.lopezvicu.info\\\/es\\\/#organization\",\"name\":\"Lopez Vicu\u00f1a\",\"url\":\"https:\\\/\\\/www.lopezvicu.info\\\/es\\\/\",\"logo\":{\"@type\":\"ImageObject\",\"inLanguage\":\"es\",\"@id\":\"https:\\\/\\\/www.lopezvicu.info\\\/es\\\/#\\\/schema\\\/logo\\\/image\\\/\",\"url\":\"https:\\\/\\\/www.lopezvicu.info\\\/wp-content\\\/uploads\\\/2022\\\/01\\\/logo.png\",\"contentUrl\":\"https:\\\/\\\/www.lopezvicu.info\\\/wp-content\\\/uploads\\\/2022\\\/01\\\/logo.png\",\"width\":350,\"height\":70,\"caption\":\"Lopez Vicu\u00f1a\"},\"image\":{\"@id\":\"https:\\\/\\\/www.lopezvicu.info\\\/es\\\/#\\\/schema\\\/logo\\\/image\\\/\"},\"sameAs\":[\"https:\\\/\\\/www.facebook.com\\\/LopezVicuBCN\\\/\",\"https:\\\/\\\/x.com\\\/lopezvicubcn\",\"https:\\\/\\\/www.linkedin.com\\\/company\\\/lopezvicubcn\\\/\",\"https:\\\/\\\/www.instagram.com\\\/lopezvicubcn\\\/\",\"https:\\\/\\\/www.youtube.com\\\/@lopezvicubarcelona\"],\"description\":\"L\u00f3pez Vicu\u00f1a \u00e9s un centre concertat autoritzat pel Departament d'Educaci\u00f3 de la Generalitat de Catalunya amb CODI 08035015, per impartir Batxillerat i Cicles Formatius (Grau Mitj\u00e0 i Grau Superior), obert a tothom i comprom\u00e8s amb la realitat social, cultural i econ\u00f2mica que ens envolta i amb un cost econ\u00f2mic que garanteix l\u2019escolaritzaci\u00f3 post-obligat\u00f2ria de tots els estudiants. Situats a l'Eixample, en ple centre de Barcelona, i amb f\u00e0cil acc\u00e9s en transport p\u00fablic. Metodologies actives, emprenedoria, projectes, aprenentatge - servei, qualitat, multiling\u00fce mobilitat, FP Dual, tenen cabuda en tots els estudis que impartim\",\"email\":\"direccio@lopezvicu.info\",\"telephone\":\"934 87 65 94\"}]}<\/script>\n<!-- \/ Yoast SEO Premium plugin. -->","yoast_head_json":{"title":"Equipo Humano - Centre L\u00f3pez Vicu\u00f1a Barcelona","description":"\u00a1Conoce todo el equipo que forma parte del centro subvencionado L\u00f3pez Vicu\u00f1a! Ya puedes comenzar a familiarizarte con nosotros.","robots":{"index":"index","follow":"follow","max-snippet":"max-snippet:-1","max-image-preview":"max-image-preview:large","max-video-preview":"max-video-preview:-1"},"canonical":"https:\/\/www.lopezvicu.info\/es\/equipo-humano\/","og_locale":"es_ES","og_type":"article","og_title":"Equipo Humano","og_description":"\u00a1Conoce todo el equipo que forma parte del centro subvencionado L\u00f3pez Vicu\u00f1a! Ya puedes comenzar a familiarizarte con nosotros.","og_url":"https:\/\/www.lopezvicu.info\/es\/equipo-humano\/","og_site_name":"Centre L\u00f3pez Vicu\u00f1a Barcelona","article_publisher":"https:\/\/www.facebook.com\/LopezVicuBCN\/","article_modified_time":"2025-09-12T07:24:48+00:00","og_image":[{"width":2476,"height":580,"url":"https:\/\/www.lopezvicu.info\/wp-content\/uploads\/2022\/10\/img_qualiteasy.png","type":"image\/png"}],"twitter_card":"summary_large_image","twitter_site":"@lopezvicubcn","twitter_misc":{"Tiempo de lectura":"3 minutos"},"schema":{"@context":"https:\/\/schema.org","@graph":[{"@type":"WebPage","@id":"https:\/\/www.lopezvicu.info\/es\/equipo-humano\/","url":"https:\/\/www.lopezvicu.info\/es\/equipo-humano\/","name":"Equipo Humano - Centre L\u00f3pez Vicu\u00f1a Barcelona","isPartOf":{"@id":"https:\/\/www.lopezvicu.info\/es\/#website"},"primaryImageOfPage":{"@id":"https:\/\/www.lopezvicu.info\/es\/equipo-humano\/#primaryimage"},"image":{"@id":"https:\/\/www.lopezvicu.info\/es\/equipo-humano\/#primaryimage"},"thumbnailUrl":"https:\/\/www.lopezvicu.info\/wp-content\/uploads\/2022\/10\/img_qualiteasy-300x70.png","datePublished":"2022-03-23T14:07:44+00:00","dateModified":"2025-09-12T07:24:48+00:00","description":"\u00a1Conoce todo el equipo que forma parte del centro subvencionado L\u00f3pez Vicu\u00f1a! Ya puedes comenzar a familiarizarte con nosotros.","breadcrumb":{"@id":"https:\/\/www.lopezvicu.info\/es\/equipo-humano\/#breadcrumb"},"inLanguage":"es","potentialAction":[{"@type":"ReadAction","target":["https:\/\/www.lopezvicu.info\/es\/equipo-humano\/"]}]},{"@type":"ImageObject","inLanguage":"es","@id":"https:\/\/www.lopezvicu.info\/es\/equipo-humano\/#primaryimage","url":"https:\/\/www.lopezvicu.info\/wp-content\/uploads\/2022\/10\/img_qualiteasy-300x70.png","contentUrl":"https:\/\/www.lopezvicu.info\/wp-content\/uploads\/2022\/10\/img_qualiteasy-300x70.png"},{"@type":"BreadcrumbList","@id":"https:\/\/www.lopezvicu.info\/es\/equipo-humano\/#breadcrumb","itemListElement":[{"@type":"ListItem","position":1,"name":"Portada","item":"https:\/\/www.lopezvicu.info\/es\/"},{"@type":"ListItem","position":2,"name":"Equipo Humano"}]},{"@type":"WebSite","@id":"https:\/\/www.lopezvicu.info\/es\/#website","url":"https:\/\/www.lopezvicu.info\/es\/","name":"L\u00f3pez Vicu\u00f1a","description":"L\u00f3pez Vicu\u00f1a","publisher":{"@id":"https:\/\/www.lopezvicu.info\/es\/#organization"},"potentialAction":[{"@type":"SearchAction","target":{"@type":"EntryPoint","urlTemplate":"https:\/\/www.lopezvicu.info\/es\/?s={search_term_string}"},"query-input":{"@type":"PropertyValueSpecification","valueRequired":true,"valueName":"search_term_string"}}],"inLanguage":"es"},{"@type":"Organization","@id":"https:\/\/www.lopezvicu.info\/es\/#organization","name":"Lopez Vicu\u00f1a","url":"https:\/\/www.lopezvicu.info\/es\/","logo":{"@type":"ImageObject","inLanguage":"es","@id":"https:\/\/www.lopezvicu.info\/es\/#\/schema\/logo\/image\/","url":"https:\/\/www.lopezvicu.info\/wp-content\/uploads\/2022\/01\/logo.png","contentUrl":"https:\/\/www.lopezvicu.info\/wp-content\/uploads\/2022\/01\/logo.png","width":350,"height":70,"caption":"Lopez Vicu\u00f1a"},"image":{"@id":"https:\/\/www.lopezvicu.info\/es\/#\/schema\/logo\/image\/"},"sameAs":["https:\/\/www.facebook.com\/LopezVicuBCN\/","https:\/\/x.com\/lopezvicubcn","https:\/\/www.linkedin.com\/company\/lopezvicubcn\/","https:\/\/www.instagram.com\/lopezvicubcn\/","https:\/\/www.youtube.com\/@lopezvicubarcelona"],"description":"L\u00f3pez Vicu\u00f1a \u00e9s un centre concertat autoritzat pel Departament d'Educaci\u00f3 de la Generalitat de Catalunya amb CODI 08035015, per impartir Batxillerat i Cicles Formatius (Grau Mitj\u00e0 i Grau Superior), obert a tothom i comprom\u00e8s amb la realitat social, cultural i econ\u00f2mica que ens envolta i amb un cost econ\u00f2mic que garanteix l\u2019escolaritzaci\u00f3 post-obligat\u00f2ria de tots els estudiants. Situats a l'Eixample, en ple centre de Barcelona, i amb f\u00e0cil acc\u00e9s en transport p\u00fablic. Metodologies actives, emprenedoria, projectes, aprenentatge - servei, qualitat, multiling\u00fce mobilitat, FP Dual, tenen cabuda en tots els estudis que impartim","email":"direccio@lopezvicu.info","telephone":"934 87 65 94"}]}},"_links":{"self":[{"href":"https:\/\/www.lopezvicu.info\/es\/wp-json\/wp\/v2\/pages\/6366","targetHints":{"allow":["GET"]}}],"collection":[{"href":"https:\/\/www.lopezvicu.info\/es\/wp-json\/wp\/v2\/pages"}],"about":[{"href":"https:\/\/www.lopezvicu.info\/es\/wp-json\/wp\/v2\/types\/page"}],"author":[{"embeddable":true,"href":"https:\/\/www.lopezvicu.info\/es\/wp-json\/wp\/v2\/users\/1"}],"replies":[{"embeddable":true,"href":"https:\/\/www.lopezvicu.info\/es\/wp-json\/wp\/v2\/comments?post=6366"}],"version-history":[{"count":74,"href":"https:\/\/www.lopezvicu.info\/es\/wp-json\/wp\/v2\/pages\/6366\/revisions"}],"predecessor-version":[{"id":27774,"href":"https:\/\/www.lopezvicu.info\/es\/wp-json\/wp\/v2\/pages\/6366\/revisions\/27774"}],"wp:attachment":[{"href":"https:\/\/www.lopezvicu.info\/es\/wp-json\/wp\/v2\/media?parent=6366"}],"curies":[{"name":"wp","href":"https:\/\/api.w.org\/{rel}","templated":true}]}}