{"id":6358,"date":"2022-03-23T13:06:33","date_gmt":"2022-03-23T13:06:33","guid":{"rendered":"https:\/\/www.lopezvicu.info\/?page_id=6358"},"modified":"2022-12-13T12:18:09","modified_gmt":"2022-12-13T12:18:09","slug":"caracter-propio","status":"publish","type":"page","link":"https:\/\/www.lopezvicu.info\/es\/caracter-propio\/","title":{"rendered":"Car\u00e1cter Propio"},"content":{"rendered":"<div class=\"gb-container gb-container-42237c6b\"><div class=\"gb-inside-container\">\n<div class=\"gb-grid-wrapper gb-grid-wrapper-82ee8bdc\">\n<div class=\"gb-grid-column gb-grid-column-db4e9418\"><div class=\"gb-container gb-container-db4e9418\"><div class=\"gb-inside-container\">\n\n<h1 class=\"gb-headline gb-headline-8ad6dfc6 gb-headline-text\">Nuestro car\u00e1cter propio<\/h1>\n\n<\/div><\/div><\/div>\n<\/div>\n<\/div><div class=\"gb-shapes\"><div class=\"gb-shape gb-shape-1\"><svg xmlns=\"http:\/\/www.w3.org\/2000\/svg\" viewBox=\"0 0 1200 194.3\" preserveAspectRatio=\"none\"><path d=\"M1200 133.3l-50 8.9c-50 8.6-150 26.9-250 31.1-100 4.2-200-4.2-300-26.7S400 89.2 300 62.2C200 35.8 100 17.5 50 8.9L0 0v194.3h1200v-61z\"\/><\/svg><\/div><\/div><\/div>\n\n<div class=\"gb-container gb-container-f3d5d21d\"><div class=\"gb-inside-container\">\n<div class=\"gb-container gb-container-ae396493\"><div class=\"gb-inside-container\">\n\n<h2 class=\"gb-headline gb-headline-42d5bd61 gb-headline-text\">\u00bfQui\u00e9nes somos?<\/h2>\n\n\n\n<p class=\"gb-headline gb-headline-2c2c6753 gb-headline-text\">Nuestro <strong>centro docente de Barcelona<\/strong> es un centro de car\u00e1cter <strong>privado<\/strong>, <strong>concertado<\/strong> y abierto a todo el mundo. Somos un centro de <strong>inspiraci\u00f3n cristiana<\/strong> regido por las Religiosas de Mar\u00eda Inmaculada y comprometido con la realidad social y cultural que nos rodea.<\/p>\n\n<\/div><\/div>\n\n<div class=\"gb-container gb-container-b5b90694\"><div class=\"gb-inside-container\">\n\n<h2 class=\"gb-headline gb-headline-7b3e5954 gb-headline-text\">\u00bfQu\u00e9 hacemos?<\/h2>\n\n\n\n<p class=\"has-text-align-center\">De acuerdo con una concepci\u00f3n cristiana de la vida, del hombre y del mundo y, fieles al carisma de Vicenta Mar\u00eda, promovemos la <strong>formaci\u00f3n integral<\/strong> de los alumnos y los <strong>preparamos<\/strong> para <strong>participar<\/strong> activamente en el <strong>mundo laboral<\/strong> y en <strong>la<\/strong> <strong>sociedad<\/strong> en general.<\/p>\n\n\n<div class=\"gb-grid-wrapper gb-grid-wrapper-30351cd7\">\n<div class=\"gb-grid-column gb-grid-column-9c0e79d9\"><div class=\"gb-container gb-container-9c0e79d9\"><div class=\"gb-inside-container\">\n\n<figure class=\"wp-block-image size-large image-shadow img\"><img loading=\"lazy\" decoding=\"async\" width=\"1024\" height=\"683\" src=\"https:\/\/www.lopezvicu.info\/wp-content\/uploads\/2022\/05\/Shutterstock_764829499-1024x683.jpg\" alt=\"\" class=\"wp-image-8563\" srcset=\"https:\/\/www.lopezvicu.info\/wp-content\/uploads\/2022\/05\/Shutterstock_764829499-1024x683.jpg 1024w, https:\/\/www.lopezvicu.info\/wp-content\/uploads\/2022\/05\/Shutterstock_764829499-300x200.jpg 300w, https:\/\/www.lopezvicu.info\/wp-content\/uploads\/2022\/05\/Shutterstock_764829499-768x512.jpg 768w, https:\/\/www.lopezvicu.info\/wp-content\/uploads\/2022\/05\/Shutterstock_764829499-1536x1024.jpg 1536w, https:\/\/www.lopezvicu.info\/wp-content\/uploads\/2022\/05\/Shutterstock_764829499-2048x1365.jpg 2048w\" sizes=\"auto, (max-width: 1024px) 100vw, 1024px\" \/><\/figure>\n\n<\/div><\/div><\/div>\n\n<div class=\"gb-grid-column gb-grid-column-27b76bc9\"><div class=\"gb-container gb-container-27b76bc9\"><div class=\"gb-inside-container\">\n\n<h3 class=\"gb-headline gb-headline-3ae41554 gb-headline-text\">En temas de educaci\u00f3n, la misi\u00f3n se concreta en:<\/h3>\n\n\n\n<ul class=\"wp-block-list\">\n<li>La <strong>evangelizaci\u00f3n<\/strong> de los j\u00f3venes.<\/li>\n\n\n\n<li>Fomentar <strong>experiencias de bien<\/strong> que orienten a los j\u00f3venes en la elecci\u00f3n de su camino <strong>previniendo<\/strong> posibles <strong>situaciones de riesgo.<\/strong><\/li>\n\n\n\n<li>El <strong>servicio<\/strong> en la <strong>sociedad<\/strong> en general.<\/li>\n<\/ul>\n\n<\/div><\/div><\/div>\n\n<div class=\"gb-grid-column gb-grid-column-fc815922\"><div class=\"gb-container gb-container-fc815922\"><div class=\"gb-inside-container\">\n\n<h3 class=\"gb-headline gb-headline-d6fae0aa gb-headline-text\">Esto se traduce en una acci\u00f3n educativa que intenta:<\/h3>\n\n\n\n<ul class=\"wp-block-list\">\n<li>Orientar, acompa\u00f1ar y ayudar a los j\u00f3venes en el <strong>desarrollo<\/strong> de todas sus <strong>potencialidades<\/strong> como <strong>ciudadanos<\/strong>, <strong>profesionales<\/strong> y <strong>cristianos<\/strong>.<\/li>\n\n\n\n<li>Promover la <strong>adquisici\u00f3n<\/strong> de <strong>valores<\/strong> y la <strong>vivencia<\/strong> de actitudes <strong>positivas<\/strong>.<\/li>\n\n\n\n<li>Cultivar <strong>el trabajo intelectual y profesional<\/strong> y la <strong>adquisici\u00f3n de competencias b\u00e1sicas<\/strong>.<\/li>\n\n\n\n<li>Adoptar una metodolog\u00eda personalizada, integral, liberadora, activa y creativa, <strong>asumiendo<\/strong> las <strong>exigencias<\/strong> de una <strong>sociedad<\/strong> <strong>pluricultural<\/strong> y <strong><em>multirreligiosa<\/em><\/strong>.<\/li>\n\n\n\n<li>Proyectar la educaci\u00f3n m\u00e1s all\u00e1 del aula y del horario lectivo, a trav\u00e9s de <strong>actividades<\/strong> formativas que les <strong>ayuden a abrirse a un mundo globalizado<\/strong> y a tomar parte en <strong>iniciativas de compromiso social y cristiano.<\/strong><\/li>\n<\/ul>\n\n<\/div><\/div><\/div>\n\n<div class=\"gb-grid-column gb-grid-column-304b9b80\"><div class=\"gb-container gb-container-304b9b80\"><div class=\"gb-inside-container\">\n\n<figure class=\"wp-block-image size-large image-shadow img\"><img loading=\"lazy\" decoding=\"async\" width=\"1024\" height=\"552\" src=\"https:\/\/www.lopezvicu.info\/wp-content\/uploads\/2022\/05\/Shutterstock_1175271649-1024x552.jpg\" alt=\"\" class=\"wp-image-8565\" srcset=\"https:\/\/www.lopezvicu.info\/wp-content\/uploads\/2022\/05\/Shutterstock_1175271649-1024x552.jpg 1024w, https:\/\/www.lopezvicu.info\/wp-content\/uploads\/2022\/05\/Shutterstock_1175271649-300x162.jpg 300w, https:\/\/www.lopezvicu.info\/wp-content\/uploads\/2022\/05\/Shutterstock_1175271649-768x414.jpg 768w, https:\/\/www.lopezvicu.info\/wp-content\/uploads\/2022\/05\/Shutterstock_1175271649-1536x828.jpg 1536w, https:\/\/www.lopezvicu.info\/wp-content\/uploads\/2022\/05\/Shutterstock_1175271649-2048x1104.jpg 2048w\" sizes=\"auto, (max-width: 1024px) 100vw, 1024px\" \/><\/figure>\n\n<\/div><\/div><\/div>\n<\/div>\n<\/div><\/div>\n\n<div class=\"gb-container gb-container-ca88cc63\"><div class=\"gb-inside-container\">\n<div class=\"gb-grid-wrapper gb-grid-wrapper-2b83e9b2\">\n<div class=\"gb-grid-column gb-grid-column-c81ed959\"><div class=\"gb-container gb-container-c81ed959\"><div class=\"gb-inside-container\">\n<div class=\"gb-container gb-container-fd62c111\"><div class=\"gb-inside-container\">\n\n<h3 class=\"gb-headline gb-headline-95834fdd\"><span class=\"gb-icon\"><svg aria-hidden=\"true\" role=\"img\" height=\"1em\" width=\"1em\" viewBox=\"0 0 448 512\" xmlns=\"http:\/\/www.w3.org\/2000\/svg\"><path fill=\"currentColor\" d=\"M416 208H272V64c0-17.67-14.33-32-32-32h-32c-17.67 0-32 14.33-32 32v144H32c-17.67 0-32 14.33-32 32v32c0 17.67 14.33 32 32 32h144v144c0 17.67 14.33 32 32 32h32c17.67 0 32-14.33 32-32V304h144c17.67 0 32-14.33 32-32v-32c0-17.67-14.33-32-32-32z\"><\/path><\/svg><\/span><span class=\"gb-headline-text\">\u00bfPor qu\u00e9 lo hacemos?<\/span><\/h3>\n\n\n\n<p class=\"has-text-align-center\">Lo hacemos porque los centros de las RMI tienen vocaci\u00f3n social y por eso forman y educan a los j\u00f3venes fieles al carisma de Santa Vicenta Mar\u00eda, se hacen cargo de ellos, y est\u00e1n abiertos al servicio de todos, dando respuestas a las necesidades personales y profesionales de cada \u00e9poca y de cada sitio.<\/p>\n\n\n\n<p class=\"has-text-align-center\">Por tanto, <strong>nuestra tarea educativa<\/strong> trata de ser <strong>coherente<\/strong> con nuestra \u201c<strong>misi\u00f3n, visi\u00f3n y valores\u201d<\/strong> y con los <strong>principios<\/strong> de <strong>identidad<\/strong> y <strong>calidad<\/strong> de nuestro proyecto educativo del centro.<\/p>\n\n<\/div><\/div>\n<\/div><\/div><\/div>\n\n<div class=\"gb-grid-column gb-grid-column-2c277a92\"><div class=\"gb-container gb-container-2c277a92\"><div class=\"gb-inside-container\">\n<div class=\"gb-container gb-container-0bc3d026\"><div class=\"gb-inside-container\">\n\n<h3 class=\"gb-headline gb-headline-279a942c\"><span class=\"gb-icon\"><svg aria-hidden=\"true\" role=\"img\" height=\"1em\" width=\"1em\" viewBox=\"0 0 448 512\" xmlns=\"http:\/\/www.w3.org\/2000\/svg\"><path fill=\"currentColor\" d=\"M416 208H272V64c0-17.67-14.33-32-32-32h-32c-17.67 0-32 14.33-32 32v144H32c-17.67 0-32 14.33-32 32v32c0 17.67 14.33 32 32 32h144v144c0 17.67 14.33 32 32 32h32c17.67 0 32-14.33 32-32V304h144c17.67 0 32-14.33 32-32v-32c0-17.67-14.33-32-32-32z\"><\/path><\/svg><\/span><span class=\"gb-headline-text\">\u00bfPara qui\u00e9n lo hacemos?<\/span><\/h3>\n\n\n\n<p class=\"has-text-align-center\">Los <strong>alumnos<\/strong> son los protagonistas de toda la actividad de nuestro Centro.<\/p>\n\n\n\n<p class=\"has-text-align-center\">Nuestra labor educativa va <strong>destinada<\/strong> a todos los <strong>j\u00f3venes<\/strong> <strong>sin distinci\u00f3n<\/strong> de ning\u00fan tipo, pero siempre prestando <strong>especial<\/strong> <strong>atenci\u00f3n<\/strong> a los <strong>m\u00e1s necesitados<\/strong>, entendiendo como tales las necesidades de todo tipo, tanto <strong>econ\u00f3micas<\/strong> como <strong>de formaci\u00f3n personal y espiritual<\/strong>.<\/p>\n\n\n\n<p class=\"has-text-align-center\">Si esta formaci\u00f3n es de calidad sabemos que toda <strong>nuestra labor<\/strong> <strong>revertir\u00e1<\/strong> en las <strong>familias<\/strong> y en la <strong>sociedad en general.<\/strong><\/p>\n\n<\/div><\/div>\n<\/div><\/div><\/div>\n<\/div>\n<\/div><\/div>\n\n<div class=\"gb-container gb-container-a5a2bd76\"><div class=\"gb-inside-container\">\n<div class=\"gb-container gb-container-22991d66\"><div class=\"gb-inside-container\">\n\n<h2 class=\"gb-headline gb-headline-91a7b98c gb-headline-text\">Valores<\/h2>\n\n\n\n<p class=\"has-text-align-center\">La tarea educativa la concebimos como un proyecto com\u00fan en el que todos debemos participar con ilusi\u00f3n y respeto. Con el estilo educativo de Vicenta Mar\u00eda, nuestros centros <strong>potencian<\/strong> y <strong>desarrollan<\/strong> entre todos los siguientes valores con el <strong>objetivo<\/strong> de conseguir <strong>llevar a cabo<\/strong> nuestra misi\u00f3n:<\/p>\n\n<\/div><\/div>\n\n<div class=\"gb-container gb-container-b5fee8ca\"><div class=\"gb-inside-container\">\n<div class=\"gb-container gb-container-526186fd\"><div class=\"gb-inside-container\">\n<div class=\"gb-grid-wrapper gb-grid-wrapper-4ae370ad\">\n<div class=\"gb-grid-column gb-grid-column-c647b9b0\"><div class=\"gb-container gb-container-c647b9b0\"><div class=\"gb-inside-container\">\n\n<h3 class=\"gb-headline gb-headline-0bfdb730 gb-headline-text\"><strong>La fe<\/strong> que nos ayuda a crecer como personas.<\/h3>\n\n<\/div><\/div><\/div>\n\n<div class=\"gb-grid-column gb-grid-column-3eb955be\"><div class=\"gb-container gb-container-3eb955be\"><div class=\"gb-inside-container\">\n\n<h3 class=\"gb-headline gb-headline-a40dc8ed gb-headline-text\">Actitudes de encuentro, acompa\u00f1amiento, proximidad, di\u00e1logo y escucha.<\/h3>\n\n<\/div><\/div><\/div>\n\n<div class=\"gb-grid-column gb-grid-column-bac878aa\"><div class=\"gb-container gb-container-bac878aa\"><div class=\"gb-inside-container\">\n\n<h3 class=\"gb-headline gb-headline-d366e5e6 gb-headline-text\">La alegr\u00eda y el sentido positivo de la vida.<\/h3>\n\n<\/div><\/div><\/div>\n\n<div class=\"gb-grid-column gb-grid-column-d5c9ecf8\"><div class=\"gb-container gb-container-d5c9ecf8\"><div class=\"gb-inside-container\">\n\n<h3 class=\"gb-headline gb-headline-e981d73e gb-headline-text\">El compromiso por la justicia, la solidaridad, la paz y la libertad.<\/h3>\n\n<\/div><\/div><\/div>\n\n<div class=\"gb-grid-column gb-grid-column-df68d9ab\"><div class=\"gb-container gb-container-df68d9ab\"><div class=\"gb-inside-container\">\n\n<h3 class=\"gb-headline gb-headline-ef18fdf9 gb-headline-text\">El esfuerzo y la satisfacci\u00f3n de la calidad, la profesionalidad y el trabajo bien hecho.<\/h3>\n\n<\/div><\/div><\/div>\n\n<div class=\"gb-grid-column gb-grid-column-e40d94d3\"><div class=\"gb-container gb-container-e40d94d3\"><div class=\"gb-inside-container\">\n\n<h3 class=\"gb-headline gb-headline-79452d16 gb-headline-text\">El respeto por el entorno natural y social.<\/h3>\n\n<\/div><\/div><\/div>\n\n<div class=\"gb-grid-column gb-grid-column-38584037\"><div class=\"gb-container gb-container-38584037\"><div class=\"gb-inside-container\">\n\n<h3 class=\"gb-headline gb-headline-c0d53509 gb-headline-text\"><strong>La atenci\u00f3n a la interculturalidad como riqueza.<\/strong><\/h3>\n\n<\/div><\/div><\/div>\n\n<div class=\"gb-grid-column gb-grid-column-ab1c374d\"><div class=\"gb-container gb-container-ab1c374d\"><div class=\"gb-inside-container\">\n\n<h3 class=\"gb-headline gb-headline-9cc4a8b7 gb-headline-text\">Inquietud por la formaci\u00f3n continuada de todo el equipo educativo.<\/h3>\n\n<\/div><\/div><\/div>\n\n<div class=\"gb-grid-column gb-grid-column-c08c743f\"><div class=\"gb-container gb-container-c08c743f\"><div class=\"gb-inside-container\">\n\n<h3 class=\"gb-headline gb-headline-21597f7c gb-headline-text\">La vivencia por el trabajo en equipo formando parte de una comunidad educativa pastoral.<\/h3>\n\n<\/div><\/div><\/div>\n<\/div>\n<\/div><\/div>\n<\/div><\/div>\n<\/div><\/div>\n\n<div class=\"gb-container gb-container-da58c25c\"><div class=\"gb-inside-container\">\n\n<h2 class=\"gb-headline gb-headline-24995483 gb-headline-text\">Visi\u00f3n<\/h2>\n\n\n\n<p class=\"has-text-align-center\">La Visi\u00f3n de las RMI consiste en el <strong>desarrollo humano y cristiano<\/strong> de los j\u00f3venes que les ayude a crecer como personas en todas sus dimensiones y favorece su <strong>integraci\u00f3n social y profesional.<\/strong><\/p>\n\n\n\n<p class=\"has-text-align-center\">Nuestra intenci\u00f3n siempre es promover una <strong>formaci\u00f3n integral<\/strong> de nuestros alumnos y <strong>prepararlos<\/strong> con la intenci\u00f3n de que puedan <strong>participar<\/strong> en el <strong>mundo laboral<\/strong> y en <strong>la<\/strong> <strong>sociedad<\/strong> en general con una inspiraci\u00f3n cristiana que a su vez colaboren con la integraci\u00f3n profesional y social.<\/p>\n\n<\/div><\/div>\n<\/div><\/div>","protected":false},"excerpt":{"rendered":"<p>\u00bfQui\u00e9nes somos? Nuestro centro docente de Barcelona es un centro de car\u00e1cter privado, concertado y abierto a todo el mundo. Somos un centro de inspiraci\u00f3n &#8230; <\/p>\n<p class=\"read-more-container\"><a title=\"Car\u00e1cter Propio\" class=\"read-more button\" href=\"https:\/\/www.lopezvicu.info\/es\/caracter-propio\/#more-6358\" aria-label=\"Leer m\u00e1s sobre Car\u00e1cter Propio\">Leer m\u00e1s<\/a><\/p>\n","protected":false},"author":1,"featured_media":0,"parent":0,"menu_order":0,"comment_status":"closed","ping_status":"closed","template":"","meta":{"footnotes":""},"class_list":["post-6358","page","type-page","status-publish"],"yoast_head":"<!-- This site is optimized with the Yoast SEO Premium plugin v26.0 (Yoast SEO v27.6) - https:\/\/yoast.com\/product\/yoast-seo-premium-wordpress\/ -->\n<title>Car\u00e1cter Propio - Centre L\u00f3pez Vicu\u00f1a Barcelona<\/title>\n<meta name=\"description\" content=\"Conoce todo lo positivo que ofrecemos en nuestro centro privado y concertado, L\u00f3pez Vicu\u00f1a, con una inspiraci\u00f3n cristiana.\" \/>\n<meta name=\"robots\" content=\"index, follow, max-snippet:-1, max-image-preview:large, max-video-preview:-1\" \/>\n<link rel=\"canonical\" href=\"https:\/\/www.lopezvicu.info\/es\/caracter-propio\/\" \/>\n<meta property=\"og:locale\" content=\"es_ES\" \/>\n<meta property=\"og:type\" content=\"article\" \/>\n<meta property=\"og:title\" content=\"Car\u00e1cter Propio\" \/>\n<meta property=\"og:description\" content=\"Conoce todo lo positivo que ofrecemos en nuestro centro privado y concertado, L\u00f3pez Vicu\u00f1a, con una inspiraci\u00f3n cristiana.\" \/>\n<meta property=\"og:url\" content=\"https:\/\/www.lopezvicu.info\/es\/caracter-propio\/\" \/>\n<meta property=\"og:site_name\" content=\"Centre L\u00f3pez Vicu\u00f1a Barcelona\" \/>\n<meta property=\"article:publisher\" content=\"https:\/\/www.facebook.com\/LopezVicuBCN\/\" \/>\n<meta property=\"article:modified_time\" content=\"2022-12-13T12:18:09+00:00\" \/>\n<meta property=\"og:image\" content=\"https:\/\/www.lopezvicu.info\/wp-content\/uploads\/2022\/05\/Shutterstock_764829499-1024x683.jpg\" \/>\n<meta name=\"twitter:card\" content=\"summary_large_image\" \/>\n<meta name=\"twitter:site\" content=\"@lopezvicubcn\" \/>\n<meta name=\"twitter:label1\" content=\"Tiempo de lectura\" \/>\n\t<meta name=\"twitter:data1\" content=\"4 minutos\" \/>\n<script type=\"application\/ld+json\" class=\"yoast-schema-graph\">{\"@context\":\"https:\\\/\\\/schema.org\",\"@graph\":[{\"@type\":\"WebPage\",\"@id\":\"https:\\\/\\\/www.lopezvicu.info\\\/es\\\/caracter-propio\\\/\",\"url\":\"https:\\\/\\\/www.lopezvicu.info\\\/es\\\/caracter-propio\\\/\",\"name\":\"Car\u00e1cter Propio - Centre L\u00f3pez Vicu\u00f1a Barcelona\",\"isPartOf\":{\"@id\":\"https:\\\/\\\/www.lopezvicu.info\\\/es\\\/#website\"},\"primaryImageOfPage\":{\"@id\":\"https:\\\/\\\/www.lopezvicu.info\\\/es\\\/caracter-propio\\\/#primaryimage\"},\"image\":{\"@id\":\"https:\\\/\\\/www.lopezvicu.info\\\/es\\\/caracter-propio\\\/#primaryimage\"},\"thumbnailUrl\":\"https:\\\/\\\/www.lopezvicu.info\\\/wp-content\\\/uploads\\\/2022\\\/05\\\/Shutterstock_764829499-1024x683.jpg\",\"datePublished\":\"2022-03-23T13:06:33+00:00\",\"dateModified\":\"2022-12-13T12:18:09+00:00\",\"description\":\"Conoce todo lo positivo que ofrecemos en nuestro centro privado y concertado, L\u00f3pez Vicu\u00f1a, con una inspiraci\u00f3n cristiana.\",\"breadcrumb\":{\"@id\":\"https:\\\/\\\/www.lopezvicu.info\\\/es\\\/caracter-propio\\\/#breadcrumb\"},\"inLanguage\":\"es\",\"potentialAction\":[{\"@type\":\"ReadAction\",\"target\":[\"https:\\\/\\\/www.lopezvicu.info\\\/es\\\/caracter-propio\\\/\"]}]},{\"@type\":\"ImageObject\",\"inLanguage\":\"es\",\"@id\":\"https:\\\/\\\/www.lopezvicu.info\\\/es\\\/caracter-propio\\\/#primaryimage\",\"url\":\"https:\\\/\\\/www.lopezvicu.info\\\/wp-content\\\/uploads\\\/2022\\\/05\\\/Shutterstock_764829499-1024x683.jpg\",\"contentUrl\":\"https:\\\/\\\/www.lopezvicu.info\\\/wp-content\\\/uploads\\\/2022\\\/05\\\/Shutterstock_764829499-1024x683.jpg\"},{\"@type\":\"BreadcrumbList\",\"@id\":\"https:\\\/\\\/www.lopezvicu.info\\\/es\\\/caracter-propio\\\/#breadcrumb\",\"itemListElement\":[{\"@type\":\"ListItem\",\"position\":1,\"name\":\"Portada\",\"item\":\"https:\\\/\\\/www.lopezvicu.info\\\/es\\\/\"},{\"@type\":\"ListItem\",\"position\":2,\"name\":\"Car\u00e1cter Propio\"}]},{\"@type\":\"WebSite\",\"@id\":\"https:\\\/\\\/www.lopezvicu.info\\\/es\\\/#website\",\"url\":\"https:\\\/\\\/www.lopezvicu.info\\\/es\\\/\",\"name\":\"L\u00f3pez Vicu\u00f1a\",\"description\":\"L\u00f3pez Vicu\u00f1a\",\"publisher\":{\"@id\":\"https:\\\/\\\/www.lopezvicu.info\\\/es\\\/#organization\"},\"potentialAction\":[{\"@type\":\"SearchAction\",\"target\":{\"@type\":\"EntryPoint\",\"urlTemplate\":\"https:\\\/\\\/www.lopezvicu.info\\\/es\\\/?s={search_term_string}\"},\"query-input\":{\"@type\":\"PropertyValueSpecification\",\"valueRequired\":true,\"valueName\":\"search_term_string\"}}],\"inLanguage\":\"es\"},{\"@type\":\"Organization\",\"@id\":\"https:\\\/\\\/www.lopezvicu.info\\\/es\\\/#organization\",\"name\":\"Lopez Vicu\u00f1a\",\"url\":\"https:\\\/\\\/www.lopezvicu.info\\\/es\\\/\",\"logo\":{\"@type\":\"ImageObject\",\"inLanguage\":\"es\",\"@id\":\"https:\\\/\\\/www.lopezvicu.info\\\/es\\\/#\\\/schema\\\/logo\\\/image\\\/\",\"url\":\"https:\\\/\\\/www.lopezvicu.info\\\/wp-content\\\/uploads\\\/2022\\\/01\\\/logo.png\",\"contentUrl\":\"https:\\\/\\\/www.lopezvicu.info\\\/wp-content\\\/uploads\\\/2022\\\/01\\\/logo.png\",\"width\":350,\"height\":70,\"caption\":\"Lopez Vicu\u00f1a\"},\"image\":{\"@id\":\"https:\\\/\\\/www.lopezvicu.info\\\/es\\\/#\\\/schema\\\/logo\\\/image\\\/\"},\"sameAs\":[\"https:\\\/\\\/www.facebook.com\\\/LopezVicuBCN\\\/\",\"https:\\\/\\\/x.com\\\/lopezvicubcn\",\"https:\\\/\\\/www.linkedin.com\\\/company\\\/lopezvicubcn\\\/\",\"https:\\\/\\\/www.instagram.com\\\/lopezvicubcn\\\/\",\"https:\\\/\\\/www.youtube.com\\\/@lopezvicubarcelona\"],\"description\":\"L\u00f3pez Vicu\u00f1a \u00e9s un centre concertat autoritzat pel Departament d'Educaci\u00f3 de la Generalitat de Catalunya amb CODI 08035015, per impartir Batxillerat i Cicles Formatius (Grau Mitj\u00e0 i Grau Superior), obert a tothom i comprom\u00e8s amb la realitat social, cultural i econ\u00f2mica que ens envolta i amb un cost econ\u00f2mic que garanteix l\u2019escolaritzaci\u00f3 post-obligat\u00f2ria de tots els estudiants. Situats a l'Eixample, en ple centre de Barcelona, i amb f\u00e0cil acc\u00e9s en transport p\u00fablic. Metodologies actives, emprenedoria, projectes, aprenentatge - servei, qualitat, multiling\u00fce mobilitat, FP Dual, tenen cabuda en tots els estudis que impartim\",\"email\":\"direccio@lopezvicu.info\",\"telephone\":\"934 87 65 94\"}]}<\/script>\n<!-- \/ Yoast SEO Premium plugin. -->","yoast_head_json":{"title":"Car\u00e1cter Propio - Centre L\u00f3pez Vicu\u00f1a Barcelona","description":"Conoce todo lo positivo que ofrecemos en nuestro centro privado y concertado, L\u00f3pez Vicu\u00f1a, con una inspiraci\u00f3n cristiana.","robots":{"index":"index","follow":"follow","max-snippet":"max-snippet:-1","max-image-preview":"max-image-preview:large","max-video-preview":"max-video-preview:-1"},"canonical":"https:\/\/www.lopezvicu.info\/es\/caracter-propio\/","og_locale":"es_ES","og_type":"article","og_title":"Car\u00e1cter Propio","og_description":"Conoce todo lo positivo que ofrecemos en nuestro centro privado y concertado, L\u00f3pez Vicu\u00f1a, con una inspiraci\u00f3n cristiana.","og_url":"https:\/\/www.lopezvicu.info\/es\/caracter-propio\/","og_site_name":"Centre L\u00f3pez Vicu\u00f1a Barcelona","article_publisher":"https:\/\/www.facebook.com\/LopezVicuBCN\/","article_modified_time":"2022-12-13T12:18:09+00:00","og_image":[{"url":"https:\/\/www.lopezvicu.info\/wp-content\/uploads\/2022\/05\/Shutterstock_764829499-1024x683.jpg","type":"","width":"","height":""}],"twitter_card":"summary_large_image","twitter_site":"@lopezvicubcn","twitter_misc":{"Tiempo de lectura":"4 minutos"},"schema":{"@context":"https:\/\/schema.org","@graph":[{"@type":"WebPage","@id":"https:\/\/www.lopezvicu.info\/es\/caracter-propio\/","url":"https:\/\/www.lopezvicu.info\/es\/caracter-propio\/","name":"Car\u00e1cter Propio - Centre L\u00f3pez Vicu\u00f1a Barcelona","isPartOf":{"@id":"https:\/\/www.lopezvicu.info\/es\/#website"},"primaryImageOfPage":{"@id":"https:\/\/www.lopezvicu.info\/es\/caracter-propio\/#primaryimage"},"image":{"@id":"https:\/\/www.lopezvicu.info\/es\/caracter-propio\/#primaryimage"},"thumbnailUrl":"https:\/\/www.lopezvicu.info\/wp-content\/uploads\/2022\/05\/Shutterstock_764829499-1024x683.jpg","datePublished":"2022-03-23T13:06:33+00:00","dateModified":"2022-12-13T12:18:09+00:00","description":"Conoce todo lo positivo que ofrecemos en nuestro centro privado y concertado, L\u00f3pez Vicu\u00f1a, con una inspiraci\u00f3n cristiana.","breadcrumb":{"@id":"https:\/\/www.lopezvicu.info\/es\/caracter-propio\/#breadcrumb"},"inLanguage":"es","potentialAction":[{"@type":"ReadAction","target":["https:\/\/www.lopezvicu.info\/es\/caracter-propio\/"]}]},{"@type":"ImageObject","inLanguage":"es","@id":"https:\/\/www.lopezvicu.info\/es\/caracter-propio\/#primaryimage","url":"https:\/\/www.lopezvicu.info\/wp-content\/uploads\/2022\/05\/Shutterstock_764829499-1024x683.jpg","contentUrl":"https:\/\/www.lopezvicu.info\/wp-content\/uploads\/2022\/05\/Shutterstock_764829499-1024x683.jpg"},{"@type":"BreadcrumbList","@id":"https:\/\/www.lopezvicu.info\/es\/caracter-propio\/#breadcrumb","itemListElement":[{"@type":"ListItem","position":1,"name":"Portada","item":"https:\/\/www.lopezvicu.info\/es\/"},{"@type":"ListItem","position":2,"name":"Car\u00e1cter Propio"}]},{"@type":"WebSite","@id":"https:\/\/www.lopezvicu.info\/es\/#website","url":"https:\/\/www.lopezvicu.info\/es\/","name":"L\u00f3pez Vicu\u00f1a","description":"L\u00f3pez Vicu\u00f1a","publisher":{"@id":"https:\/\/www.lopezvicu.info\/es\/#organization"},"potentialAction":[{"@type":"SearchAction","target":{"@type":"EntryPoint","urlTemplate":"https:\/\/www.lopezvicu.info\/es\/?s={search_term_string}"},"query-input":{"@type":"PropertyValueSpecification","valueRequired":true,"valueName":"search_term_string"}}],"inLanguage":"es"},{"@type":"Organization","@id":"https:\/\/www.lopezvicu.info\/es\/#organization","name":"Lopez Vicu\u00f1a","url":"https:\/\/www.lopezvicu.info\/es\/","logo":{"@type":"ImageObject","inLanguage":"es","@id":"https:\/\/www.lopezvicu.info\/es\/#\/schema\/logo\/image\/","url":"https:\/\/www.lopezvicu.info\/wp-content\/uploads\/2022\/01\/logo.png","contentUrl":"https:\/\/www.lopezvicu.info\/wp-content\/uploads\/2022\/01\/logo.png","width":350,"height":70,"caption":"Lopez Vicu\u00f1a"},"image":{"@id":"https:\/\/www.lopezvicu.info\/es\/#\/schema\/logo\/image\/"},"sameAs":["https:\/\/www.facebook.com\/LopezVicuBCN\/","https:\/\/x.com\/lopezvicubcn","https:\/\/www.linkedin.com\/company\/lopezvicubcn\/","https:\/\/www.instagram.com\/lopezvicubcn\/","https:\/\/www.youtube.com\/@lopezvicubarcelona"],"description":"L\u00f3pez Vicu\u00f1a \u00e9s un centre concertat autoritzat pel Departament d'Educaci\u00f3 de la Generalitat de Catalunya amb CODI 08035015, per impartir Batxillerat i Cicles Formatius (Grau Mitj\u00e0 i Grau Superior), obert a tothom i comprom\u00e8s amb la realitat social, cultural i econ\u00f2mica que ens envolta i amb un cost econ\u00f2mic que garanteix l\u2019escolaritzaci\u00f3 post-obligat\u00f2ria de tots els estudiants. Situats a l'Eixample, en ple centre de Barcelona, i amb f\u00e0cil acc\u00e9s en transport p\u00fablic. Metodologies actives, emprenedoria, projectes, aprenentatge - servei, qualitat, multiling\u00fce mobilitat, FP Dual, tenen cabuda en tots els estudis que impartim","email":"direccio@lopezvicu.info","telephone":"934 87 65 94"}]}},"_links":{"self":[{"href":"https:\/\/www.lopezvicu.info\/es\/wp-json\/wp\/v2\/pages\/6358","targetHints":{"allow":["GET"]}}],"collection":[{"href":"https:\/\/www.lopezvicu.info\/es\/wp-json\/wp\/v2\/pages"}],"about":[{"href":"https:\/\/www.lopezvicu.info\/es\/wp-json\/wp\/v2\/types\/page"}],"author":[{"embeddable":true,"href":"https:\/\/www.lopezvicu.info\/es\/wp-json\/wp\/v2\/users\/1"}],"replies":[{"embeddable":true,"href":"https:\/\/www.lopezvicu.info\/es\/wp-json\/wp\/v2\/comments?post=6358"}],"version-history":[{"count":17,"href":"https:\/\/www.lopezvicu.info\/es\/wp-json\/wp\/v2\/pages\/6358\/revisions"}],"predecessor-version":[{"id":16996,"href":"https:\/\/www.lopezvicu.info\/es\/wp-json\/wp\/v2\/pages\/6358\/revisions\/16996"}],"wp:attachment":[{"href":"https:\/\/www.lopezvicu.info\/es\/wp-json\/wp\/v2\/media?parent=6358"}],"curies":[{"name":"wp","href":"https:\/\/api.w.org\/{rel}","templated":true}]}}