{"id":16676,"date":"2022-11-10T10:58:59","date_gmt":"2022-11-10T10:58:59","guid":{"rendered":"https:\/\/www.lopezvicu.info\/?page_id=16676"},"modified":"2024-03-03T17:10:04","modified_gmt":"2024-03-03T17:10:04","slug":"barcelona-mas-sostenible","status":"publish","type":"page","link":"https:\/\/www.lopezvicu.info\/es\/barcelona-mas-sostenible\/","title":{"rendered":"Barcelona M\u00e1s Sostenible"},"content":{"rendered":"<div class=\"gb-container gb-container-f17d5cd3\"><div class=\"gb-inside-container\">\n\n<h1 class=\"gb-headline gb-headline-376f4508 gb-headline-text\"><strong>Barcelona+Sostenible<\/strong>\u00a0\u00a0comprometidos con la sostenibilidad ambiental, social y econ\u00f3mica.<\/h1>\n\n\n<div class=\"wp-block-image\">\n<figure class=\"aligncenter size-full\"><img loading=\"lazy\" decoding=\"async\" width=\"900\" height=\"400\" src=\"https:\/\/www.lopezvicu.info\/wp-content\/uploads\/2022\/11\/BCN-sostenible.jpg\" alt=\"\" class=\"wp-image-16634\" srcset=\"https:\/\/www.lopezvicu.info\/wp-content\/uploads\/2022\/11\/BCN-sostenible.jpg 900w, https:\/\/www.lopezvicu.info\/wp-content\/uploads\/2022\/11\/BCN-sostenible-300x133.jpg 300w, https:\/\/www.lopezvicu.info\/wp-content\/uploads\/2022\/11\/BCN-sostenible-768x341.jpg 768w\" sizes=\"auto, (max-width: 900px) 100vw, 900px\" \/><\/figure>\n<\/div>\n\n\n<p><strong>Barcelona+Sostenible<\/strong>&nbsp;es la red de m\u00e1s de 1.800 organizaciones comprometidas con la sostenibilidad ambiental, social y econ\u00f3mica que construyen colectivamente una ciudad responsable con las personas y su entorno.<\/p>\n\n\n\n<p>Dentro de esta red se encuentra el programa Escuelas+Sostenibles, con la voluntad de proporcionar una oferta consistente y estimulante de apoyo a los centros educativos de la ciudad para ayudarles a situar la sostenibilidad en el coraz\u00f3n de su labor.<\/p>\n\n\n\n<p>Nuestro centro forma parte del programa desde el curso 2022-2023.&nbsp;Creemos que es una necesidad&nbsp;<strong>fomentar la cultura de sostenibilidad<\/strong>&nbsp;en el centro y que el alumnado tenga la oportunidad de comprometerse en la mejora de la conservaci\u00f3n del medio ambiente y las condiciones de vida digna de su entorno.<\/p>\n\n\n\n<h2 class=\"wp-block-heading\">Objetivos<\/h2>\n\n\n\n<p>Desde la Comisi\u00f3n de sostenibilidad hemos propuesto los siguientes objetivos para este curso:<\/p>\n\n\n\n<h3 class=\"wp-block-heading\" id=\"h-1-incluir-la-cultura-de-la-sostenibilidad-como-caracteristica-de-nuestro-centro\">1.-Incluir la cultura de la sostenibilidad como caracter\u00edstica de nuestro centro.<\/h3>\n\n\n\n<h3 class=\"wp-block-heading\" id=\"h-2-promover-la-cultura-de-la-sostenibilidad-desde-tutoria\">2.-Promover la cultura de la sostenibilidad desde tutor\u00eda.<\/h3>\n\n\n\n<h3 class=\"wp-block-heading\" id=\"h-3-implicar-a-la-comunidad-educativa-en-el-diagnostico-deteccion-y-definicion-de-nuevos-objetivos-de-sostenibilidad\">3.-Implicar a la comunidad educativa en el diagn\u00f3stico, detecci\u00f3n y definici\u00f3n de nuevos objetivos de sostenibilidad.<\/h3>\n\n\n\n<h3 class=\"wp-block-heading\" id=\"h-4-conocer-documentar-y-compartir-la-biodiversidad-presente-en-nuestro-patio\">4.-Conocer, documentar y compartir la biodiversidad presente en nuestro patio.<\/h3>\n\n\n\n<h3 class=\"wp-block-heading\" id=\"h-5-mejorar-los-usos-gestion-y-mantenimiento-de-nuestro-huerto-urbano\">5.-Mejorar los usos, gesti\u00f3n y mantenimiento de nuestro huerto urbano.<\/h3>\n\n\n\n<h3 class=\"wp-block-heading\" id=\"h-6-hacer-mas-sostenibles-las-celebraciones-en-nuestro-centro-especialmente-en-lo-que-se-refiere-a-la-generacion-de-residuos\">6.-Hacer m\u00e1s sostenibles las celebraciones en nuestro centro, especialmente en lo que se refiere a la generaci\u00f3n de residuos.<\/h3>\n\n\n\n<p>El d\u00eda 9 de noviembre asistimos al acto de bienvenida en el programa Barcelona M\u00e9s Sostenible y firmamos el\u00a0<strong>Compromiso ciudadano por la sostenibilidad en el Sal\u00f3 de Cent del Ayuntamiento.<\/strong><\/p>\n\n\n<div class=\"wp-block-image\">\n<figure class=\"aligncenter size-full\"><img loading=\"lazy\" decoding=\"async\" width=\"901\" height=\"744\" src=\"https:\/\/www.lopezvicu.info\/wp-content\/uploads\/2022\/11\/BCN-sostenible-mapa.jpg\" alt=\"\" class=\"wp-image-16636\" srcset=\"https:\/\/www.lopezvicu.info\/wp-content\/uploads\/2022\/11\/BCN-sostenible-mapa.jpg 901w, https:\/\/www.lopezvicu.info\/wp-content\/uploads\/2022\/11\/BCN-sostenible-mapa-300x248.jpg 300w, https:\/\/www.lopezvicu.info\/wp-content\/uploads\/2022\/11\/BCN-sostenible-mapa-768x634.jpg 768w\" sizes=\"auto, (max-width: 901px) 100vw, 901px\" \/><figcaption class=\"wp-element-caption\"><a href=\"https:\/\/www.bcnsostenible.cat\/web\/punt\/centre-educatiu-lopez-vicuna?v=boxes&amp;categoria%5B0%5D=c03&amp;multi_word_search=W10%3D&amp;order=alphabetic_asc\" target=\"_blank\" rel=\"noreferrer noopener\">https:\/\/www.bcnsostenible.cat\/web\/punt\/centre-educatiu-lopez-vicuna?v=boxes&amp;categoria%5B0%5D=c03&amp;multi_word_search=W10%3D&amp;order=alphabetic_asc<\/a><\/figcaption><\/figure>\n<\/div>\n<\/div><\/div>","protected":false},"excerpt":{"rendered":"<p>Barcelona+Sostenible\u00a0\u00a0comprometidos con la sostenibilidad ambiental, social y econ\u00f3mica. Barcelona+Sostenible&nbsp;es la red de m\u00e1s de 1.800 organizaciones comprometidas con la sostenibilidad ambiental, social y econ\u00f3mica que &#8230; <\/p>\n<p class=\"read-more-container\"><a title=\"Barcelona M\u00e1s Sostenible\" class=\"read-more button\" href=\"https:\/\/www.lopezvicu.info\/es\/barcelona-mas-sostenible\/#more-16676\" aria-label=\"Leer m\u00e1s sobre Barcelona M\u00e1s Sostenible\">Leer m\u00e1s<\/a><\/p>\n","protected":false},"author":5,"featured_media":16629,"parent":0,"menu_order":0,"comment_status":"closed","ping_status":"closed","template":"","meta":{"footnotes":""},"class_list":{"0":"post-16676","1":"page","2":"type-page","3":"status-publish","4":"has-post-thumbnail","6":"resize-featured-image"},"yoast_head":"<!-- This site is optimized with the Yoast SEO Premium plugin v26.0 (Yoast SEO v27.4) - https:\/\/yoast.com\/product\/yoast-seo-premium-wordpress\/ -->\n<title>Barcelona M\u00e1s Sostenible - Centre L\u00f3pez Vicu\u00f1a Barcelona<\/title>\n<meta name=\"description\" content=\"Formem part de la xarxa Barcelona m\u00e9s sostenible amb altres 1.800 organitzacions compromeses amb la sostenibilitat ambiental, social i econ\u00f2mica que construeixen la nostra ciutat.\" \/>\n<meta name=\"robots\" content=\"index, follow, max-snippet:-1, max-image-preview:large, max-video-preview:-1\" \/>\n<link rel=\"canonical\" href=\"https:\/\/www.lopezvicu.info\/es\/barcelona-mas-sostenible\/\" \/>\n<meta property=\"og:locale\" content=\"es_ES\" \/>\n<meta property=\"og:type\" content=\"article\" \/>\n<meta property=\"og:title\" content=\"Barcelona M\u00e1s Sostenible\" \/>\n<meta property=\"og:description\" content=\"Formem part de la xarxa Barcelona m\u00e9s sostenible amb altres 1.800 organitzacions compromeses amb la sostenibilitat ambiental, social i econ\u00f2mica que construeixen la nostra ciutat.\" \/>\n<meta property=\"og:url\" content=\"https:\/\/www.lopezvicu.info\/es\/barcelona-mas-sostenible\/\" \/>\n<meta property=\"og:site_name\" content=\"Centre L\u00f3pez Vicu\u00f1a Barcelona\" \/>\n<meta property=\"article:publisher\" content=\"https:\/\/www.facebook.com\/LopezVicuBCN\/\" \/>\n<meta property=\"article:modified_time\" content=\"2024-03-03T17:10:04+00:00\" \/>\n<meta property=\"og:image\" content=\"https:\/\/www.lopezvicu.info\/wp-content\/uploads\/2022\/11\/ESCOLA-SOSTENIBLE.jpeg\" \/>\n\t<meta property=\"og:image:width\" content=\"191\" \/>\n\t<meta property=\"og:image:height\" content=\"264\" \/>\n\t<meta property=\"og:image:type\" content=\"image\/jpeg\" \/>\n<meta name=\"twitter:card\" content=\"summary_large_image\" \/>\n<meta name=\"twitter:site\" content=\"@lopezvicubcn\" \/>\n<meta name=\"twitter:label1\" content=\"Tiempo de lectura\" \/>\n\t<meta name=\"twitter:data1\" content=\"2 minutos\" \/>\n<script type=\"application\/ld+json\" class=\"yoast-schema-graph\">{\"@context\":\"https:\\\/\\\/schema.org\",\"@graph\":[{\"@type\":\"WebPage\",\"@id\":\"https:\\\/\\\/www.lopezvicu.info\\\/es\\\/barcelona-mas-sostenible\\\/\",\"url\":\"https:\\\/\\\/www.lopezvicu.info\\\/es\\\/barcelona-mas-sostenible\\\/\",\"name\":\"Barcelona M\u00e1s Sostenible - Centre L\u00f3pez Vicu\u00f1a Barcelona\",\"isPartOf\":{\"@id\":\"https:\\\/\\\/www.lopezvicu.info\\\/es\\\/#website\"},\"primaryImageOfPage\":{\"@id\":\"https:\\\/\\\/www.lopezvicu.info\\\/es\\\/barcelona-mas-sostenible\\\/#primaryimage\"},\"image\":{\"@id\":\"https:\\\/\\\/www.lopezvicu.info\\\/es\\\/barcelona-mas-sostenible\\\/#primaryimage\"},\"thumbnailUrl\":\"https:\\\/\\\/www.lopezvicu.info\\\/wp-content\\\/uploads\\\/2022\\\/11\\\/ESCOLA-SOSTENIBLE.jpeg\",\"datePublished\":\"2022-11-10T10:58:59+00:00\",\"dateModified\":\"2024-03-03T17:10:04+00:00\",\"description\":\"Formem part de la xarxa Barcelona m\u00e9s sostenible amb altres 1.800 organitzacions compromeses amb la sostenibilitat ambiental, social i econ\u00f2mica que construeixen la nostra ciutat.\",\"breadcrumb\":{\"@id\":\"https:\\\/\\\/www.lopezvicu.info\\\/es\\\/barcelona-mas-sostenible\\\/#breadcrumb\"},\"inLanguage\":\"es\",\"potentialAction\":[{\"@type\":\"ReadAction\",\"target\":[\"https:\\\/\\\/www.lopezvicu.info\\\/es\\\/barcelona-mas-sostenible\\\/\"]}]},{\"@type\":\"ImageObject\",\"inLanguage\":\"es\",\"@id\":\"https:\\\/\\\/www.lopezvicu.info\\\/es\\\/barcelona-mas-sostenible\\\/#primaryimage\",\"url\":\"https:\\\/\\\/www.lopezvicu.info\\\/wp-content\\\/uploads\\\/2022\\\/11\\\/ESCOLA-SOSTENIBLE.jpeg\",\"contentUrl\":\"https:\\\/\\\/www.lopezvicu.info\\\/wp-content\\\/uploads\\\/2022\\\/11\\\/ESCOLA-SOSTENIBLE.jpeg\",\"width\":191,\"height\":264},{\"@type\":\"BreadcrumbList\",\"@id\":\"https:\\\/\\\/www.lopezvicu.info\\\/es\\\/barcelona-mas-sostenible\\\/#breadcrumb\",\"itemListElement\":[{\"@type\":\"ListItem\",\"position\":1,\"name\":\"Portada\",\"item\":\"https:\\\/\\\/www.lopezvicu.info\\\/es\\\/\"},{\"@type\":\"ListItem\",\"position\":2,\"name\":\"Barcelona M\u00e1s Sostenible\"}]},{\"@type\":\"WebSite\",\"@id\":\"https:\\\/\\\/www.lopezvicu.info\\\/es\\\/#website\",\"url\":\"https:\\\/\\\/www.lopezvicu.info\\\/es\\\/\",\"name\":\"L\u00f3pez Vicu\u00f1a\",\"description\":\"L\u00f3pez Vicu\u00f1a\",\"publisher\":{\"@id\":\"https:\\\/\\\/www.lopezvicu.info\\\/es\\\/#organization\"},\"potentialAction\":[{\"@type\":\"SearchAction\",\"target\":{\"@type\":\"EntryPoint\",\"urlTemplate\":\"https:\\\/\\\/www.lopezvicu.info\\\/es\\\/?s={search_term_string}\"},\"query-input\":{\"@type\":\"PropertyValueSpecification\",\"valueRequired\":true,\"valueName\":\"search_term_string\"}}],\"inLanguage\":\"es\"},{\"@type\":\"Organization\",\"@id\":\"https:\\\/\\\/www.lopezvicu.info\\\/es\\\/#organization\",\"name\":\"Lopez Vicu\u00f1a\",\"url\":\"https:\\\/\\\/www.lopezvicu.info\\\/es\\\/\",\"logo\":{\"@type\":\"ImageObject\",\"inLanguage\":\"es\",\"@id\":\"https:\\\/\\\/www.lopezvicu.info\\\/es\\\/#\\\/schema\\\/logo\\\/image\\\/\",\"url\":\"https:\\\/\\\/www.lopezvicu.info\\\/wp-content\\\/uploads\\\/2022\\\/01\\\/logo.png\",\"contentUrl\":\"https:\\\/\\\/www.lopezvicu.info\\\/wp-content\\\/uploads\\\/2022\\\/01\\\/logo.png\",\"width\":350,\"height\":70,\"caption\":\"Lopez Vicu\u00f1a\"},\"image\":{\"@id\":\"https:\\\/\\\/www.lopezvicu.info\\\/es\\\/#\\\/schema\\\/logo\\\/image\\\/\"},\"sameAs\":[\"https:\\\/\\\/www.facebook.com\\\/LopezVicuBCN\\\/\",\"https:\\\/\\\/x.com\\\/lopezvicubcn\",\"https:\\\/\\\/www.linkedin.com\\\/company\\\/lopezvicubcn\\\/\",\"https:\\\/\\\/www.instagram.com\\\/lopezvicubcn\\\/\",\"https:\\\/\\\/www.youtube.com\\\/@lopezvicubarcelona\"],\"description\":\"L\u00f3pez Vicu\u00f1a \u00e9s un centre concertat autoritzat pel Departament d'Educaci\u00f3 de la Generalitat de Catalunya amb CODI 08035015, per impartir Batxillerat i Cicles Formatius (Grau Mitj\u00e0 i Grau Superior), obert a tothom i comprom\u00e8s amb la realitat social, cultural i econ\u00f2mica que ens envolta i amb un cost econ\u00f2mic que garanteix l\u2019escolaritzaci\u00f3 post-obligat\u00f2ria de tots els estudiants. Situats a l'Eixample, en ple centre de Barcelona, i amb f\u00e0cil acc\u00e9s en transport p\u00fablic. Metodologies actives, emprenedoria, projectes, aprenentatge - servei, qualitat, multiling\u00fce mobilitat, FP Dual, tenen cabuda en tots els estudis que impartim\",\"email\":\"direccio@lopezvicu.info\",\"telephone\":\"934 87 65 94\"}]}<\/script>\n<!-- \/ Yoast SEO Premium plugin. -->","yoast_head_json":{"title":"Barcelona M\u00e1s Sostenible - Centre L\u00f3pez Vicu\u00f1a Barcelona","description":"Formem part de la xarxa Barcelona m\u00e9s sostenible amb altres 1.800 organitzacions compromeses amb la sostenibilitat ambiental, social i econ\u00f2mica que construeixen la nostra ciutat.","robots":{"index":"index","follow":"follow","max-snippet":"max-snippet:-1","max-image-preview":"max-image-preview:large","max-video-preview":"max-video-preview:-1"},"canonical":"https:\/\/www.lopezvicu.info\/es\/barcelona-mas-sostenible\/","og_locale":"es_ES","og_type":"article","og_title":"Barcelona M\u00e1s Sostenible","og_description":"Formem part de la xarxa Barcelona m\u00e9s sostenible amb altres 1.800 organitzacions compromeses amb la sostenibilitat ambiental, social i econ\u00f2mica que construeixen la nostra ciutat.","og_url":"https:\/\/www.lopezvicu.info\/es\/barcelona-mas-sostenible\/","og_site_name":"Centre L\u00f3pez Vicu\u00f1a Barcelona","article_publisher":"https:\/\/www.facebook.com\/LopezVicuBCN\/","article_modified_time":"2024-03-03T17:10:04+00:00","og_image":[{"width":191,"height":264,"url":"https:\/\/www.lopezvicu.info\/wp-content\/uploads\/2022\/11\/ESCOLA-SOSTENIBLE.jpeg","type":"image\/jpeg"}],"twitter_card":"summary_large_image","twitter_site":"@lopezvicubcn","twitter_misc":{"Tiempo de lectura":"2 minutos"},"schema":{"@context":"https:\/\/schema.org","@graph":[{"@type":"WebPage","@id":"https:\/\/www.lopezvicu.info\/es\/barcelona-mas-sostenible\/","url":"https:\/\/www.lopezvicu.info\/es\/barcelona-mas-sostenible\/","name":"Barcelona M\u00e1s Sostenible - Centre L\u00f3pez Vicu\u00f1a Barcelona","isPartOf":{"@id":"https:\/\/www.lopezvicu.info\/es\/#website"},"primaryImageOfPage":{"@id":"https:\/\/www.lopezvicu.info\/es\/barcelona-mas-sostenible\/#primaryimage"},"image":{"@id":"https:\/\/www.lopezvicu.info\/es\/barcelona-mas-sostenible\/#primaryimage"},"thumbnailUrl":"https:\/\/www.lopezvicu.info\/wp-content\/uploads\/2022\/11\/ESCOLA-SOSTENIBLE.jpeg","datePublished":"2022-11-10T10:58:59+00:00","dateModified":"2024-03-03T17:10:04+00:00","description":"Formem part de la xarxa Barcelona m\u00e9s sostenible amb altres 1.800 organitzacions compromeses amb la sostenibilitat ambiental, social i econ\u00f2mica que construeixen la nostra ciutat.","breadcrumb":{"@id":"https:\/\/www.lopezvicu.info\/es\/barcelona-mas-sostenible\/#breadcrumb"},"inLanguage":"es","potentialAction":[{"@type":"ReadAction","target":["https:\/\/www.lopezvicu.info\/es\/barcelona-mas-sostenible\/"]}]},{"@type":"ImageObject","inLanguage":"es","@id":"https:\/\/www.lopezvicu.info\/es\/barcelona-mas-sostenible\/#primaryimage","url":"https:\/\/www.lopezvicu.info\/wp-content\/uploads\/2022\/11\/ESCOLA-SOSTENIBLE.jpeg","contentUrl":"https:\/\/www.lopezvicu.info\/wp-content\/uploads\/2022\/11\/ESCOLA-SOSTENIBLE.jpeg","width":191,"height":264},{"@type":"BreadcrumbList","@id":"https:\/\/www.lopezvicu.info\/es\/barcelona-mas-sostenible\/#breadcrumb","itemListElement":[{"@type":"ListItem","position":1,"name":"Portada","item":"https:\/\/www.lopezvicu.info\/es\/"},{"@type":"ListItem","position":2,"name":"Barcelona M\u00e1s Sostenible"}]},{"@type":"WebSite","@id":"https:\/\/www.lopezvicu.info\/es\/#website","url":"https:\/\/www.lopezvicu.info\/es\/","name":"L\u00f3pez Vicu\u00f1a","description":"L\u00f3pez Vicu\u00f1a","publisher":{"@id":"https:\/\/www.lopezvicu.info\/es\/#organization"},"potentialAction":[{"@type":"SearchAction","target":{"@type":"EntryPoint","urlTemplate":"https:\/\/www.lopezvicu.info\/es\/?s={search_term_string}"},"query-input":{"@type":"PropertyValueSpecification","valueRequired":true,"valueName":"search_term_string"}}],"inLanguage":"es"},{"@type":"Organization","@id":"https:\/\/www.lopezvicu.info\/es\/#organization","name":"Lopez Vicu\u00f1a","url":"https:\/\/www.lopezvicu.info\/es\/","logo":{"@type":"ImageObject","inLanguage":"es","@id":"https:\/\/www.lopezvicu.info\/es\/#\/schema\/logo\/image\/","url":"https:\/\/www.lopezvicu.info\/wp-content\/uploads\/2022\/01\/logo.png","contentUrl":"https:\/\/www.lopezvicu.info\/wp-content\/uploads\/2022\/01\/logo.png","width":350,"height":70,"caption":"Lopez Vicu\u00f1a"},"image":{"@id":"https:\/\/www.lopezvicu.info\/es\/#\/schema\/logo\/image\/"},"sameAs":["https:\/\/www.facebook.com\/LopezVicuBCN\/","https:\/\/x.com\/lopezvicubcn","https:\/\/www.linkedin.com\/company\/lopezvicubcn\/","https:\/\/www.instagram.com\/lopezvicubcn\/","https:\/\/www.youtube.com\/@lopezvicubarcelona"],"description":"L\u00f3pez Vicu\u00f1a \u00e9s un centre concertat autoritzat pel Departament d'Educaci\u00f3 de la Generalitat de Catalunya amb CODI 08035015, per impartir Batxillerat i Cicles Formatius (Grau Mitj\u00e0 i Grau Superior), obert a tothom i comprom\u00e8s amb la realitat social, cultural i econ\u00f2mica que ens envolta i amb un cost econ\u00f2mic que garanteix l\u2019escolaritzaci\u00f3 post-obligat\u00f2ria de tots els estudiants. Situats a l'Eixample, en ple centre de Barcelona, i amb f\u00e0cil acc\u00e9s en transport p\u00fablic. Metodologies actives, emprenedoria, projectes, aprenentatge - servei, qualitat, multiling\u00fce mobilitat, FP Dual, tenen cabuda en tots els estudis que impartim","email":"direccio@lopezvicu.info","telephone":"934 87 65 94"}]}},"_links":{"self":[{"href":"https:\/\/www.lopezvicu.info\/es\/wp-json\/wp\/v2\/pages\/16676","targetHints":{"allow":["GET"]}}],"collection":[{"href":"https:\/\/www.lopezvicu.info\/es\/wp-json\/wp\/v2\/pages"}],"about":[{"href":"https:\/\/www.lopezvicu.info\/es\/wp-json\/wp\/v2\/types\/page"}],"author":[{"embeddable":true,"href":"https:\/\/www.lopezvicu.info\/es\/wp-json\/wp\/v2\/users\/5"}],"replies":[{"embeddable":true,"href":"https:\/\/www.lopezvicu.info\/es\/wp-json\/wp\/v2\/comments?post=16676"}],"version-history":[{"count":9,"href":"https:\/\/www.lopezvicu.info\/es\/wp-json\/wp\/v2\/pages\/16676\/revisions"}],"predecessor-version":[{"id":21863,"href":"https:\/\/www.lopezvicu.info\/es\/wp-json\/wp\/v2\/pages\/16676\/revisions\/21863"}],"wp:featuredmedia":[{"embeddable":true,"href":"https:\/\/www.lopezvicu.info\/es\/wp-json\/wp\/v2\/media\/16629"}],"wp:attachment":[{"href":"https:\/\/www.lopezvicu.info\/es\/wp-json\/wp\/v2\/media?parent=16676"}],"curies":[{"name":"wp","href":"https:\/\/api.w.org\/{rel}","templated":true}]}}